{"id":768,"date":"2024-12-21T07:01:48","date_gmt":"2024-12-21T07:01:48","guid":{"rendered":"https:\/\/www.linkceramics.com\/?post_type=product&#038;p=768"},"modified":"2024-12-21T07:01:49","modified_gmt":"2024-12-21T07:01:49","slug":"custom-casserole-dish","status":"publish","type":"product","link":"https:\/\/www.linkceramics.com\/de\/product\/custom-casserole-dish\/","title":{"rendered":"Custom Casserole Dish Keramik mit Deckel Mehrere Gr\u00f6\u00dfen"},"content":{"rendered":"<div class=\"wp-block-columns is-layout-flex wp-container-core-columns-is-layout-9d6595d7 wp-block-columns-is-layout-flex\">\n<div class=\"wp-block-column is-layout-flow wp-block-column-is-layout-flow\" style=\"flex-basis:50%\">\n<h3 class=\"wp-block-heading\">Auflaufform Merkmale:<\/h3>\n\n\n\n<p><strong>Mehrere Gr\u00f6\u00dfen<\/strong><br>Bietet Auflaufformen in einer Vielzahl von Gr\u00f6\u00dfen f\u00fcr jeden Kochbedarf, von Einzelportionen bis hin zu Familienmahlzeiten.<br><strong>Hitzebest\u00e4ndiger Lehm<\/strong><br>Hergestellt aus den nat\u00fcrlichen Mineralien der Erde und australischem Steinzeug, erf\u00fcllt es alle Standards der Lebensmittelsicherheit, ist gesund und sicher<br><strong>Ausgezeichnete Temperaturwechselbest\u00e4ndigkeit<\/strong><br>Widersteht schnellen Temperaturschwankungen bis zu 600 \u00b0C. Hochdichtes Material verhindert die Feuchtigkeitsaufnahme und beugt Rissen und Spaltungen vor.<br><strong>Leicht und energiesparend<\/strong><br>Geringe Dicke, geringes Gewicht, schnelle W\u00e4rmeleitung, langsame Abk\u00fchlung und gleichm\u00e4\u00dfige Erw\u00e4rmung zur Reduzierung der Kochzeit und des Energieverbrauchs.<br><strong>Keramik-Deckel-Design<\/strong><br>Der Keramiktopf mit Deckel schlie\u00dft das Aroma und die Feuchtigkeit der Speisen effektiv ein.<br><strong>\u00c4sthetik<\/strong><br>Modernes Styling und stilvolle, langlebige Farben sorgen f\u00fcr Spa\u00df beim Kochen!<\/p>\n<\/div>\n\n\n\n<div class=\"wp-block-column is-layout-flow wp-block-column-is-layout-flow\" style=\"flex-basis:50%\">\n<figure class=\"wp-block-image size-full\"><img decoding=\"async\" width=\"768\" height=\"768\" src=\"https:\/\/www.linkceramics.com\/wp-content\/uploads\/2024\/12\/Custom-Casserole-Dish-2-768x768-1.webp\" alt=\"Benutzerdefinierte Auflaufform-2\" class=\"wp-image-770\" srcset=\"https:\/\/www.linkceramics.com\/wp-content\/uploads\/2024\/12\/Custom-Casserole-Dish-2-768x768-1.webp 768w, https:\/\/www.linkceramics.com\/wp-content\/uploads\/2024\/12\/Custom-Casserole-Dish-2-768x768-1-300x300.webp 300w, https:\/\/www.linkceramics.com\/wp-content\/uploads\/2024\/12\/Custom-Casserole-Dish-2-768x768-1-150x150.webp 150w, https:\/\/www.linkceramics.com\/wp-content\/uploads\/2024\/12\/Custom-Casserole-Dish-2-768x768-1-600x600.webp 600w, https:\/\/www.linkceramics.com\/wp-content\/uploads\/2024\/12\/Custom-Casserole-Dish-2-768x768-1-100x100.webp 100w\" sizes=\"(max-width: 768px) 100vw, 768px\" \/><\/figure>\n<\/div>\n<\/div>","protected":false},"excerpt":{"rendered":"<p>Ma\u00dfgeschneiderte Kasserolle aus hitzebest\u00e4ndigem Keramikmaterial, mit einem Deckel aus geheimem Garten, einzigartig und vielseitig. Erh\u00e4ltlich in einer Vielzahl von Gr\u00f6\u00dfen und Formen, einschlie\u00dflich Deckel und Griffe, es ist die beliebteste Kasserolle Stil.<\/p>\n<h2>Auflaufform Parameter<\/h2>\n<table border=\"0\" width=\"618\" cellspacing=\"0\" cellpadding=\"0\">\n<tbody>\n<tr>\n<td width=\"180\" height=\"26\">Hersteller<\/td>\n<td width=\"438\">Lianyuan<\/td>\n<\/tr>\n<tr>\n<td height=\"26\">Produkttyp<\/td>\n<td>K\u00fcchenutensilien,Kasserolle<\/td>\n<\/tr>\n<tr>\n<td height=\"26\">Muster<\/td>\n<td>Geheimer Garten<\/td>\n<\/tr>\n<tr>\n<td height=\"26\">Farbe<\/td>\n<td>Schwarz und mehrfarbig<\/td>\n<\/tr>\n<tr>\n<td height=\"26\">Material<\/td>\n<td>Hitzebest\u00e4ndiger Lehm<\/td>\n<\/tr>\n<tr>\n<td height=\"26\">Handwerkliches K\u00f6nnen<\/td>\n<td>Einglasiertes Abziehbild und Handbemalung<\/td>\n<\/tr>\n<tr>\n<td height=\"26\">Anmeldung<\/td>\n<td>Mikrowellen- und sp\u00fclmaschinenfest, ofenfest<\/td>\n<\/tr>\n<tr>\n<td height=\"26\">Benutzerdefiniert<\/td>\n<td>Farbe\/Gr\u00f6\u00dfe\/Logo\/Verpackung<\/td>\n<\/tr>\n<\/tbody>\n<\/table>","protected":false},"featured_media":769,"comment_status":"open","ping_status":"closed","template":"","meta":{"_acf_changed":true},"certification":[66,58,65,61,60,62,57],"product_brand":[],"product_cat":[34,20],"product_tag":[],"class_list":{"0":"post-768","1":"product","2":"type-product","3":"status-publish","4":"has-post-thumbnail","6":"certification-cnas","7":"certification-fda","8":"certification-iaf","9":"certification-iso-14001","10":"certification-iso-45001","11":"certification-iso-9001","12":"certification-lfgb","13":"product_cat-custom-household-ceramics","14":"product_cat-ceramic-kitchenware-wholesale","16":"first","17":"instock","18":"shipping-taxable","19":"product-type-simple"},"acf":[],"_links":{"self":[{"href":"https:\/\/www.linkceramics.com\/de\/wp-json\/wp\/v2\/product\/768","targetHints":{"allow":["GET"]}}],"collection":[{"href":"https:\/\/www.linkceramics.com\/de\/wp-json\/wp\/v2\/product"}],"about":[{"href":"https:\/\/www.linkceramics.com\/de\/wp-json\/wp\/v2\/types\/product"}],"replies":[{"embeddable":true,"href":"https:\/\/www.linkceramics.com\/de\/wp-json\/wp\/v2\/comments?post=768"}],"wp:featuredmedia":[{"embeddable":true,"href":"https:\/\/www.linkceramics.com\/de\/wp-json\/wp\/v2\/media\/769"}],"wp:attachment":[{"href":"https:\/\/www.linkceramics.com\/de\/wp-json\/wp\/v2\/media?parent=768"}],"wp:term":[{"taxonomy":"certification","embeddable":true,"href":"https:\/\/www.linkceramics.com\/de\/wp-json\/wp\/v2\/certification?post=768"},{"taxonomy":"product_brand","embeddable":true,"href":"https:\/\/www.linkceramics.com\/de\/wp-json\/wp\/v2\/product_brand?post=768"},{"taxonomy":"product_cat","embeddable":true,"href":"https:\/\/www.linkceramics.com\/de\/wp-json\/wp\/v2\/product_cat?post=768"},{"taxonomy":"product_tag","embeddable":true,"href":"https:\/\/www.linkceramics.com\/de\/wp-json\/wp\/v2\/product_tag?post=768"}],"curies":[{"name":"wp","href":"https:\/\/api.w.org\/{rel}","templated":true}]}}