{"id":773,"date":"2024-12-10T03:20:43","date_gmt":"2024-12-10T03:20:43","guid":{"rendered":"https:\/\/www.linkceramics.com\/?post_type=product&#038;p=773"},"modified":"2024-12-10T03:20:44","modified_gmt":"2024-12-10T03:20:44","slug":"wholesale-floral-dinnerware-sets","status":"publish","type":"product","link":"https:\/\/www.linkceramics.com\/de\/product\/wholesale-floral-dinnerware-sets\/","title":{"rendered":"Gro\u00dfhandel Floral Geschirr Sets Keramik Gr\u00fcn Elegant Nicht Toxisch\u00a0"},"content":{"rendered":"<div class=\"wp-block-columns is-layout-flex wp-container-core-columns-is-layout-9d6595d7 wp-block-columns-is-layout-flex\">\n<div class=\"wp-block-column is-layout-flow wp-block-column-is-layout-flow\" style=\"flex-basis:50%\">\n<h3 class=\"wp-block-heading\">Blumengeschirr-Sets Merkmale:<\/h3>\n\n\n\n<p><strong>Sch\u00f6nes Blumenmuster<\/strong><br>Mit verschiedenen Kombinationen von In-Glasur-Abziehbildern, die jeweils mit einer handgemalten Farbglasur versehen sind und ein kompliziertes und einzigartiges Aussehen bieten.<\/p>\n\n\n\n<p><strong>Langlebig und vielseitig<\/strong><br>Alle Teile sind aus hochwertigen Materialien gefertigt und f\u00fcr die Mikrowelle, den Geschirrsp\u00fcler und den Backofen geeignet, um eine lange Lebensdauer zu gew\u00e4hrleisten.<\/p>\n\n\n\n<p><strong>Fresh Garden Kollektion<\/strong><br>Das von der Natur inspirierte, lebhafte Blumenmuster bringt Frische und Fr\u00f6hlichkeit in jede zwanglose oder formelle Veranstaltung zu Hause.<\/p>\n\n\n\n<p><strong>Sicher und konform<\/strong><br>Sie erf\u00fcllen oder \u00fcbertreffen die Standards der California Proposition 65. Sie k\u00f6nnen sich darauf verlassen, dass das Geschirr frei von sch\u00e4dlichen Chemikalien und sicher f\u00fcr den t\u00e4glichen Gebrauch ist.<\/p>\n\n\n\n<p><strong>Komplettes Geschirrset<\/strong><br>Das Set ist ideal f\u00fcr Familienmahlzeiten oder Versammlungen und enth\u00e4lt alle wichtigen Teile f\u00fcr ein komplettes Esserlebnis, das die Eleganz jeder formellen Veranstaltung unterstreicht.<\/p>\n<\/div>\n\n\n\n<div class=\"wp-block-column is-layout-flow wp-block-column-is-layout-flow\" style=\"flex-basis:50%\">\n<figure class=\"wp-block-image size-full\"><img decoding=\"async\" width=\"706\" height=\"706\" src=\"https:\/\/www.linkceramics.com\/wp-content\/uploads\/2024\/12\/Wholesale-Flower-Dinnerware-Sets-1.webp\" alt=\"Gro\u00dfhandel-Blumen-Geschirr-Sets-1\" class=\"wp-image-774\" srcset=\"https:\/\/www.linkceramics.com\/wp-content\/uploads\/2024\/12\/Wholesale-Flower-Dinnerware-Sets-1.webp 706w, https:\/\/www.linkceramics.com\/wp-content\/uploads\/2024\/12\/Wholesale-Flower-Dinnerware-Sets-1-300x300.webp 300w, https:\/\/www.linkceramics.com\/wp-content\/uploads\/2024\/12\/Wholesale-Flower-Dinnerware-Sets-1-150x150.webp 150w, https:\/\/www.linkceramics.com\/wp-content\/uploads\/2024\/12\/Wholesale-Flower-Dinnerware-Sets-1-600x600.webp 600w, https:\/\/www.linkceramics.com\/wp-content\/uploads\/2024\/12\/Wholesale-Flower-Dinnerware-Sets-1-100x100.webp 100w\" sizes=\"(max-width: 706px) 100vw, 706px\" \/><\/figure>\n<\/div>\n<\/div>\n\n\n\n<p><\/p>","protected":false},"excerpt":{"rendered":"<div id=\"brxe-0ee1ca\" class=\"brxe-product-meta product_meta\">\n<p>Benutzerdefinierte und Gro\u00dfhandel floral Geschirr-Sets, einzigartige und elegante Art, mit Keramik-Teller, Schalen, Teekannen und Tassen. Anpassbare Gr\u00f6\u00dfe und Stil, Mikrowelle, Backofen und sp\u00fclmaschinenfest. Eines der am h\u00f6chsten bewerteten Geschirrsets.<\/p>\n<h2>Florale Geschirrsets Parameter<\/h2>\n<table width=\"353\">\n<tbody>\n<tr>\n<td width=\"82\">Hersteller<\/td>\n<td width=\"270\">Lianyuan<\/td>\n<\/tr>\n<tr>\n<td>Produkttyp<\/td>\n<td width=\"270\">Geschirr, Tafelgeschirr, Teeservice<\/td>\n<\/tr>\n<tr>\n<td>Muster<\/td>\n<td>Blumen<\/td>\n<\/tr>\n<tr>\n<td>Farbe<\/td>\n<td>Gree, Mehrfarbig<\/td>\n<\/tr>\n<tr>\n<td>Material<\/td>\n<td>Dauerhaftes Porzellan<\/td>\n<\/tr>\n<tr>\n<td>Handwerkliches K\u00f6nnen<\/td>\n<td>In-Glasur-Abziehbild, handbemalt\u00a0<\/td>\n<\/tr>\n<tr>\n<td>Anmeldung<\/td>\n<td>Mikrowellen- und sp\u00fclmaschinenfest, ofenfest<\/td>\n<\/tr>\n<tr>\n<td>Benutzerdefiniert<\/td>\n<td>Farbe\/Gr\u00f6\u00dfe\/Logo\/Verpackung<\/td>\n<\/tr>\n<\/tbody>\n<\/table>\n<\/div>","protected":false},"featured_media":774,"comment_status":"open","ping_status":"closed","template":"","meta":{"_acf_changed":true},"certification":[66,58,65,61,60,62,57],"product_brand":[],"product_cat":[34,18,19],"product_tag":[],"class_list":{"0":"post-773","1":"product","2":"type-product","3":"status-publish","4":"has-post-thumbnail","6":"certification-cnas","7":"certification-fda","8":"certification-iaf","9":"certification-iso-14001","10":"certification-iso-45001","11":"certification-iso-9001","12":"certification-lfgb","13":"product_cat-custom-household-ceramics","14":"product_cat-ceramic-tableware-wholesale","15":"product_cat-ceramic-tea-set-wholesale","17":"first","18":"instock","19":"shipping-taxable","20":"product-type-simple"},"acf":[],"_links":{"self":[{"href":"https:\/\/www.linkceramics.com\/de\/wp-json\/wp\/v2\/product\/773","targetHints":{"allow":["GET"]}}],"collection":[{"href":"https:\/\/www.linkceramics.com\/de\/wp-json\/wp\/v2\/product"}],"about":[{"href":"https:\/\/www.linkceramics.com\/de\/wp-json\/wp\/v2\/types\/product"}],"replies":[{"embeddable":true,"href":"https:\/\/www.linkceramics.com\/de\/wp-json\/wp\/v2\/comments?post=773"}],"wp:featuredmedia":[{"embeddable":true,"href":"https:\/\/www.linkceramics.com\/de\/wp-json\/wp\/v2\/media\/774"}],"wp:attachment":[{"href":"https:\/\/www.linkceramics.com\/de\/wp-json\/wp\/v2\/media?parent=773"}],"wp:term":[{"taxonomy":"certification","embeddable":true,"href":"https:\/\/www.linkceramics.com\/de\/wp-json\/wp\/v2\/certification?post=773"},{"taxonomy":"product_brand","embeddable":true,"href":"https:\/\/www.linkceramics.com\/de\/wp-json\/wp\/v2\/product_brand?post=773"},{"taxonomy":"product_cat","embeddable":true,"href":"https:\/\/www.linkceramics.com\/de\/wp-json\/wp\/v2\/product_cat?post=773"},{"taxonomy":"product_tag","embeddable":true,"href":"https:\/\/www.linkceramics.com\/de\/wp-json\/wp\/v2\/product_tag?post=773"}],"curies":[{"name":"wp","href":"https:\/\/api.w.org\/{rel}","templated":true}]}}