{"id":852,"date":"2024-12-10T03:23:43","date_gmt":"2024-12-10T03:23:43","guid":{"rendered":"https:\/\/www.linkceramics.com\/?post_type=product&#038;p=852"},"modified":"2024-12-10T03:23:45","modified_gmt":"2024-12-10T03:23:45","slug":"chocolate-fondue-wholesale","status":"publish","type":"product","link":"https:\/\/www.linkceramics.com\/de\/product\/chocolate-fondue-wholesale\/","title":{"rendered":"Keramische Schokolade Fondue Gro\u00dfhandel f\u00fcr Schmelzen von Sahne und K\u00e4se"},"content":{"rendered":"<div class=\"wp-block-columns is-layout-flex wp-container-core-columns-is-layout-9d6595d7 wp-block-columns-is-layout-flex\">\n<div class=\"wp-block-column is-layout-flow wp-block-column-is-layout-flow\" style=\"flex-basis:50%\">\n<h3 class=\"wp-block-heading\">Schokoladen-Fondue Eigenschaften:<\/h3>\n\n\n\n<p><strong>Mehrere Farboptionen<\/strong><br>Verschiedene Farboptionen k\u00f6nnen unterschiedliche Anforderungen erf\u00fcllen und die visuelle Attraktivit\u00e4t des Produkts erh\u00f6hen.<\/p>\n\n\n\n<p><strong>Vielseitig einsetzbar<\/strong><br>Schmilzt m\u00fchelos Schokolade und K\u00e4se zum Dippen von Obst, Desserts, Gem\u00fcse, Brot, Keksen, Marshmallows, L\u00f6ffelbiskuits usw.<\/p>\n\n\n\n<p><strong>W\u00e4rmer\u00fcckhalteverm\u00f6gen<\/strong><br>Durch die Verwendung von hochwertigem Keramikmaterial kann die Dicke die W\u00e4rmehaltung verbessern, wodurch die Temperatur der Speisen lange gehalten werden kann, ohne dass sie anbrennen.<\/p>\n\n\n\n<p><strong>Bequem und schnell<\/strong><br>Klein und einfach, leicht und benutzerfreundlich, perfekt f\u00fcr die Bewirtung von G\u00e4sten!<\/p>\n\n\n\n<p><strong>Leicht zu reinigen<\/strong><br>Die Keramikoberfl\u00e4che ist glatt, leicht zu reinigen und sp\u00fclmaschinengeeignet.<\/p>\n<\/div>\n\n\n\n<div class=\"wp-block-column is-layout-flow wp-block-column-is-layout-flow\" style=\"flex-basis:50%\">\n<figure class=\"wp-block-image size-full\"><img decoding=\"async\" width=\"626\" height=\"626\" src=\"https:\/\/www.linkceramics.com\/wp-content\/uploads\/2024\/12\/Chocolate-Fondue-Set-Wholesale.webp\" alt=\"Schokoladen-Fondue-Set-Gro\u00dfhandel\" class=\"wp-image-853\" srcset=\"https:\/\/www.linkceramics.com\/wp-content\/uploads\/2024\/12\/Chocolate-Fondue-Set-Wholesale.webp 626w, https:\/\/www.linkceramics.com\/wp-content\/uploads\/2024\/12\/Chocolate-Fondue-Set-Wholesale-300x300.webp 300w, https:\/\/www.linkceramics.com\/wp-content\/uploads\/2024\/12\/Chocolate-Fondue-Set-Wholesale-150x150.webp 150w, https:\/\/www.linkceramics.com\/wp-content\/uploads\/2024\/12\/Chocolate-Fondue-Set-Wholesale-600x600.webp 600w, https:\/\/www.linkceramics.com\/wp-content\/uploads\/2024\/12\/Chocolate-Fondue-Set-Wholesale-100x100.webp 100w\" sizes=\"(max-width: 626px) 100vw, 626px\" \/><\/figure>\n<\/div>\n<\/div>\n\n\n\n<p><\/p>","protected":false},"excerpt":{"rendered":"<p>Fabrikdirektverkauf keramisches Schokoladenfondue zum Schmelzen von Sahne und K\u00e4se. Ob ein Familientreffen oder ein Urlaubsgeschenk, es ist die beste w\u00e4rmeisolierende und leichte Schokolade hei\u00dfen Topf. Anpassungsm\u00f6glichkeiten und eine Vielzahl von Farben sind verf\u00fcgbar.<\/p>\n<h2>Schokoladen-Fondue Parameter<\/h2>\n<table border=\"0\" width=\"618\" cellspacing=\"0\" cellpadding=\"0\">\n<tbody>\n<tr>\n<td width=\"180\" height=\"26\">Hersteller<\/td>\n<td width=\"438\">Lianyuan<\/td>\n<\/tr>\n<tr>\n<td height=\"26\">Produkttyp<\/td>\n<td>Schokoladenfondue,K\u00e4sefondue<\/td>\n<\/tr>\n<tr>\n<td height=\"26\">Muster<\/td>\n<td>Modern<\/td>\n<\/tr>\n<tr>\n<td height=\"26\">Farbe<\/td>\n<td>Gr\u00fcn, Grau, Schwarz, etc.<\/td>\n<\/tr>\n<tr>\n<td height=\"26\">Material<\/td>\n<td>Dauerhaftes Porzellan<\/td>\n<\/tr>\n<tr>\n<td height=\"26\">Handwerkliches K\u00f6nnen<\/td>\n<td>Farbe Glasur<\/td>\n<\/tr>\n<tr>\n<td height=\"26\">Anmeldung<\/td>\n<td>Mikrowellen- und sp\u00fclmaschinenfest, ofenfest<\/td>\n<\/tr>\n<tr>\n<td height=\"26\">Benutzerdefiniert<\/td>\n<td>Farbe\/Gr\u00f6\u00dfe\/Logo\/Verpackung<\/td>\n<\/tr>\n<\/tbody>\n<\/table>\n<p>&nbsp;<\/p>","protected":false},"featured_media":853,"comment_status":"open","ping_status":"closed","template":"","meta":{"_acf_changed":true},"certification":[66,58,65,61,60,62,57],"product_brand":[],"product_cat":[34,20],"product_tag":[],"class_list":{"0":"post-852","1":"product","2":"type-product","3":"status-publish","4":"has-post-thumbnail","6":"certification-cnas","7":"certification-fda","8":"certification-iaf","9":"certification-iso-14001","10":"certification-iso-45001","11":"certification-iso-9001","12":"certification-lfgb","13":"product_cat-custom-household-ceramics","14":"product_cat-ceramic-kitchenware-wholesale","16":"first","17":"instock","18":"shipping-taxable","19":"product-type-simple"},"acf":[],"_links":{"self":[{"href":"https:\/\/www.linkceramics.com\/de\/wp-json\/wp\/v2\/product\/852","targetHints":{"allow":["GET"]}}],"collection":[{"href":"https:\/\/www.linkceramics.com\/de\/wp-json\/wp\/v2\/product"}],"about":[{"href":"https:\/\/www.linkceramics.com\/de\/wp-json\/wp\/v2\/types\/product"}],"replies":[{"embeddable":true,"href":"https:\/\/www.linkceramics.com\/de\/wp-json\/wp\/v2\/comments?post=852"}],"wp:featuredmedia":[{"embeddable":true,"href":"https:\/\/www.linkceramics.com\/de\/wp-json\/wp\/v2\/media\/853"}],"wp:attachment":[{"href":"https:\/\/www.linkceramics.com\/de\/wp-json\/wp\/v2\/media?parent=852"}],"wp:term":[{"taxonomy":"certification","embeddable":true,"href":"https:\/\/www.linkceramics.com\/de\/wp-json\/wp\/v2\/certification?post=852"},{"taxonomy":"product_brand","embeddable":true,"href":"https:\/\/www.linkceramics.com\/de\/wp-json\/wp\/v2\/product_brand?post=852"},{"taxonomy":"product_cat","embeddable":true,"href":"https:\/\/www.linkceramics.com\/de\/wp-json\/wp\/v2\/product_cat?post=852"},{"taxonomy":"product_tag","embeddable":true,"href":"https:\/\/www.linkceramics.com\/de\/wp-json\/wp\/v2\/product_tag?post=852"}],"curies":[{"name":"wp","href":"https:\/\/api.w.org\/{rel}","templated":true}]}}