{"id":856,"date":"2024-12-21T07:06:36","date_gmt":"2024-12-21T07:06:36","guid":{"rendered":"https:\/\/www.linkceramics.com\/?post_type=product&#038;p=856"},"modified":"2024-12-21T07:06:37","modified_gmt":"2024-12-21T07:06:37","slug":"wholesale-bathroom-sinks-vessel-bowls","status":"publish","type":"product","link":"https:\/\/www.linkceramics.com\/de\/product\/wholesale-bathroom-sinks-vessel-bowls\/","title":{"rendered":"Gro\u00dfhandel Badezimmer Waschbecken Vessel Schalen, \u00fcber Z\u00e4hler Becken"},"content":{"rendered":"<div class=\"wp-block-columns is-layout-flex wp-container-core-columns-is-layout-9d6595d7 wp-block-columns-is-layout-flex\">\n<div class=\"wp-block-column is-layout-flow wp-block-column-is-layout-flow\" style=\"flex-basis:50%\">\n<h3 class=\"wp-block-heading\">Premium Gro\u00dfhandel Badezimmer Waschbecken Vessel Schalen Eigenschaften:<\/h3>\n\n\n\n<ul class=\"wp-block-list\">\n<li><strong>Realistisches Marmormuster:\u00a0<\/strong>Diese Marmor Farbe Gro\u00dfhandel Bad Waschbecken Gef\u00e4\u00df Schalen verwenden fortschrittliche Wasser-Transfer-Technologie, um genau zu replizieren die nat\u00fcrliche Textur und Farbe des Marmors, bringt einen einzigartigen visuellen Charme, um das Becken.<\/li>\n\n\n\n<li><strong>Antifouling und leicht zu reinigen:\u00a0<\/strong>Diese ma\u00dfgeschneiderten Waschbecken f\u00fcr das Badezimmer haben eine glatte und dichte Oberfl\u00e4che. Daher ist es nicht leicht, viel Wasser oder Schmutz zu absorbieren, was auch der Grund ist, warum das Keramik-Waschbecken im t\u00e4glichen Gebrauch leicht zu reinigen ist. Normalerweise m\u00fcssen Sie das Waschbecken nur mit einem gew\u00f6hnlichen Reinigungsmittel abwischen, um es sauber und gl\u00e4nzend zu halten, damit Sie es bequem benutzen k\u00f6nnen.<\/li>\n\n\n\n<li><strong>Hochwertige Materialien:<\/strong>\u00a0Unsere Marmor Farbe Gro\u00dfhandel Bad Waschbecken Gef\u00e4\u00df Schalen verwenden hochwertige keramische Materialien, um sicherzustellen, dass das Becken hat eine stabile Struktur, glatte Oberfl\u00e4che, leicht zu reinigen, und langfristige Sch\u00f6nheit.<\/li>\n\n\n\n<li><strong>Sch\u00f6n und gro\u00dfz\u00fcgig:\u00a0<\/strong>Die \u00e4u\u00dfere Form dieser ma\u00dfgefertigten Waschbecken ist einfach und elegant; sie kann alle Arten von Einrichtungsstilen erf\u00fcllen, wie z. B. moderne Schlichtheit, klassische Schlichtheit, klassische Retro oder moderne Retro. Aufgrund der verschiedenen Keramikdesigns und Farboptionen k\u00f6nnen die Kunden leicht eine \u00dcbereinstimmung zwischen dem Gesamtstil des Badezimmers und dem Keramikwaschbecken finden. Der wei\u00dfe und zarte Glanz unterstreicht das hohe Niveau des Badezimmers und sorgt f\u00fcr ein gepflegtes und komfortables Gef\u00fchl.<\/li>\n<\/ul>\n<\/div>\n\n\n\n<div class=\"wp-block-column is-layout-flow wp-block-column-is-layout-flow\" style=\"flex-basis:50%\">\n<figure class=\"wp-block-image size-full\"><img decoding=\"async\" width=\"980\" height=\"1351\" src=\"https:\/\/www.linkceramics.com\/wp-content\/uploads\/2024\/12\/wholesales-Modern-Basins-6.webp\" alt=\"Gro\u00dfhandel-Moderne-Becken-6\" class=\"wp-image-861\" srcset=\"https:\/\/www.linkceramics.com\/wp-content\/uploads\/2024\/12\/wholesales-Modern-Basins-6.webp 980w, https:\/\/www.linkceramics.com\/wp-content\/uploads\/2024\/12\/wholesales-Modern-Basins-6-218x300.webp 218w, https:\/\/www.linkceramics.com\/wp-content\/uploads\/2024\/12\/wholesales-Modern-Basins-6-768x1059.webp 768w, https:\/\/www.linkceramics.com\/wp-content\/uploads\/2024\/12\/wholesales-Modern-Basins-6-600x827.webp 600w\" sizes=\"(max-width: 980px) 100vw, 980px\" \/><\/figure>\n<\/div>\n<\/div>","protected":false},"excerpt":{"rendered":"<div id=\"brxe-0ee1ca\" class=\"brxe-product-meta product_meta\">\n<div id=\"brxe-0ee1ca\" class=\"brxe-product-meta product_meta\">Willkommen bei den ma\u00dfgeschneiderten Waschbecken f\u00fcr das Badezimmer. Die \u00e4u\u00dfere Form unserer Gro\u00dfhandel Bad Waschbecken Gef\u00e4\u00df Schalen ist einfach und elegant. Es kann alle Arten von Dekoration Stile, wie moderne Einfachheit erf\u00fcllen. Die Oberfl\u00e4che ist glatt und dicht, und es ist leicht zu reinigen im t\u00e4glichen Gebrauch.\u00a0<\/div>\n<\/div>\n<div id=\"brxe-8c5ca9\" class=\"brxe-product-short-description\">\n<div class=\"woocommerce-product-details__short-description\">\n<h2>Badezimmer Waschbecken Gef\u00e4\u00df Schalen Spezifikationen:<\/h2>\n<table border=\"0\" width=\"531\" cellspacing=\"0\" cellpadding=\"0\">\n<tbody>\n<tr>\n<td width=\"271\" height=\"24\">Hersteller<\/td>\n<td width=\"260\">HanYu<\/td>\n<\/tr>\n<tr>\n<td width=\"271\" height=\"25\">Modell Nr.<\/td>\n<td width=\"260\">HY-8056D134<\/td>\n<\/tr>\n<tr>\n<td width=\"271\" height=\"48\">Typ<\/td>\n<td width=\"260\">Becken in Marmorfarbe, Aufsatzbecken<\/td>\n<\/tr>\n<tr>\n<td width=\"271\" height=\"24\">Form<\/td>\n<td width=\"260\">Ovale Form<\/td>\n<\/tr>\n<tr>\n<td width=\"271\" height=\"24\">Farbe<\/td>\n<td width=\"260\">Wei\u00df und golden<\/td>\n<\/tr>\n<tr>\n<td width=\"271\" height=\"24\">Dimension<\/td>\n<td width=\"260\">61*41.5*13.5<\/td>\n<\/tr>\n<tr>\n<td width=\"271\" height=\"24\">N.W \/SET<\/td>\n<td width=\"260\">12 KGS\/PCS<\/td>\n<\/tr>\n<tr>\n<td width=\"271\" height=\"24\">MOQ<\/td>\n<td width=\"260\">20St\u00fcck<\/td>\n<\/tr>\n<tr>\n<td width=\"271\" height=\"48\">Benutzerdefinierte Option<\/td>\n<td width=\"260\">Farbe\/Muster\/Gr\u00f6\u00dfe\/Logo\/Verpackung<\/td>\n<\/tr>\n<\/tbody>\n<\/table>\n<\/div>\n<\/div>","protected":false},"featured_media":860,"comment_status":"open","ping_status":"closed","template":"","meta":{"_acf_changed":true},"certification":[59,61,60,62],"product_brand":[],"product_cat":[35,21],"product_tag":[],"class_list":{"0":"post-856","1":"product","2":"type-product","3":"status-publish","4":"has-post-thumbnail","6":"certification-ce","7":"certification-iso-14001","8":"certification-iso-45001","9":"certification-iso-9001","10":"product_cat-bathroom-ceramics-supply","11":"product_cat-wholesale-ceramic-basin","13":"first","14":"instock","15":"shipping-taxable","16":"product-type-simple"},"acf":[],"_links":{"self":[{"href":"https:\/\/www.linkceramics.com\/de\/wp-json\/wp\/v2\/product\/856","targetHints":{"allow":["GET"]}}],"collection":[{"href":"https:\/\/www.linkceramics.com\/de\/wp-json\/wp\/v2\/product"}],"about":[{"href":"https:\/\/www.linkceramics.com\/de\/wp-json\/wp\/v2\/types\/product"}],"replies":[{"embeddable":true,"href":"https:\/\/www.linkceramics.com\/de\/wp-json\/wp\/v2\/comments?post=856"}],"wp:featuredmedia":[{"embeddable":true,"href":"https:\/\/www.linkceramics.com\/de\/wp-json\/wp\/v2\/media\/860"}],"wp:attachment":[{"href":"https:\/\/www.linkceramics.com\/de\/wp-json\/wp\/v2\/media?parent=856"}],"wp:term":[{"taxonomy":"certification","embeddable":true,"href":"https:\/\/www.linkceramics.com\/de\/wp-json\/wp\/v2\/certification?post=856"},{"taxonomy":"product_brand","embeddable":true,"href":"https:\/\/www.linkceramics.com\/de\/wp-json\/wp\/v2\/product_brand?post=856"},{"taxonomy":"product_cat","embeddable":true,"href":"https:\/\/www.linkceramics.com\/de\/wp-json\/wp\/v2\/product_cat?post=856"},{"taxonomy":"product_tag","embeddable":true,"href":"https:\/\/www.linkceramics.com\/de\/wp-json\/wp\/v2\/product_tag?post=856"}],"curies":[{"name":"wp","href":"https:\/\/api.w.org\/{rel}","templated":true}]}}