{"id":862,"date":"2024-12-10T02:46:49","date_gmt":"2024-12-10T02:46:49","guid":{"rendered":"https:\/\/www.linkceramics.com\/?post_type=product&#038;p=862"},"modified":"2024-12-10T02:46:50","modified_gmt":"2024-12-10T02:46:50","slug":"above-counter-sinks-wholesale","status":"publish","type":"product","link":"https:\/\/www.linkceramics.com\/de\/product\/above-counter-sinks-wholesale\/","title":{"rendered":"\u00dcber Z\u00e4hler Waschbecken Gro\u00dfhandel, Luxus und dauerhafte Becken"},"content":{"rendered":"<div class=\"wp-block-columns is-layout-flex wp-container-core-columns-is-layout-9d6595d7 wp-block-columns-is-layout-flex\">\n<div class=\"wp-block-column is-layout-flow wp-block-column-is-layout-flow\" style=\"flex-basis:50%\">\n<h3 class=\"wp-block-heading\">Premium \u00fcber Z\u00e4hler Waschbecken Gro\u00dfhandel Features:<\/h3>\n\n\n\n<ul class=\"wp-block-list\">\n<li><strong>Hochwertiges Luxusdesign:<\/strong>\u00a0Unsere Sp\u00fclen f\u00fcr den Gro\u00dfhandel verleihen der K\u00fcche mit ihrem einzigartigen und eleganten Design ein Gef\u00fchl von Luxus. Jedes Produkt wurde sorgf\u00e4ltig mit glatten Linien und exquisite Materialien, die perfekt in verschiedene High-End-Dekorationsstile integrieren kann gefertigt.<\/li>\n\n\n\n<li><strong>Ausgezeichnete Haltbarkeit:<\/strong>\u00a0Wir konzentrieren uns auf die Herstellung von extrem langlebigen Produkten f\u00fcr Sp\u00fclen in gro\u00dfen Mengen \u00fcber der Theke. Dabei verwenden wir hochwertige keramische Werkstoffe und eine spezielle Verarbeitung, um sicherzustellen, dass die Produkte eine ausgezeichnete Korrosionsbest\u00e4ndigkeit, Kratzfestigkeit und Hochtemperaturbest\u00e4ndigkeit aufweisen.<\/li>\n\n\n\n<li><strong>Leicht zu reinigen und zu pflegen:\u00a0<\/strong>Unsere Sp\u00fclen f\u00fcr den Gro\u00dfhandel sind mit einer leicht zu reinigenden Antihaft-Glasur versehen. Unsere Produkte erfordern nur minimale Wartung und widerstehen m\u00fchelos Fingerabdr\u00fccken, Schmutz und Wasserflecken, so dass sie mit der Zeit ein makelloses Aussehen behalten.<\/li>\n\n\n\n<li><strong>Schnelle Lieferung:\u00a0<\/strong>Mit schneller Lieferung und erschwinglichen Preisen sind unsere Waschbecken im Gro\u00dfhandel die perfekte Wahl f\u00fcr professionelle Installationen und Badverj\u00fcngungsprojekte und bieten eine elegante und funktionale Erg\u00e4nzung f\u00fcr jeden Raum.<\/li>\n<\/ul>\n<\/div>\n\n\n\n<div class=\"wp-block-column is-layout-flow wp-block-column-is-layout-flow\" style=\"flex-basis:50%\">\n<figure class=\"wp-block-image size-full\"><img decoding=\"async\" width=\"750\" height=\"750\" src=\"https:\/\/www.linkceramics.com\/wp-content\/uploads\/2024\/12\/Above-Counter-Sinks-Wholesale-Luxury-and-Durable-Sinks-1.webp\" alt=\"\u00dcber-Tisch-Sp\u00fclen-Gro\u00dfhandel-Luxus-und-Haltbare-Sp\u00fclen-1\" class=\"wp-image-863\" srcset=\"https:\/\/www.linkceramics.com\/wp-content\/uploads\/2024\/12\/Above-Counter-Sinks-Wholesale-Luxury-and-Durable-Sinks-1.webp 750w, https:\/\/www.linkceramics.com\/wp-content\/uploads\/2024\/12\/Above-Counter-Sinks-Wholesale-Luxury-and-Durable-Sinks-1-300x300.webp 300w, https:\/\/www.linkceramics.com\/wp-content\/uploads\/2024\/12\/Above-Counter-Sinks-Wholesale-Luxury-and-Durable-Sinks-1-150x150.webp 150w, https:\/\/www.linkceramics.com\/wp-content\/uploads\/2024\/12\/Above-Counter-Sinks-Wholesale-Luxury-and-Durable-Sinks-1-600x600.webp 600w, https:\/\/www.linkceramics.com\/wp-content\/uploads\/2024\/12\/Above-Counter-Sinks-Wholesale-Luxury-and-Durable-Sinks-1-100x100.webp 100w\" sizes=\"(max-width: 750px) 100vw, 750px\" \/><\/figure>\n<\/div>\n<\/div>","protected":false},"excerpt":{"rendered":"<div id=\"brxe-0ee1ca\" class=\"brxe-product-meta product_meta\">\n<div id=\"brxe-0ee1ca\" class=\"brxe-product-meta product_meta\">Unsere Waschbecken im Gro\u00dfhandel sind aus hochwertigen keramischen Materialien hergestellt, die langlebig und luxuri\u00f6s sind, mit glatten und zarten Oberfl\u00e4chen, einfach zu installieren und zu reinigen. Das moderne Design kombiniert Sch\u00f6nheit und Zweckm\u00e4\u00dfigkeit, die perfekt mit verschiedenen Badezimmerstilen \u00fcbereinstimmen und den Luxus des Raumes verbessern k\u00f6nnen. Wir bieten Rabatte bei Gro\u00dfeink\u00e4ufen, um sicherzustellen, dass Sie qualitativ hochwertige Produkte zum besten Preis erhalten, um Ihre unterschiedlichen Bed\u00fcrfnisse zu erf\u00fcllen.<\/div>\n<\/div>\n<div id=\"brxe-8c5ca9\" class=\"brxe-product-short-description\">\n<div class=\"woocommerce-product-details__short-description\">\n<h2>Premium-Sp\u00fclbecken \u00fcber der Theke Spezifikationen:<\/h2>\n<table border=\"0\" width=\"311\" cellspacing=\"0\" cellpadding=\"0\">\n<tbody>\n<tr>\n<td width=\"108\" height=\"17\">Hersteller<\/td>\n<td width=\"202\">HanYu<\/td>\n<\/tr>\n<tr>\n<td height=\"17\">Modell Nr.<\/td>\n<td>HY-8176<\/td>\n<\/tr>\n<tr>\n<td height=\"18\">Typ<\/td>\n<td width=\"202\">Aufsatzwaschbecken<\/td>\n<\/tr>\n<tr>\n<td height=\"17\">Form<\/td>\n<td>Runde Form<\/td>\n<\/tr>\n<tr>\n<td height=\"18\">Farbe<\/td>\n<td width=\"202\">Wei\u00df<\/td>\n<\/tr>\n<tr>\n<td height=\"18\">Dimension<\/td>\n<td width=\"202\">41.5*41.5*14<\/td>\n<\/tr>\n<tr>\n<td height=\"17\">N.W \/SET<\/td>\n<td>11KGS\/PCS<\/td>\n<\/tr>\n<tr>\n<td height=\"17\">MOQ<\/td>\n<td>20St\u00fcck<\/td>\n<\/tr>\n<tr>\n<td height=\"17\">Benutzerdefinierte Option<\/td>\n<td>Farbe\/Muster\/Gr\u00f6\u00dfe\/Logo\/Verpackung<\/td>\n<\/tr>\n<\/tbody>\n<\/table>\n<p><\/div>\n<\/div>","protected":false},"featured_media":867,"comment_status":"open","ping_status":"closed","template":"","meta":{"_acf_changed":true},"certification":[59,61,60,62],"product_brand":[],"product_cat":[35,21],"product_tag":[],"class_list":{"0":"post-862","1":"product","2":"type-product","3":"status-publish","4":"has-post-thumbnail","6":"certification-ce","7":"certification-iso-14001","8":"certification-iso-45001","9":"certification-iso-9001","10":"product_cat-bathroom-ceramics-supply","11":"product_cat-wholesale-ceramic-basin","13":"first","14":"instock","15":"shipping-taxable","16":"product-type-simple"},"acf":[],"_links":{"self":[{"href":"https:\/\/www.linkceramics.com\/de\/wp-json\/wp\/v2\/product\/862","targetHints":{"allow":["GET"]}}],"collection":[{"href":"https:\/\/www.linkceramics.com\/de\/wp-json\/wp\/v2\/product"}],"about":[{"href":"https:\/\/www.linkceramics.com\/de\/wp-json\/wp\/v2\/types\/product"}],"replies":[{"embeddable":true,"href":"https:\/\/www.linkceramics.com\/de\/wp-json\/wp\/v2\/comments?post=862"}],"wp:featuredmedia":[{"embeddable":true,"href":"https:\/\/www.linkceramics.com\/de\/wp-json\/wp\/v2\/media\/867"}],"wp:attachment":[{"href":"https:\/\/www.linkceramics.com\/de\/wp-json\/wp\/v2\/media?parent=862"}],"wp:term":[{"taxonomy":"certification","embeddable":true,"href":"https:\/\/www.linkceramics.com\/de\/wp-json\/wp\/v2\/certification?post=862"},{"taxonomy":"product_brand","embeddable":true,"href":"https:\/\/www.linkceramics.com\/de\/wp-json\/wp\/v2\/product_brand?post=862"},{"taxonomy":"product_cat","embeddable":true,"href":"https:\/\/www.linkceramics.com\/de\/wp-json\/wp\/v2\/product_cat?post=862"},{"taxonomy":"product_tag","embeddable":true,"href":"https:\/\/www.linkceramics.com\/de\/wp-json\/wp\/v2\/product_tag?post=862"}],"curies":[{"name":"wp","href":"https:\/\/api.w.org\/{rel}","templated":true}]}}