{"id":868,"date":"2024-12-10T02:45:34","date_gmt":"2024-12-10T02:45:34","guid":{"rendered":"https:\/\/www.linkceramics.com\/?post_type=product&#038;p=868"},"modified":"2024-12-10T02:45:35","modified_gmt":"2024-12-10T02:45:35","slug":"bespoke-ceramic-sinks-wholesale","status":"publish","type":"product","link":"https:\/\/www.linkceramics.com\/de\/product\/bespoke-ceramic-sinks-wholesale\/","title":{"rendered":"Ma\u00dfgeschneiderte keramische Waschbecken, Einlaufbecken f\u00fcr Badezimmer Gro\u00dfhandel"},"content":{"rendered":"<div class=\"wp-block-columns is-layout-flex wp-container-core-columns-is-layout-9d6595d7 wp-block-columns-is-layout-flex\">\n<div class=\"wp-block-column is-layout-flow wp-block-column-is-layout-flow\">\n<h3 class=\"wp-block-heading\">Premium Bespoke Keramiksp\u00fclen Merkmale:<\/h3>\n\n\n\n<ul class=\"wp-block-list\">\n<li><strong>Exquisites Design:\u00a0<\/strong>Unsere ma\u00dfgefertigten Keramikwaschbecken sind von exquisitem, modernem Design. Jedes St\u00fcck ist eine Hommage an die \u00c4sthetik und zielt darauf ab, dem Badezimmer Eleganz und Geschmack zu verleihen.<\/li>\n\n\n\n<li><strong>Hochwertige Materialien:<\/strong>\u00a0Die Auswahl hochwertiger keramischer Materialien und die exquisite Handwerkskunst sorgen daf\u00fcr, dass jedes unserer Drop-in-Badezimmerbecken im Gro\u00dfhandel nicht nur sch\u00f6n aussieht, sondern auch eine ausgezeichnete Haltbarkeit und pflegeleichte Eigenschaften aufweist.<\/li>\n\n\n\n<li><strong>Qualit\u00e4tssicherung:<\/strong>\u00a0Hochmoderne Produktionsanlagen und ein strenges Qualit\u00e4tskontrollsystem sorgen daf\u00fcr, dass jede ma\u00dfgeschneiderte Keramiksp\u00fcle, die das Werk verl\u00e4sst, h\u00f6chste Qualit\u00e4t aufweist, sei es in Bezug auf Haltbarkeit oder Sch\u00f6nheit, und so den hohen Anspr\u00fcchen der Kunden gerecht wird.<\/li>\n\n\n\n<li><strong>Individuelles Design:\u00a0<\/strong>Unsere Drop-in-Badewannen im Gro\u00dfhandel sind in verschiedenen Arten von Stilen und Gr\u00f6\u00dfen f\u00fcr die pers\u00f6nliche Anpassung konzipiert, so dass wir die Bed\u00fcrfnisse der verschiedenen Kunden erf\u00fcllen k\u00f6nnen. Dies erm\u00f6glicht Anpassungen an Farbe, Form und Textur nach Ihren spezifischen Bed\u00fcrfnissen und Integration in eine Vielzahl von Bad-Designs.<\/li>\n<\/ul>\n<\/div>\n\n\n\n<div class=\"wp-block-column is-layout-flow wp-block-column-is-layout-flow\">\n<figure class=\"wp-block-image size-full\"><img decoding=\"async\" width=\"757\" height=\"877\" src=\"https:\/\/www.linkceramics.com\/wp-content\/uploads\/2024\/12\/Bathroom-basin-supplier-drop-in-wash-basin-for-cabinet-7-1.webp\" alt=\"Badezimmer-Waschbecken-Lieferant-Tropfen-Waschbecken-f\u00fcr-Schrank-7-1\" class=\"wp-image-873\" srcset=\"https:\/\/www.linkceramics.com\/wp-content\/uploads\/2024\/12\/Bathroom-basin-supplier-drop-in-wash-basin-for-cabinet-7-1.webp 757w, https:\/\/www.linkceramics.com\/wp-content\/uploads\/2024\/12\/Bathroom-basin-supplier-drop-in-wash-basin-for-cabinet-7-1-259x300.webp 259w, https:\/\/www.linkceramics.com\/wp-content\/uploads\/2024\/12\/Bathroom-basin-supplier-drop-in-wash-basin-for-cabinet-7-1-600x695.webp 600w\" sizes=\"(max-width: 757px) 100vw, 757px\" \/><\/figure>\n<\/div>\n<\/div>","protected":false},"excerpt":{"rendered":"<p>Willkommen in ma\u00dfgeschneiderte Keramik Waschbecken f\u00fcr Ihr Projekt. Unsere Drop in Bad Waschbecken Gro\u00dfhandel nimmt exquisite modernes Design, Gro\u00dfhandel Waschbecken ist in verschiedenen Arten von Stilen und Gr\u00f6\u00dfen f\u00fcr die pers\u00f6nliche Anpassung konzipiert, so dass wir auf unterschiedliche Kundenbed\u00fcrfnisse zu erf\u00fcllen. Dies erm\u00f6glicht Anpassungen an Farbe, Form und Textur nach Ihren spezifischen Bed\u00fcrfnissen und Integration in eine Vielzahl von Bad-Designs.<\/p>\n<h2>Premium Bespoke Ceramic Sinks Spezifikationen:<\/h2>\n<table border=\"0\" width=\"478\" cellspacing=\"0\" cellpadding=\"0\">\n<tbody>\n<tr>\n<td class=\"et3\" width=\"166\" height=\"23\">Hersteller<\/td>\n<td class=\"et3\" width=\"312\">HanYu<\/td>\n<\/tr>\n<tr>\n<td class=\"et3\" height=\"23\">Modell Nr.<\/td>\n<td class=\"et4\">HY-5073A<\/td>\n<\/tr>\n<tr>\n<td class=\"et3\" height=\"23\">Typ<\/td>\n<td class=\"et5\" width=\"312\">Einfallende Waschbecken<\/td>\n<\/tr>\n<tr>\n<td class=\"et3\" height=\"24\">Form<\/td>\n<td class=\"et3\">Ovale Form<\/td>\n<\/tr>\n<tr>\n<td class=\"et4\" height=\"46\">Farbe<\/td>\n<td class=\"et5\" width=\"312\">schwarz\/wei\u00df\/blau\/grau\/rosa\/gr\u00fcn\/braun\/khaki<\/td>\n<\/tr>\n<tr>\n<td class=\"et3\" height=\"24\">Dimension<\/td>\n<td class=\"et5\" width=\"312\">55.5*36.5*17<\/td>\n<\/tr>\n<tr>\n<td class=\"et3\" height=\"23\">N.W \/SET<\/td>\n<td class=\"et3\">7KGS\/PCS<\/td>\n<\/tr>\n<tr>\n<td class=\"et3\" height=\"23\">MOQ<\/td>\n<td class=\"et3\">20St\u00fcck<\/td>\n<\/tr>\n<tr>\n<td class=\"et3\" height=\"23\">Benutzerdefinierte Option<\/td>\n<td class=\"et3\">Farbe\/Muster\/Gr\u00f6\u00dfe\/Logo\/Verpackung<\/td>\n<\/tr>\n<\/tbody>\n<\/table>","protected":false},"featured_media":872,"comment_status":"open","ping_status":"closed","template":"","meta":{"_acf_changed":true},"certification":[59,61,60,62],"product_brand":[],"product_cat":[35,21],"product_tag":[],"class_list":{"0":"post-868","1":"product","2":"type-product","3":"status-publish","4":"has-post-thumbnail","6":"certification-ce","7":"certification-iso-14001","8":"certification-iso-45001","9":"certification-iso-9001","10":"product_cat-bathroom-ceramics-supply","11":"product_cat-wholesale-ceramic-basin","13":"first","14":"instock","15":"shipping-taxable","16":"product-type-simple"},"acf":[],"_links":{"self":[{"href":"https:\/\/www.linkceramics.com\/de\/wp-json\/wp\/v2\/product\/868","targetHints":{"allow":["GET"]}}],"collection":[{"href":"https:\/\/www.linkceramics.com\/de\/wp-json\/wp\/v2\/product"}],"about":[{"href":"https:\/\/www.linkceramics.com\/de\/wp-json\/wp\/v2\/types\/product"}],"replies":[{"embeddable":true,"href":"https:\/\/www.linkceramics.com\/de\/wp-json\/wp\/v2\/comments?post=868"}],"wp:featuredmedia":[{"embeddable":true,"href":"https:\/\/www.linkceramics.com\/de\/wp-json\/wp\/v2\/media\/872"}],"wp:attachment":[{"href":"https:\/\/www.linkceramics.com\/de\/wp-json\/wp\/v2\/media?parent=868"}],"wp:term":[{"taxonomy":"certification","embeddable":true,"href":"https:\/\/www.linkceramics.com\/de\/wp-json\/wp\/v2\/certification?post=868"},{"taxonomy":"product_brand","embeddable":true,"href":"https:\/\/www.linkceramics.com\/de\/wp-json\/wp\/v2\/product_brand?post=868"},{"taxonomy":"product_cat","embeddable":true,"href":"https:\/\/www.linkceramics.com\/de\/wp-json\/wp\/v2\/product_cat?post=868"},{"taxonomy":"product_tag","embeddable":true,"href":"https:\/\/www.linkceramics.com\/de\/wp-json\/wp\/v2\/product_tag?post=868"}],"curies":[{"name":"wp","href":"https:\/\/api.w.org\/{rel}","templated":true}]}}