{"id":877,"date":"2024-12-21T06:58:43","date_gmt":"2024-12-21T06:58:43","guid":{"rendered":"https:\/\/www.linkceramics.com\/?post_type=product&#038;p=877"},"modified":"2024-12-21T06:58:44","modified_gmt":"2024-12-21T06:58:44","slug":"in-counter-wash-basin-wholesale","status":"publish","type":"product","link":"https:\/\/www.linkceramics.com\/de\/product\/in-counter-wash-basin-wholesale\/","title":{"rendered":"Quadratisches Waschbecken Gro\u00dfhandel, keramische Gef\u00e4\u00df Waschbecken"},"content":{"rendered":"<div class=\"wp-block-columns is-layout-flex wp-container-core-columns-is-layout-9d6595d7 wp-block-columns-is-layout-flex\">\n<div class=\"wp-block-column is-layout-flow wp-block-column-is-layout-flow\" style=\"flex-basis:50%\">\n<h3 class=\"wp-block-heading\">Premium In Counter Waschbecken Gro\u00dfhandel Merkmale:<\/h3>\n\n\n\n<ul class=\"wp-block-list\">\n<li><strong>Hochwertiges Porzellan:<\/strong>\u00a0Die Qualit\u00e4t der Materialien in unserer in Counter Waschbecken Gro\u00dfhandel sind von hoher Qualit\u00e4t, robust, langlebig und hervorragend in Anti-Kratz-und Verschlei\u00dffestigkeit. unsere Gro\u00dfhandel Waschbecken k\u00f6nnen langfristige Nutzung ohne Besch\u00e4digung der Erscheinung leicht zu gew\u00e4hrleisten.<\/li>\n\n\n\n<li><strong>Modedesign:\u00a0<\/strong>Modernes und einfaches Design, mit glatten Linien geeignet f\u00fcr verschiedene Arten von B\u00e4dern. Wenn Sie Ihrem Badezimmer Eleganz und Mode hinzuf\u00fcgen m\u00f6chten, dann werden unsere Keramikgef\u00e4\u00df Waschbecken Gro\u00dfhandel perfekt sein.<\/li>\n\n\n\n<li><strong>Einfache Installation:\u00a0<\/strong>Aufgrund dieses eingebetteten Designs ist der Installationsprozess dieses Waschbeckens im Gro\u00dfhandel viel einfacher und schneller, ohne dass komplizierte Werkzeuge oder F\u00e4higkeiten erforderlich sind. Daher spart es die Zeit und Kosten der Installation.<\/li>\n\n\n\n<li><strong>G\u00fcnstiger Preis:\u00a0<\/strong>Als Hersteller von Waschbecken im Gro\u00dfhandel bietet HanYu einen sehr wettbewerbsf\u00e4higen Gro\u00dfeinkaufspreis, der sicherstellt, dass Sie hochwertige Keramikwaschbecken im Gro\u00dfhandel genie\u00dfen k\u00f6nnen, w\u00e4hrend Sie die Kosten kontrollieren.<\/li>\n<\/ul>\n<\/div>\n\n\n\n<div class=\"wp-block-column is-layout-flow wp-block-column-is-layout-flow\" style=\"flex-basis:50%\">\n<figure class=\"wp-block-image size-full\"><img decoding=\"async\" width=\"914\" height=\"913\" src=\"https:\/\/www.linkceramics.com\/wp-content\/uploads\/2024\/12\/Luxury-Wholesale-Bathroom-Vessel-Sinks-Ceramic-Square-Shape-Drop-In-Sink-5.webp\" alt=\"Luxus-Gro\u00dfhandel-Badewannenwaschbecken-Keramik-Quadratform-Tropfbecken-5\" class=\"wp-image-883\" srcset=\"https:\/\/www.linkceramics.com\/wp-content\/uploads\/2024\/12\/Luxury-Wholesale-Bathroom-Vessel-Sinks-Ceramic-Square-Shape-Drop-In-Sink-5.webp 914w, https:\/\/www.linkceramics.com\/wp-content\/uploads\/2024\/12\/Luxury-Wholesale-Bathroom-Vessel-Sinks-Ceramic-Square-Shape-Drop-In-Sink-5-300x300.webp 300w, https:\/\/www.linkceramics.com\/wp-content\/uploads\/2024\/12\/Luxury-Wholesale-Bathroom-Vessel-Sinks-Ceramic-Square-Shape-Drop-In-Sink-5-150x150.webp 150w, https:\/\/www.linkceramics.com\/wp-content\/uploads\/2024\/12\/Luxury-Wholesale-Bathroom-Vessel-Sinks-Ceramic-Square-Shape-Drop-In-Sink-5-768x767.webp 768w, https:\/\/www.linkceramics.com\/wp-content\/uploads\/2024\/12\/Luxury-Wholesale-Bathroom-Vessel-Sinks-Ceramic-Square-Shape-Drop-In-Sink-5-600x599.webp 600w, https:\/\/www.linkceramics.com\/wp-content\/uploads\/2024\/12\/Luxury-Wholesale-Bathroom-Vessel-Sinks-Ceramic-Square-Shape-Drop-In-Sink-5-100x100.webp 100w\" sizes=\"(max-width: 914px) 100vw, 914px\" \/><\/figure>\n<\/div>\n<\/div>","protected":false},"excerpt":{"rendered":"<div id=\"brxe-0ee1ca\" class=\"brxe-product-meta product_meta\">\n<div id=\"brxe-0ee1ca\" class=\"brxe-product-meta product_meta\">Willkommen zum Kauf von Keramik Gef\u00e4\u00df Waschbecken Gro\u00dfhandel. Diese in Counter Waschbecken Gro\u00dfhandel wird direkt von unserer Fabrik geliefert, stark reduziert Ihre Einkaufskosten. Unsere Gro\u00dfhandel Keramik Waschbecken. Wir bieten Gro\u00dfhandelsrabatte auf diesem beliebten Design auf die Bed\u00fcrfnisse der kommerziellen Projekten oder gro\u00dfen Wohn-Renovierungen gerecht zu werden.<\/div>\n<\/div>\n<div id=\"brxe-8c5ca9\" class=\"brxe-product-short-description\">\n<div class=\"woocommerce-product-details__short-description\">\n<h2>Premium In Counter Waschtisch Spezifikationen:<\/h2>\n<table border=\"0\" width=\"311\" cellspacing=\"0\" cellpadding=\"0\">\n<tbody>\n<tr>\n<td width=\"108\" height=\"17\">Hersteller<\/td>\n<td width=\"202\">HanYu<\/td>\n<\/tr>\n<tr>\n<td height=\"17\">Modell Nr.<\/td>\n<td>HY-6040<\/td>\n<\/tr>\n<tr>\n<td height=\"18\">Typ<\/td>\n<td width=\"202\">Drop-In-Becken<\/td>\n<\/tr>\n<tr>\n<td height=\"17\">Form<\/td>\n<td>Rechteckige Form<\/td>\n<\/tr>\n<tr>\n<td height=\"18\">Farbe<\/td>\n<td width=\"202\">Wei\u00df<\/td>\n<\/tr>\n<tr>\n<td height=\"18\">Dimension<\/td>\n<td width=\"202\">41.5*42*17<\/td>\n<\/tr>\n<tr>\n<td height=\"17\">N.W \/SET<\/td>\n<td>11.5KGS\/PCS<\/td>\n<\/tr>\n<tr>\n<td height=\"17\">MOQ<\/td>\n<td>20St\u00fcck<\/td>\n<\/tr>\n<tr>\n<td height=\"17\">Benutzerdefinierte Option<\/td>\n<td>Farbe\/Muster\/Gr\u00f6\u00dfe\/Logo\/Verpackung<\/td>\n<\/tr>\n<\/tbody>\n<\/table>\n<\/div>\n<\/div>","protected":false},"featured_media":879,"comment_status":"open","ping_status":"closed","template":"","meta":{"_acf_changed":true},"certification":[59,61,60,62],"product_brand":[],"product_cat":[35,21],"product_tag":[],"class_list":{"0":"post-877","1":"product","2":"type-product","3":"status-publish","4":"has-post-thumbnail","6":"certification-ce","7":"certification-iso-14001","8":"certification-iso-45001","9":"certification-iso-9001","10":"product_cat-bathroom-ceramics-supply","11":"product_cat-wholesale-ceramic-basin","13":"first","14":"instock","15":"shipping-taxable","16":"product-type-simple"},"acf":[],"_links":{"self":[{"href":"https:\/\/www.linkceramics.com\/de\/wp-json\/wp\/v2\/product\/877","targetHints":{"allow":["GET"]}}],"collection":[{"href":"https:\/\/www.linkceramics.com\/de\/wp-json\/wp\/v2\/product"}],"about":[{"href":"https:\/\/www.linkceramics.com\/de\/wp-json\/wp\/v2\/types\/product"}],"replies":[{"embeddable":true,"href":"https:\/\/www.linkceramics.com\/de\/wp-json\/wp\/v2\/comments?post=877"}],"wp:featuredmedia":[{"embeddable":true,"href":"https:\/\/www.linkceramics.com\/de\/wp-json\/wp\/v2\/media\/879"}],"wp:attachment":[{"href":"https:\/\/www.linkceramics.com\/de\/wp-json\/wp\/v2\/media?parent=877"}],"wp:term":[{"taxonomy":"certification","embeddable":true,"href":"https:\/\/www.linkceramics.com\/de\/wp-json\/wp\/v2\/certification?post=877"},{"taxonomy":"product_brand","embeddable":true,"href":"https:\/\/www.linkceramics.com\/de\/wp-json\/wp\/v2\/product_brand?post=877"},{"taxonomy":"product_cat","embeddable":true,"href":"https:\/\/www.linkceramics.com\/de\/wp-json\/wp\/v2\/product_cat?post=877"},{"taxonomy":"product_tag","embeddable":true,"href":"https:\/\/www.linkceramics.com\/de\/wp-json\/wp\/v2\/product_tag?post=877"}],"curies":[{"name":"wp","href":"https:\/\/api.w.org\/{rel}","templated":true}]}}