{"id":884,"date":"2024-12-10T03:34:06","date_gmt":"2024-12-10T03:34:06","guid":{"rendered":"https:\/\/www.linkceramics.com\/?post_type=product&#038;p=884"},"modified":"2024-12-10T03:34:07","modified_gmt":"2024-12-10T03:34:07","slug":"undermount-sinks-wholesale","status":"publish","type":"product","link":"https:\/\/www.linkceramics.com\/de\/product\/undermount-sinks-wholesale\/","title":{"rendered":"Kaufen Porzellan Unterbau Waschbecken Gro\u00dfhandel von Top-Keramik-Sp\u00fcle Lieferant"},"content":{"rendered":"<div class=\"wp-block-columns is-layout-flex wp-container-core-columns-is-layout-9d6595d7 wp-block-columns-is-layout-flex\">\n<div class=\"wp-block-column is-layout-flow wp-block-column-is-layout-flow\" style=\"flex-basis:50%\">\n<h3 class=\"wp-block-heading\">Premium Unterbauwaschbecken Gro\u00dfhandel Merkmale:<\/h3>\n\n\n\n<ul class=\"wp-block-list\">\n<li><strong>Langlebig:\u00a0<\/strong>Unsere Unterbausp\u00fclen im Gro\u00dfhandel werden aus hochwertigen keramischen Rohstoffen hergestellt und bei hohen Temperaturen gebrannt, um sicherzustellen, dass die Produkte eine extrem hohe H\u00e4rte und Korrosionsbest\u00e4ndigkeit aufweisen, langlebig und leicht zu reinigen sind.<\/li>\n\n\n\n<li><strong>Ma\u00dfgeschneiderte Dienstleistungen:\u00a0<\/strong>Wir bieten eine vollst\u00e4ndige Palette von kundenspezifischen Dienstleistungen f\u00fcr kommerzielle Unterbau Waschbecken Gro\u00dfhandel, einschlie\u00dflich Gr\u00f6\u00dfe, Form, Farbe und Installationsmethode, um sicherzustellen, dass jeder Unterbau Waschbecken kann perfekt auf Ihre kommerziellen Raum braucht.<\/li>\n\n\n\n<li><strong>Preisvorteil:<\/strong>\u00a0Als professioneller Hersteller von Waschbecken f\u00fcr Badezimmer bieten wir Unterbaubecken im Gro\u00dfhandel zu sehr wettbewerbsf\u00e4higen Preisen f\u00fcr gro\u00dfe Projekte wie Hotels, Restaurants, B\u00fcrogeb\u00e4ude usw. an und genie\u00dfen weitere Rabatte f\u00fcr gro\u00dfe Bestellungen.<\/li>\n\n\n\n<li><strong>Schnelle Lieferung:<\/strong>\u00a0Wir versprechen eine effiziente Logistik und Distribution, um sicherzustellen, dass unsere ma\u00dfgefertigten Unterbausp\u00fclen im Gro\u00dfhandel schnell geliefert werden, um Ihren Projektfortschritt zu beschleunigen und dringende Bauanforderungen zu erf\u00fcllen.<\/li>\n<\/ul>\n<\/div>\n\n\n\n<div class=\"wp-block-column is-layout-flow wp-block-column-is-layout-flow\" style=\"flex-basis:50%\">\n<figure class=\"wp-block-image size-full\"><img decoding=\"async\" width=\"629\" height=\"828\" src=\"https:\/\/www.linkceramics.com\/wp-content\/uploads\/2024\/12\/bathroom-basin-suppliers-under-counter-sinks-5.webp\" alt=\"badezimmer-waschbecken-lieferanten-unter-den-tisch-waschbecken-5\" class=\"wp-image-889\" srcset=\"https:\/\/www.linkceramics.com\/wp-content\/uploads\/2024\/12\/bathroom-basin-suppliers-under-counter-sinks-5.webp 629w, https:\/\/www.linkceramics.com\/wp-content\/uploads\/2024\/12\/bathroom-basin-suppliers-under-counter-sinks-5-228x300.webp 228w, https:\/\/www.linkceramics.com\/wp-content\/uploads\/2024\/12\/bathroom-basin-suppliers-under-counter-sinks-5-600x790.webp 600w\" sizes=\"(max-width: 629px) 100vw, 629px\" \/><\/figure>\n<\/div>\n<\/div>","protected":false},"excerpt":{"rendered":"<div id=\"brxe-0ee1ca\" class=\"brxe-product-meta product_meta\">\n<div id=\"brxe-0ee1ca\" class=\"brxe-product-meta product_meta\">Kaufen Sie Porzellanwaschbecken von Lieferanten. Unsere Unterbaubecken Gro\u00dfhandel sind von hoher Klasse keramischen Rohstoffen und bei hohen Temperaturen gebrannt. Wir bieten eine breite Palette von kundenspezifischen Dienstleistungen f\u00fcr kommerzielle Unterbaubecken, einschlie\u00dflich Gr\u00f6\u00dfe, Form, Farbe und Installationsmethode, um sicherzustellen, dass jedes Unterbaubecken perfekt zu Ihren kommerziellen Raum braucht.<\/div>\n<\/div>\n<div id=\"brxe-8c5ca9\" class=\"brxe-product-short-description\">\n<div class=\"woocommerce-product-details__short-description\">\n<h2>Premium Unterbaubecken Spezifikationen:<\/h2>\n<table border=\"0\" width=\"478\" cellspacing=\"0\" cellpadding=\"0\">\n<tbody>\n<tr>\n<td class=\"et3\" width=\"166\" height=\"23\">Hersteller<\/td>\n<td class=\"et3\" width=\"312\">HanYu<\/td>\n<\/tr>\n<tr>\n<td class=\"et3\" height=\"23\">Modell Nr.<\/td>\n<td class=\"et4\">HY-1602<\/td>\n<\/tr>\n<tr>\n<td class=\"et3\" height=\"23\">Typ<\/td>\n<td class=\"et5\" width=\"312\">Unterbau-Sp\u00fclbecken<\/td>\n<\/tr>\n<tr>\n<td class=\"et3\" height=\"24\">Form<\/td>\n<td class=\"et3\">Ovale Form<\/td>\n<\/tr>\n<tr>\n<td class=\"et4\" height=\"46\">Farbe<\/td>\n<td class=\"et5\" width=\"312\">schwarz\/wei\u00df\/blau\/grau\/rosa\/gr\u00fcn\/braun\/khaki<\/td>\n<\/tr>\n<tr>\n<td class=\"et3\" height=\"24\">Dimension<\/td>\n<td class=\"et5\" width=\"312\">41*36*17.5<\/td>\n<\/tr>\n<tr>\n<td class=\"et3\" height=\"23\">N.W \/SET<\/td>\n<td class=\"et3\">4.5KGS\/PCS<\/td>\n<\/tr>\n<tr>\n<td class=\"et3\" height=\"23\">MOQ<\/td>\n<td class=\"et3\">20St\u00fcck<\/td>\n<\/tr>\n<tr>\n<td class=\"et3\" height=\"23\">Benutzerdefinierte Option<\/td>\n<td class=\"et3\">Farbe\/Muster\/Gr\u00f6\u00dfe\/Logo\/Verpackung<\/td>\n<\/tr>\n<\/tbody>\n<\/table>\n<p><\/div>\n<\/div>","protected":false},"featured_media":885,"comment_status":"open","ping_status":"closed","template":"","meta":{"_acf_changed":true},"certification":[59,61,60,62],"product_brand":[],"product_cat":[35,21],"product_tag":[],"class_list":{"0":"post-884","1":"product","2":"type-product","3":"status-publish","4":"has-post-thumbnail","6":"certification-ce","7":"certification-iso-14001","8":"certification-iso-45001","9":"certification-iso-9001","10":"product_cat-bathroom-ceramics-supply","11":"product_cat-wholesale-ceramic-basin","13":"first","14":"instock","15":"shipping-taxable","16":"product-type-simple"},"acf":[],"_links":{"self":[{"href":"https:\/\/www.linkceramics.com\/de\/wp-json\/wp\/v2\/product\/884","targetHints":{"allow":["GET"]}}],"collection":[{"href":"https:\/\/www.linkceramics.com\/de\/wp-json\/wp\/v2\/product"}],"about":[{"href":"https:\/\/www.linkceramics.com\/de\/wp-json\/wp\/v2\/types\/product"}],"replies":[{"embeddable":true,"href":"https:\/\/www.linkceramics.com\/de\/wp-json\/wp\/v2\/comments?post=884"}],"wp:featuredmedia":[{"embeddable":true,"href":"https:\/\/www.linkceramics.com\/de\/wp-json\/wp\/v2\/media\/885"}],"wp:attachment":[{"href":"https:\/\/www.linkceramics.com\/de\/wp-json\/wp\/v2\/media?parent=884"}],"wp:term":[{"taxonomy":"certification","embeddable":true,"href":"https:\/\/www.linkceramics.com\/de\/wp-json\/wp\/v2\/certification?post=884"},{"taxonomy":"product_brand","embeddable":true,"href":"https:\/\/www.linkceramics.com\/de\/wp-json\/wp\/v2\/product_brand?post=884"},{"taxonomy":"product_cat","embeddable":true,"href":"https:\/\/www.linkceramics.com\/de\/wp-json\/wp\/v2\/product_cat?post=884"},{"taxonomy":"product_tag","embeddable":true,"href":"https:\/\/www.linkceramics.com\/de\/wp-json\/wp\/v2\/product_tag?post=884"}],"curies":[{"name":"wp","href":"https:\/\/api.w.org\/{rel}","templated":true}]}}