{"id":890,"date":"2024-12-10T03:30:50","date_gmt":"2024-12-10T03:30:50","guid":{"rendered":"https:\/\/www.linkceramics.com\/?post_type=product&#038;p=890"},"modified":"2024-12-10T03:30:51","modified_gmt":"2024-12-10T03:30:51","slug":"custom-commercial-under-mount-basins","status":"publish","type":"product","link":"https:\/\/www.linkceramics.com\/de\/product\/custom-commercial-under-mount-basins\/","title":{"rendered":"Sonderanfertigungen und Gro\u00dfauftr\u00e4ge f\u00fcr kommerzielle Unterbaubecken"},"content":{"rendered":"<div class=\"wp-block-columns is-layout-flex wp-container-core-columns-is-layout-9d6595d7 wp-block-columns-is-layout-flex\">\n<div class=\"wp-block-column is-layout-flow wp-block-column-is-layout-flow\" style=\"flex-basis:50%\">\n<h3 class=\"wp-block-heading\">Premium Commercial Under Mount Basins Merkmale:<\/h3>\n\n\n\n<ul class=\"wp-block-list\">\n<li><strong>Hochwertige Materialien:\u00a0<\/strong>Unsere kommerziellen Unterbaubecken f\u00fcr den Gro\u00dfhandel werden aus hochwertigen keramischen Materialien hergestellt, die eine extrem hohe H\u00e4rte und Korrosionsbest\u00e4ndigkeit, eine lange Lebensdauer und eine einfache Reinigung gew\u00e4hrleisten.<\/li>\n\n\n\n<li><strong>Ma\u00dfgeschneiderte Dienstleistungen:\u00a0<\/strong>Wir bieten ein umfassendes Angebot an ma\u00dfgeschneiderten Dienstleistungen f\u00fcr gewerbliche Unterbaubecken, einschlie\u00dflich Gr\u00f6\u00dfe, Form, Farbe und Installationsmethode, um sicherzustellen, dass jedes Unterbaubecken perfekt zu den Anforderungen Ihrer gewerblichen R\u00e4ume passt.<\/li>\n\n\n\n<li><strong>Preisvorteil:<\/strong>\u00a0Als professioneller Hersteller von Waschbecken f\u00fcr Badezimmer bieten wir sehr wettbewerbsf\u00e4hige Preise f\u00fcr Gro\u00dfprojekte wie Hotels, Restaurants, B\u00fcrogeb\u00e4ude usw. und genie\u00dfen weitere Rabatte f\u00fcr Gro\u00dfauftr\u00e4ge.<\/li>\n\n\n\n<li><strong>Schnelle Lieferung:\u00a0<\/strong>Wir k\u00f6nnen sicherstellen, dass Ihre gro\u00dfvolumigen Auftr\u00e4ge schnell produziert und ausgeliefert werden, um Ihren Projektfortschritt zu beschleunigen und dringenden Baubedarf zu decken.<\/li>\n<\/ul>\n<\/div>\n\n\n\n<div class=\"wp-block-column is-layout-flow wp-block-column-is-layout-flow\" style=\"flex-basis:50%\">\n<figure class=\"wp-block-image size-full\"><img decoding=\"async\" width=\"629\" height=\"869\" src=\"https:\/\/www.linkceramics.com\/wp-content\/uploads\/2024\/12\/custom-and-bulk-order-commercial-under-mount-basins-1.webp\" alt=\"ma\u00dfgefertigte- und Gro\u00dfbestellung-gewerbliche-Unterbaubecken-1\" class=\"wp-image-892\" srcset=\"https:\/\/www.linkceramics.com\/wp-content\/uploads\/2024\/12\/custom-and-bulk-order-commercial-under-mount-basins-1.webp 629w, https:\/\/www.linkceramics.com\/wp-content\/uploads\/2024\/12\/custom-and-bulk-order-commercial-under-mount-basins-1-217x300.webp 217w, https:\/\/www.linkceramics.com\/wp-content\/uploads\/2024\/12\/custom-and-bulk-order-commercial-under-mount-basins-1-600x829.webp 600w\" sizes=\"(max-width: 629px) 100vw, 629px\" \/><\/figure>\n<\/div>\n<\/div>","protected":false},"excerpt":{"rendered":"<div id=\"brxe-0ee1ca\" class=\"brxe-product-meta product_meta\">\n<div id=\"brxe-0ee1ca\" class=\"brxe-product-meta product_meta\">Bestellen Sie kommerzielle Unterbaubecken von professionellen Waschbeckenherstellern in gro\u00dfen Mengen. Unsere Waschbecken sind aus hochwertigen keramischen Materialien hergestellt, um Langlebigkeit, einfache Reinigung und Wartung zu gew\u00e4hrleisten, und passen perfekt zu Ihren kommerziellen Raumanforderungen.<\/div>\n<\/div>\n<div id=\"brxe-8c5ca9\" class=\"brxe-product-short-description\">\n<div class=\"woocommerce-product-details__short-description\">\n<h2>Gewerbliche Unterbaubecken Spezifikationen:<\/h2>\n<table border=\"0\" width=\"311\" cellspacing=\"0\" cellpadding=\"0\">\n<tbody>\n<tr>\n<td width=\"108\" height=\"17\">Hersteller<\/td>\n<td width=\"202\">HanYu<\/td>\n<\/tr>\n<tr>\n<td height=\"17\">Modell Nr.<\/td>\n<td>HY-3028<\/td>\n<\/tr>\n<tr>\n<td height=\"18\">Typ<\/td>\n<td width=\"202\">Unterbaubecken<\/td>\n<\/tr>\n<tr>\n<td height=\"17\">Form<\/td>\n<td>Rechteckige Form<\/td>\n<\/tr>\n<tr>\n<td height=\"18\">Farbe<\/td>\n<td width=\"202\">Wei\u00df<\/td>\n<\/tr>\n<tr>\n<td height=\"18\">Dimension<\/td>\n<td width=\"202\">52.5*34*17.5<\/td>\n<\/tr>\n<tr>\n<td height=\"17\">N.W \/SET<\/td>\n<td>8KGS\/PCS<\/td>\n<\/tr>\n<tr>\n<td height=\"17\">MOQ<\/td>\n<td>20St\u00fcck<\/td>\n<\/tr>\n<tr>\n<td height=\"17\">Benutzerdefinierte Option<\/td>\n<td>Farbe\/Muster\/Gr\u00f6\u00dfe\/Logo\/Verpackung<\/td>\n<\/tr>\n<\/tbody>\n<\/table>\n<p><\/div>\n<\/div>","protected":false},"featured_media":895,"comment_status":"open","ping_status":"closed","template":"","meta":{"_acf_changed":true},"certification":[59,61,60,62],"product_brand":[],"product_cat":[35,21],"product_tag":[],"class_list":{"0":"post-890","1":"product","2":"type-product","3":"status-publish","4":"has-post-thumbnail","6":"certification-ce","7":"certification-iso-14001","8":"certification-iso-45001","9":"certification-iso-9001","10":"product_cat-bathroom-ceramics-supply","11":"product_cat-wholesale-ceramic-basin","13":"first","14":"instock","15":"shipping-taxable","16":"product-type-simple"},"acf":[],"_links":{"self":[{"href":"https:\/\/www.linkceramics.com\/de\/wp-json\/wp\/v2\/product\/890","targetHints":{"allow":["GET"]}}],"collection":[{"href":"https:\/\/www.linkceramics.com\/de\/wp-json\/wp\/v2\/product"}],"about":[{"href":"https:\/\/www.linkceramics.com\/de\/wp-json\/wp\/v2\/types\/product"}],"replies":[{"embeddable":true,"href":"https:\/\/www.linkceramics.com\/de\/wp-json\/wp\/v2\/comments?post=890"}],"wp:featuredmedia":[{"embeddable":true,"href":"https:\/\/www.linkceramics.com\/de\/wp-json\/wp\/v2\/media\/895"}],"wp:attachment":[{"href":"https:\/\/www.linkceramics.com\/de\/wp-json\/wp\/v2\/media?parent=890"}],"wp:term":[{"taxonomy":"certification","embeddable":true,"href":"https:\/\/www.linkceramics.com\/de\/wp-json\/wp\/v2\/certification?post=890"},{"taxonomy":"product_brand","embeddable":true,"href":"https:\/\/www.linkceramics.com\/de\/wp-json\/wp\/v2\/product_brand?post=890"},{"taxonomy":"product_cat","embeddable":true,"href":"https:\/\/www.linkceramics.com\/de\/wp-json\/wp\/v2\/product_cat?post=890"},{"taxonomy":"product_tag","embeddable":true,"href":"https:\/\/www.linkceramics.com\/de\/wp-json\/wp\/v2\/product_tag?post=890"}],"curies":[{"name":"wp","href":"https:\/\/api.w.org\/{rel}","templated":true}]}}