{"id":898,"date":"2024-12-10T03:29:55","date_gmt":"2024-12-10T03:29:55","guid":{"rendered":"https:\/\/www.linkceramics.com\/?post_type=product&#038;p=898"},"modified":"2024-12-10T03:29:56","modified_gmt":"2024-12-10T03:29:56","slug":"custom-sinks","status":"publish","type":"product","link":"https:\/\/www.linkceramics.com\/de\/product\/custom-sinks\/","title":{"rendered":"Kommerzielle benutzerdefinierte Waschbecken, Gro\u00dfhandel halb versenkte Handwaschbecken"},"content":{"rendered":"<div class=\"wp-block-columns is-layout-flex wp-container-core-columns-is-layout-9d6595d7 wp-block-columns-is-layout-flex\">\n<div class=\"wp-block-column is-layout-flow wp-block-column-is-layout-flow\" style=\"flex-basis:50%\">\n<h3 class=\"wp-block-heading\">Premium Custom Sp\u00fclen Merkmale:<\/h3>\n\n\n\n<ul class=\"wp-block-list\">\n<li><strong>Anpassungsm\u00f6glichkeiten:\u00a0<\/strong>Unsere ma\u00dfgeschneiderten Waschbecken bieten eine Vielzahl von Anpassungsm\u00f6glichkeiten. Die Kunden k\u00f6nnen Gr\u00f6\u00dfe, Farbe und Stil nach ihren spezifischen Bed\u00fcrfnissen w\u00e4hlen, um sicherzustellen, dass das Produkt perfekt zu verschiedenen gewerblichen R\u00e4umen und Designstilen passt.<\/li>\n\n\n\n<li><strong>Hochwertige Materialien:\u00a0<\/strong>Unsere halbversenkten Handwaschbecken f\u00fcr den Gro\u00dfhandel sind aus hochwertiger Keramik mit hervorragender Haltbarkeit und Fleckenbest\u00e4ndigkeit gefertigt. Diese Materialauswahl gew\u00e4hrleistet nicht nur Stabilit\u00e4t bei langfristiger Nutzung, sondern macht auch die Reinigung und Wartung einfach, geeignet f\u00fcr stark frequentierte kommerzielle Umgebungen.<\/li>\n\n\n\n<li><strong>Modernes Design:\u00a0<\/strong>Diese halb versenkte Sp\u00fcle kombiniert ein modernes Aussehen mit Funktionalit\u00e4t. Das halb versenkte Design spart Platz und bietet gleichzeitig eine gr\u00f6\u00dfere Arbeitsfl\u00e4che, was f\u00fcr die Benutzer bei kommerziellen Anl\u00e4ssen praktisch ist. Ob es sich um ein Restaurant, ein Einkaufszentrum oder ein B\u00fcrogeb\u00e4ude handelt, dieses Handwaschbecken kann die allgemeine Sch\u00f6nheit des Raumes verbessern.<\/li>\n\n\n\n<li><strong>Einfach zu installieren:\u00a0<\/strong>Die von uns entworfenen halb versenkten Handwaschbecken f\u00fcr den Gro\u00dfhandel haben eine einfache Installationsstruktur, die f\u00fcr verschiedene Arten von Arbeitsplatten geeignet ist und den H\u00e4ndlern Installationszeit und -kosten ersparen kann. Ein solches Design verbessert nicht nur die Konstruktionseffizienz, sondern sorgt auch f\u00fcr Stabilit\u00e4t und Sicherheit im Gebrauch.<\/li>\n<\/ul>\n<\/div>\n\n\n\n<div class=\"wp-block-column is-layout-flow wp-block-column-is-layout-flow\" style=\"flex-basis:50%\">\n<figure class=\"wp-block-image size-full\"><img decoding=\"async\" width=\"1784\" height=\"1784\" src=\"https:\/\/www.linkceramics.com\/wp-content\/uploads\/2024\/12\/Wholesale-Bathroom-Wash-Basin-FactoryRectangle-Shape-Semi-recessed-Sinks-5.webp\" alt=\"Gro\u00dfhandel-Badezimmer-Waschbecken-Fabrik-Rechteck-Form-Halbeinbau-Waschbecken-5\" class=\"wp-image-903\" srcset=\"https:\/\/www.linkceramics.com\/wp-content\/uploads\/2024\/12\/Wholesale-Bathroom-Wash-Basin-FactoryRectangle-Shape-Semi-recessed-Sinks-5.webp 1784w, https:\/\/www.linkceramics.com\/wp-content\/uploads\/2024\/12\/Wholesale-Bathroom-Wash-Basin-FactoryRectangle-Shape-Semi-recessed-Sinks-5-300x300.webp 300w, https:\/\/www.linkceramics.com\/wp-content\/uploads\/2024\/12\/Wholesale-Bathroom-Wash-Basin-FactoryRectangle-Shape-Semi-recessed-Sinks-5-150x150.webp 150w, https:\/\/www.linkceramics.com\/wp-content\/uploads\/2024\/12\/Wholesale-Bathroom-Wash-Basin-FactoryRectangle-Shape-Semi-recessed-Sinks-5-768x768.webp 768w, https:\/\/www.linkceramics.com\/wp-content\/uploads\/2024\/12\/Wholesale-Bathroom-Wash-Basin-FactoryRectangle-Shape-Semi-recessed-Sinks-5-1200x1200.webp 1200w, https:\/\/www.linkceramics.com\/wp-content\/uploads\/2024\/12\/Wholesale-Bathroom-Wash-Basin-FactoryRectangle-Shape-Semi-recessed-Sinks-5-600x600.webp 600w, https:\/\/www.linkceramics.com\/wp-content\/uploads\/2024\/12\/Wholesale-Bathroom-Wash-Basin-FactoryRectangle-Shape-Semi-recessed-Sinks-5-100x100.webp 100w\" sizes=\"(max-width: 1784px) 100vw, 1784px\" \/><\/figure>\n<\/div>\n<\/div>","protected":false},"excerpt":{"rendered":"<div id=\"brxe-0ee1ca\" class=\"brxe-product-meta product_meta\">\n<div id=\"brxe-0ee1ca\" class=\"brxe-product-meta product_meta\">Willkommen in benutzerdefinierte Waschbecken f\u00fcr Ihr Projekt, unsere Gro\u00dfhandel halb vertieft Handbecken kombinieren modernes Design mit hochwertigen Materialien, Haltbarkeit und einfache Reinigung, w\u00e4hrend die einfache Installation Struktur erm\u00f6glicht es Benutzern, leicht zu erreichen schnelle Installation, bringt gro\u00dfen Komfort f\u00fcr die Nutzung und Wartung von kommerziellen R\u00e4umen.<\/div>\n<\/div>\n<div id=\"brxe-8c5ca9\" class=\"brxe-product-short-description\">\n<div class=\"woocommerce-product-details__short-description\">\n<h2>Gewerbliche Waschbecken Spezifikationen:<\/h2>\n<table border=\"0\" width=\"478\" cellspacing=\"0\" cellpadding=\"0\">\n<tbody>\n<tr>\n<td class=\"et3\" width=\"166\" height=\"23\">Hersteller<\/td>\n<td class=\"et3\" width=\"312\">HanYu<\/td>\n<\/tr>\n<tr>\n<td class=\"et3\" height=\"23\">Modell Nr.<\/td>\n<td class=\"et4\">HY-8104A<\/td>\n<\/tr>\n<tr>\n<td class=\"et3\" height=\"23\">Typ<\/td>\n<td class=\"et5\" width=\"312\">Halbversenkte Sp\u00fclen<\/td>\n<\/tr>\n<tr>\n<td class=\"et3\" height=\"24\">Form<\/td>\n<td class=\"et3\">Rectanglue Form<\/td>\n<\/tr>\n<tr>\n<td class=\"et4\" height=\"46\">Farbe<\/td>\n<td class=\"et5\" width=\"312\">schwarz\/wei\u00df\/blau\/grau\/rosa\/gr\u00fcn\/braun\/khaki<\/td>\n<\/tr>\n<tr>\n<td class=\"et3\" height=\"24\">Dimension<\/td>\n<td class=\"et5\" width=\"312\">48*37*15.5<\/td>\n<\/tr>\n<tr>\n<td class=\"et3\" height=\"23\">N.W \/SET<\/td>\n<td class=\"et3\">13KGS\/PCS<\/td>\n<\/tr>\n<tr>\n<td class=\"et3\" height=\"23\">MOQ<\/td>\n<td class=\"et3\">20St\u00fcck<\/td>\n<\/tr>\n<tr>\n<td class=\"et3\" height=\"23\">Benutzerdefinierte Option<\/td>\n<td class=\"et3\">Farbe\/Muster\/Gr\u00f6\u00dfe\/Logo\/Verpackung<\/td>\n<\/tr>\n<\/tbody>\n<\/table>\n<\/div>\n<\/div>","protected":false},"featured_media":902,"comment_status":"open","ping_status":"closed","template":"","meta":{"_acf_changed":true},"certification":[59,61,60,62],"product_brand":[],"product_cat":[35,21],"product_tag":[],"class_list":{"0":"post-898","1":"product","2":"type-product","3":"status-publish","4":"has-post-thumbnail","6":"certification-ce","7":"certification-iso-14001","8":"certification-iso-45001","9":"certification-iso-9001","10":"product_cat-bathroom-ceramics-supply","11":"product_cat-wholesale-ceramic-basin","13":"first","14":"instock","15":"shipping-taxable","16":"product-type-simple"},"acf":[],"_links":{"self":[{"href":"https:\/\/www.linkceramics.com\/de\/wp-json\/wp\/v2\/product\/898","targetHints":{"allow":["GET"]}}],"collection":[{"href":"https:\/\/www.linkceramics.com\/de\/wp-json\/wp\/v2\/product"}],"about":[{"href":"https:\/\/www.linkceramics.com\/de\/wp-json\/wp\/v2\/types\/product"}],"replies":[{"embeddable":true,"href":"https:\/\/www.linkceramics.com\/de\/wp-json\/wp\/v2\/comments?post=898"}],"wp:featuredmedia":[{"embeddable":true,"href":"https:\/\/www.linkceramics.com\/de\/wp-json\/wp\/v2\/media\/902"}],"wp:attachment":[{"href":"https:\/\/www.linkceramics.com\/de\/wp-json\/wp\/v2\/media?parent=898"}],"wp:term":[{"taxonomy":"certification","embeddable":true,"href":"https:\/\/www.linkceramics.com\/de\/wp-json\/wp\/v2\/certification?post=898"},{"taxonomy":"product_brand","embeddable":true,"href":"https:\/\/www.linkceramics.com\/de\/wp-json\/wp\/v2\/product_brand?post=898"},{"taxonomy":"product_cat","embeddable":true,"href":"https:\/\/www.linkceramics.com\/de\/wp-json\/wp\/v2\/product_cat?post=898"},{"taxonomy":"product_tag","embeddable":true,"href":"https:\/\/www.linkceramics.com\/de\/wp-json\/wp\/v2\/product_tag?post=898"}],"curies":[{"name":"wp","href":"https:\/\/api.w.org\/{rel}","templated":true}]}}