{"id":904,"date":"2024-12-10T03:29:19","date_gmt":"2024-12-10T03:29:19","guid":{"rendered":"https:\/\/www.linkceramics.com\/?post_type=product&#038;p=904"},"modified":"2024-12-10T03:29:20","modified_gmt":"2024-12-10T03:29:20","slug":"semi-recessed-basins-wholesale","status":"publish","type":"product","link":"https:\/\/www.linkceramics.com\/de\/product\/semi-recessed-basins-wholesale\/","title":{"rendered":"Runde Form Semi-Recessed Basins Gro\u00dfhandel f\u00fcr Badezimmer"},"content":{"rendered":"<div class=\"wp-block-columns is-layout-flex wp-container-core-columns-is-layout-9d6595d7 wp-block-columns-is-layout-flex\">\n<div class=\"wp-block-column is-layout-flow wp-block-column-is-layout-flow\" style=\"flex-basis:50%\">\n<h3 class=\"wp-block-heading\">Premium Semi-Recessed Basins Gro\u00dfhandel Merkmale:<\/h3>\n\n\n\n<ul class=\"wp-block-list\">\n<li><strong>Modernes Design:\u00a0<\/strong>Diese halb versenkten Waschbecken f\u00fcr den Gro\u00dfhandel haben ein modernes und einfaches Design. Das glatte runde Design kann perfekt in verschiedene Badezimmerstile integriert werden und verleiht dem Badezimmer ein modernes und hochwertiges Gef\u00fchl.<\/li>\n\n\n\n<li><strong>Hochwertige Materialien:\u00a0<\/strong>Ausgew\u00e4hlte hochwertige keramische Materialien, die bei hohen Temperaturen gebrannt werden, sorgen daf\u00fcr, dass unser Gro\u00dfhandel Waschbecken f\u00fcr B\u00e4der ist langlebig, schmutzabweisend und kratzfest. Die glatte Oberfl\u00e4che unserer halb versenkten Waschbecken Gro\u00dfhandel ist nicht nur leicht zu reinigen, sondern h\u00e4lt auch sch\u00f6n und hell f\u00fcr eine lange Zeit.<\/li>\n\n\n\n<li><strong>G\u00fcnstiger Preis:\u00a0<\/strong>Als Gro\u00dfhandelsprodukt bietet HanYu einen sehr wettbewerbsf\u00e4higen Gro\u00dfhandelspreis f\u00fcr halbversenkte Waschbecken an, der sicherstellt, dass Sie in den Genuss hochwertiger Keramikbecken kommen und gleichzeitig die Kosten kontrollieren k\u00f6nnen.<\/li>\n\n\n\n<li><strong>Schnelle Lieferf\u00e4higkeit:\u00a0<\/strong>Mit einem starken Bestands- und Logistiknetzwerk versprechen wir, schnell auf Gro\u00dfeink\u00e4ufe von Waschbecken f\u00fcr Badezimmer zu reagieren, eine p\u00fcnktliche Lieferung zu gew\u00e4hrleisten und Ihr Projekt voranzubringen.<\/li>\n<\/ul>\n<\/div>\n\n\n\n<div class=\"wp-block-column is-layout-flow wp-block-column-is-layout-flow\" style=\"flex-basis:50%\">\n<figure class=\"wp-block-image size-full\"><img decoding=\"async\" width=\"679\" height=\"931\" src=\"https:\/\/www.linkceramics.com\/wp-content\/uploads\/2024\/12\/Bathroom-wash-basin-manufacturer-round-shape-semi-counter-sink-1.webp\" alt=\"Badezimmer-Waschbecken-Hersteller-Runde-Form-Halbtisch-Sp\u00fclbecken-1\" class=\"wp-image-905\" srcset=\"https:\/\/www.linkceramics.com\/wp-content\/uploads\/2024\/12\/Bathroom-wash-basin-manufacturer-round-shape-semi-counter-sink-1.webp 679w, https:\/\/www.linkceramics.com\/wp-content\/uploads\/2024\/12\/Bathroom-wash-basin-manufacturer-round-shape-semi-counter-sink-1-219x300.webp 219w, https:\/\/www.linkceramics.com\/wp-content\/uploads\/2024\/12\/Bathroom-wash-basin-manufacturer-round-shape-semi-counter-sink-1-600x823.webp 600w\" sizes=\"(max-width: 679px) 100vw, 679px\" \/><\/figure>\n<\/div>\n<\/div>","protected":false},"excerpt":{"rendered":"<div id=\"brxe-0ee1ca\" class=\"brxe-product-meta product_meta\">\n<div id=\"brxe-0ee1ca\" class=\"brxe-product-meta product_meta\">Willkommen im Gro\u00dfhandel Waschbecken f\u00fcr Bad zu kaufen. Diese halbversenkten Waschbecken Gro\u00dfhandel nehmen moderne und einfache Designs, mit stilvollen Auftritten, geeignet f\u00fcr verschiedene Badstile. Seine hochwertige Keramik-Material ist langlebig und leicht zu reinigen, so dass es eine ideale Wahl f\u00fcr Hotel, Wohn-und kommerzielle Projekte. Unterst\u00fctzen Sie ma\u00dfgeschneiderte Bad Waschbecken.<\/div>\n<\/div>\n<div id=\"brxe-8c5ca9\" class=\"brxe-product-short-description\">\n<div class=\"woocommerce-product-details__short-description\">\n<h2>Premium-Halbeinbauwaschbecken Spezifikationen:<\/h2>\n<table border=\"0\" width=\"478\" cellspacing=\"0\" cellpadding=\"0\">\n<tbody>\n<tr>\n<td width=\"166\" height=\"23\">Hersteller<\/td>\n<td width=\"312\">HanYu<\/td>\n<\/tr>\n<tr>\n<td height=\"23\">Modell Nr.<\/td>\n<td>HY-496<\/td>\n<\/tr>\n<tr>\n<td height=\"23\">Typ<\/td>\n<td width=\"312\">Halb versenkte Waschbecken<\/td>\n<\/tr>\n<tr>\n<td height=\"24\">Form<\/td>\n<td>Runde Form<\/td>\n<\/tr>\n<tr>\n<td height=\"46\">Farbe<\/td>\n<td width=\"312\">schwarz\/wei\u00df\/blau\/grau\/rosa\/gr\u00fcn\/braun\/khaki<\/td>\n<\/tr>\n<tr>\n<td height=\"24\">Dimension<\/td>\n<td width=\"312\">43*43*18<\/td>\n<\/tr>\n<tr>\n<td height=\"23\">N.W \/SET<\/td>\n<td>9KGS\/PCS<\/td>\n<\/tr>\n<tr>\n<td height=\"23\">MOQ<\/td>\n<td>20St\u00fcck<\/td>\n<\/tr>\n<tr>\n<td height=\"23\">Benutzerdefinierte Option<\/td>\n<td>Farbe\/Muster\/Gr\u00f6\u00dfe\/Logo\/Verpackung<\/td>\n<\/tr>\n<\/tbody>\n<\/table>\n<p><\/div>\n<\/div>","protected":false},"featured_media":906,"comment_status":"open","ping_status":"closed","template":"","meta":{"_acf_changed":true},"certification":[59,61,60,62],"product_brand":[],"product_cat":[35,21],"product_tag":[],"class_list":{"0":"post-904","1":"product","2":"type-product","3":"status-publish","4":"has-post-thumbnail","6":"certification-ce","7":"certification-iso-14001","8":"certification-iso-45001","9":"certification-iso-9001","10":"product_cat-bathroom-ceramics-supply","11":"product_cat-wholesale-ceramic-basin","13":"first","14":"instock","15":"shipping-taxable","16":"product-type-simple"},"acf":[],"_links":{"self":[{"href":"https:\/\/www.linkceramics.com\/de\/wp-json\/wp\/v2\/product\/904","targetHints":{"allow":["GET"]}}],"collection":[{"href":"https:\/\/www.linkceramics.com\/de\/wp-json\/wp\/v2\/product"}],"about":[{"href":"https:\/\/www.linkceramics.com\/de\/wp-json\/wp\/v2\/types\/product"}],"replies":[{"embeddable":true,"href":"https:\/\/www.linkceramics.com\/de\/wp-json\/wp\/v2\/comments?post=904"}],"wp:featuredmedia":[{"embeddable":true,"href":"https:\/\/www.linkceramics.com\/de\/wp-json\/wp\/v2\/media\/906"}],"wp:attachment":[{"href":"https:\/\/www.linkceramics.com\/de\/wp-json\/wp\/v2\/media?parent=904"}],"wp:term":[{"taxonomy":"certification","embeddable":true,"href":"https:\/\/www.linkceramics.com\/de\/wp-json\/wp\/v2\/certification?post=904"},{"taxonomy":"product_brand","embeddable":true,"href":"https:\/\/www.linkceramics.com\/de\/wp-json\/wp\/v2\/product_brand?post=904"},{"taxonomy":"product_cat","embeddable":true,"href":"https:\/\/www.linkceramics.com\/de\/wp-json\/wp\/v2\/product_cat?post=904"},{"taxonomy":"product_tag","embeddable":true,"href":"https:\/\/www.linkceramics.com\/de\/wp-json\/wp\/v2\/product_tag?post=904"}],"curies":[{"name":"wp","href":"https:\/\/api.w.org\/{rel}","templated":true}]}}