{"id":910,"date":"2024-12-10T03:27:24","date_gmt":"2024-12-10T03:27:24","guid":{"rendered":"https:\/\/www.linkceramics.com\/?post_type=product&#038;p=910"},"modified":"2024-12-10T03:27:26","modified_gmt":"2024-12-10T03:27:26","slug":"bespoke-bathroom-sinks-wholesale","status":"publish","type":"product","link":"https:\/\/www.linkceramics.com\/de\/product\/bespoke-bathroom-sinks-wholesale\/","title":{"rendered":"Ma\u00dfgeschneiderte Waschbecken f\u00fcr das Badezimmer, Porzellan-Wandwaschbecken im Gro\u00dfhandel"},"content":{"rendered":"<div class=\"wp-block-columns is-layout-flex wp-container-core-columns-is-layout-9d6595d7 wp-block-columns-is-layout-flex\">\n<div class=\"wp-block-column is-layout-flow wp-block-column-is-layout-flow\" style=\"flex-basis:50%\">\n<h3 class=\"wp-block-heading\">Premium-Bespoke-Badewannen Merkmale:<\/h3>\n\n\n\n<ul class=\"wp-block-list\">\n<li>Neues Design: Diese wandh\u00e4ngenden, ma\u00dfgefertigten Waschbecken f\u00fcr Badezimmer sind ma\u00dfgeschneiderte Keramikwaschbecken. Dieses ma\u00dfgeschneiderte Waschbecken hat einen eleganten Look, der sich perfekt in den modernen Badezimmerstil einf\u00fcgt.<\/li>\n\n\n\n<li>Hergestellt aus hochwertigem Porzellan: Unsere wandh\u00e4ngenden Becken werden im Gro\u00dfhandel aus hochwertigem Porzellan hergestellt und bei hohen Temperaturen gebrannt, um sicherzustellen, dass die Becken eine solide Struktur, eine glatte Oberfl\u00e4che, eine einfache Reinigung und einen dauerhaften Glanz aufweisen.<\/li>\n\n\n\n<li>Wandmontierte Installation: Die Wandmontage unserer ma\u00dfgefertigten Waschbecken spart nicht nur Platz, sondern erleichtert auch die Reinigung des Bodens darunter. So bleibt das Badezimmer aufger\u00e4umt und schafft eine erfrischende Nutzungsumgebung.<\/li>\n\n\n\n<li>Kosteneinsparungen beim Gro\u00dfeinkauf: Als Hersteller von Keramikwaschbecken im Gro\u00dfhandel kann HanYu Ihnen wettbewerbsf\u00e4hige Preise f\u00fcr den Kauf von Badezimmerwaschbecken anbieten, um Ihnen zu helfen, die Dekorationskosten effektiv zu kontrollieren, ohne die Qualit\u00e4t zu beeintr\u00e4chtigen.<\/li>\n<\/ul>\n<\/div>\n\n\n\n<div class=\"wp-block-column is-layout-flow wp-block-column-is-layout-flow\" style=\"flex-basis:50%\">\n<figure class=\"wp-block-image size-full\"><img decoding=\"async\" width=\"800\" height=\"800\" src=\"https:\/\/www.linkceramics.com\/wp-content\/uploads\/2024\/12\/Customize-OEM-ODM-Ceramic-Wash-Hand-Basin-Sink-Lavabo-Porcelain-Rectangular-Wall-Hung-Mounted-Bathroom-Sinks-6.jpg\" alt=\"Customize-OEM-ODM-Keramik-Waschbecken-Handwaschbecken-Lavabo-Porzellan-Rechteckig-Wandh\u00e4ngende-Badewaschbecken-6\" class=\"wp-image-915\" srcset=\"https:\/\/www.linkceramics.com\/wp-content\/uploads\/2024\/12\/Customize-OEM-ODM-Ceramic-Wash-Hand-Basin-Sink-Lavabo-Porcelain-Rectangular-Wall-Hung-Mounted-Bathroom-Sinks-6.jpg 800w, https:\/\/www.linkceramics.com\/wp-content\/uploads\/2024\/12\/Customize-OEM-ODM-Ceramic-Wash-Hand-Basin-Sink-Lavabo-Porcelain-Rectangular-Wall-Hung-Mounted-Bathroom-Sinks-6-300x300.jpg 300w, https:\/\/www.linkceramics.com\/wp-content\/uploads\/2024\/12\/Customize-OEM-ODM-Ceramic-Wash-Hand-Basin-Sink-Lavabo-Porcelain-Rectangular-Wall-Hung-Mounted-Bathroom-Sinks-6-150x150.jpg 150w, https:\/\/www.linkceramics.com\/wp-content\/uploads\/2024\/12\/Customize-OEM-ODM-Ceramic-Wash-Hand-Basin-Sink-Lavabo-Porcelain-Rectangular-Wall-Hung-Mounted-Bathroom-Sinks-6-768x768.jpg 768w, https:\/\/www.linkceramics.com\/wp-content\/uploads\/2024\/12\/Customize-OEM-ODM-Ceramic-Wash-Hand-Basin-Sink-Lavabo-Porcelain-Rectangular-Wall-Hung-Mounted-Bathroom-Sinks-6-600x600.jpg 600w, https:\/\/www.linkceramics.com\/wp-content\/uploads\/2024\/12\/Customize-OEM-ODM-Ceramic-Wash-Hand-Basin-Sink-Lavabo-Porcelain-Rectangular-Wall-Hung-Mounted-Bathroom-Sinks-6-100x100.jpg 100w\" sizes=\"(max-width: 800px) 100vw, 800px\" \/><\/figure>\n<\/div>\n<\/div>","protected":false},"excerpt":{"rendered":"<div id=\"brxe-0ee1ca\" class=\"brxe-product-meta product_meta\">\n<div id=\"brxe-0ee1ca\" class=\"brxe-product-meta product_meta\">Unsere wandh\u00e4ngenden, ma\u00dfgefertigten Waschbecken f\u00fcr das Badezimmer werden sorgf\u00e4ltig hergestellt, um ihre Sch\u00f6nheit und Haltbarkeit zu gew\u00e4hrleisten. Wir bieten auch kundenspezifische Dienstleistungen an, so dass Sie die Produktdetails je nach Projektbedarf anpassen k\u00f6nnen, um eine perfekte \u00dcbereinstimmung im Design zu erreichen.<\/div>\n<\/div>\n<div id=\"brxe-8c5ca9\" class=\"brxe-product-short-description\">\n<div class=\"woocommerce-product-details__short-description\">\n<h2>Premium Bespoke-Badewannen Spezifikationen:<\/h2>\n<table border=\"0\" width=\"311\" cellspacing=\"0\" cellpadding=\"0\">\n<tbody>\n<tr>\n<td width=\"108\" height=\"17\">Hersteller<\/td>\n<td width=\"202\">HanYu<\/td>\n<\/tr>\n<tr>\n<td height=\"17\">Modell Nr.<\/td>\n<td>HY3116A<\/td>\n<\/tr>\n<tr>\n<td height=\"17\">Typ<\/td>\n<td>Wandbefestigtes Becken<\/td>\n<\/tr>\n<tr>\n<td height=\"17\">Form<\/td>\n<td>Rechteckige Form<\/td>\n<\/tr>\n<tr>\n<td height=\"17\">Farbe<\/td>\n<td>Wei\u00df<\/td>\n<\/tr>\n<tr>\n<td height=\"18\">Dimension<\/td>\n<td width=\"202\">55*40*15<\/td>\n<\/tr>\n<tr>\n<td height=\"17\">N.W \/SET<\/td>\n<td>13KGS\/PCS<\/td>\n<\/tr>\n<tr>\n<td height=\"17\">MOQ<\/td>\n<td>20St\u00fcck<\/td>\n<\/tr>\n<tr>\n<td height=\"17\">Benutzerdefinierte Option<\/td>\n<td>Farbe\/Muster\/Gr\u00f6\u00dfe\/Logo\/Verpackung<\/td>\n<\/tr>\n<\/tbody>\n<\/table>\n<\/div>\n<\/div>","protected":false},"featured_media":914,"comment_status":"open","ping_status":"closed","template":"","meta":{"_acf_changed":true},"certification":[59,61,60,62],"product_brand":[],"product_cat":[35,21],"product_tag":[],"class_list":{"0":"post-910","1":"product","2":"type-product","3":"status-publish","4":"has-post-thumbnail","6":"certification-ce","7":"certification-iso-14001","8":"certification-iso-45001","9":"certification-iso-9001","10":"product_cat-bathroom-ceramics-supply","11":"product_cat-wholesale-ceramic-basin","13":"first","14":"instock","15":"shipping-taxable","16":"product-type-simple"},"acf":[],"_links":{"self":[{"href":"https:\/\/www.linkceramics.com\/de\/wp-json\/wp\/v2\/product\/910","targetHints":{"allow":["GET"]}}],"collection":[{"href":"https:\/\/www.linkceramics.com\/de\/wp-json\/wp\/v2\/product"}],"about":[{"href":"https:\/\/www.linkceramics.com\/de\/wp-json\/wp\/v2\/types\/product"}],"replies":[{"embeddable":true,"href":"https:\/\/www.linkceramics.com\/de\/wp-json\/wp\/v2\/comments?post=910"}],"wp:featuredmedia":[{"embeddable":true,"href":"https:\/\/www.linkceramics.com\/de\/wp-json\/wp\/v2\/media\/914"}],"wp:attachment":[{"href":"https:\/\/www.linkceramics.com\/de\/wp-json\/wp\/v2\/media?parent=910"}],"wp:term":[{"taxonomy":"certification","embeddable":true,"href":"https:\/\/www.linkceramics.com\/de\/wp-json\/wp\/v2\/certification?post=910"},{"taxonomy":"product_brand","embeddable":true,"href":"https:\/\/www.linkceramics.com\/de\/wp-json\/wp\/v2\/product_brand?post=910"},{"taxonomy":"product_cat","embeddable":true,"href":"https:\/\/www.linkceramics.com\/de\/wp-json\/wp\/v2\/product_cat?post=910"},{"taxonomy":"product_tag","embeddable":true,"href":"https:\/\/www.linkceramics.com\/de\/wp-json\/wp\/v2\/product_tag?post=910"}],"curies":[{"name":"wp","href":"https:\/\/api.w.org\/{rel}","templated":true}]}}