{"id":916,"date":"2024-12-10T03:26:19","date_gmt":"2024-12-10T03:26:19","guid":{"rendered":"https:\/\/www.linkceramics.com\/?post_type=product&#038;p=916"},"modified":"2024-12-10T03:26:20","modified_gmt":"2024-12-10T03:26:20","slug":"custom-corner-wall-mounted-basin","status":"publish","type":"product","link":"https:\/\/www.linkceramics.com\/de\/product\/custom-corner-wall-mounted-basin\/","title":{"rendered":"Individuelles Eck-Wandwaschbecken in Massen f\u00fcr kleine B\u00e4der"},"content":{"rendered":"<div class=\"wp-block-columns is-layout-flex wp-container-core-columns-is-layout-9d6595d7 wp-block-columns-is-layout-flex\">\n<div class=\"wp-block-column is-layout-flow wp-block-column-is-layout-flow\" style=\"flex-basis:50%\">\n<h3 class=\"wp-block-heading\">Premium Custom Eck-Wandwaschbecken Merkmale:<\/h3>\n\n\n\n<ul class=\"wp-block-list\">\n<li><strong>Platzoptimiertes Design:\u00a0<\/strong>Dieses ma\u00dfgefertigte Eck-Wandwaschbecken in loser Sch\u00fcttung nutzt jeden Zentimeter Platz im Bad voll aus, besonders in kleineren B\u00e4dern oder Waschtischen.<\/li>\n\n\n\n<li><strong>Moderner, minimalistischer Stil:\u00a0<\/strong>Die klaren Linien und die moderne Designsprache dieses Eckwaschbeckens sind nicht nur praktisch, sondern verleihen dem Bad auch einen gewissen Stil und werten den Raum insgesamt auf.<\/li>\n\n\n\n<li><strong>Hochwertige Materialien:<\/strong>\u00a0Unsere Gro\u00dfhandels-Ecksp\u00fclen werden aus hochwertigen keramischen Materialien hergestellt und sorgf\u00e4ltig verarbeitet, um sicherzustellen, dass das Produkt eine glatte Oberfl\u00e4che, eine stabile Struktur, eine einfache Reinigung und eine lange Lebensdauer hat.<\/li>\n\n\n\n<li><strong>Anpassungsm\u00f6glichkeiten:\u00a0<\/strong>Wir bieten ma\u00dfgeschneiderte Eck-Wandwaschbecken in gro\u00dfen Mengen an, einschlie\u00dflich Gr\u00f6\u00dfe, Form, Farbe und Installationsrichtung, um sicherzustellen, dass das Waschbecken perfekt zu jedem Badezimmerdekorationsstil und -bedarf passen kann.<\/li>\n<\/ul>\n<\/div>\n\n\n\n<div class=\"wp-block-column is-layout-flow wp-block-column-is-layout-flow\" style=\"flex-basis:50%\">\n<figure class=\"wp-block-image size-full\"><img decoding=\"async\" width=\"633\" height=\"883\" src=\"https:\/\/www.linkceramics.com\/wp-content\/uploads\/2024\/12\/custom-corner-sink-in-bulk-wall-hung-modern-bathroom-sink-8.webp\" alt=\"custom-corner-sink-in-bulk-wall-hung-modern-bathroom-sink-8\" class=\"wp-image-921\" srcset=\"https:\/\/www.linkceramics.com\/wp-content\/uploads\/2024\/12\/custom-corner-sink-in-bulk-wall-hung-modern-bathroom-sink-8.webp 633w, https:\/\/www.linkceramics.com\/wp-content\/uploads\/2024\/12\/custom-corner-sink-in-bulk-wall-hung-modern-bathroom-sink-8-215x300.webp 215w, https:\/\/www.linkceramics.com\/wp-content\/uploads\/2024\/12\/custom-corner-sink-in-bulk-wall-hung-modern-bathroom-sink-8-600x837.webp 600w\" sizes=\"(max-width: 633px) 100vw, 633px\" \/><\/figure>\n<\/div>\n<\/div>","protected":false},"excerpt":{"rendered":"<div id=\"brxe-0ee1ca\" class=\"brxe-product-meta product_meta\">\n<div id=\"brxe-0ee1ca\" class=\"brxe-product-meta product_meta\">Dieses ma\u00dfgeschneiderte Eck-Wandwaschbecken wurde entwickelt, um den Platz im Badezimmer optimal zu nutzen. Es wird in der Ecke der Wand installiert, was nicht nur Platz spart, sondern auch die t\u00e4gliche Reinigung erleichtert. Wir bieten individuelle Anpassungsm\u00f6glichkeiten, einschlie\u00dflich Gr\u00f6\u00dfe, Form, Farbe und Einbaurichtung, um sicherzustellen, dass es perfekt in das Badezimmer passt.<\/div>\n<\/div>\n<div id=\"brxe-8c5ca9\" class=\"brxe-product-short-description\">\n<div class=\"woocommerce-product-details__short-description\">\n<h2>Eck-Wandwaschbecken Spezifikationen:<\/h2>\n<table border=\"0\" width=\"311\" cellspacing=\"0\" cellpadding=\"0\">\n<tbody>\n<tr>\n<td width=\"108\" height=\"17\">Hersteller<\/td>\n<td width=\"202\">HanYu<\/td>\n<\/tr>\n<tr>\n<td height=\"17\">Modell Nr.<\/td>\n<td>HY3051<\/td>\n<\/tr>\n<tr>\n<td height=\"17\">Typ<\/td>\n<td>Wandwaschbecken, Eckwaschbecken<\/td>\n<\/tr>\n<tr>\n<td height=\"17\">Form<\/td>\n<td>Runde Form<\/td>\n<\/tr>\n<tr>\n<td height=\"17\">Farbe<\/td>\n<td>Wei\u00df<\/td>\n<\/tr>\n<tr>\n<td height=\"18\">Dimension<\/td>\n<td width=\"202\">36*38*15<\/td>\n<\/tr>\n<tr>\n<td height=\"17\">N.W \/SET<\/td>\n<td>6KGS\/PCS<\/td>\n<\/tr>\n<tr>\n<td height=\"17\">MOQ<\/td>\n<td>20St\u00fcck<\/td>\n<\/tr>\n<tr>\n<td height=\"17\">Benutzerdefinierte Option<\/td>\n<td>Farbe\/Muster\/Gr\u00f6\u00dfe\/Logo\/Verpackung<\/td>\n<\/tr>\n<\/tbody>\n<\/table>\n<p><\/div>\n<\/div>","protected":false},"featured_media":920,"comment_status":"open","ping_status":"closed","template":"","meta":{"_acf_changed":true},"certification":[59,61,60,62],"product_brand":[],"product_cat":[35,21],"product_tag":[],"class_list":{"0":"post-916","1":"product","2":"type-product","3":"status-publish","4":"has-post-thumbnail","6":"certification-ce","7":"certification-iso-14001","8":"certification-iso-45001","9":"certification-iso-9001","10":"product_cat-bathroom-ceramics-supply","11":"product_cat-wholesale-ceramic-basin","13":"first","14":"instock","15":"shipping-taxable","16":"product-type-simple"},"acf":[],"_links":{"self":[{"href":"https:\/\/www.linkceramics.com\/de\/wp-json\/wp\/v2\/product\/916","targetHints":{"allow":["GET"]}}],"collection":[{"href":"https:\/\/www.linkceramics.com\/de\/wp-json\/wp\/v2\/product"}],"about":[{"href":"https:\/\/www.linkceramics.com\/de\/wp-json\/wp\/v2\/types\/product"}],"replies":[{"embeddable":true,"href":"https:\/\/www.linkceramics.com\/de\/wp-json\/wp\/v2\/comments?post=916"}],"wp:featuredmedia":[{"embeddable":true,"href":"https:\/\/www.linkceramics.com\/de\/wp-json\/wp\/v2\/media\/920"}],"wp:attachment":[{"href":"https:\/\/www.linkceramics.com\/de\/wp-json\/wp\/v2\/media?parent=916"}],"wp:term":[{"taxonomy":"certification","embeddable":true,"href":"https:\/\/www.linkceramics.com\/de\/wp-json\/wp\/v2\/certification?post=916"},{"taxonomy":"product_brand","embeddable":true,"href":"https:\/\/www.linkceramics.com\/de\/wp-json\/wp\/v2\/product_brand?post=916"},{"taxonomy":"product_cat","embeddable":true,"href":"https:\/\/www.linkceramics.com\/de\/wp-json\/wp\/v2\/product_cat?post=916"},{"taxonomy":"product_tag","embeddable":true,"href":"https:\/\/www.linkceramics.com\/de\/wp-json\/wp\/v2\/product_tag?post=916"}],"curies":[{"name":"wp","href":"https:\/\/api.w.org\/{rel}","templated":true}]}}