{"id":942,"date":"2024-12-10T02:50:03","date_gmt":"2024-12-10T02:50:03","guid":{"rendered":"https:\/\/www.linkceramics.com\/?post_type=product&#038;p=942"},"modified":"2024-12-10T02:50:04","modified_gmt":"2024-12-10T02:50:04","slug":"wholesale-dinner-plates","status":"publish","type":"product","link":"https:\/\/www.linkceramics.com\/de\/product\/wholesale-dinner-plates\/","title":{"rendered":"9 Zoll Gro\u00dfhandel Abendessen Teller, runde Porzellanteller Bulk"},"content":{"rendered":"<div class=\"wp-block-columns is-layout-flex wp-container-core-columns-is-layout-9d6595d7 wp-block-columns-is-layout-flex\">\n<div class=\"wp-block-column is-layout-flow wp-block-column-is-layout-flow\">\n<h3 class=\"wp-block-heading\">Premium-Gro\u00dfhandel Abendessen Teller Merkmale:<\/h3>\n\n\n\n<ul class=\"wp-block-list\">\n<li><strong>Elegantes ovales Design:<\/strong>\u00a0Unsere Gro\u00dfhandelsteller f\u00fcr die Gastronomie haben ein elegantes ovales Design, das mehr Platz f\u00fcr die Pr\u00e4sentation verschiedener Gerichte bietet. Es ist eine ideale Wahl f\u00fcr High-End-Orte wie Restaurants, Bankette und Hotels plating.<\/li>\n\n\n\n<li><strong>Bequeme und praktische Griffe:\u00a0<\/strong>Unsere gro\u00dfen Porzellanteller sind mit Griffen versehen, die sich leicht aufheben und bewegen lassen, was nicht nur die Effizienz beim Servieren von Speisen verbessert, sondern auch die Sch\u00f6nheit der Pr\u00e4sentation der Gerichte unterstreicht. Es ist eine durchdachte Wahl f\u00fcr Catering-Dienstleistungen.<\/li>\n\n\n\n<li><strong>Klassisches Schwarz und Wei\u00df:\u00a0<\/strong>Diese Gro\u00dfhandelsteller f\u00fcr die Gastronomie sind in den Farben Schwarz und Wei\u00df erh\u00e4ltlich, die den Anforderungen moderner, minimalistischer Tische und klassischer, eleganter Esszimmeratmosph\u00e4ren gerecht werden und sich leicht mit einer Vielzahl von Anl\u00e4ssen und Dekorationsstilen kombinieren lassen.<\/li>\n\n\n\n<li><strong>Gro\u00dfes Format und vielseitig einsetzbar:\u00a0<\/strong>Unsere gro\u00dfen Porzellanteller haben eine Gr\u00f6\u00dfe von 13,5 Zoll, die sich zum Servieren einer Vielzahl von Gerichten wie Hauptgerichten, Platten und Vorspeisen eignet. Es ist ein Allround-Teller Wahl in Catering-Dienstleistungen.<\/li>\n<\/ul>\n<\/div>\n\n\n\n<div class=\"wp-block-column is-layout-flow wp-block-column-is-layout-flow\">\n<figure class=\"wp-block-image size-full\"><img decoding=\"async\" width=\"740\" height=\"740\" src=\"https:\/\/www.linkceramics.com\/wp-content\/uploads\/2024\/12\/9-Inch-Wholesale-Dinner-Plates-Round-Porcelain-Plates-Bulk-1-1.webp\" alt=\"9-Zoll-Gro\u00dfhandels-Speiseteller-Rund-Porzellanteller-Gro\u00dfpackung-1 (1)\" class=\"wp-image-943\" srcset=\"https:\/\/www.linkceramics.com\/wp-content\/uploads\/2024\/12\/9-Inch-Wholesale-Dinner-Plates-Round-Porcelain-Plates-Bulk-1-1.webp 740w, https:\/\/www.linkceramics.com\/wp-content\/uploads\/2024\/12\/9-Inch-Wholesale-Dinner-Plates-Round-Porcelain-Plates-Bulk-1-1-300x300.webp 300w, https:\/\/www.linkceramics.com\/wp-content\/uploads\/2024\/12\/9-Inch-Wholesale-Dinner-Plates-Round-Porcelain-Plates-Bulk-1-1-150x150.webp 150w, https:\/\/www.linkceramics.com\/wp-content\/uploads\/2024\/12\/9-Inch-Wholesale-Dinner-Plates-Round-Porcelain-Plates-Bulk-1-1-600x600.webp 600w, https:\/\/www.linkceramics.com\/wp-content\/uploads\/2024\/12\/9-Inch-Wholesale-Dinner-Plates-Round-Porcelain-Plates-Bulk-1-1-100x100.webp 100w\" sizes=\"(max-width: 740px) 100vw, 740px\" \/><\/figure>\n<\/div>\n<\/div>","protected":false},"excerpt":{"rendered":"<p>Willkommen in der Masse Porzellan Essteller kaufen. Unsere 13,5-Zoll-ovale Gro\u00dfhandel Teller f\u00fcr die Gastronomie kommen mit einem praktischen Griff Design und sind in zwei klassischen Farben, schwarz und wei\u00df erh\u00e4ltlich. Sie sind f\u00fcr eine Vielzahl von Gelegenheiten geeignet. Die gro\u00dfe Gr\u00f6\u00dfe Design bietet mehr Platz f\u00fcr die Anzeige plating, so dass sie eine High-End-Wahl f\u00fcr die Verbesserung der Catering-Service Erfahrung.<\/p>\n<h2>Speiseteller Parameter<\/h2>\n<table border=\"0\" width=\"309\" cellspacing=\"0\" cellpadding=\"0\">\n<tbody>\n<tr>\n<td width=\"120\" height=\"17\">Hersteller<\/td>\n<td width=\"189\">Yongjian<\/td>\n<\/tr>\n<tr>\n<td height=\"18\">Modell Nr.<\/td>\n<td width=\"189\">YJ-078<\/td>\n<\/tr>\n<tr>\n<td height=\"17\">Produkttyp<\/td>\n<td>Servierplatte, Speiseteller<\/td>\n<\/tr>\n<tr>\n<td height=\"17\">Material<\/td>\n<td>Porzellan<\/td>\n<\/tr>\n<tr>\n<td height=\"17\">Farbe<\/td>\n<td>Wei\u00df\/ Schwarz<\/td>\n<\/tr>\n<tr>\n<td height=\"18\">Dimension<\/td>\n<td width=\"189\">20.4*23.8*3.4<\/td>\n<\/tr>\n<tr>\n<td height=\"17\">MOQ<\/td>\n<td>500St\u00fcck<\/td>\n<\/tr>\n<tr>\n<td height=\"17\">Benutzerdefiniert<\/td>\n<td>Farbe\/Gr\u00f6\u00dfe\/Logo\/Verpackung<\/td>\n<\/tr>\n<\/tbody>\n<\/table>","protected":false},"featured_media":945,"comment_status":"open","ping_status":"closed","template":"","meta":{"_acf_changed":true},"certification":[63,64,66,58,65,61,60,62,57],"product_brand":[],"product_cat":[34,18],"product_tag":[],"class_list":{"0":"post-942","1":"product","2":"type-product","3":"status-publish","4":"has-post-thumbnail","6":"certification-amfori","7":"certification-bsci","8":"certification-cnas","9":"certification-fda","10":"certification-iaf","11":"certification-iso-14001","12":"certification-iso-45001","13":"certification-iso-9001","14":"certification-lfgb","15":"product_cat-custom-household-ceramics","16":"product_cat-ceramic-tableware-wholesale","18":"first","19":"instock","20":"shipping-taxable","21":"product-type-simple"},"acf":[],"_links":{"self":[{"href":"https:\/\/www.linkceramics.com\/de\/wp-json\/wp\/v2\/product\/942","targetHints":{"allow":["GET"]}}],"collection":[{"href":"https:\/\/www.linkceramics.com\/de\/wp-json\/wp\/v2\/product"}],"about":[{"href":"https:\/\/www.linkceramics.com\/de\/wp-json\/wp\/v2\/types\/product"}],"replies":[{"embeddable":true,"href":"https:\/\/www.linkceramics.com\/de\/wp-json\/wp\/v2\/comments?post=942"}],"wp:featuredmedia":[{"embeddable":true,"href":"https:\/\/www.linkceramics.com\/de\/wp-json\/wp\/v2\/media\/945"}],"wp:attachment":[{"href":"https:\/\/www.linkceramics.com\/de\/wp-json\/wp\/v2\/media?parent=942"}],"wp:term":[{"taxonomy":"certification","embeddable":true,"href":"https:\/\/www.linkceramics.com\/de\/wp-json\/wp\/v2\/certification?post=942"},{"taxonomy":"product_brand","embeddable":true,"href":"https:\/\/www.linkceramics.com\/de\/wp-json\/wp\/v2\/product_brand?post=942"},{"taxonomy":"product_cat","embeddable":true,"href":"https:\/\/www.linkceramics.com\/de\/wp-json\/wp\/v2\/product_cat?post=942"},{"taxonomy":"product_tag","embeddable":true,"href":"https:\/\/www.linkceramics.com\/de\/wp-json\/wp\/v2\/product_tag?post=942"}],"curies":[{"name":"wp","href":"https:\/\/api.w.org\/{rel}","templated":true}]}}