{"id":960,"date":"2024-12-10T03:01:18","date_gmt":"2024-12-10T03:01:18","guid":{"rendered":"https:\/\/www.linkceramics.com\/?post_type=product&#038;p=960"},"modified":"2024-12-10T03:01:19","modified_gmt":"2024-12-10T03:01:19","slug":"charger-plates-bulk","status":"publish","type":"product","link":"https:\/\/www.linkceramics.com\/de\/product\/charger-plates-bulk\/","title":{"rendered":"Schwarz Charger-Platten Bulk, wei\u00df Gro\u00dfhandel Servierplatten"},"content":{"rendered":"<div class=\"wp-block-columns is-layout-flex wp-container-core-columns-is-layout-9d6595d7 wp-block-columns-is-layout-flex\">\n<div class=\"wp-block-column is-layout-flow wp-block-column-is-layout-flow\">\n<h3 class=\"wp-block-heading\">Premium Charger Plates Bulk Merkmale:<\/h3>\n\n\n\n<ul class=\"wp-block-list\">\n<li><strong>Einzigartiges Design, auff\u00e4llige Waffe:\u00a0<\/strong>Unser schwarzes Ladeger\u00e4t Platten bulk und wei\u00df Gro\u00dfhandel Servierplatten nehmen eine einzigartige Strohhut-Design, mit einem neuartigen und einzigartigen Aussehen, die sofort die Aufmerksamkeit der Kunden zu gewinnen. Ob es sich um ein Familientreffen oder ein Gesch\u00e4ftsbankett handelt, ein solches Design kann dem Esstisch Spa\u00df und Aktualit\u00e4t verleihen und das Esserlebnis unvergesslich machen.<\/li>\n\n\n\n<li><strong>Gefrorene Textur, Felsenstruktur:<\/strong>\u00a0Das gefrostete Keramikmaterial f\u00fcr tiefe Servierplatten wird speziell ausgew\u00e4hlt, und die Oberfl\u00e4che weist eine nat\u00fcrliche Steinstruktur auf, die dem Teller eine raue und doch zarte Note verleiht. Die gefrostete Textur erh\u00f6ht nicht nur die Sch\u00f6nheit dieser Gro\u00dfhandelsteller, sondern macht sie auch visuell k\u00fcnstlerischer und vermittelt den Menschen einen hochwertigen und nat\u00fcrlichen Eindruck.<\/li>\n\n\n\n<li><strong>Vielseitig einsetzbar, bequem und schnell:\u00a0<\/strong>Unsere schwarzen Ladeplatten und wei\u00dfen Servierplatten f\u00fcr den Gro\u00dfhandel k\u00f6nnen nicht nur zum t\u00e4glichen Servieren verwendet werden, sondern eignen sich auch f\u00fcr eine Vielzahl von Kochmethoden wie D\u00e4mpfen, Backen und Erhitzen in der Mikrowelle.<\/li>\n\n\n\n<li><strong>Schwarz und wei\u00df, vielseitig und modisch:\u00a0<\/strong>Es gibt zwei klassische Farboptionen f\u00fcr unsere Servierplatten in gro\u00dfen Mengen: Wei\u00df ist rein und elegant, und Schwarz ist ruhig und stimmungsvoll. Beide Farben lassen sich sehr gut mit anderem Geschirr oder Dekorationsstilen kombinieren und k\u00f6nnen leicht in jeden Stil eines Restaurants integriert werden.<\/li>\n<\/ul>\n<\/div>\n\n\n\n<div class=\"wp-block-column is-layout-flow wp-block-column-is-layout-flow\">\n<figure class=\"wp-block-image size-full\"><img decoding=\"async\" width=\"750\" height=\"750\" src=\"https:\/\/www.linkceramics.com\/wp-content\/uploads\/2024\/12\/Black-Charger-Plates-Bulk-White-Wholesale-Serving-Platters-2.webp\" alt=\"Schwarz-Ladeplatten-Bulk-Wei\u00df-Gro\u00dfhandel-Servierplatten-2\" class=\"wp-image-962\" srcset=\"https:\/\/www.linkceramics.com\/wp-content\/uploads\/2024\/12\/Black-Charger-Plates-Bulk-White-Wholesale-Serving-Platters-2.webp 750w, https:\/\/www.linkceramics.com\/wp-content\/uploads\/2024\/12\/Black-Charger-Plates-Bulk-White-Wholesale-Serving-Platters-2-300x300.webp 300w, https:\/\/www.linkceramics.com\/wp-content\/uploads\/2024\/12\/Black-Charger-Plates-Bulk-White-Wholesale-Serving-Platters-2-150x150.webp 150w, https:\/\/www.linkceramics.com\/wp-content\/uploads\/2024\/12\/Black-Charger-Plates-Bulk-White-Wholesale-Serving-Platters-2-600x600.webp 600w, https:\/\/www.linkceramics.com\/wp-content\/uploads\/2024\/12\/Black-Charger-Plates-Bulk-White-Wholesale-Serving-Platters-2-100x100.webp 100w\" sizes=\"(max-width: 750px) 100vw, 750px\" \/><\/figure>\n<\/div>\n<\/div>","protected":false},"excerpt":{"rendered":"<p>Willkommen zu kaufen Bulk Servierplatten. Unser schwarzes Ladeger\u00e4t Platten bulk und wei\u00df Gro\u00dfhandel Servierplatten verf\u00fcgen \u00fcber eine einzigartige Strohhut-Design. Die matte und rockige Textur bietet ein au\u00dfergew\u00f6hnliches visuelles und haptisches Erlebnis. Die Platten k\u00f6nnen ged\u00e4mpft, gebacken und in der Mikrowelle erhitzt werden und eignen sich f\u00fcr eine Vielzahl von Kochmethoden. Hochwertiges Keramikmaterial sorgt f\u00fcr eine lange Lebensdauer des Produkts.\u00a0<\/p>\n<h2>Ladeger\u00e4teplatten Parameter<\/h2>\n<table border=\"0\" width=\"325\" cellspacing=\"0\" cellpadding=\"0\">\n<tbody>\n<tr>\n<td class=\"et3\" width=\"120\" height=\"17\">Hersteller<\/td>\n<td class=\"et3\" width=\"204\">Yongjian<\/td>\n<\/tr>\n<tr>\n<td class=\"et3\" height=\"36\">Modell Nr.<\/td>\n<td class=\"et4\" width=\"204\">YJ-045, 8 Zoll<br \/>YJ-046, 10 Zoll<\/td>\n<\/tr>\n<tr>\n<td class=\"et3\" height=\"17\">Produkttyp<\/td>\n<td class=\"et3\">Tiefer Teller, Servierplatte<\/td>\n<\/tr>\n<tr>\n<td class=\"et3\" height=\"17\">Material<\/td>\n<td class=\"et3\">Porzellan<\/td>\n<\/tr>\n<tr>\n<td class=\"et5\" height=\"17\">Farbe<\/td>\n<td class=\"et3\">Wei\u00df\/ Schwarz<\/td>\n<\/tr>\n<tr>\n<td class=\"et3\" height=\"36\">Dimension<\/td>\n<td class=\"et6\" width=\"204\">20*20*4<br \/>24.5*24.5*4.5<\/td>\n<\/tr>\n<tr>\n<td class=\"et3\" height=\"17\">MOQ<\/td>\n<td class=\"et3\">500St\u00fcck<\/td>\n<\/tr>\n<tr>\n<td class=\"et3\" height=\"17\">Benutzerdefiniert<\/td>\n<td class=\"et3\">Farbe\/Gr\u00f6\u00dfe\/Logo\/Verpackung<\/td>\n<\/tr>\n<\/tbody>\n<\/table>","protected":false},"featured_media":961,"comment_status":"open","ping_status":"closed","template":"","meta":{"_acf_changed":true},"certification":[63,64,66,58,65,61,60,62,57],"product_brand":[],"product_cat":[34,18],"product_tag":[],"class_list":{"0":"post-960","1":"product","2":"type-product","3":"status-publish","4":"has-post-thumbnail","6":"certification-amfori","7":"certification-bsci","8":"certification-cnas","9":"certification-fda","10":"certification-iaf","11":"certification-iso-14001","12":"certification-iso-45001","13":"certification-iso-9001","14":"certification-lfgb","15":"product_cat-custom-household-ceramics","16":"product_cat-ceramic-tableware-wholesale","18":"first","19":"instock","20":"shipping-taxable","21":"product-type-simple"},"acf":[],"_links":{"self":[{"href":"https:\/\/www.linkceramics.com\/de\/wp-json\/wp\/v2\/product\/960","targetHints":{"allow":["GET"]}}],"collection":[{"href":"https:\/\/www.linkceramics.com\/de\/wp-json\/wp\/v2\/product"}],"about":[{"href":"https:\/\/www.linkceramics.com\/de\/wp-json\/wp\/v2\/types\/product"}],"replies":[{"embeddable":true,"href":"https:\/\/www.linkceramics.com\/de\/wp-json\/wp\/v2\/comments?post=960"}],"wp:featuredmedia":[{"embeddable":true,"href":"https:\/\/www.linkceramics.com\/de\/wp-json\/wp\/v2\/media\/961"}],"wp:attachment":[{"href":"https:\/\/www.linkceramics.com\/de\/wp-json\/wp\/v2\/media?parent=960"}],"wp:term":[{"taxonomy":"certification","embeddable":true,"href":"https:\/\/www.linkceramics.com\/de\/wp-json\/wp\/v2\/certification?post=960"},{"taxonomy":"product_brand","embeddable":true,"href":"https:\/\/www.linkceramics.com\/de\/wp-json\/wp\/v2\/product_brand?post=960"},{"taxonomy":"product_cat","embeddable":true,"href":"https:\/\/www.linkceramics.com\/de\/wp-json\/wp\/v2\/product_cat?post=960"},{"taxonomy":"product_tag","embeddable":true,"href":"https:\/\/www.linkceramics.com\/de\/wp-json\/wp\/v2\/product_tag?post=960"}],"curies":[{"name":"wp","href":"https:\/\/api.w.org\/{rel}","templated":true}]}}