{"id":967,"date":"2024-12-10T03:03:02","date_gmt":"2024-12-10T03:03:02","guid":{"rendered":"https:\/\/www.linkceramics.com\/?post_type=product&#038;p=967"},"modified":"2024-12-10T03:03:03","modified_gmt":"2024-12-10T03:03:03","slug":"bulk-serving-platters","status":"publish","type":"product","link":"https:\/\/www.linkceramics.com\/de\/product\/bulk-serving-platters\/","title":{"rendered":"Bulk Servierplatten, Fabrik Versorgung gro\u00dfe keramische Platten Gro\u00dfhandel"},"content":{"rendered":"<div class=\"wp-block-columns is-layout-flex wp-container-core-columns-is-layout-9d6595d7 wp-block-columns-is-layout-flex\">\n<div class=\"wp-block-column is-layout-flow wp-block-column-is-layout-flow\">\n<h3 class=\"wp-block-heading\">Premium Bulk Serving Platters Eigenschaften:<\/h3>\n\n\n\n<ul class=\"wp-block-list\">\n<li><strong>Gro\u00dfformatiges Design:<\/strong>\u00a0Diese gro\u00dfformatigen Servierplatten eignen sich zum Servieren von Hauptgerichten, Platten, Salaten und anderen Speisen und bieten ausreichend Platz auf dem Esstisch, um verschiedene Bed\u00fcrfnisse zu erf\u00fcllen.<\/li>\n\n\n\n<li><strong>Hitzebest\u00e4ndig und langlebig:\u00a0<\/strong>Unsere Keramikplatten Gro\u00dfhandel sind aus hochwertigem Porzellan Materialien, mit ausgezeichneter Hitzebest\u00e4ndigkeit und Haltbarkeit, die die Platte Oberfl\u00e4che glatt und sch\u00f6n f\u00fcr eine lange Zeit halten kann, geeignet f\u00fcr den t\u00e4glichen Gebrauch und professionelle Catering-Anl\u00e4sse.<\/li>\n\n\n\n<li><strong>Geeignet f\u00fcr verschiedene Esstische:<\/strong>\u00a0Diese gro\u00dfen Servierplatten haben ein schlichtes und elegantes Design mit glatten und zarten Oberfl\u00e4chen, die sich f\u00fcr verschiedene Arten von Esstischen eignen, von Familienfesten bis hin zu gehobenen Restaurants, die das Esserlebnis verbessern und den Kunden einen doppelten Genuss von Anblick und Geschmack bieten.<\/li>\n\n\n\n<li><strong>Sp\u00fclmaschinenfest:\u00a0<\/strong>Die Oberfl\u00e4che unserer Keramikteller im Gro\u00dfhandel ist leicht zu reinigen, hinterl\u00e4sst nicht so leicht \u00d6lflecken oder Speisereste und l\u00e4sst sich sowohl von Hand als auch in der Sp\u00fclmaschine reinigen, was eine schnelle Reinigung nach jedem Gebrauch und die hygienische Sicherheit der Teller gew\u00e4hrleistet.<\/li>\n<\/ul>\n<\/div>\n\n\n\n<div class=\"wp-block-column is-layout-flow wp-block-column-is-layout-flow\">\n<figure class=\"wp-block-image size-full\"><img decoding=\"async\" width=\"750\" height=\"750\" src=\"https:\/\/www.linkceramics.com\/wp-content\/uploads\/2024\/12\/Bulk-Serving-Platters-Factory-Wholesale-Ceramic-Plates-1.webp\" alt=\"Bulk-Servierplatten-Fabrik-Gro\u00dfhandel-Keramik-Platten-1\" class=\"wp-image-968\" srcset=\"https:\/\/www.linkceramics.com\/wp-content\/uploads\/2024\/12\/Bulk-Serving-Platters-Factory-Wholesale-Ceramic-Plates-1.webp 750w, https:\/\/www.linkceramics.com\/wp-content\/uploads\/2024\/12\/Bulk-Serving-Platters-Factory-Wholesale-Ceramic-Plates-1-300x300.webp 300w, https:\/\/www.linkceramics.com\/wp-content\/uploads\/2024\/12\/Bulk-Serving-Platters-Factory-Wholesale-Ceramic-Plates-1-150x150.webp 150w, https:\/\/www.linkceramics.com\/wp-content\/uploads\/2024\/12\/Bulk-Serving-Platters-Factory-Wholesale-Ceramic-Plates-1-600x600.webp 600w, https:\/\/www.linkceramics.com\/wp-content\/uploads\/2024\/12\/Bulk-Serving-Platters-Factory-Wholesale-Ceramic-Plates-1-100x100.webp 100w\" sizes=\"(max-width: 750px) 100vw, 750px\" \/><\/figure>\n<\/div>\n<\/div>","protected":false},"excerpt":{"rendered":"<p>Willkommen beim Kauf von Keramikplatten in gro\u00dfen Mengen. Diese gro\u00dfen Servierplatten in gro\u00dfen Mengen sind eine ideale Wahl f\u00fcr ihre Praktikabilit\u00e4t, hohe Qualit\u00e4t und einfaches und stilvolles Design. Ob f\u00fcr den t\u00e4glichen Gebrauch zu Hause oder f\u00fcr Gro\u00dfeink\u00e4ufe in Restaurants und Hotels, dieser Essteller kann ein ausgezeichnetes Esserlebnis und einen dekorativen Effekt bringen.<\/p>\n<h2>Servierplatten Parameter<\/h2>\n<table border=\"0\" width=\"275\" cellspacing=\"0\" cellpadding=\"0\">\n<tbody>\n<tr>\n<td width=\"108\" height=\"17\">Hersteller<\/td>\n<td width=\"167\">Yongjian<\/td>\n<\/tr>\n<tr>\n<td height=\"18\">Modell Nr.<\/td>\n<td width=\"167\">YJ-004<\/td>\n<\/tr>\n<tr>\n<td height=\"18\">Produkttyp<\/td>\n<td width=\"167\">Servierplatte<\/td>\n<\/tr>\n<tr>\n<td height=\"17\">Material<\/td>\n<td>Porzellan<\/td>\n<\/tr>\n<tr>\n<td height=\"17\">Farbe<\/td>\n<td>Wei\u00df\/ Schwarz<\/td>\n<\/tr>\n<tr>\n<td height=\"36\">Dimension<\/td>\n<td width=\"167\">11-Zoll ovale Platte, 27,5*17,7*3,2<\/td>\n<\/tr>\n<tr>\n<td height=\"17\">MOQ<\/td>\n<td>500St\u00fcck<\/td>\n<\/tr>\n<tr>\n<td height=\"17\">Benutzerdefiniert<\/td>\n<td>Farbe\/Gr\u00f6\u00dfe\/Logo\/Verpackung<\/td>\n<\/tr>\n<\/tbody>\n<\/table>","protected":false},"featured_media":970,"comment_status":"open","ping_status":"closed","template":"","meta":{"_acf_changed":true},"certification":[63,64,66,58,65,61,60,62,57],"product_brand":[],"product_cat":[34,18],"product_tag":[],"class_list":{"0":"post-967","1":"product","2":"type-product","3":"status-publish","4":"has-post-thumbnail","6":"certification-amfori","7":"certification-bsci","8":"certification-cnas","9":"certification-fda","10":"certification-iaf","11":"certification-iso-14001","12":"certification-iso-45001","13":"certification-iso-9001","14":"certification-lfgb","15":"product_cat-custom-household-ceramics","16":"product_cat-ceramic-tableware-wholesale","18":"first","19":"instock","20":"shipping-taxable","21":"product-type-simple"},"acf":[],"_links":{"self":[{"href":"https:\/\/www.linkceramics.com\/de\/wp-json\/wp\/v2\/product\/967","targetHints":{"allow":["GET"]}}],"collection":[{"href":"https:\/\/www.linkceramics.com\/de\/wp-json\/wp\/v2\/product"}],"about":[{"href":"https:\/\/www.linkceramics.com\/de\/wp-json\/wp\/v2\/types\/product"}],"replies":[{"embeddable":true,"href":"https:\/\/www.linkceramics.com\/de\/wp-json\/wp\/v2\/comments?post=967"}],"wp:featuredmedia":[{"embeddable":true,"href":"https:\/\/www.linkceramics.com\/de\/wp-json\/wp\/v2\/media\/970"}],"wp:attachment":[{"href":"https:\/\/www.linkceramics.com\/de\/wp-json\/wp\/v2\/media?parent=967"}],"wp:term":[{"taxonomy":"certification","embeddable":true,"href":"https:\/\/www.linkceramics.com\/de\/wp-json\/wp\/v2\/certification?post=967"},{"taxonomy":"product_brand","embeddable":true,"href":"https:\/\/www.linkceramics.com\/de\/wp-json\/wp\/v2\/product_brand?post=967"},{"taxonomy":"product_cat","embeddable":true,"href":"https:\/\/www.linkceramics.com\/de\/wp-json\/wp\/v2\/product_cat?post=967"},{"taxonomy":"product_tag","embeddable":true,"href":"https:\/\/www.linkceramics.com\/de\/wp-json\/wp\/v2\/product_tag?post=967"}],"curies":[{"name":"wp","href":"https:\/\/api.w.org\/{rel}","templated":true}]}}