{"id":973,"date":"2024-12-10T03:03:47","date_gmt":"2024-12-10T03:03:47","guid":{"rendered":"https:\/\/www.linkceramics.com\/?post_type=product&#038;p=973"},"modified":"2024-12-10T03:03:48","modified_gmt":"2024-12-10T03:03:48","slug":"ceramic-dip-bowls-wholesale","status":"publish","type":"product","link":"https:\/\/www.linkceramics.com\/de\/product\/ceramic-dip-bowls-wholesale\/","title":{"rendered":"Keramische Dip-Schalen Gro\u00dfhandel, kleine Gerichte Bulk f\u00fcr Saucen"},"content":{"rendered":"<div class=\"wp-block-columns is-layout-flex wp-container-core-columns-is-layout-9d6595d7 wp-block-columns-is-layout-flex\">\n<div class=\"wp-block-column is-layout-flow wp-block-column-is-layout-flow\">\n<h3 class=\"wp-block-heading\">Premium-Keramik Dip Schalen Gro\u00dfhandel Merkmale:<\/h3>\n\n\n\n<ul class=\"wp-block-list\">\n<li><strong>Einzigartiges gewelltes Oberfl\u00e4chendesign:\u00a0<\/strong>Diese keramischen Dip-Schalen im Gro\u00dfhandel haben ein gewelltes Oberfl\u00e4chenmuster, das dem Produkt eine einzigartige Textur und optische Wirkung verleiht und den Sinn f\u00fcr Mode auf dem Esstisch verst\u00e4rkt.<\/li>\n\n\n\n<li><strong>Klassische zweifarbige Wahl:<\/strong>\u00a0Unsere kleinen Schalen bieten zwei klassische Farben, schwarz und wei\u00df, mit einem einfachen und modernen Design, geeignet f\u00fcr eine Vielzahl von Esstisch Stile und Anl\u00e4sse, die nicht nur die elegante Temperament, sondern auch vielseitig mit einer Vielzahl von Geschirr-Kombinationen sein kann.<\/li>\n\n\n\n<li><strong>Geeignet f\u00fcr den Mehrzweckgebrauch:\u00a0<\/strong>Unsere kleinen und exquisiten Keramik-Dip-Schalen Gro\u00dfhandel sind sehr geeignet f\u00fcr die Aufnahme von Saucen, Gew\u00fcrze, Dips oder kleine Portionen von Lebensmitteln, geeignet f\u00fcr eine Vielzahl von Gelegenheiten wie zu Hause, Restaurants und Bankette, bequem und praktisch.<\/li>\n\n\n\n<li><strong>Hochwertiges keramisches Material:\u00a0<\/strong>Diese kleinen Schalen sind aus langlebiger, hochwertiger Keramik gefertigt, mit glatter Oberfl\u00e4che, leicht zu reinigen, hitzebest\u00e4ndig, mikrowellen- und sp\u00fclmaschinengeeignet und passen sich den Bed\u00fcrfnissen des t\u00e4glichen Lebens an.<\/li>\n<\/ul>\n<\/div>\n\n\n\n<div class=\"wp-block-column is-layout-flow wp-block-column-is-layout-flow\">\n<figure class=\"wp-block-image size-full\"><img decoding=\"async\" width=\"800\" height=\"800\" src=\"https:\/\/www.linkceramics.com\/wp-content\/uploads\/2024\/12\/Ceramic-Dip-Bowls-Wholesale-Small-Dishes-Bulk-For-Sauces-1.webp\" alt=\"Keramik-Tauchschalen-Gro\u00dfhandel-Kleine-Schalen-Massenware-f\u00fcr-Saucen-1\" class=\"wp-image-974\" srcset=\"https:\/\/www.linkceramics.com\/wp-content\/uploads\/2024\/12\/Ceramic-Dip-Bowls-Wholesale-Small-Dishes-Bulk-For-Sauces-1.webp 800w, https:\/\/www.linkceramics.com\/wp-content\/uploads\/2024\/12\/Ceramic-Dip-Bowls-Wholesale-Small-Dishes-Bulk-For-Sauces-1-300x300.webp 300w, https:\/\/www.linkceramics.com\/wp-content\/uploads\/2024\/12\/Ceramic-Dip-Bowls-Wholesale-Small-Dishes-Bulk-For-Sauces-1-150x150.webp 150w, https:\/\/www.linkceramics.com\/wp-content\/uploads\/2024\/12\/Ceramic-Dip-Bowls-Wholesale-Small-Dishes-Bulk-For-Sauces-1-768x768.webp 768w, https:\/\/www.linkceramics.com\/wp-content\/uploads\/2024\/12\/Ceramic-Dip-Bowls-Wholesale-Small-Dishes-Bulk-For-Sauces-1-600x600.webp 600w, https:\/\/www.linkceramics.com\/wp-content\/uploads\/2024\/12\/Ceramic-Dip-Bowls-Wholesale-Small-Dishes-Bulk-For-Sauces-1-100x100.webp 100w\" sizes=\"(max-width: 800px) 100vw, 800px\" \/><\/figure>\n<\/div>\n<\/div>","protected":false},"excerpt":{"rendered":"<p>Willkommen zum Kauf kleiner Keramikschalen in gro\u00dfen Mengen. Unsere Keramik Dip-Schalen Gro\u00dfhandel nehmen eine gewellte Oberfl\u00e4che Muster Design und bieten zwei klassische Farboptionen, schwarz und wei\u00df, die sowohl stilvoll und praktisch sind. Es ist geeignet f\u00fcr eine Vielzahl von Gew\u00fcrzen und Saucen, langlebig und leicht zu reinigen, und ist eine ideale Wahl f\u00fcr Catering-Pl\u00e4tze und K\u00fcchen zu Hause.<\/p>\n<h2>Keramische Dip-Schalen Parameter<\/h2>\n<table border=\"0\" width=\"309\" cellspacing=\"0\" cellpadding=\"0\">\n<tbody>\n<tr>\n<td width=\"120\" height=\"17\">Hersteller<\/td>\n<td width=\"189\">Yongjian<\/td>\n<\/tr>\n<tr>\n<td height=\"18\">Modell Nr.<\/td>\n<td width=\"189\">YJ-027<\/td>\n<\/tr>\n<tr>\n<td height=\"17\">Produkttyp<\/td>\n<td>Kleine Schale<\/td>\n<\/tr>\n<tr>\n<td height=\"17\">Material<\/td>\n<td>Porzellan<\/td>\n<\/tr>\n<tr>\n<td height=\"17\">Farbe<\/td>\n<td>Wei\u00df\/ Schwarz<\/td>\n<\/tr>\n<tr>\n<td height=\"17\">Dimension<\/td>\n<td>9.5*9.5*3<\/td>\n<\/tr>\n<tr>\n<td height=\"17\">MOQ<\/td>\n<td>500St\u00fcck<\/td>\n<\/tr>\n<tr>\n<td height=\"17\">Benutzerdefiniert<\/td>\n<td>Farbe\/Gr\u00f6\u00dfe\/Logo\/Verpackung<\/td>\n<\/tr>\n<\/tbody>\n<\/table>","protected":false},"featured_media":975,"comment_status":"open","ping_status":"closed","template":"","meta":{"_acf_changed":true},"certification":[63,64,66,58,65,61,60,62,57],"product_brand":[],"product_cat":[34,18],"product_tag":[],"class_list":{"0":"post-973","1":"product","2":"type-product","3":"status-publish","4":"has-post-thumbnail","6":"certification-amfori","7":"certification-bsci","8":"certification-cnas","9":"certification-fda","10":"certification-iaf","11":"certification-iso-14001","12":"certification-iso-45001","13":"certification-iso-9001","14":"certification-lfgb","15":"product_cat-custom-household-ceramics","16":"product_cat-ceramic-tableware-wholesale","18":"first","19":"instock","20":"shipping-taxable","21":"product-type-simple"},"acf":[],"_links":{"self":[{"href":"https:\/\/www.linkceramics.com\/de\/wp-json\/wp\/v2\/product\/973","targetHints":{"allow":["GET"]}}],"collection":[{"href":"https:\/\/www.linkceramics.com\/de\/wp-json\/wp\/v2\/product"}],"about":[{"href":"https:\/\/www.linkceramics.com\/de\/wp-json\/wp\/v2\/types\/product"}],"replies":[{"embeddable":true,"href":"https:\/\/www.linkceramics.com\/de\/wp-json\/wp\/v2\/comments?post=973"}],"wp:featuredmedia":[{"embeddable":true,"href":"https:\/\/www.linkceramics.com\/de\/wp-json\/wp\/v2\/media\/975"}],"wp:attachment":[{"href":"https:\/\/www.linkceramics.com\/de\/wp-json\/wp\/v2\/media?parent=973"}],"wp:term":[{"taxonomy":"certification","embeddable":true,"href":"https:\/\/www.linkceramics.com\/de\/wp-json\/wp\/v2\/certification?post=973"},{"taxonomy":"product_brand","embeddable":true,"href":"https:\/\/www.linkceramics.com\/de\/wp-json\/wp\/v2\/product_brand?post=973"},{"taxonomy":"product_cat","embeddable":true,"href":"https:\/\/www.linkceramics.com\/de\/wp-json\/wp\/v2\/product_cat?post=973"},{"taxonomy":"product_tag","embeddable":true,"href":"https:\/\/www.linkceramics.com\/de\/wp-json\/wp\/v2\/product_tag?post=973"}],"curies":[{"name":"wp","href":"https:\/\/api.w.org\/{rel}","templated":true}]}}