{"id":978,"date":"2024-12-10T03:04:13","date_gmt":"2024-12-10T03:04:13","guid":{"rendered":"https:\/\/www.linkceramics.com\/?post_type=product&#038;p=978"},"modified":"2024-12-10T03:04:14","modified_gmt":"2024-12-10T03:04:14","slug":"soup-bowls-with-handles-wholesale","status":"publish","type":"product","link":"https:\/\/www.linkceramics.com\/de\/product\/soup-bowls-with-handles-wholesale\/","title":{"rendered":"10-Zoll-Suppenschalen mit Griffen Gro\u00dfhandel, gro\u00dfe Servierschalen Bulk"},"content":{"rendered":"<div class=\"wp-block-columns is-layout-flex wp-container-core-columns-is-layout-9d6595d7 wp-block-columns-is-layout-flex\">\n<div class=\"wp-block-column is-layout-flow wp-block-column-is-layout-flow\">\n<h3 class=\"wp-block-heading\">Premium-Suppenschalen mit Griffen Gro\u00dfhandel Merkmale:<\/h3>\n\n\n\n<ul class=\"wp-block-list\">\n<li><strong>Bequemes Griffdesign:\u00a0<\/strong>Diese Gro\u00dfhandelssuppensch\u00fcsseln sind mit einem praktischen Griff ausgestattet, der das Servieren der Suppe erleichtert und verhindert, dass man sich beim Halten der Sch\u00fcssel verbrennt, und der Gebrauch ist bequemer.<\/li>\n\n\n\n<li><strong>Gro\u00dfes Fassungsverm\u00f6gen:\u00a0<\/strong>Das gro\u00dfe Fassungsverm\u00f6gen unserer Suppenschalen mit Griffen im Gro\u00dfhandel kann mehr Suppe oder Speisen aufnehmen, was f\u00fcr den t\u00e4glichen Gebrauch oder gro\u00dfe Portionen in Restaurants sehr geeignet ist.<\/li>\n\n\n\n<li><strong>Hochwertige Keramik:<\/strong>\u00a0Unsere Suppensch\u00fcsseln f\u00fcr den Gro\u00dfhandel sind aus hochwertigem Keramikmaterial gefertigt und widerstehen hohen Temperaturen und Abnutzungserscheinungen, so dass sie auch nach langem Gebrauch noch wie neu aussehen.<\/li>\n\n\n\n<li><strong>Rabatt bei Gro\u00dfeinkauf:\u00a0<\/strong>Unsere Suppenschalen mit Griffen Gro\u00dfhandel Unterst\u00fctzung Gro\u00dfeink\u00e4ufe, f\u00fcr die Catering-Industrie oder Gro\u00dfhandel Bed\u00fcrfnisse zugeschnitten, und der Preis ist wettbewerbsf\u00e4higer.<\/li>\n<\/ul>\n<\/div>\n\n\n\n<div class=\"wp-block-column is-layout-flow wp-block-column-is-layout-flow\">\n<figure class=\"wp-block-image size-full\"><img decoding=\"async\" width=\"750\" height=\"1000\" src=\"https:\/\/www.linkceramics.com\/wp-content\/uploads\/2024\/12\/Soup-Bowls-With-Handles-Wholesale-Large-Serving-Bowls-Bulk-6.webp\" alt=\"Suppenschalen-mit-Griff-Gro\u00dfhandel-Gro\u00dfportionsschalen-Ganzes-6\" class=\"wp-image-983\" srcset=\"https:\/\/www.linkceramics.com\/wp-content\/uploads\/2024\/12\/Soup-Bowls-With-Handles-Wholesale-Large-Serving-Bowls-Bulk-6.webp 750w, https:\/\/www.linkceramics.com\/wp-content\/uploads\/2024\/12\/Soup-Bowls-With-Handles-Wholesale-Large-Serving-Bowls-Bulk-6-225x300.webp 225w, https:\/\/www.linkceramics.com\/wp-content\/uploads\/2024\/12\/Soup-Bowls-With-Handles-Wholesale-Large-Serving-Bowls-Bulk-6-600x800.webp 600w\" sizes=\"(max-width: 750px) 100vw, 750px\" \/><\/figure>\n<\/div>\n<\/div>","protected":false},"excerpt":{"rendered":"<p>Willkommen im Gro\u00dfhandel Suppenschalen zu kaufen. Diese gro\u00dfen Suppenschalen mit Griffen Gro\u00dfhandel sind aus hochwertigem Keramikmaterial, das sowohl langlebig und funktional ist. Es ist geeignet f\u00fcr den Heimgebrauch und gro\u00dfe Portionen in der Gastronomie Orte. Es ist eine ideale Wahl f\u00fcr kommerzielle Eink\u00e4ufe.<\/p>\n<h2>Suppenschalen mit Griffen Parameter<\/h2>\n<table border=\"0\" width=\"309\" cellspacing=\"0\" cellpadding=\"0\">\n<tbody>\n<tr>\n<td class=\"et3\" width=\"120\" height=\"17\">Hersteller<\/td>\n<td class=\"et3\" width=\"189\">Yongjian<\/td>\n<\/tr>\n<tr>\n<td class=\"et3\" height=\"18\">Modell Nr.<\/td>\n<td class=\"et4\" width=\"189\">YJ-012<\/td>\n<\/tr>\n<tr>\n<td class=\"et3\" height=\"17\">Produkttyp<\/td>\n<td class=\"et3\">Schalen mit Henkel<\/td>\n<\/tr>\n<tr>\n<td class=\"et3\" height=\"17\">Material<\/td>\n<td class=\"et3\">Porzellan<\/td>\n<\/tr>\n<tr>\n<td class=\"et6\" height=\"17\">Farbe<\/td>\n<td class=\"et3\">Wei\u00df\/ Schwarz<\/td>\n<\/tr>\n<tr>\n<td class=\"et3\" height=\"18\">Dimension<\/td>\n<td class=\"et7\" width=\"189\">25*21.3*7.2, 1400ml<\/td>\n<\/tr>\n<tr>\n<td class=\"et3\" height=\"17\">MOQ<\/td>\n<td class=\"et3\">500St\u00fcck<\/td>\n<\/tr>\n<tr>\n<td class=\"et3\" height=\"17\">Benutzerdefiniert<\/td>\n<td class=\"et3\">Farbe\/Gr\u00f6\u00dfe\/Logo\/Verpackung<\/td>\n<\/tr>\n<\/tbody>\n<\/table>","protected":false},"featured_media":982,"comment_status":"open","ping_status":"closed","template":"","meta":{"_acf_changed":true},"certification":[63,64,66,58,65,61,60,62,57],"product_brand":[],"product_cat":[34,20,18],"product_tag":[],"class_list":{"0":"post-978","1":"product","2":"type-product","3":"status-publish","4":"has-post-thumbnail","6":"certification-amfori","7":"certification-bsci","8":"certification-cnas","9":"certification-fda","10":"certification-iaf","11":"certification-iso-14001","12":"certification-iso-45001","13":"certification-iso-9001","14":"certification-lfgb","15":"product_cat-custom-household-ceramics","16":"product_cat-ceramic-kitchenware-wholesale","17":"product_cat-ceramic-tableware-wholesale","19":"first","20":"instock","21":"shipping-taxable","22":"product-type-simple"},"acf":[],"_links":{"self":[{"href":"https:\/\/www.linkceramics.com\/de\/wp-json\/wp\/v2\/product\/978","targetHints":{"allow":["GET"]}}],"collection":[{"href":"https:\/\/www.linkceramics.com\/de\/wp-json\/wp\/v2\/product"}],"about":[{"href":"https:\/\/www.linkceramics.com\/de\/wp-json\/wp\/v2\/types\/product"}],"replies":[{"embeddable":true,"href":"https:\/\/www.linkceramics.com\/de\/wp-json\/wp\/v2\/comments?post=978"}],"wp:featuredmedia":[{"embeddable":true,"href":"https:\/\/www.linkceramics.com\/de\/wp-json\/wp\/v2\/media\/982"}],"wp:attachment":[{"href":"https:\/\/www.linkceramics.com\/de\/wp-json\/wp\/v2\/media?parent=978"}],"wp:term":[{"taxonomy":"certification","embeddable":true,"href":"https:\/\/www.linkceramics.com\/de\/wp-json\/wp\/v2\/certification?post=978"},{"taxonomy":"product_brand","embeddable":true,"href":"https:\/\/www.linkceramics.com\/de\/wp-json\/wp\/v2\/product_brand?post=978"},{"taxonomy":"product_cat","embeddable":true,"href":"https:\/\/www.linkceramics.com\/de\/wp-json\/wp\/v2\/product_cat?post=978"},{"taxonomy":"product_tag","embeddable":true,"href":"https:\/\/www.linkceramics.com\/de\/wp-json\/wp\/v2\/product_tag?post=978"}],"curies":[{"name":"wp","href":"https:\/\/api.w.org\/{rel}","templated":true}]}}