{"id":984,"date":"2024-12-10T03:11:11","date_gmt":"2024-12-10T03:11:11","guid":{"rendered":"https:\/\/www.linkceramics.com\/?post_type=product&#038;p=984"},"modified":"2024-12-10T03:11:12","modified_gmt":"2024-12-10T03:11:12","slug":"wholesale-small-bowls","status":"publish","type":"product","link":"https:\/\/www.linkceramics.com\/de\/product\/wholesale-small-bowls\/","title":{"rendered":"4,5-Zoll-Gro\u00dfhandel kleine Schalen, Rock Textur Design Runde Schalen"},"content":{"rendered":"<div class=\"wp-block-columns is-layout-flex wp-container-core-columns-is-layout-9d6595d7 wp-block-columns-is-layout-flex\">\n<div class=\"wp-block-column is-layout-flow wp-block-column-is-layout-flow\">\n<h3 class=\"wp-block-heading\">Premium Gro\u00dfhandel kleine Schalen Merkmale:<\/h3>\n\n\n\n<ul class=\"wp-block-list\">\n<li><strong>Einfach und stilvoll:\u00a0<\/strong>Diese kleinen Schalen aus dem Gro\u00dfhandel sind mit einer einzigartigen Steinstruktur versehen, die den Menschen eine nat\u00fcrliche und moderne Textur verleiht, die sehr dekorativ ist und den Gesamtstil des Esstisches aufwertet.<\/li>\n\n\n\n<li><strong>Kleine runde Form:\u00a0<\/strong>Das Design dieser runden Reisschalen eignet sich f\u00fcr die Aufnahme von Saucen, Desserts, Vorspeisen und andere Snacks, und ist auch leicht zu platzieren und zu speichern, geeignet f\u00fcr eine Vielzahl von Szenen im Haus oder Restaurant.<\/li>\n\n\n\n<li><strong>Robust und langlebig:<\/strong>\u00a0Ausgew\u00e4hlte hochwertige keramische Materialien, unsere Gro\u00dfhandel kleine Schalen sind bei hoher Temperatur gebrannt, haben starke Verschlei\u00dffestigkeit und Hitzebest\u00e4ndigkeit, die langfristige Nutzung der Schalen zu gew\u00e4hrleisten, und sind leicht zu reinigen und nicht leicht zu absorbieren Ger\u00fcche.<\/li>\n\n\n\n<li><strong>Lieferung in gro\u00dfen Mengen:\u00a0<\/strong>Gro\u00dfeinkauf von Reisschalen f\u00fcr die Gastronomie und den Einzelhandel zu g\u00fcnstigen Gro\u00dfhandelspreisen, um die Kosten zu senken und den vielf\u00e4ltigen Bedarf der Gastronomie zu decken.<\/li>\n<\/ul>\n<\/div>\n\n\n\n<div class=\"wp-block-column is-layout-flow wp-block-column-is-layout-flow\">\n<figure class=\"wp-block-image size-full\"><img decoding=\"async\" width=\"800\" height=\"800\" src=\"https:\/\/www.linkceramics.com\/wp-content\/uploads\/2024\/12\/Wholesale-Small-Bowls-Rock-Texture-Design-Round-Bowls-6.webp\" alt=\"Gro\u00dfhandel-Kleine-Schalen-Rock-Textur-Design-Runde-Schalen-6\" class=\"wp-image-989\" srcset=\"https:\/\/www.linkceramics.com\/wp-content\/uploads\/2024\/12\/Wholesale-Small-Bowls-Rock-Texture-Design-Round-Bowls-6.webp 800w, https:\/\/www.linkceramics.com\/wp-content\/uploads\/2024\/12\/Wholesale-Small-Bowls-Rock-Texture-Design-Round-Bowls-6-300x300.webp 300w, https:\/\/www.linkceramics.com\/wp-content\/uploads\/2024\/12\/Wholesale-Small-Bowls-Rock-Texture-Design-Round-Bowls-6-150x150.webp 150w, https:\/\/www.linkceramics.com\/wp-content\/uploads\/2024\/12\/Wholesale-Small-Bowls-Rock-Texture-Design-Round-Bowls-6-768x768.webp 768w, https:\/\/www.linkceramics.com\/wp-content\/uploads\/2024\/12\/Wholesale-Small-Bowls-Rock-Texture-Design-Round-Bowls-6-600x600.webp 600w, https:\/\/www.linkceramics.com\/wp-content\/uploads\/2024\/12\/Wholesale-Small-Bowls-Rock-Texture-Design-Round-Bowls-6-100x100.webp 100w\" sizes=\"(max-width: 800px) 100vw, 800px\" \/><\/figure>\n<\/div>\n<\/div>","protected":false},"excerpt":{"rendered":"<p>Willkommen zum Kauf kleiner Keramikschalen in gro\u00dfen Mengen. Diese Gro\u00dfhandel kleine Schalen mit Rock Textur Design sind stilvoll, sch\u00f6n und praktisch, geeignet f\u00fcr eine Vielzahl von Catering-Zwecke, und sind eine kosteng\u00fcnstige Wahl f\u00fcr Gro\u00dfeink\u00e4ufe.\u00a0<\/p>\n<h2>Kleine Schalen Parameter<\/h2>\n<table border=\"0\" width=\"309\" cellspacing=\"0\" cellpadding=\"0\">\n<tbody>\n<tr>\n<td class=\"et3\" width=\"120\" height=\"17\">Hersteller<\/td>\n<td class=\"et3\" width=\"189\">Yongjian<\/td>\n<\/tr>\n<tr>\n<td class=\"et3\" height=\"18\">Modell Nr.<\/td>\n<td class=\"et4\" width=\"189\">YJ-029<\/td>\n<\/tr>\n<tr>\n<td class=\"et3\" height=\"17\">Produkttyp<\/td>\n<td class=\"et3\">Reissch\u00fcssel<\/td>\n<\/tr>\n<tr>\n<td class=\"et3\" height=\"17\">Material<\/td>\n<td class=\"et3\">Porzellan<\/td>\n<\/tr>\n<tr>\n<td class=\"et5\" height=\"17\">Farbe<\/td>\n<td class=\"et3\">Wei\u00df\/ Schwarz<\/td>\n<\/tr>\n<tr>\n<td class=\"et3\" height=\"18\">Dimension<\/td>\n<td class=\"et6\" width=\"189\">11.2*11.2*5.7\uff0c320ml<\/td>\n<\/tr>\n<tr>\n<td class=\"et3\" height=\"17\">MOQ<\/td>\n<td class=\"et3\">500St\u00fcck<\/td>\n<\/tr>\n<tr>\n<td class=\"et3\" height=\"17\">Benutzerdefiniert<\/td>\n<td class=\"et3\">Farbe\/Gr\u00f6\u00dfe\/Logo\/Verpackung<\/td>\n<\/tr>\n<\/tbody>\n<\/table>\n<p>&nbsp;<\/p>","protected":false},"featured_media":988,"comment_status":"open","ping_status":"closed","template":"","meta":{"_acf_changed":true},"certification":[63,64,66,58,65,61,60,62,57],"product_brand":[],"product_cat":[34,18],"product_tag":[],"class_list":{"0":"post-984","1":"product","2":"type-product","3":"status-publish","4":"has-post-thumbnail","6":"certification-amfori","7":"certification-bsci","8":"certification-cnas","9":"certification-fda","10":"certification-iaf","11":"certification-iso-14001","12":"certification-iso-45001","13":"certification-iso-9001","14":"certification-lfgb","15":"product_cat-custom-household-ceramics","16":"product_cat-ceramic-tableware-wholesale","18":"first","19":"instock","20":"shipping-taxable","21":"product-type-simple"},"acf":[],"_links":{"self":[{"href":"https:\/\/www.linkceramics.com\/de\/wp-json\/wp\/v2\/product\/984","targetHints":{"allow":["GET"]}}],"collection":[{"href":"https:\/\/www.linkceramics.com\/de\/wp-json\/wp\/v2\/product"}],"about":[{"href":"https:\/\/www.linkceramics.com\/de\/wp-json\/wp\/v2\/types\/product"}],"replies":[{"embeddable":true,"href":"https:\/\/www.linkceramics.com\/de\/wp-json\/wp\/v2\/comments?post=984"}],"wp:featuredmedia":[{"embeddable":true,"href":"https:\/\/www.linkceramics.com\/de\/wp-json\/wp\/v2\/media\/988"}],"wp:attachment":[{"href":"https:\/\/www.linkceramics.com\/de\/wp-json\/wp\/v2\/media?parent=984"}],"wp:term":[{"taxonomy":"certification","embeddable":true,"href":"https:\/\/www.linkceramics.com\/de\/wp-json\/wp\/v2\/certification?post=984"},{"taxonomy":"product_brand","embeddable":true,"href":"https:\/\/www.linkceramics.com\/de\/wp-json\/wp\/v2\/product_brand?post=984"},{"taxonomy":"product_cat","embeddable":true,"href":"https:\/\/www.linkceramics.com\/de\/wp-json\/wp\/v2\/product_cat?post=984"},{"taxonomy":"product_tag","embeddable":true,"href":"https:\/\/www.linkceramics.com\/de\/wp-json\/wp\/v2\/product_tag?post=984"}],"curies":[{"name":"wp","href":"https:\/\/api.w.org\/{rel}","templated":true}]}}