{"id":990,"date":"2024-12-10T03:13:03","date_gmt":"2024-12-10T03:13:03","guid":{"rendered":"https:\/\/www.linkceramics.com\/?post_type=product&#038;p=990"},"modified":"2024-12-10T03:13:05","modified_gmt":"2024-12-10T03:13:05","slug":"bulk-serving-bowls","status":"publish","type":"product","link":"https:\/\/www.linkceramics.com\/de\/product\/bulk-serving-bowls\/","title":{"rendered":"10-Zoll Bulk Servierschalen f\u00fcr Eintopf, Keramik Suppenschalen Gro\u00dfhandel"},"content":{"rendered":"<div class=\"wp-block-columns is-layout-flex wp-container-core-columns-is-layout-9d6595d7 wp-block-columns-is-layout-flex\">\n<div class=\"wp-block-column is-layout-flow wp-block-column-is-layout-flow\">\n<h3 class=\"wp-block-heading\">Premium Bulk Servierschalen Eigenschaften:<\/h3>\n\n\n\n<ul class=\"wp-block-list\">\n<li><strong>Geeignet f\u00fcr eine breite Palette von Gerichten:<\/strong>\u00a0Unsere gro\u00dfen Serviersch\u00fcsseln bieten ausreichend Platz f\u00fcr eine Vielzahl von Suppengerichten, wie z. B. eingelegte Kohlfischsuppe usw., um den unterschiedlichen Anforderungen von Restaurants und der heimischen K\u00fcche gerecht zu werden.<\/li>\n\n\n\n<li><strong>Zweifarbige Optionen f\u00fcr unterschiedliche Anforderungen:<\/strong>\u00a0Unsere Keramik-Suppenschalen Gro\u00dfhandel sind in zwei klassischen Farben erh\u00e4ltlich: wei\u00df und schwarz. Wei\u00dfe Schalen Gro\u00dfhandel sind einfach und elegant, Hervorhebung der Farbe und Textur der Lebensmittel selbst, und schwarze Teller Gro\u00dfhandel geben dem Geschirr ein modernes und High-End-Gef\u00fchl, das besonders geeignet f\u00fcr High-End-Dining Gelegenheiten oder die Pr\u00e4sentation der kreativen K\u00fcche ist.<\/li>\n\n\n\n<li><strong>Leicht zu reinigen und zu pflegen:<\/strong>\u00a0Diese Sch\u00fcsseln haben eine glatte und ebene Oberfl\u00e4che, sind fleckenunempfindlich und lassen sich leicht reinigen, was die Arbeitseffizienz erheblich verbessert und den Zeit- und Energieaufwand f\u00fcr die manuelle Reinigung verringert.<\/li>\n\n\n\n<li><strong>Hochwertige Materialien, langlebig:<\/strong>\u00a0Unsere keramischen Suppenschalen f\u00fcr den Gro\u00dfhandel werden sorgf\u00e4ltig aus ausgew\u00e4hltem hochwertigem Porzellanton hergestellt. Ein solches Material gew\u00e4hrleistet nicht nur die Festigkeit des Tellers, sondern verleiht ihm auch eine gute thermische Stabilit\u00e4t, so dass er sich nicht verformt und keinen Geruch entwickelt, selbst wenn er lange Zeit bei hohen Temperaturen verwendet wird.<\/li>\n<\/ul>\n<\/div>\n\n\n\n<div class=\"wp-block-column is-layout-flow wp-block-column-is-layout-flow\">\n<figure class=\"wp-block-image size-full\"><img decoding=\"async\" width=\"750\" height=\"750\" src=\"https:\/\/www.linkceramics.com\/wp-content\/uploads\/2024\/12\/10-Inch-Bulk-Serving-Bowls-For-Stew-Ceramic-Soup-Bowls-wholesale-2.webp\" alt=\"10-Zoll-Massenservierschalen-f\u00fcr-Eintopf-Keramik-Suppenschalen-Gro\u00dfhandel-2\" class=\"wp-image-992\" srcset=\"https:\/\/www.linkceramics.com\/wp-content\/uploads\/2024\/12\/10-Inch-Bulk-Serving-Bowls-For-Stew-Ceramic-Soup-Bowls-wholesale-2.webp 750w, https:\/\/www.linkceramics.com\/wp-content\/uploads\/2024\/12\/10-Inch-Bulk-Serving-Bowls-For-Stew-Ceramic-Soup-Bowls-wholesale-2-300x300.webp 300w, https:\/\/www.linkceramics.com\/wp-content\/uploads\/2024\/12\/10-Inch-Bulk-Serving-Bowls-For-Stew-Ceramic-Soup-Bowls-wholesale-2-150x150.webp 150w, https:\/\/www.linkceramics.com\/wp-content\/uploads\/2024\/12\/10-Inch-Bulk-Serving-Bowls-For-Stew-Ceramic-Soup-Bowls-wholesale-2-600x600.webp 600w, https:\/\/www.linkceramics.com\/wp-content\/uploads\/2024\/12\/10-Inch-Bulk-Serving-Bowls-For-Stew-Ceramic-Soup-Bowls-wholesale-2-100x100.webp 100w\" sizes=\"(max-width: 750px) 100vw, 750px\" \/><\/figure>\n<\/div>\n<\/div>","protected":false},"excerpt":{"rendered":"<p>Willkommen zum Kauf von Keramik Suppenschalen Gro\u00dfhandel. Unsere gro\u00dfen Servierschalen sind ideal f\u00fcr alle Arten von Restaurants und k\u00f6nnen die Bed\u00fcrfnisse des Servierens verschiedener Suppengerichte erf\u00fcllen. Ihr leicht zu reinigendes und hochwertiges Design gew\u00e4hrleistet Funktionalit\u00e4t und Sch\u00f6nheit. Willkommen zu Anfrage!<\/p>\n<h2>Servierschalen Parameter<\/h2>\n<table border=\"0\" width=\"325\" cellspacing=\"0\" cellpadding=\"0\">\n<tbody>\n<tr>\n<td width=\"120\" height=\"17\">Hersteller<\/td>\n<td width=\"204\">Yongjian<\/td>\n<\/tr>\n<tr>\n<td height=\"18\">Modell Nr.<\/td>\n<td width=\"204\">YJ-042<\/td>\n<\/tr>\n<tr>\n<td height=\"17\">Produkttyp<\/td>\n<td>Tiefer Teller, Servierplatte<\/td>\n<\/tr>\n<tr>\n<td height=\"17\">Material<\/td>\n<td>Porzellan<\/td>\n<\/tr>\n<tr>\n<td height=\"17\">Farbe<\/td>\n<td>Wei\u00df\/ Schwarz<\/td>\n<\/tr>\n<tr>\n<td height=\"18\">Dimension<\/td>\n<td width=\"204\">25.5*25.5*7<\/td>\n<\/tr>\n<tr>\n<td height=\"17\">MOQ<\/td>\n<td>500St\u00fcck<\/td>\n<\/tr>\n<tr>\n<td height=\"17\">Benutzerdefiniert<\/td>\n<td>Farbe\/Gr\u00f6\u00dfe\/Logo\/Verpackung<\/td>\n<\/tr>\n<\/tbody>\n<\/table>","protected":false},"featured_media":995,"comment_status":"open","ping_status":"closed","template":"","meta":{"_acf_changed":true},"certification":[63,64,66,58,65,61,60,62,57],"product_brand":[],"product_cat":[34,20,18],"product_tag":[],"class_list":{"0":"post-990","1":"product","2":"type-product","3":"status-publish","4":"has-post-thumbnail","6":"certification-amfori","7":"certification-bsci","8":"certification-cnas","9":"certification-fda","10":"certification-iaf","11":"certification-iso-14001","12":"certification-iso-45001","13":"certification-iso-9001","14":"certification-lfgb","15":"product_cat-custom-household-ceramics","16":"product_cat-ceramic-kitchenware-wholesale","17":"product_cat-ceramic-tableware-wholesale","19":"first","20":"instock","21":"shipping-taxable","22":"product-type-simple"},"acf":[],"_links":{"self":[{"href":"https:\/\/www.linkceramics.com\/de\/wp-json\/wp\/v2\/product\/990","targetHints":{"allow":["GET"]}}],"collection":[{"href":"https:\/\/www.linkceramics.com\/de\/wp-json\/wp\/v2\/product"}],"about":[{"href":"https:\/\/www.linkceramics.com\/de\/wp-json\/wp\/v2\/types\/product"}],"replies":[{"embeddable":true,"href":"https:\/\/www.linkceramics.com\/de\/wp-json\/wp\/v2\/comments?post=990"}],"wp:featuredmedia":[{"embeddable":true,"href":"https:\/\/www.linkceramics.com\/de\/wp-json\/wp\/v2\/media\/995"}],"wp:attachment":[{"href":"https:\/\/www.linkceramics.com\/de\/wp-json\/wp\/v2\/media?parent=990"}],"wp:term":[{"taxonomy":"certification","embeddable":true,"href":"https:\/\/www.linkceramics.com\/de\/wp-json\/wp\/v2\/certification?post=990"},{"taxonomy":"product_brand","embeddable":true,"href":"https:\/\/www.linkceramics.com\/de\/wp-json\/wp\/v2\/product_brand?post=990"},{"taxonomy":"product_cat","embeddable":true,"href":"https:\/\/www.linkceramics.com\/de\/wp-json\/wp\/v2\/product_cat?post=990"},{"taxonomy":"product_tag","embeddable":true,"href":"https:\/\/www.linkceramics.com\/de\/wp-json\/wp\/v2\/product_tag?post=990"}],"curies":[{"name":"wp","href":"https:\/\/api.w.org\/{rel}","templated":true}]}}