{"id":1002,"date":"2024-12-21T06:51:59","date_gmt":"2024-12-21T06:51:59","guid":{"rendered":"https:\/\/www.linkceramics.com\/?post_type=product&#038;p=1002"},"modified":"2024-12-21T06:52:00","modified_gmt":"2024-12-21T06:52:00","slug":"oriental-wholesale-crockery","status":"publish","type":"product","link":"https:\/\/www.linkceramics.com\/es\/product\/oriental-wholesale-crockery\/","title":{"rendered":"Vajilla Mayorista Oriental, Vajilla a Granel Gris y Verde para Restaurante"},"content":{"rendered":"<div class=\"wp-block-columns is-layout-flex wp-container-core-columns-is-layout-9d6595d7 wp-block-columns-is-layout-flex\">\n<div class=\"wp-block-column is-layout-flow wp-block-column-is-layout-flow\">\n<h3 class=\"wp-block-heading\">Vajilla Mayorista Oriental Premium Caracter\u00edsticas:<\/h3>\n\n\n\n<ul class=\"wp-block-list\">\n<li><strong>Dise\u00f1o de estilo oriental:\u00a0<\/strong>Inspirada en la sencilla est\u00e9tica oriental, nuestra serie de vajillas orientales al por mayor adopta la cl\u00e1sica combinaci\u00f3n de colores gris y verde para crear un efecto visual fresco y natural, adecuado para todo tipo de ambientes de mesa de comedor, a\u00f1adiendo un ambiente elegante al restaurante.<\/li>\n\n\n\n<li><strong>Artesan\u00eda personalizada de alta gama:\u00a0<\/strong>Esta serie de vajillas a granel se cuece con tecnolog\u00eda cer\u00e1mica avanzada, y el esmalte es suave y delicado, lo que no s\u00f3lo mejora la durabilidad del producto, sino que tambi\u00e9n da a cada vajilla una textura \u00fanica y un aspecto de alta gama.<\/li>\n\n\n\n<li><strong>M\u00faltiples especificaciones para elegir:\u00a0<\/strong>Nuestra serie de vajillas orientales al por mayor ofrece una gran variedad de cuencos, platos y cucharas, adecuados para distintos tipos de platos, ya sean de cocina occidental, oriental o de fusi\u00f3n, se pueden combinar f\u00e1cilmente.<\/li>\n\n\n\n<li><strong>Gran durabilidad y f\u00e1cil limpieza:\u00a0<\/strong>Esta vajilla a granel no s\u00f3lo es resistente a las altas temperaturas, los ara\u00f1azos y el desgaste, sino que tambi\u00e9n es f\u00e1cil de limpiar. Su material cer\u00e1mico de alta resistencia garantiza seguridad y fiabilidad para un uso prolongado.<\/li>\n<\/ul>\n<\/div>\n\n\n\n<div class=\"wp-block-column is-layout-flow wp-block-column-is-layout-flow\">\n<figure class=\"wp-block-image size-full\"><img decoding=\"async\" width=\"800\" height=\"800\" src=\"https:\/\/www.linkceramics.com\/wp-content\/uploads\/2024\/12\/Oriental-Wholesale-Crockery-Bulk-Dinnerware-For-Restaurant-04.webp\" alt=\"Oriental-Mayorista-Vajilla-A Granel-Para-Restaurante-04\" class=\"wp-image-1003\" srcset=\"https:\/\/www.linkceramics.com\/wp-content\/uploads\/2024\/12\/Oriental-Wholesale-Crockery-Bulk-Dinnerware-For-Restaurant-04.webp 800w, https:\/\/www.linkceramics.com\/wp-content\/uploads\/2024\/12\/Oriental-Wholesale-Crockery-Bulk-Dinnerware-For-Restaurant-04-300x300.webp 300w, https:\/\/www.linkceramics.com\/wp-content\/uploads\/2024\/12\/Oriental-Wholesale-Crockery-Bulk-Dinnerware-For-Restaurant-04-150x150.webp 150w, https:\/\/www.linkceramics.com\/wp-content\/uploads\/2024\/12\/Oriental-Wholesale-Crockery-Bulk-Dinnerware-For-Restaurant-04-768x768.webp 768w, https:\/\/www.linkceramics.com\/wp-content\/uploads\/2024\/12\/Oriental-Wholesale-Crockery-Bulk-Dinnerware-For-Restaurant-04-600x600.webp 600w, https:\/\/www.linkceramics.com\/wp-content\/uploads\/2024\/12\/Oriental-Wholesale-Crockery-Bulk-Dinnerware-For-Restaurant-04-100x100.webp 100w\" sizes=\"(max-width: 800px) 100vw, 800px\" \/><\/figure>\n<\/div>\n<\/div>","protected":false},"excerpt":{"rendered":"<p>Bienvenido a comprar vajilla al por mayor. Nuestra serie de vajilla oriental al por mayor adopta un dise\u00f1o sencillo de estilo oriental. La combinaci\u00f3n de colores gris y verde presenta una belleza elegante y natural, que resulta especialmente adecuada para lugares de restauraci\u00f3n de alto nivel, como restaurantes. Los productos est\u00e1n fabricados con tecnolog\u00eda avanzada, con esmalte suave y delicado, duradero y f\u00e1cil de limpiar, que garantiza la comodidad y la durabilidad a largo plazo en el uso diario.<\/p>\n<h2>Vajilla Mayorista Oriental Par\u00e1metros<\/h2>\n<table border=\"0\" width=\"309\" cellspacing=\"0\" cellpadding=\"0\">\n<tbody>\n<tr>\n<td width=\"120\" height=\"17\">Fabricante<\/td>\n<td width=\"189\">Yongjian<\/td>\n<\/tr>\n<tr>\n<td height=\"18\">N\u00ba de modelo<\/td>\n<td width=\"189\">YJ-063<\/td>\n<\/tr>\n<tr>\n<td width=\"120\" height=\"18\">Tipo de vajilla<\/td>\n<td width=\"189\">Bandejas, Platos, Cuencos, Cucharas<\/td>\n<\/tr>\n<tr>\n<td height=\"17\">T\u00e9cnica<\/td>\n<td>Efecto esmaltado en horno<\/td>\n<\/tr>\n<tr>\n<td height=\"17\">Material<\/td>\n<td>Porcelana<\/td>\n<\/tr>\n<tr>\n<td height=\"36\">Aplicable<\/td>\n<td width=\"189\">Esterilizador, Lavavajillas, Horno, Microondas<\/td>\n<\/tr>\n<tr>\n<td height=\"17\">Dimensi\u00f3n<\/td>\n<td>Como imagen<\/td>\n<\/tr>\n<tr>\n<td height=\"17\">MOQ<\/td>\n<td>500 unidades<\/td>\n<\/tr>\n<tr>\n<td height=\"17\">A medida<\/td>\n<td>Color\/Tama\u00f1o\/Logotipo\/Embalaje<\/td>\n<\/tr>\n<\/tbody>\n<\/table>","protected":false},"featured_media":1004,"comment_status":"open","ping_status":"closed","template":"","meta":{"_acf_changed":true},"certification":[63,64,66,58,65,61,60,62,57],"product_brand":[],"product_cat":[34,18],"product_tag":[],"class_list":{"0":"post-1002","1":"product","2":"type-product","3":"status-publish","4":"has-post-thumbnail","6":"certification-amfori","7":"certification-bsci","8":"certification-cnas","9":"certification-fda","10":"certification-iaf","11":"certification-iso-14001","12":"certification-iso-45001","13":"certification-iso-9001","14":"certification-lfgb","15":"product_cat-custom-household-ceramics","16":"product_cat-ceramic-tableware-wholesale","18":"first","19":"instock","20":"shipping-taxable","21":"product-type-simple"},"acf":[],"_links":{"self":[{"href":"https:\/\/www.linkceramics.com\/es\/wp-json\/wp\/v2\/product\/1002","targetHints":{"allow":["GET"]}}],"collection":[{"href":"https:\/\/www.linkceramics.com\/es\/wp-json\/wp\/v2\/product"}],"about":[{"href":"https:\/\/www.linkceramics.com\/es\/wp-json\/wp\/v2\/types\/product"}],"replies":[{"embeddable":true,"href":"https:\/\/www.linkceramics.com\/es\/wp-json\/wp\/v2\/comments?post=1002"}],"wp:featuredmedia":[{"embeddable":true,"href":"https:\/\/www.linkceramics.com\/es\/wp-json\/wp\/v2\/media\/1004"}],"wp:attachment":[{"href":"https:\/\/www.linkceramics.com\/es\/wp-json\/wp\/v2\/media?parent=1002"}],"wp:term":[{"taxonomy":"certification","embeddable":true,"href":"https:\/\/www.linkceramics.com\/es\/wp-json\/wp\/v2\/certification?post=1002"},{"taxonomy":"product_brand","embeddable":true,"href":"https:\/\/www.linkceramics.com\/es\/wp-json\/wp\/v2\/product_brand?post=1002"},{"taxonomy":"product_cat","embeddable":true,"href":"https:\/\/www.linkceramics.com\/es\/wp-json\/wp\/v2\/product_cat?post=1002"},{"taxonomy":"product_tag","embeddable":true,"href":"https:\/\/www.linkceramics.com\/es\/wp-json\/wp\/v2\/product_tag?post=1002"}],"curies":[{"name":"wp","href":"https:\/\/api.w.org\/{rel}","templated":true}]}}