{"id":1009,"date":"2024-12-21T06:52:38","date_gmt":"2024-12-21T06:52:38","guid":{"rendered":"https:\/\/www.linkceramics.com\/?post_type=product&#038;p=1009"},"modified":"2024-12-21T06:52:40","modified_gmt":"2024-12-21T06:52:40","slug":"bulk-dinnerware-sets","status":"publish","type":"product","link":"https:\/\/www.linkceramics.com\/es\/product\/bulk-dinnerware-sets\/","title":{"rendered":"Vajillas a Granel, Vajillas de Estilo Japon\u00e9s para Izakayas"},"content":{"rendered":"<div class=\"wp-block-columns is-layout-flex wp-container-core-columns-is-layout-9d6595d7 wp-block-columns-is-layout-flex\">\n<div class=\"wp-block-column is-layout-flow wp-block-column-is-layout-flow\">\n<h3 class=\"wp-block-heading\">Vajillas a Granel Premium Caracter\u00edsticas:<\/h3>\n\n\n\n<ul class=\"wp-block-list\">\n<li><strong>Estilo japon\u00e9s:\u00a0<\/strong>Estas vajillas a granel est\u00e1n inspiradas en las izakayas japonesas, con un dise\u00f1o sencillo y elegante y l\u00edneas suaves, que reflejan la esencia de la est\u00e9tica tradicional japonesa.<\/li>\n\n\n\n<li><strong>Textura resistente:\u00a0<\/strong>Nuestras vajillas al por mayor est\u00e1n fabricadas en cer\u00e1mica de alta calidad, con una textura robusta, resistente al calor y duradera. La superficie lisa de la vajilla no solo es bonita, sino que tambi\u00e9n resiste los ara\u00f1azos y el desgaste, lo que garantiza que se mantenga como nueva tras un uso prolongado.<\/li>\n\n\n\n<li><strong>Vajilla completa:\u00a0<\/strong>Estos juegos de vajilla a granel incluyen una variedad de vajillas de uso com\u00fan, como cuencos, platos, salseras, etc., que pueden satisfacer las diversas necesidades de las izakayas y las comidas familiares diarias, ya se trate de sushi, ramen o guarniciones japonesas.<\/li>\n\n\n\n<li><strong>F\u00e1cil de limpiar:<\/strong>\u00a0El dise\u00f1o liso de la superficie de cer\u00e1mica de nuestros juegos de comedor al por mayor es f\u00e1cil de limpiar y puede eliminar r\u00e1pidamente los restos de comida. Es muy c\u00f3modo tanto si se lava a mano como en el lavavajillas.<\/li>\n<\/ul>\n<\/div>\n\n\n\n<div class=\"wp-block-column is-layout-flow wp-block-column-is-layout-flow\">\n<figure class=\"wp-block-image size-full\"><img decoding=\"async\" width=\"708\" height=\"708\" src=\"https:\/\/www.linkceramics.com\/wp-content\/uploads\/2024\/12\/Bulk-Dinnerware-Sets-Japanese-Style-Diner-Sets-For-Izakayas-4.webp\" alt=\"Vajilla-A Granel-Vajilla-Estilo-Japon\u00e9s-Vajilla-Para-Izakayas-4\" class=\"wp-image-1010\" srcset=\"https:\/\/www.linkceramics.com\/wp-content\/uploads\/2024\/12\/Bulk-Dinnerware-Sets-Japanese-Style-Diner-Sets-For-Izakayas-4.webp 708w, https:\/\/www.linkceramics.com\/wp-content\/uploads\/2024\/12\/Bulk-Dinnerware-Sets-Japanese-Style-Diner-Sets-For-Izakayas-4-300x300.webp 300w, https:\/\/www.linkceramics.com\/wp-content\/uploads\/2024\/12\/Bulk-Dinnerware-Sets-Japanese-Style-Diner-Sets-For-Izakayas-4-150x150.webp 150w, https:\/\/www.linkceramics.com\/wp-content\/uploads\/2024\/12\/Bulk-Dinnerware-Sets-Japanese-Style-Diner-Sets-For-Izakayas-4-600x600.webp 600w, https:\/\/www.linkceramics.com\/wp-content\/uploads\/2024\/12\/Bulk-Dinnerware-Sets-Japanese-Style-Diner-Sets-For-Izakayas-4-100x100.webp 100w\" sizes=\"(max-width: 708px) 100vw, 708px\" \/><\/figure>\n<\/div>\n<\/div>","protected":false},"excerpt":{"rendered":"<p>Bienvenido a la compra de vajillas al por mayor. Nuestras vajillas al por mayor de estilo japon\u00e9s tienen un aspecto elegante, gran durabilidad y versatilidad. Tanto si se utiliza para izakayas, restaurantes o cenas familiares, puede proporcionar soluciones pr\u00e1cticas y hermosas para mejorar la experiencia gastron\u00f3mica en general.<\/p>\n<h2>Vajillas Par\u00e1metros<\/h2>\n<table border=\"0\" width=\"309\" cellspacing=\"0\" cellpadding=\"0\">\n<tbody>\n<tr>\n<td class=\"et3\" width=\"120\" height=\"17\">Fabricante<\/td>\n<td class=\"et3\" width=\"189\">Yongjian<\/td>\n<\/tr>\n<tr>\n<td class=\"et3\" height=\"18\">N\u00ba de modelo<\/td>\n<td class=\"et4\" width=\"189\">YJ-054<\/td>\n<\/tr>\n<tr>\n<td class=\"et5\" width=\"120\" height=\"18\">Tipo de vajilla<\/td>\n<td class=\"et5\" width=\"189\">Bandejas, Platos, Cuencos<\/td>\n<\/tr>\n<tr>\n<td class=\"et3\" height=\"17\">T\u00e9cnica<\/td>\n<td class=\"et3\">Efecto esmaltado en horno<\/td>\n<\/tr>\n<tr>\n<td class=\"et3\" height=\"17\">Material<\/td>\n<td class=\"et3\">Porcelana<\/td>\n<\/tr>\n<tr>\n<td class=\"et6\" height=\"36\">Aplicable<\/td>\n<td class=\"et5\" width=\"189\">Esterilizador, Lavavajillas, Horno, Microondas<\/td>\n<\/tr>\n<tr>\n<td class=\"et3\" height=\"17\">Dimensi\u00f3n<\/td>\n<td class=\"et3\">Como imagen<\/td>\n<\/tr>\n<tr>\n<td class=\"et3\" height=\"17\">MOQ<\/td>\n<td class=\"et3\">500 unidades<\/td>\n<\/tr>\n<tr>\n<td class=\"et3\" height=\"17\">A medida<\/td>\n<td class=\"et3\">Color\/Tama\u00f1o\/Logotipo\/Embalaje<\/td>\n<\/tr>\n<\/tbody>\n<\/table>","protected":false},"featured_media":1012,"comment_status":"open","ping_status":"closed","template":"","meta":{"_acf_changed":true},"certification":[63,64,66,58,65,61,60,62,57],"product_brand":[],"product_cat":[34,18],"product_tag":[],"class_list":{"0":"post-1009","1":"product","2":"type-product","3":"status-publish","4":"has-post-thumbnail","6":"certification-amfori","7":"certification-bsci","8":"certification-cnas","9":"certification-fda","10":"certification-iaf","11":"certification-iso-14001","12":"certification-iso-45001","13":"certification-iso-9001","14":"certification-lfgb","15":"product_cat-custom-household-ceramics","16":"product_cat-ceramic-tableware-wholesale","18":"first","19":"instock","20":"shipping-taxable","21":"product-type-simple"},"acf":[],"_links":{"self":[{"href":"https:\/\/www.linkceramics.com\/es\/wp-json\/wp\/v2\/product\/1009","targetHints":{"allow":["GET"]}}],"collection":[{"href":"https:\/\/www.linkceramics.com\/es\/wp-json\/wp\/v2\/product"}],"about":[{"href":"https:\/\/www.linkceramics.com\/es\/wp-json\/wp\/v2\/types\/product"}],"replies":[{"embeddable":true,"href":"https:\/\/www.linkceramics.com\/es\/wp-json\/wp\/v2\/comments?post=1009"}],"wp:featuredmedia":[{"embeddable":true,"href":"https:\/\/www.linkceramics.com\/es\/wp-json\/wp\/v2\/media\/1012"}],"wp:attachment":[{"href":"https:\/\/www.linkceramics.com\/es\/wp-json\/wp\/v2\/media?parent=1009"}],"wp:term":[{"taxonomy":"certification","embeddable":true,"href":"https:\/\/www.linkceramics.com\/es\/wp-json\/wp\/v2\/certification?post=1009"},{"taxonomy":"product_brand","embeddable":true,"href":"https:\/\/www.linkceramics.com\/es\/wp-json\/wp\/v2\/product_brand?post=1009"},{"taxonomy":"product_cat","embeddable":true,"href":"https:\/\/www.linkceramics.com\/es\/wp-json\/wp\/v2\/product_cat?post=1009"},{"taxonomy":"product_tag","embeddable":true,"href":"https:\/\/www.linkceramics.com\/es\/wp-json\/wp\/v2\/product_tag?post=1009"}],"curies":[{"name":"wp","href":"https:\/\/api.w.org\/{rel}","templated":true}]}}