{"id":1026,"date":"2024-12-10T03:14:54","date_gmt":"2024-12-10T03:14:54","guid":{"rendered":"https:\/\/www.linkceramics.com\/?post_type=product&#038;p=1026"},"modified":"2024-12-10T03:14:55","modified_gmt":"2024-12-10T03:14:55","slug":"dinnerware-wholesale","status":"publish","type":"product","link":"https:\/\/www.linkceramics.com\/es\/product\/dinnerware-wholesale\/","title":{"rendered":"Vajilla Moderna al por mayor, Platos, fuentes y tazas"},"content":{"rendered":"<div class=\"wp-block-columns is-layout-flex wp-container-core-columns-is-layout-9d6595d7 wp-block-columns-is-layout-flex\">\n<div class=\"wp-block-column is-layout-flow wp-block-column-is-layout-flow\">\n<h3 class=\"wp-block-heading\">Vajilla Premium al por mayor Caracter\u00edsticas:<\/h3>\n\n\n\n<ul class=\"wp-block-list\">\n<li><strong>Dise\u00f1o \u00fanico:<\/strong>\u00a0Nuestra vajilla moderna al por mayor de la serie Campo de Trigo adopta la textura de la imitaci\u00f3n de madera natural a la deriva, con un efecto de grano de madera real en la superficie, combinado con tonos marrones terrosos, dando a la mesa de comedor un ambiente primitivo y natural, haciendo que la experiencia de comer est\u00e9 m\u00e1s cerca de la naturaleza.<\/li>\n\n\n\n<li><strong>Patr\u00f3n especial de anillos anuales:<\/strong>\u00a0Los platos y cuencos de esta serie de vajillas al por mayor utilizan el dise\u00f1o de anillos de \u00e1rboles, que a\u00f1ade capas visuales y arte. Cada pieza de la vajilla es como una obra de arte de la naturaleza, adecuada para restaurantes y familias que desean a\u00f1adir un estilo natural.<\/li>\n\n\n\n<li><strong>Alta calidad:\u00a0<\/strong>Nuestra vajilla moderna al por mayor no s\u00f3lo tiene un bonito aspecto, sino que tambi\u00e9n utiliza cer\u00e1mica de alta calidad con una excelente resistencia al calor, a los ara\u00f1azos y a las grietas, lo que garantiza su seguridad y durabilidad para el uso diario.<\/li>\n\n\n\n<li><strong>Juego vers\u00e1til:\u00a0<\/strong>Nuestra vajilla al por mayor ofrece una gran variedad de opciones, como bandejas, fuentes, platos, cuencos, tazas y cucharas, que pueden satisfacer las necesidades de diversas ocasiones y usos, ya se trate de cenas diarias, reuniones familiares o banquetes formales, puede combinarse f\u00e1cilmente.<\/li>\n<\/ul>\n<\/div>\n\n\n\n<div class=\"wp-block-column is-layout-flow wp-block-column-is-layout-flow\">\n<figure class=\"wp-block-image size-full\"><img decoding=\"async\" width=\"800\" height=\"800\" src=\"https:\/\/www.linkceramics.com\/wp-content\/uploads\/2024\/12\/Modern-Dinnerware-Wholesale-Platters-Plates-Bowls-Cups-6.webp\" alt=\"Modern-Dinnerware-Wholesale-Platters-Platos-Bowls-Cups-6\" class=\"wp-image-1031\" srcset=\"https:\/\/www.linkceramics.com\/wp-content\/uploads\/2024\/12\/Modern-Dinnerware-Wholesale-Platters-Plates-Bowls-Cups-6.webp 800w, https:\/\/www.linkceramics.com\/wp-content\/uploads\/2024\/12\/Modern-Dinnerware-Wholesale-Platters-Plates-Bowls-Cups-6-300x300.webp 300w, https:\/\/www.linkceramics.com\/wp-content\/uploads\/2024\/12\/Modern-Dinnerware-Wholesale-Platters-Plates-Bowls-Cups-6-150x150.webp 150w, https:\/\/www.linkceramics.com\/wp-content\/uploads\/2024\/12\/Modern-Dinnerware-Wholesale-Platters-Plates-Bowls-Cups-6-768x768.webp 768w, https:\/\/www.linkceramics.com\/wp-content\/uploads\/2024\/12\/Modern-Dinnerware-Wholesale-Platters-Plates-Bowls-Cups-6-600x600.webp 600w, https:\/\/www.linkceramics.com\/wp-content\/uploads\/2024\/12\/Modern-Dinnerware-Wholesale-Platters-Plates-Bowls-Cups-6-100x100.webp 100w\" sizes=\"(max-width: 800px) 100vw, 800px\" \/><\/figure>\n<\/div>\n<\/div>","protected":false},"excerpt":{"rendered":"<p>Bienvenido a comprar vajillas al por mayor. Esta moderna serie de vajilla al por mayor a\u00f1ade belleza natural y r\u00fastica al entorno de comedor imitando la textura de la madera flotante en la naturaleza y el dise\u00f1o \u00fanico del anillo del \u00e1rbol. No s\u00f3lo es hermosa, sino tambi\u00e9n pr\u00e1ctica y duradera, por lo que es una opci\u00f3n ideal para restaurantes y hogares.<\/p>\n<table border=\"0\" width=\"309\" cellspacing=\"0\" cellpadding=\"0\">\n<tbody>\n<tr>\n<td width=\"120\" height=\"17\">Fabricante<\/td>\n<td width=\"189\">Yongjian<\/td>\n<\/tr>\n<tr>\n<td height=\"18\">N\u00ba de modelo<\/td>\n<td width=\"189\">YJ-052<\/td>\n<\/tr>\n<tr>\n<td height=\"17\">Vajillas<\/td>\n<td>Campo de trigo<\/td>\n<\/tr>\n<tr>\n<td width=\"120\" height=\"36\">Tipo de vajilla<\/td>\n<td width=\"189\">Platos, cuencos, cucharas, tazas<\/td>\n<\/tr>\n<tr>\n<td height=\"17\">T\u00e9cnica<\/td>\n<td>Efecto esmaltado en horno<\/td>\n<\/tr>\n<tr>\n<td height=\"17\">Material<\/td>\n<td>Porcelana<\/td>\n<\/tr>\n<tr>\n<td height=\"36\">Aplicable<\/td>\n<td width=\"189\">Esterilizador, Lavavajillas, Horno, Microondas<\/td>\n<\/tr>\n<tr>\n<td height=\"17\">Dimensi\u00f3n<\/td>\n<td>Como imagen<\/td>\n<\/tr>\n<tr>\n<td height=\"17\">MOQ<\/td>\n<td>500 unidades<\/td>\n<\/tr>\n<tr>\n<td height=\"17\">A medida<\/td>\n<td>Color\/Tama\u00f1o\/Logotipo\/Embalaje<\/td>\n<\/tr>\n<\/tbody>\n<\/table>","protected":false},"featured_media":1030,"comment_status":"open","ping_status":"closed","template":"","meta":{"_acf_changed":true},"certification":[63,64,66,58,65,61,60,62,57],"product_brand":[],"product_cat":[34,18,19],"product_tag":[],"class_list":{"0":"post-1026","1":"product","2":"type-product","3":"status-publish","4":"has-post-thumbnail","6":"certification-amfori","7":"certification-bsci","8":"certification-cnas","9":"certification-fda","10":"certification-iaf","11":"certification-iso-14001","12":"certification-iso-45001","13":"certification-iso-9001","14":"certification-lfgb","15":"product_cat-custom-household-ceramics","16":"product_cat-ceramic-tableware-wholesale","17":"product_cat-ceramic-tea-set-wholesale","19":"first","20":"instock","21":"shipping-taxable","22":"product-type-simple"},"acf":[],"_links":{"self":[{"href":"https:\/\/www.linkceramics.com\/es\/wp-json\/wp\/v2\/product\/1026","targetHints":{"allow":["GET"]}}],"collection":[{"href":"https:\/\/www.linkceramics.com\/es\/wp-json\/wp\/v2\/product"}],"about":[{"href":"https:\/\/www.linkceramics.com\/es\/wp-json\/wp\/v2\/types\/product"}],"replies":[{"embeddable":true,"href":"https:\/\/www.linkceramics.com\/es\/wp-json\/wp\/v2\/comments?post=1026"}],"wp:featuredmedia":[{"embeddable":true,"href":"https:\/\/www.linkceramics.com\/es\/wp-json\/wp\/v2\/media\/1030"}],"wp:attachment":[{"href":"https:\/\/www.linkceramics.com\/es\/wp-json\/wp\/v2\/media?parent=1026"}],"wp:term":[{"taxonomy":"certification","embeddable":true,"href":"https:\/\/www.linkceramics.com\/es\/wp-json\/wp\/v2\/certification?post=1026"},{"taxonomy":"product_brand","embeddable":true,"href":"https:\/\/www.linkceramics.com\/es\/wp-json\/wp\/v2\/product_brand?post=1026"},{"taxonomy":"product_cat","embeddable":true,"href":"https:\/\/www.linkceramics.com\/es\/wp-json\/wp\/v2\/product_cat?post=1026"},{"taxonomy":"product_tag","embeddable":true,"href":"https:\/\/www.linkceramics.com\/es\/wp-json\/wp\/v2\/product_tag?post=1026"}],"curies":[{"name":"wp","href":"https:\/\/api.w.org\/{rel}","templated":true}]}}