{"id":1032,"date":"2024-12-10T03:15:23","date_gmt":"2024-12-10T03:15:23","guid":{"rendered":"https:\/\/www.linkceramics.com\/?post_type=product&#038;p=1032"},"modified":"2024-12-10T03:15:25","modified_gmt":"2024-12-10T03:15:25","slug":"tea-cups-with-saucers-wholesale","status":"publish","type":"product","link":"https:\/\/www.linkceramics.com\/es\/product\/tea-cups-with-saucers-wholesale\/","title":{"rendered":"Tazas De T\u00e9 De Porcelana Con Platillo Al Por Mayor, Tazas De Caf\u00e9 Al Por Mayor"},"content":{"rendered":"<div class=\"wp-block-columns is-layout-flex wp-container-core-columns-is-layout-9d6595d7 wp-block-columns-is-layout-flex\">\n<div class=\"wp-block-column is-layout-flow wp-block-column-is-layout-flow\">\n<h3 class=\"wp-block-heading\">Tazas De T\u00e9 Premium Con Platillo Al Por Mayor Caracter\u00edsticas:<\/h3>\n\n\n\n<ul class=\"wp-block-list\">\n<li><strong>Diversas opciones de color:\u00a0<\/strong>Nuestras tazas de t\u00e9 con platillos al por mayor ofrecen 10 opciones de color diferentes para satisfacer las necesidades de diferentes clientes, a\u00f1adiendo color y personalidad a la mesa de comedor, adecuado para una variedad de estilos decorativos y ocasiones.<\/li>\n\n\n\n<li><strong>Excelente durabilidad:\u00a0<\/strong>Estas tazas de caf\u00e9 al por mayor al por mayor est\u00e1n hechas de cer\u00e1mica de alta calidad, con una excelente resistencia al calor y durabilidad, superficie lisa y delicada, no es f\u00e1cil de rayar o se desvanecen, asegurando que se mantienen como nuevos despu\u00e9s de su uso a largo plazo.<\/li>\n\n\n\n<li><strong>Dise\u00f1o exquisito:\u00a0<\/strong>Nuestras tazas de t\u00e9 con platillos al por mayor tienen un dise\u00f1o exquisito y una forma elegante. Son adecuadas para banquetes formales y cafeter\u00edas, y tambi\u00e9n son ideales para la hora diaria del t\u00e9 y el caf\u00e9 en casa, mejorando la experiencia gastron\u00f3mica.<\/li>\n\n\n\n<li><strong>F\u00e1cil de limpiar y mantener:\u00a0<\/strong>La superficie de estas tazas de caf\u00e9 al por mayor a granel no se adhiere f\u00e1cilmente a las manchas, es f\u00e1cil de limpiar, se puede lavar a mano o meter en el lavavajillas, y su mantenimiento es sencillo y ahorra tiempo.<\/li>\n<\/ul>\n<\/div>\n\n\n\n<div class=\"wp-block-column is-layout-flow wp-block-column-is-layout-flow\">\n<figure class=\"wp-block-image size-full\"><img decoding=\"async\" width=\"800\" height=\"800\" src=\"https:\/\/www.linkceramics.com\/wp-content\/uploads\/2024\/12\/Porcelain-Tea-Cups-With-Saucers-Wholesale-Coffee-Cups-Bulk-4.webp\" alt=\"Tazas-de-T\u00e9-de-Porcelana-Con-Cacillo-Mayorista-Tazas-de-Caf\u00e9-Granel-4\" class=\"wp-image-1036\" srcset=\"https:\/\/www.linkceramics.com\/wp-content\/uploads\/2024\/12\/Porcelain-Tea-Cups-With-Saucers-Wholesale-Coffee-Cups-Bulk-4.webp 800w, https:\/\/www.linkceramics.com\/wp-content\/uploads\/2024\/12\/Porcelain-Tea-Cups-With-Saucers-Wholesale-Coffee-Cups-Bulk-4-300x300.webp 300w, https:\/\/www.linkceramics.com\/wp-content\/uploads\/2024\/12\/Porcelain-Tea-Cups-With-Saucers-Wholesale-Coffee-Cups-Bulk-4-150x150.webp 150w, https:\/\/www.linkceramics.com\/wp-content\/uploads\/2024\/12\/Porcelain-Tea-Cups-With-Saucers-Wholesale-Coffee-Cups-Bulk-4-768x768.webp 768w, https:\/\/www.linkceramics.com\/wp-content\/uploads\/2024\/12\/Porcelain-Tea-Cups-With-Saucers-Wholesale-Coffee-Cups-Bulk-4-600x600.webp 600w, https:\/\/www.linkceramics.com\/wp-content\/uploads\/2024\/12\/Porcelain-Tea-Cups-With-Saucers-Wholesale-Coffee-Cups-Bulk-4-100x100.webp 100w\" sizes=\"(max-width: 800px) 100vw, 800px\" \/><\/figure>\n<\/div>\n<\/div>","protected":false},"excerpt":{"rendered":"<p>Bienvenido a comprar tazas de caf\u00e9 de cer\u00e1mica al por mayor. Estas tazas de t\u00e9 con platillos al por mayor tienen una variedad de opciones de color, y el exquisito dise\u00f1o a\u00f1ade elegancia y estilo al entorno de comedor. Ya sea para uso diario o comercial, estas tazas de t\u00e9 con platillos pueden proporcionar una excelente experiencia.<\/p>\n<h2>Tazas de t\u00e9 con platillos Par\u00e1metro<\/h2>\n<table border=\"0\" width=\"275\" cellspacing=\"0\" cellpadding=\"0\">\n<tbody>\n<tr>\n<td width=\"108\" height=\"17\">Fabricante<\/td>\n<td width=\"167\">Yongjian<\/td>\n<\/tr>\n<tr>\n<td height=\"18\">N\u00ba de modelo<\/td>\n<td width=\"167\">YJ-048<\/td>\n<\/tr>\n<tr>\n<td height=\"17\">Tipo de producto<\/td>\n<td>Tazas y platillos<\/td>\n<\/tr>\n<tr>\n<td height=\"17\">Material<\/td>\n<td>Porcelana<\/td>\n<\/tr>\n<tr>\n<td height=\"17\">Color<\/td>\n<td>Como imagen<\/td>\n<\/tr>\n<tr>\n<td height=\"36\">Dimensi\u00f3n<\/td>\n<td width=\"167\">Taza:10.3*7<br \/>Platillo:15*15<\/td>\n<\/tr>\n<tr>\n<td height=\"17\">MOQ<\/td>\n<td>500 unidades<\/td>\n<\/tr>\n<tr>\n<td height=\"17\">A medida<\/td>\n<td>Color\/Tama\u00f1o\/Logotipo\/Embalaje<\/td>\n<\/tr>\n<\/tbody>\n<\/table>\n<p>&nbsp;<\/p>","protected":false},"featured_media":1035,"comment_status":"open","ping_status":"closed","template":"","meta":{"_acf_changed":true},"certification":[63,64,66,58,65,61,60,62,57],"product_brand":[],"product_cat":[34,19],"product_tag":[],"class_list":{"0":"post-1032","1":"product","2":"type-product","3":"status-publish","4":"has-post-thumbnail","6":"certification-amfori","7":"certification-bsci","8":"certification-cnas","9":"certification-fda","10":"certification-iaf","11":"certification-iso-14001","12":"certification-iso-45001","13":"certification-iso-9001","14":"certification-lfgb","15":"product_cat-custom-household-ceramics","16":"product_cat-ceramic-tea-set-wholesale","18":"first","19":"instock","20":"shipping-taxable","21":"product-type-simple"},"acf":[],"_links":{"self":[{"href":"https:\/\/www.linkceramics.com\/es\/wp-json\/wp\/v2\/product\/1032","targetHints":{"allow":["GET"]}}],"collection":[{"href":"https:\/\/www.linkceramics.com\/es\/wp-json\/wp\/v2\/product"}],"about":[{"href":"https:\/\/www.linkceramics.com\/es\/wp-json\/wp\/v2\/types\/product"}],"replies":[{"embeddable":true,"href":"https:\/\/www.linkceramics.com\/es\/wp-json\/wp\/v2\/comments?post=1032"}],"wp:featuredmedia":[{"embeddable":true,"href":"https:\/\/www.linkceramics.com\/es\/wp-json\/wp\/v2\/media\/1035"}],"wp:attachment":[{"href":"https:\/\/www.linkceramics.com\/es\/wp-json\/wp\/v2\/media?parent=1032"}],"wp:term":[{"taxonomy":"certification","embeddable":true,"href":"https:\/\/www.linkceramics.com\/es\/wp-json\/wp\/v2\/certification?post=1032"},{"taxonomy":"product_brand","embeddable":true,"href":"https:\/\/www.linkceramics.com\/es\/wp-json\/wp\/v2\/product_brand?post=1032"},{"taxonomy":"product_cat","embeddable":true,"href":"https:\/\/www.linkceramics.com\/es\/wp-json\/wp\/v2\/product_cat?post=1032"},{"taxonomy":"product_tag","embeddable":true,"href":"https:\/\/www.linkceramics.com\/es\/wp-json\/wp\/v2\/product_tag?post=1032"}],"curies":[{"name":"wp","href":"https:\/\/api.w.org\/{rel}","templated":true}]}}