{"id":1039,"date":"2024-12-21T06:54:59","date_gmt":"2024-12-21T06:54:59","guid":{"rendered":"https:\/\/www.linkceramics.com\/?post_type=product&#038;p=1039"},"modified":"2024-12-21T06:55:43","modified_gmt":"2024-12-21T06:55:43","slug":"bulk-soup-spoons","status":"publish","type":"product","link":"https:\/\/www.linkceramics.com\/es\/product\/bulk-soup-spoons\/","title":{"rendered":"Cucharas de sopa a granel, Cucharas de cer\u00e1mica para catering al por mayor"},"content":{"rendered":"<div class=\"wp-block-columns is-layout-flex wp-container-core-columns-is-layout-9d6595d7 wp-block-columns-is-layout-flex\">\n<div class=\"wp-block-column is-layout-flow wp-block-column-is-layout-flow\">\n<h3 class=\"wp-block-heading\">Cucharas soperas a granel Premium Caracter\u00edsticas:<\/h3>\n\n\n\n<ul class=\"wp-block-list\">\n<li><strong>Suave y delicado:\u00a0<\/strong>Estas cucharas soperas a granel est\u00e1n fabricadas en cer\u00e1mica de alta calidad, con una excelente resistencia al calor y durabilidad, superficie lisa y delicada, y mantienen un buen aspecto y textura tras un uso prolongado, lo que resulta muy adecuado para el sector de la restauraci\u00f3n comercial.<\/li>\n\n\n\n<li><strong>Sujeci\u00f3n c\u00f3moda:<\/strong>\u00a0El dise\u00f1o de nuestras cucharas de cer\u00e1mica al por mayor es ergon\u00f3mico, con un mango de longitud moderada y c\u00f3modo agarre, lo que facilita la tarea de servir y disfrutar de diversas sopas y guisos, mejorando la comodidad de la comida.<\/li>\n\n\n\n<li><strong>Dise\u00f1o sencillo:\u00a0<\/strong>Estas cucharas soperas a granel tienen un dise\u00f1o sencillo y generoso, adecuado para servicios de mesa en diversas ocasiones y estilos, ya sea un banquete formal o una cena diaria.<\/li>\n\n\n\n<li><strong>Apto para lavavajillas:\u00a0<\/strong>Nuestras cucharas de cer\u00e1mica al por mayor tienen una superficie lisa y no es f\u00e1cil que dejen restos de comida. Son f\u00e1ciles de limpiar y mantener, y admiten el lavado a mano y en lavavajillas. Son ideales para entornos de restauraci\u00f3n muy concurridos para garantizar los est\u00e1ndares de higiene.<\/li>\n<\/ul>\n<\/div>\n\n\n\n<div class=\"wp-block-column is-layout-flow wp-block-column-is-layout-flow\">\n<figure class=\"wp-block-image size-full\"><img decoding=\"async\" width=\"750\" height=\"750\" src=\"https:\/\/www.linkceramics.com\/wp-content\/uploads\/2024\/12\/Bulk-Soup-Spoons-Catering-Ceramic-Spoons-at-Wholesale-Price-7.webp\" alt=\"Cucharas de sopa a granel - Cucharas de cer\u00e1mica para catering - Precio al por mayor - 7\" class=\"wp-image-1043\" srcset=\"https:\/\/www.linkceramics.com\/wp-content\/uploads\/2024\/12\/Bulk-Soup-Spoons-Catering-Ceramic-Spoons-at-Wholesale-Price-7.webp 750w, https:\/\/www.linkceramics.com\/wp-content\/uploads\/2024\/12\/Bulk-Soup-Spoons-Catering-Ceramic-Spoons-at-Wholesale-Price-7-300x300.webp 300w, https:\/\/www.linkceramics.com\/wp-content\/uploads\/2024\/12\/Bulk-Soup-Spoons-Catering-Ceramic-Spoons-at-Wholesale-Price-7-150x150.webp 150w, https:\/\/www.linkceramics.com\/wp-content\/uploads\/2024\/12\/Bulk-Soup-Spoons-Catering-Ceramic-Spoons-at-Wholesale-Price-7-600x600.webp 600w, https:\/\/www.linkceramics.com\/wp-content\/uploads\/2024\/12\/Bulk-Soup-Spoons-Catering-Ceramic-Spoons-at-Wholesale-Price-7-100x100.webp 100w\" sizes=\"(max-width: 750px) 100vw, 750px\" \/><\/figure>\n<\/div>\n<\/div>","protected":false},"excerpt":{"rendered":"<p>Bienvenido a comprar cucharas de cer\u00e1mica a granel. Estas cucharas soperas a granel son ideales para la hosteler\u00eda y las cenas en casa gracias a sus materiales de alta calidad, su c\u00f3modo dise\u00f1o y su aspecto sencillo y bonito. F\u00e1ciles de limpiar y mantener, son una elecci\u00f3n de cubiertos pr\u00e1ctica y bonita.<\/p>\n<h2>Cucharas soperas Par\u00e1metro<\/h2>\n<table border=\"0\" width=\"275\" cellspacing=\"0\" cellpadding=\"0\">\n<tbody>\n<tr>\n<td width=\"108\" height=\"17\">Fabricante<\/td>\n<td width=\"167\">Yongjian<\/td>\n<\/tr>\n<tr>\n<td height=\"18\">N\u00ba de modelo<\/td>\n<td width=\"167\">YJ-050<\/td>\n<\/tr>\n<tr>\n<td height=\"17\">Tipo de producto<\/td>\n<td>Cucharas soperas<\/td>\n<\/tr>\n<tr>\n<td height=\"17\">Material<\/td>\n<td>Porcelana<\/td>\n<\/tr>\n<tr>\n<td height=\"17\">Color<\/td>\n<td>Blanco\/Negro<\/td>\n<\/tr>\n<tr>\n<td height=\"17\">Dimensi\u00f3n<\/td>\n<td>13.5*3.5<\/td>\n<\/tr>\n<tr>\n<td height=\"17\">MOQ<\/td>\n<td>500 unidades<\/td>\n<\/tr>\n<tr>\n<td height=\"17\">A medida<\/td>\n<td>Color\/Tama\u00f1o\/Logotipo\/Embalaje<\/td>\n<\/tr>\n<\/tbody>\n<\/table>\n<p>&nbsp;<\/p>","protected":false},"featured_media":1042,"comment_status":"open","ping_status":"closed","template":"","meta":{"_acf_changed":true},"certification":[63,64,66,58,65,61,60,62,57],"product_brand":[],"product_cat":[34,18],"product_tag":[],"class_list":{"0":"post-1039","1":"product","2":"type-product","3":"status-publish","4":"has-post-thumbnail","6":"certification-amfori","7":"certification-bsci","8":"certification-cnas","9":"certification-fda","10":"certification-iaf","11":"certification-iso-14001","12":"certification-iso-45001","13":"certification-iso-9001","14":"certification-lfgb","15":"product_cat-custom-household-ceramics","16":"product_cat-ceramic-tableware-wholesale","18":"first","19":"instock","20":"shipping-taxable","21":"product-type-simple"},"acf":[],"_links":{"self":[{"href":"https:\/\/www.linkceramics.com\/es\/wp-json\/wp\/v2\/product\/1039","targetHints":{"allow":["GET"]}}],"collection":[{"href":"https:\/\/www.linkceramics.com\/es\/wp-json\/wp\/v2\/product"}],"about":[{"href":"https:\/\/www.linkceramics.com\/es\/wp-json\/wp\/v2\/types\/product"}],"replies":[{"embeddable":true,"href":"https:\/\/www.linkceramics.com\/es\/wp-json\/wp\/v2\/comments?post=1039"}],"wp:featuredmedia":[{"embeddable":true,"href":"https:\/\/www.linkceramics.com\/es\/wp-json\/wp\/v2\/media\/1042"}],"wp:attachment":[{"href":"https:\/\/www.linkceramics.com\/es\/wp-json\/wp\/v2\/media?parent=1039"}],"wp:term":[{"taxonomy":"certification","embeddable":true,"href":"https:\/\/www.linkceramics.com\/es\/wp-json\/wp\/v2\/certification?post=1039"},{"taxonomy":"product_brand","embeddable":true,"href":"https:\/\/www.linkceramics.com\/es\/wp-json\/wp\/v2\/product_brand?post=1039"},{"taxonomy":"product_cat","embeddable":true,"href":"https:\/\/www.linkceramics.com\/es\/wp-json\/wp\/v2\/product_cat?post=1039"},{"taxonomy":"product_tag","embeddable":true,"href":"https:\/\/www.linkceramics.com\/es\/wp-json\/wp\/v2\/product_tag?post=1039"}],"curies":[{"name":"wp","href":"https:\/\/api.w.org\/{rel}","templated":true}]}}