{"id":1616,"date":"2024-12-21T07:48:40","date_gmt":"2024-12-21T07:48:40","guid":{"rendered":"https:\/\/www.linkceramics.com\/?post_type=product&#038;p=1616"},"modified":"2024-12-24T10:07:37","modified_gmt":"2024-12-24T10:07:37","slug":"tea-cups-and-saucers-wholesale","status":"publish","type":"product","link":"https:\/\/www.linkceramics.com\/es\/product\/tea-cups-and-saucers-wholesale\/","title":{"rendered":"Tazas de t\u00e9 y platillos de cer\u00e1mica al por mayor a precios al por mayor"},"content":{"rendered":"<div class=\"wp-block-columns is-layout-flex wp-container-core-columns-is-layout-9d6595d7 wp-block-columns-is-layout-flex\">\n<div class=\"wp-block-column is-layout-flow wp-block-column-is-layout-flow\" style=\"flex-basis:66.66%\">\n<h3 class=\"wp-block-heading\">Tazas de T\u00e9 y Platillos Premium al por mayor Caracter\u00edsticas:<\/h3>\n\n\n\n<ul class=\"wp-block-list\">\n<li><strong>Duradera:<\/strong>&nbsp;Nuestras tazas y platillos de t\u00e9 al por mayor est\u00e1n fabricados en cer\u00e1mica de alta calidad, resistente a las altas temperaturas y a las grietas, con superficies lisas y delicadas, antiincrustantes y f\u00e1ciles de limpiar, y pueden permanecer brillantes y nuevos tras un uso prolongado.<\/li>\n\n\n\n<li><strong>Dise\u00f1o exquisito:&nbsp;<\/strong>El dise\u00f1o de estas tazas de t\u00e9 a granel suministradas por la f\u00e1brica presta atenci\u00f3n a los detalles, con formas elegantes y generosas, exquisitas y \u00fanicas, que a\u00f1aden elegancia y sabor al entorno del comedor, y es una opci\u00f3n ideal para reuniones familiares, ceremonias del t\u00e9 y banquetes formales.<\/li>\n\n\n\n<li><strong>Tacto c\u00f3modo:&nbsp;<\/strong>El dise\u00f1o de nuestras tazas y platillos de t\u00e9 al por mayor es ergon\u00f3mico, c\u00f3modo de sostener, y el tama\u00f1o del platillo es moderado, f\u00e1cil de sujetar, lo que permite disfrutar mejor del t\u00e9 y el caf\u00e9.<\/li>\n\n\n\n<li><strong>Variedad de colores:&nbsp;<\/strong>Proporcionamos una variedad de opciones de color para las tazas de t\u00e9 a granel para satisfacer las necesidades de diferentes estilos y ocasiones, adecuadas para varios estilos de decoraci\u00f3n de restaurantes y hogares.<\/li>\n<\/ul>\n<\/div>\n\n\n\n<div class=\"wp-block-column is-layout-flow wp-block-column-is-layout-flow\" style=\"flex-basis:33.33%\">\n<figure class=\"wp-block-image size-full\"><img decoding=\"async\" width=\"800\" height=\"800\" src=\"https:\/\/www.linkceramics.com\/wp-content\/uploads\/2024\/12\/Premium-Ceramic-Tea-Cups-and-Saucers-Wholesale-at-Bulk-Price-3-1.webp\" alt=\"Premium-Ceramic-Tea-Cups-and-Saucers-Wholesale-at-Bulk-Price-3-1\" class=\"wp-image-1620\" srcset=\"https:\/\/www.linkceramics.com\/wp-content\/uploads\/2024\/12\/Premium-Ceramic-Tea-Cups-and-Saucers-Wholesale-at-Bulk-Price-3-1.webp 800w, https:\/\/www.linkceramics.com\/wp-content\/uploads\/2024\/12\/Premium-Ceramic-Tea-Cups-and-Saucers-Wholesale-at-Bulk-Price-3-1-300x300.webp 300w, https:\/\/www.linkceramics.com\/wp-content\/uploads\/2024\/12\/Premium-Ceramic-Tea-Cups-and-Saucers-Wholesale-at-Bulk-Price-3-1-150x150.webp 150w, https:\/\/www.linkceramics.com\/wp-content\/uploads\/2024\/12\/Premium-Ceramic-Tea-Cups-and-Saucers-Wholesale-at-Bulk-Price-3-1-768x768.webp 768w, https:\/\/www.linkceramics.com\/wp-content\/uploads\/2024\/12\/Premium-Ceramic-Tea-Cups-and-Saucers-Wholesale-at-Bulk-Price-3-1-600x600.webp 600w, https:\/\/www.linkceramics.com\/wp-content\/uploads\/2024\/12\/Premium-Ceramic-Tea-Cups-and-Saucers-Wholesale-at-Bulk-Price-3-1-100x100.webp 100w\" sizes=\"(max-width: 800px) 100vw, 800px\" \/><\/figure>\n<\/div>\n<\/div>","protected":false},"excerpt":{"rendered":"<div id=\"brxe-0ee1ca\" class=\"brxe-product-meta product_meta\">Bienvenido a comprar tazas y platillos de cer\u00e1mica. Nuestras tazas y platillos de t\u00e9 al por mayor se han convertido en un elemento imprescindible para las ceremonias del t\u00e9, las cafeter\u00edas y el catering gracias a sus materiales de alta calidad, sus exquisitos dise\u00f1os y sus diversas opciones de color. Ya sea para uso diario en casa o para compras al por mayor en restaurantes y casas de t\u00e9 de alta gama, pueden mejorar la experiencia de tomar el t\u00e9.<\/div>\n<div id=\"brxe-8c5ca9\" class=\"brxe-product-short-description\">\n<div class=\"woocommerce-product-details__short-description\">\n<h2>Tazas de t\u00e9 y platillos Especificaciones:<\/h2>\n<table border=\"0\" width=\"542\" cellspacing=\"0\" cellpadding=\"0\">\n<tbody>\n<tr>\n<td width=\"271\" height=\"24\">Fabricante<\/td>\n<td width=\"271\">Yongjian<\/td>\n<\/tr>\n<tr>\n<td width=\"271\" height=\"24\">N\u00ba de modelo<\/td>\n<td width=\"271\">YJ-047<\/td>\n<\/tr>\n<tr>\n<td width=\"271\" height=\"24\">Tipo de producto<\/td>\n<td width=\"271\">Tazas y platillos<\/td>\n<\/tr>\n<tr>\n<td width=\"271\" height=\"24\">Material<\/td>\n<td width=\"271\">Porcelana<\/td>\n<\/tr>\n<tr>\n<td height=\"24\">Color<\/td>\n<td>Como imagen<\/td>\n<\/tr>\n<tr>\n<td height=\"48\">Dimensi\u00f3n<\/td>\n<td width=\"271\">Copa:10*6,5<br \/>Platillo:17.8*14.7<\/td>\n<\/tr>\n<tr>\n<td height=\"24\">MOQ<\/td>\n<td>500 unidades<\/td>\n<\/tr>\n<tr>\n<td height=\"24\">A medida<\/td>\n<td>Color\/Tama\u00f1o\/Logotipo\/Embalaje<\/td>\n<\/tr>\n<\/tbody>\n<\/table>\n<\/div>\n<\/div>","protected":false},"featured_media":1619,"comment_status":"open","ping_status":"closed","template":"","meta":{"_acf_changed":true},"certification":[63,64,66,58,65,61,60,62],"product_brand":[],"product_cat":[34,19],"product_tag":[],"class_list":{"0":"post-1616","1":"product","2":"type-product","3":"status-publish","4":"has-post-thumbnail","6":"certification-amfori","7":"certification-bsci","8":"certification-cnas","9":"certification-fda","10":"certification-iaf","11":"certification-iso-14001","12":"certification-iso-45001","13":"certification-iso-9001","14":"product_cat-custom-household-ceramics","15":"product_cat-ceramic-tea-set-wholesale","17":"first","18":"instock","19":"shipping-taxable","20":"product-type-simple"},"acf":[],"_links":{"self":[{"href":"https:\/\/www.linkceramics.com\/es\/wp-json\/wp\/v2\/product\/1616","targetHints":{"allow":["GET"]}}],"collection":[{"href":"https:\/\/www.linkceramics.com\/es\/wp-json\/wp\/v2\/product"}],"about":[{"href":"https:\/\/www.linkceramics.com\/es\/wp-json\/wp\/v2\/types\/product"}],"replies":[{"embeddable":true,"href":"https:\/\/www.linkceramics.com\/es\/wp-json\/wp\/v2\/comments?post=1616"}],"wp:featuredmedia":[{"embeddable":true,"href":"https:\/\/www.linkceramics.com\/es\/wp-json\/wp\/v2\/media\/1619"}],"wp:attachment":[{"href":"https:\/\/www.linkceramics.com\/es\/wp-json\/wp\/v2\/media?parent=1616"}],"wp:term":[{"taxonomy":"certification","embeddable":true,"href":"https:\/\/www.linkceramics.com\/es\/wp-json\/wp\/v2\/certification?post=1616"},{"taxonomy":"product_brand","embeddable":true,"href":"https:\/\/www.linkceramics.com\/es\/wp-json\/wp\/v2\/product_brand?post=1616"},{"taxonomy":"product_cat","embeddable":true,"href":"https:\/\/www.linkceramics.com\/es\/wp-json\/wp\/v2\/product_cat?post=1616"},{"taxonomy":"product_tag","embeddable":true,"href":"https:\/\/www.linkceramics.com\/es\/wp-json\/wp\/v2\/product_tag?post=1616"}],"curies":[{"name":"wp","href":"https:\/\/api.w.org\/{rel}","templated":true}]}}