{"id":1621,"date":"2024-12-21T07:51:04","date_gmt":"2024-12-21T07:51:04","guid":{"rendered":"https:\/\/www.linkceramics.com\/?post_type=product&#038;p=1621"},"modified":"2024-12-24T10:07:04","modified_gmt":"2024-12-24T10:07:04","slug":"wholesale-ramen-bowls","status":"publish","type":"product","link":"https:\/\/www.linkceramics.com\/es\/product\/wholesale-ramen-bowls\/","title":{"rendered":"9 Inch Wholesale Ramen Bowls, Restaurant Supply Soup Bowls Bulk"},"content":{"rendered":"<div class=\"wp-block-columns is-layout-flex wp-container-core-columns-is-layout-9d6595d7 wp-block-columns-is-layout-flex\">\n<div class=\"wp-block-column is-layout-flow wp-block-column-is-layout-flow\" style=\"flex-basis:66.66%\">\n<h3 class=\"wp-block-heading\">Tazones de Ramen al por mayor de primera calidad Caracter\u00edsticas:<\/h3>\n\n\n\n<ul class=\"wp-block-list\">\n<li><strong>Pr\u00e1ctico dise\u00f1o de 9 pulgadas de capacidad:<\/strong>&nbsp;Nuestros cuencos para ramen al por mayor tienen un dise\u00f1o de cuenco profundo y un espacioso tama\u00f1o de 8 pulgadas, que puede contener f\u00e1cilmente ramen, sopas, udon y otras delicias. Adecuados para restaurantes, banquetes de alto nivel o cenas en casa.<\/li>\n\n\n\n<li><strong>Dise\u00f1ado para el sector de la restauraci\u00f3n:<\/strong>&nbsp;Estos cuencos para sopa a granel de suministro para restaurantes tienen una curvatura precisa para remover y comer con facilidad, al tiempo que garantizan tanto la belleza como la practicidad, lo que los convierte en la elecci\u00f3n perfecta para todo tipo de comedores asi\u00e1ticos.<\/li>\n\n\n\n<li><strong>Material cer\u00e1mico de alta calidad:&nbsp;<\/strong>Nuestros cuencos para ramen al por mayor est\u00e1n hechos de cer\u00e1mica duradera con una excelente resistencia a los ara\u00f1azos y al calor. Son aptos para microondas y lavavajillas, lo que resulta c\u00f3modo y fiable.<\/li>\n\n\n\n<li><strong>Apoyo a la venta al por mayor y servicios personalizados:&nbsp;<\/strong>Estos cuencos soperos a granel para restaurantes est\u00e1n dise\u00f1ados para la cadena de suministro de catering, y pueden proporcionar compras a gran escala. Al mismo tiempo, admiten patrones personalizados espec\u00edficos para restaurantes o logotipos de marca para ayudar a los comerciantes a mejorar su imagen profesional.<\/li>\n<\/ul>\n<\/div>\n\n\n\n<div class=\"wp-block-column is-layout-flow wp-block-column-is-layout-flow\" style=\"flex-basis:33.33%\">\n<figure class=\"wp-block-image size-full\"><img decoding=\"async\" width=\"750\" height=\"750\" src=\"https:\/\/www.linkceramics.com\/wp-content\/uploads\/2024\/12\/9-Inch-Wholesale-Ramen-Bowls-Restaurant-Supply-Soup-Bowls-Bulk-2.webp\" alt=\"Tazones de sopa de 9 pulgadas al por mayor para restaurantes a granel 2\" class=\"wp-image-1622\" srcset=\"https:\/\/www.linkceramics.com\/wp-content\/uploads\/2024\/12\/9-Inch-Wholesale-Ramen-Bowls-Restaurant-Supply-Soup-Bowls-Bulk-2.webp 750w, https:\/\/www.linkceramics.com\/wp-content\/uploads\/2024\/12\/9-Inch-Wholesale-Ramen-Bowls-Restaurant-Supply-Soup-Bowls-Bulk-2-300x300.webp 300w, https:\/\/www.linkceramics.com\/wp-content\/uploads\/2024\/12\/9-Inch-Wholesale-Ramen-Bowls-Restaurant-Supply-Soup-Bowls-Bulk-2-150x150.webp 150w, https:\/\/www.linkceramics.com\/wp-content\/uploads\/2024\/12\/9-Inch-Wholesale-Ramen-Bowls-Restaurant-Supply-Soup-Bowls-Bulk-2-600x600.webp 600w, https:\/\/www.linkceramics.com\/wp-content\/uploads\/2024\/12\/9-Inch-Wholesale-Ramen-Bowls-Restaurant-Supply-Soup-Bowls-Bulk-2-100x100.webp 100w\" sizes=\"(max-width: 750px) 100vw, 750px\" \/><\/figure>\n<\/div>\n<\/div>","protected":false},"excerpt":{"rendered":"<div id=\"brxe-0ee1ca\" class=\"brxe-product-meta product_meta\">Bienvenido a la compra al por mayor de cuencos para sopa suministrados por restaurantes. Nuestros cuencos de ramen de 9 pulgadas al por mayor combinan un dise\u00f1o de cuenco profundo y materiales de alta calidad, adecuados para contener varios fideos de sopa, y son ideales para restaurantes y mayoristas. Admiten la personalizaci\u00f3n para satisfacer diversas necesidades.<\/div>\n<div id=\"brxe-8c5ca9\" class=\"brxe-product-short-description\">\n<div class=\"woocommerce-product-details__short-description\">\n<h2>Especificaciones de los cuencos de ramen:<\/h2>\n<table border=\"0\" width=\"542\" cellspacing=\"0\" cellpadding=\"0\">\n<tbody>\n<tr>\n<td width=\"271\" height=\"24\">Fabricante<\/td>\n<td width=\"271\">Yongjian<\/td>\n<\/tr>\n<tr>\n<td height=\"24\">N\u00ba de modelo<\/td>\n<td>YJ-022<\/td>\n<\/tr>\n<tr>\n<td height=\"24\">Tipo de producto<\/td>\n<td>Cuencos para sopa y ramen<\/td>\n<\/tr>\n<tr>\n<td height=\"24\">Material<\/td>\n<td>Porcelana<\/td>\n<\/tr>\n<tr>\n<td height=\"24\">Color<\/td>\n<td>Blanco\/Negro<\/td>\n<\/tr>\n<tr>\n<td height=\"24\">Dimensi\u00f3n<\/td>\n<td>23*23*6.5<\/td>\n<\/tr>\n<tr>\n<td height=\"24\">MOQ<\/td>\n<td>500 unidades<\/td>\n<\/tr>\n<tr>\n<td height=\"24\">A medida<\/td>\n<td>Color\/Tama\u00f1o\/Logotipo\/Embalaje<\/td>\n<\/tr>\n<\/tbody>\n<\/table>\n<p><\/div>\n<\/div>","protected":false},"featured_media":1623,"comment_status":"open","ping_status":"closed","template":"","meta":{"_acf_changed":true},"certification":[63,64,66,58,65,61,60,62],"product_brand":[],"product_cat":[34,18],"product_tag":[],"class_list":{"0":"post-1621","1":"product","2":"type-product","3":"status-publish","4":"has-post-thumbnail","6":"certification-amfori","7":"certification-bsci","8":"certification-cnas","9":"certification-fda","10":"certification-iaf","11":"certification-iso-14001","12":"certification-iso-45001","13":"certification-iso-9001","14":"product_cat-custom-household-ceramics","15":"product_cat-ceramic-tableware-wholesale","17":"first","18":"instock","19":"shipping-taxable","20":"product-type-simple"},"acf":[],"_links":{"self":[{"href":"https:\/\/www.linkceramics.com\/es\/wp-json\/wp\/v2\/product\/1621","targetHints":{"allow":["GET"]}}],"collection":[{"href":"https:\/\/www.linkceramics.com\/es\/wp-json\/wp\/v2\/product"}],"about":[{"href":"https:\/\/www.linkceramics.com\/es\/wp-json\/wp\/v2\/types\/product"}],"replies":[{"embeddable":true,"href":"https:\/\/www.linkceramics.com\/es\/wp-json\/wp\/v2\/comments?post=1621"}],"wp:featuredmedia":[{"embeddable":true,"href":"https:\/\/www.linkceramics.com\/es\/wp-json\/wp\/v2\/media\/1623"}],"wp:attachment":[{"href":"https:\/\/www.linkceramics.com\/es\/wp-json\/wp\/v2\/media?parent=1621"}],"wp:term":[{"taxonomy":"certification","embeddable":true,"href":"https:\/\/www.linkceramics.com\/es\/wp-json\/wp\/v2\/certification?post=1621"},{"taxonomy":"product_brand","embeddable":true,"href":"https:\/\/www.linkceramics.com\/es\/wp-json\/wp\/v2\/product_brand?post=1621"},{"taxonomy":"product_cat","embeddable":true,"href":"https:\/\/www.linkceramics.com\/es\/wp-json\/wp\/v2\/product_cat?post=1621"},{"taxonomy":"product_tag","embeddable":true,"href":"https:\/\/www.linkceramics.com\/es\/wp-json\/wp\/v2\/product_tag?post=1621"}],"curies":[{"name":"wp","href":"https:\/\/api.w.org\/{rel}","templated":true}]}}