{"id":1626,"date":"2024-12-21T08:03:23","date_gmt":"2024-12-21T08:03:23","guid":{"rendered":"https:\/\/www.linkceramics.com\/?post_type=product&#038;p=1626"},"modified":"2024-12-24T10:05:59","modified_gmt":"2024-12-24T10:05:59","slug":"ceramic-baking-dishes-wholesale","status":"publish","type":"product","link":"https:\/\/www.linkceramics.com\/es\/product\/ceramic-baking-dishes-wholesale\/","title":{"rendered":"Platos De Cer\u00e1mica Para Hornear Al Por Mayor Con Asas, Platos Para Cacerola Al Por Mayor"},"content":{"rendered":"<div class=\"wp-block-columns is-layout-flex wp-container-core-columns-is-layout-9d6595d7 wp-block-columns-is-layout-flex\">\n<div class=\"wp-block-column is-layout-flow wp-block-column-is-layout-flow\" style=\"flex-basis:66.66%\">\n<h3 class=\"wp-block-heading\">Platos para hornear de cer\u00e1mica premium Caracter\u00edsticas:<\/h3>\n\n\n\n<ul class=\"wp-block-list\">\n<li><strong>Adecuado para una gran variedad de platos:<\/strong>&nbsp;Nuestros platos de cer\u00e1mica para hornear al por mayor est\u00e1n disponibles en dos tama\u00f1os, 8,8 pulgadas y 10 pulgadas, que son de tama\u00f1o moderado y adecuados para una variedad de necesidades culinarias como hornear, fre\u00edr, guisar, etc., ya se trate de comidas familiares diarias o lugares de catering.<\/li>\n\n\n\n<li><strong>C\u00f3modo dise\u00f1o del mango:&nbsp;<\/strong>Estas cacerolas a granel est\u00e1n equipadas con un dise\u00f1o de asa para garantizar una mayor estabilidad y comodidad al desplazarse entre el horno y la mesa de comedor, evitando el riesgo de resbalones y mejorando la seguridad y comodidad de uso.<\/li>\n\n\n\n<li><strong>Elegante blanco y negro:&nbsp;<\/strong>Estos platos de cer\u00e1mica para hornear al por mayor est\u00e1n disponibles en blanco y negro, que son simples y elegantes, adecuados para todo tipo de mesas y estilos de cocina, a\u00f1adiendo belleza visual sin perder practicidad.<\/li>\n\n\n\n<li><strong>Resistente a altas temperaturas y f\u00e1cil de limpiar:&nbsp;<\/strong>Nuestras cazuelas a granel son resistentes a las altas temperaturas y pueden utilizarse directamente en el horno o el microondas. La superficie es lisa y f\u00e1cil de limpiar, y admite la limpieza en lavavajillas, lo que resulta adecuado para un uso diario de alta frecuencia y ahorra tiempo de limpieza.<\/li>\n<\/ul>\n<\/div>\n\n\n\n<div class=\"wp-block-column is-layout-flow wp-block-column-is-layout-flow\" style=\"flex-basis:33.33%\">\n<figure class=\"wp-block-image size-full\"><img decoding=\"async\" width=\"750\" height=\"750\" src=\"https:\/\/www.linkceramics.com\/wp-content\/uploads\/2024\/12\/Ceramic-Baking-Dishes-Wholesale-With-Handles-3.webp\" alt=\"Platos de Cer\u00e1mica al por mayor con asas (3)\" class=\"wp-image-1629\" srcset=\"https:\/\/www.linkceramics.com\/wp-content\/uploads\/2024\/12\/Ceramic-Baking-Dishes-Wholesale-With-Handles-3.webp 750w, https:\/\/www.linkceramics.com\/wp-content\/uploads\/2024\/12\/Ceramic-Baking-Dishes-Wholesale-With-Handles-3-300x300.webp 300w, https:\/\/www.linkceramics.com\/wp-content\/uploads\/2024\/12\/Ceramic-Baking-Dishes-Wholesale-With-Handles-3-150x150.webp 150w, https:\/\/www.linkceramics.com\/wp-content\/uploads\/2024\/12\/Ceramic-Baking-Dishes-Wholesale-With-Handles-3-600x600.webp 600w, https:\/\/www.linkceramics.com\/wp-content\/uploads\/2024\/12\/Ceramic-Baking-Dishes-Wholesale-With-Handles-3-100x100.webp 100w\" sizes=\"(max-width: 750px) 100vw, 750px\" \/><\/figure>\n<\/div>\n<\/div>","protected":false},"excerpt":{"rendered":"<div id=\"brxe-0ee1ca\" class=\"brxe-product-meta product_meta\">Bienvenido a comprar platos de cer\u00e1mica para hornear al por mayor. Nuestras cacerolas al por mayor con asas tienen los cl\u00e1sicos colores blanco y negro y est\u00e1n disponibles en tama\u00f1os de 8,8 y 10 pulgadas. Son adecuados para una gran variedad de usos culinarios y son a la vez bonitos y pr\u00e1cticos. El material cer\u00e1mico de alta calidad es resistente al calor y f\u00e1cil de limpiar, por lo que es un utensilio ideal para hogares y restaurantes.<\/div>\n<div id=\"brxe-8c5ca9\" class=\"brxe-product-short-description\">\n<div class=\"woocommerce-product-details__short-description\">\n<h2>Platos de cer\u00e1mica para hornear Especificaciones:<\/h2>\n<table border=\"0\" width=\"542\" cellspacing=\"0\" cellpadding=\"0\">\n<tbody>\n<tr>\n<td width=\"271\" height=\"24\">Fabricante<\/td>\n<td width=\"271\">Yongjian<\/td>\n<\/tr>\n<tr>\n<td width=\"271\" height=\"24\">N\u00ba de modelo<\/td>\n<td width=\"271\">YJ-079\/YJ-080<\/td>\n<\/tr>\n<tr>\n<td width=\"271\" height=\"24\">Tipo de producto<\/td>\n<td width=\"271\">Bandeja, plato hondo<\/td>\n<\/tr>\n<tr>\n<td width=\"271\" height=\"24\">Material<\/td>\n<td width=\"271\">Porcelana<\/td>\n<\/tr>\n<tr>\n<td width=\"271\" height=\"24\">Color<\/td>\n<td width=\"271\">Blanco\/Negro<\/td>\n<\/tr>\n<tr>\n<td rowspan=\"2\" width=\"271\" height=\"48\">Dimensi\u00f3n<\/td>\n<td width=\"271\">8,8 pulgadas: 13,5*22*4,2<\/td>\n<\/tr>\n<tr>\n<td width=\"271\">10 pulgadas: 14.5*25*4.5<\/td>\n<\/tr>\n<tr>\n<td width=\"271\" height=\"24\">MOQ<\/td>\n<td width=\"271\">500 unidades<\/td>\n<\/tr>\n<tr>\n<td width=\"271\" height=\"24\">A medida<\/td>\n<td width=\"271\">Color\/Tama\u00f1o\/Logotipo\/Embalaje<\/td>\n<\/tr>\n<\/tbody>\n<\/table>\n<p><\/div>\n<\/div>","protected":false},"featured_media":1627,"comment_status":"open","ping_status":"closed","template":"","meta":{"_acf_changed":true},"certification":[63,64,66,58,65,61,60,62],"product_brand":[],"product_cat":[34,20],"product_tag":[],"class_list":{"0":"post-1626","1":"product","2":"type-product","3":"status-publish","4":"has-post-thumbnail","6":"certification-amfori","7":"certification-bsci","8":"certification-cnas","9":"certification-fda","10":"certification-iaf","11":"certification-iso-14001","12":"certification-iso-45001","13":"certification-iso-9001","14":"product_cat-custom-household-ceramics","15":"product_cat-ceramic-kitchenware-wholesale","17":"first","18":"instock","19":"shipping-taxable","20":"product-type-simple"},"acf":[],"_links":{"self":[{"href":"https:\/\/www.linkceramics.com\/es\/wp-json\/wp\/v2\/product\/1626","targetHints":{"allow":["GET"]}}],"collection":[{"href":"https:\/\/www.linkceramics.com\/es\/wp-json\/wp\/v2\/product"}],"about":[{"href":"https:\/\/www.linkceramics.com\/es\/wp-json\/wp\/v2\/types\/product"}],"replies":[{"embeddable":true,"href":"https:\/\/www.linkceramics.com\/es\/wp-json\/wp\/v2\/comments?post=1626"}],"wp:featuredmedia":[{"embeddable":true,"href":"https:\/\/www.linkceramics.com\/es\/wp-json\/wp\/v2\/media\/1627"}],"wp:attachment":[{"href":"https:\/\/www.linkceramics.com\/es\/wp-json\/wp\/v2\/media?parent=1626"}],"wp:term":[{"taxonomy":"certification","embeddable":true,"href":"https:\/\/www.linkceramics.com\/es\/wp-json\/wp\/v2\/certification?post=1626"},{"taxonomy":"product_brand","embeddable":true,"href":"https:\/\/www.linkceramics.com\/es\/wp-json\/wp\/v2\/product_brand?post=1626"},{"taxonomy":"product_cat","embeddable":true,"href":"https:\/\/www.linkceramics.com\/es\/wp-json\/wp\/v2\/product_cat?post=1626"},{"taxonomy":"product_tag","embeddable":true,"href":"https:\/\/www.linkceramics.com\/es\/wp-json\/wp\/v2\/product_tag?post=1626"}],"curies":[{"name":"wp","href":"https:\/\/api.w.org\/{rel}","templated":true}]}}