{"id":1636,"date":"2024-12-21T09:07:41","date_gmt":"2024-12-21T09:07:41","guid":{"rendered":"https:\/\/www.linkceramics.com\/?post_type=product&#038;p=1636"},"modified":"2024-12-21T10:02:23","modified_gmt":"2024-12-21T10:02:23","slug":"bulk-bathroom-accessories","status":"publish","type":"product","link":"https:\/\/www.linkceramics.com\/es\/product\/bulk-bathroom-accessories\/","title":{"rendered":"Accesorios de ba\u00f1o a granel, dispensadores de jab\u00f3n a granel de primera calidad"},"content":{"rendered":"<div class=\"wp-block-columns is-layout-flex wp-container-core-columns-is-layout-9d6595d7 wp-block-columns-is-layout-flex\">\n<div class=\"wp-block-column is-layout-flow wp-block-column-is-layout-flow\" style=\"flex-basis:50%\">\n<h3 class=\"wp-block-heading\">Accesorios de ba\u00f1o a granel de primera calidad Caracter\u00edsticas:<\/h3>\n\n\n\n<ul class=\"wp-block-list\">\n<li><strong>Dise\u00f1o elegante:<\/strong>\u00a0Estos accesorios de ba\u00f1o de cer\u00e1mica a granel son de color blanco cremoso, que no s\u00f3lo tiene un aspecto limpio y ordenado, sino que tambi\u00e9n puede integrarse con varios estilos de decoraci\u00f3n de ba\u00f1o para mejorar la est\u00e9tica general. El dispensador de jab\u00f3n a granel tiene una forma especial de donut, y combinado con una jabonera redonda y un portavelas esf\u00e9rico, el estilo general es armonioso.<\/li>\n\n\n\n<li><strong>Material duradero:<\/strong>\u00a0Fabricados con material cer\u00e1mico de alta calidad, estos accesorios de ba\u00f1o al por mayor son duraderos, resistentes a los ara\u00f1azos e irrompibles.<\/li>\n\n\n\n<li><strong>Juego completo:<\/strong>\u00a0Este set de accesorios de ba\u00f1o de cer\u00e1mica incluye 1 dosificador de jab\u00f3n para dispensar diferentes tipos de jabones l\u00edquidos, 2 tazas de cer\u00e1mica para guardar cepillos de dientes, pasta de dientes o brochas de maquillaje, etc., un portavelas de t\u00e9, 1 jabonera, que es muy pr\u00e1ctico y hace que el ba\u00f1o est\u00e9 organizado.<\/li>\n\n\n\n<li><strong>Respetuoso con el medio ambiente:<\/strong>\u00a0Estos accesorios de ba\u00f1o a granel est\u00e1n fabricados con materiales cer\u00e1micos respetuosos con el medio ambiente, f\u00e1ciles de limpiar y reutilizables, que reducen el uso de pl\u00e1stico.<\/li>\n<\/ul>\n<\/div>\n\n\n\n<div class=\"wp-block-column is-layout-flow wp-block-column-is-layout-flow\" style=\"flex-basis:50%\">\n<figure class=\"wp-block-image size-full\"><img decoding=\"async\" width=\"1500\" height=\"1500\" src=\"https:\/\/www.linkceramics.com\/wp-content\/uploads\/2024\/12\/ceramic-bathroom-set-3.webp\" alt=\"accesorios de ba\u00f1o a granel-3\" class=\"wp-image-1640\" srcset=\"https:\/\/www.linkceramics.com\/wp-content\/uploads\/2024\/12\/ceramic-bathroom-set-3.webp 1500w, https:\/\/www.linkceramics.com\/wp-content\/uploads\/2024\/12\/ceramic-bathroom-set-3-300x300.webp 300w, https:\/\/www.linkceramics.com\/wp-content\/uploads\/2024\/12\/ceramic-bathroom-set-3-150x150.webp 150w, https:\/\/www.linkceramics.com\/wp-content\/uploads\/2024\/12\/ceramic-bathroom-set-3-768x768.webp 768w, https:\/\/www.linkceramics.com\/wp-content\/uploads\/2024\/12\/ceramic-bathroom-set-3-1200x1200.webp 1200w, https:\/\/www.linkceramics.com\/wp-content\/uploads\/2024\/12\/ceramic-bathroom-set-3-600x600.webp 600w, https:\/\/www.linkceramics.com\/wp-content\/uploads\/2024\/12\/ceramic-bathroom-set-3-100x100.webp 100w\" sizes=\"(max-width: 1500px) 100vw, 1500px\" \/><\/figure>\n<\/div>\n<\/div>\n\n\n\n<p><\/p>","protected":false},"excerpt":{"rendered":"<div class=\"elementor-element elementor-element-12826c1 elementor-widget elementor-widget-text-editor\" data-id=\"12826c1\" data-element_type=\"widget\" data-widget_type=\"text-editor.default\">\n<div class=\"elementor-widget-container\">Presentamos nuestros accesorios de ba\u00f1o de cer\u00e1mica a granel de primera calidad, con un dise\u00f1o elegante y materiales cer\u00e1micos de alta calidad que los hacen duraderos y f\u00e1ciles de limpiar. Cada producto es cuidadosamente seleccionado y dise\u00f1ado con su funci\u00f3n de almacenamiento de ba\u00f1o. Apoyar la adquisici\u00f3n al por mayor y servicios de personalizaci\u00f3n personalizados para satisfacer sus diferentes necesidades.<\/p>\n<h2>Accesorios de ba\u00f1o Especificaciones:<\/h2>\n<\/div>\n<\/div>\n<div data-id=\"bef26dc\" data-element_type=\"widget\" data-widget_type=\"text-editor.default\">\n<div data-id=\"bef26dc\" data-element_type=\"widget\" data-widget_type=\"text-editor.default\">\n<div>\n<table border=\"0\" width=\"582\" cellspacing=\"0\" cellpadding=\"0\">\n<tbody>\n<tr>\n<td width=\"229\" height=\"33\">Fabricante<\/td>\n<td width=\"353\">JINHUA<\/td>\n<\/tr>\n<tr>\n<td height=\"33\">N\u00ba de modelo<\/td>\n<td>JHB29<\/td>\n<\/tr>\n<tr>\n<td height=\"33\">Dise\u00f1o<\/td>\n<td>Juego de 5 piezas<\/td>\n<\/tr>\n<tr>\n<td height=\"33\">Material<\/td>\n<td>Cer\u00e1mica<\/td>\n<\/tr>\n<tr>\n<td height=\"33\">Color<\/td>\n<td width=\"353\">Blanco<\/td>\n<\/tr>\n<tr>\n<td height=\"33\">A medida<\/td>\n<td>Color\/Tama\u00f1o\/Logotipo\/Embalaje<\/td>\n<\/tr>\n<tr>\n<td height=\"33\">MOQ<\/td>\n<td>500 juegos<\/td>\n<\/tr>\n<tr>\n<td height=\"132\">Dimensi\u00f3n<\/td>\n<td width=\"353\">botella de jab\u00f3n: 14.6*6.4*19.6cm<br \/>taza: 8.1*8.1*11.2cm<br \/>jabonera: 11.9*11.9*1.6cm<br \/>portavelas: 8.7*8.7*6.4cm<\/td>\n<\/tr>\n<\/tbody>\n<\/table>\n<\/div>\n<\/div>\n<\/div>","protected":false},"featured_media":1639,"comment_status":"open","ping_status":"closed","template":"","meta":{"_acf_changed":true},"certification":[63,64,66,58,65,61,60,62,57],"product_brand":[],"product_cat":[35,22],"product_tag":[],"class_list":{"0":"post-1636","1":"product","2":"type-product","3":"status-publish","4":"has-post-thumbnail","6":"certification-amfori","7":"certification-bsci","8":"certification-cnas","9":"certification-fda","10":"certification-iaf","11":"certification-iso-14001","12":"certification-iso-45001","13":"certification-iso-9001","14":"certification-lfgb","15":"product_cat-bathroom-ceramics-supply","16":"product_cat-ceramic-bathroom-set","18":"first","19":"instock","20":"shipping-taxable","21":"product-type-simple"},"acf":[],"_links":{"self":[{"href":"https:\/\/www.linkceramics.com\/es\/wp-json\/wp\/v2\/product\/1636","targetHints":{"allow":["GET"]}}],"collection":[{"href":"https:\/\/www.linkceramics.com\/es\/wp-json\/wp\/v2\/product"}],"about":[{"href":"https:\/\/www.linkceramics.com\/es\/wp-json\/wp\/v2\/types\/product"}],"replies":[{"embeddable":true,"href":"https:\/\/www.linkceramics.com\/es\/wp-json\/wp\/v2\/comments?post=1636"}],"wp:featuredmedia":[{"embeddable":true,"href":"https:\/\/www.linkceramics.com\/es\/wp-json\/wp\/v2\/media\/1639"}],"wp:attachment":[{"href":"https:\/\/www.linkceramics.com\/es\/wp-json\/wp\/v2\/media?parent=1636"}],"wp:term":[{"taxonomy":"certification","embeddable":true,"href":"https:\/\/www.linkceramics.com\/es\/wp-json\/wp\/v2\/certification?post=1636"},{"taxonomy":"product_brand","embeddable":true,"href":"https:\/\/www.linkceramics.com\/es\/wp-json\/wp\/v2\/product_brand?post=1636"},{"taxonomy":"product_cat","embeddable":true,"href":"https:\/\/www.linkceramics.com\/es\/wp-json\/wp\/v2\/product_cat?post=1636"},{"taxonomy":"product_tag","embeddable":true,"href":"https:\/\/www.linkceramics.com\/es\/wp-json\/wp\/v2\/product_tag?post=1636"}],"curies":[{"name":"wp","href":"https:\/\/api.w.org\/{rel}","templated":true}]}}