{"id":1641,"date":"2024-12-21T10:03:10","date_gmt":"2024-12-21T10:03:10","guid":{"rendered":"https:\/\/www.linkceramics.com\/?post_type=product&#038;p=1641"},"modified":"2024-12-21T10:08:51","modified_gmt":"2024-12-21T10:08:51","slug":"custom-bathroom-set","status":"publish","type":"product","link":"https:\/\/www.linkceramics.com\/es\/product\/custom-bathroom-set\/","title":{"rendered":"Burgundy Custom Bathroom Set Accesorios de ba\u00f1o de cer\u00e1mica"},"content":{"rendered":"<div class=\"wp-block-columns is-layout-flex wp-container-core-columns-is-layout-9d6595d7 wp-block-columns-is-layout-flex\">\n<div class=\"wp-block-column is-layout-flow wp-block-column-is-layout-flow\" style=\"flex-basis:50%\">\n<h3 class=\"wp-block-heading\">Set de ba\u00f1o Premium Custom Caracter\u00edsticas:<\/h3>\n\n\n\n<ul class=\"wp-block-list\">\n<li><strong>Dise\u00f1o moderno:<\/strong>\u00a0Con un sofisticado acabado burdeos, estos juegos de ba\u00f1o personalizados de cer\u00e1mica a\u00f1adir\u00e1n un toque de elegancia a la decoraci\u00f3n de cualquier cuarto de ba\u00f1o.<\/li>\n\n\n\n<li><strong>Material de primera calidad:\u00a0<\/strong>Fabricados en cer\u00e1mica de alta calidad, la s\u00f3lida construcci\u00f3n de estos juegos de ba\u00f1o a medida garantiza que cada pieza sea duradera, resistente al desgaste y conserve su aspecto impecable durante mucho tiempo.<\/li>\n\n\n\n<li><strong>Conjunto funcional:<\/strong>\u00a0Estos juegos de ba\u00f1o de cer\u00e1mica al por mayor incluyen un dispensador de jab\u00f3n, un portacepillos de dientes y una jabonera. El dispensador de jab\u00f3n cuenta con una bomba cromada de alta calidad que dispensa el jab\u00f3n con suavidad y eficacia. El portacepillos de dientes ofrece un amplio espacio para varios cepillos de dientes, manteni\u00e9ndolos organizados y al alcance de la mano. La jabonera tiene un dise\u00f1o \u00fanico que mantiene el jab\u00f3n en su sitio y evita que se deslice.<\/li>\n\n\n\n<li><strong>F\u00e1cil mantenimiento:<\/strong>\u00a0La suave superficie de cer\u00e1mica de cada pieza de estos juegos de ba\u00f1o al por mayor es resistente a las manchas y f\u00e1cil de limpiar, lo que garantiza la higiene de sus accesorios de ba\u00f1o.<\/li>\n<\/ul>\n<\/div>\n\n\n\n<div class=\"wp-block-column is-layout-flow wp-block-column-is-layout-flow\" style=\"flex-basis:50%\">\n<figure class=\"wp-block-image size-full\"><img decoding=\"async\" width=\"790\" height=\"790\" src=\"https:\/\/www.linkceramics.com\/wp-content\/uploads\/2024\/12\/bathroom-set-6.webp\" alt=\"ba\u00f1o-set-6\" class=\"wp-image-1642\" srcset=\"https:\/\/www.linkceramics.com\/wp-content\/uploads\/2024\/12\/bathroom-set-6.webp 790w, https:\/\/www.linkceramics.com\/wp-content\/uploads\/2024\/12\/bathroom-set-6-300x300.webp 300w, https:\/\/www.linkceramics.com\/wp-content\/uploads\/2024\/12\/bathroom-set-6-150x150.webp 150w, https:\/\/www.linkceramics.com\/wp-content\/uploads\/2024\/12\/bathroom-set-6-768x768.webp 768w, https:\/\/www.linkceramics.com\/wp-content\/uploads\/2024\/12\/bathroom-set-6-600x600.webp 600w, https:\/\/www.linkceramics.com\/wp-content\/uploads\/2024\/12\/bathroom-set-6-100x100.webp 100w\" sizes=\"(max-width: 790px) 100vw, 790px\" \/><\/figure>\n<\/div>\n<\/div>\n\n\n\n<p><\/p>","protected":false},"excerpt":{"rendered":"<div class=\"elementor-element elementor-element-12826c1 elementor-widget elementor-widget-text-editor\" data-id=\"12826c1\" data-element_type=\"widget\" data-widget_type=\"text-editor.default\">\n<div class=\"elementor-widget-container\">Estos conjuntos de ba\u00f1o a medida presentan un dise\u00f1o moderno que combina est\u00e9tica y funcionalidad. Cada pieza del juego est\u00e1 fabricada con material cer\u00e1mico de alta calidad para una mayor durabilidad. El conjunto incluye un dispensador de jab\u00f3n, un portacepillos de dientes y una jabonera, cada uno con su funci\u00f3n para mantener el ba\u00f1o organizado.<\/p>\n<h2>Especificaciones del juego de ba\u00f1o:<\/h2>\n<\/div>\n<\/div>\n<div data-id=\"bef26dc\" data-element_type=\"widget\" data-widget_type=\"text-editor.default\">\n<div data-id=\"bef26dc\" data-element_type=\"widget\" data-widget_type=\"text-editor.default\">\n<table border=\"0\" width=\"542\" cellspacing=\"0\" cellpadding=\"0\">\n<tbody>\n<tr>\n<td width=\"271\" height=\"24\">Fabricante<\/td>\n<td width=\"271\">JINHUA<\/td>\n<\/tr>\n<tr>\n<td width=\"271\" height=\"24\">N\u00ba de modelo<\/td>\n<td width=\"271\">JHB24<\/td>\n<\/tr>\n<tr>\n<td width=\"271\" height=\"24\">Dise\u00f1o<\/td>\n<td width=\"271\">Juego de tres piezas<\/td>\n<\/tr>\n<tr>\n<td width=\"271\" height=\"24\">Material<\/td>\n<td width=\"271\">Cer\u00e1mica<\/td>\n<\/tr>\n<tr>\n<td width=\"271\" height=\"24\">Color<\/td>\n<td width=\"271\">Rojo, Blanco, Negro<\/td>\n<\/tr>\n<tr>\n<td width=\"271\" height=\"24\">A medida<\/td>\n<td width=\"271\">Color\/Tama\u00f1o\/Logotipo\/Embalaje<\/td>\n<\/tr>\n<tr>\n<td width=\"271\" height=\"24\">MOQ<\/td>\n<td width=\"271\">500 juegos<\/td>\n<\/tr>\n<tr>\n<td rowspan=\"3\" width=\"271\" height=\"72\">Dimensi\u00f3n<\/td>\n<td width=\"271\">botella de jab\u00f3n: 13.5*8*14.5cm<\/td>\n<\/tr>\n<tr>\n<td width=\"271\">taza: 9*7*12,5cm<\/td>\n<\/tr>\n<tr>\n<td width=\"271\">jabonera: 14*10,5*2,5cm<\/td>\n<\/tr>\n<\/tbody>\n<\/table>\n<\/div>\n<\/div>","protected":false},"featured_media":1642,"comment_status":"open","ping_status":"closed","template":"","meta":{"_acf_changed":true},"certification":[63,64,66,58,65,61,60,62,57],"product_brand":[],"product_cat":[35,22],"product_tag":[],"class_list":{"0":"post-1641","1":"product","2":"type-product","3":"status-publish","4":"has-post-thumbnail","6":"certification-amfori","7":"certification-bsci","8":"certification-cnas","9":"certification-fda","10":"certification-iaf","11":"certification-iso-14001","12":"certification-iso-45001","13":"certification-iso-9001","14":"certification-lfgb","15":"product_cat-bathroom-ceramics-supply","16":"product_cat-ceramic-bathroom-set","18":"first","19":"instock","20":"shipping-taxable","21":"product-type-simple"},"acf":[],"_links":{"self":[{"href":"https:\/\/www.linkceramics.com\/es\/wp-json\/wp\/v2\/product\/1641","targetHints":{"allow":["GET"]}}],"collection":[{"href":"https:\/\/www.linkceramics.com\/es\/wp-json\/wp\/v2\/product"}],"about":[{"href":"https:\/\/www.linkceramics.com\/es\/wp-json\/wp\/v2\/types\/product"}],"replies":[{"embeddable":true,"href":"https:\/\/www.linkceramics.com\/es\/wp-json\/wp\/v2\/comments?post=1641"}],"wp:featuredmedia":[{"embeddable":true,"href":"https:\/\/www.linkceramics.com\/es\/wp-json\/wp\/v2\/media\/1642"}],"wp:attachment":[{"href":"https:\/\/www.linkceramics.com\/es\/wp-json\/wp\/v2\/media?parent=1641"}],"wp:term":[{"taxonomy":"certification","embeddable":true,"href":"https:\/\/www.linkceramics.com\/es\/wp-json\/wp\/v2\/certification?post=1641"},{"taxonomy":"product_brand","embeddable":true,"href":"https:\/\/www.linkceramics.com\/es\/wp-json\/wp\/v2\/product_brand?post=1641"},{"taxonomy":"product_cat","embeddable":true,"href":"https:\/\/www.linkceramics.com\/es\/wp-json\/wp\/v2\/product_cat?post=1641"},{"taxonomy":"product_tag","embeddable":true,"href":"https:\/\/www.linkceramics.com\/es\/wp-json\/wp\/v2\/product_tag?post=1641"}],"curies":[{"name":"wp","href":"https:\/\/api.w.org\/{rel}","templated":true}]}}