{"id":1654,"date":"2024-12-23T03:26:32","date_gmt":"2024-12-23T03:26:32","guid":{"rendered":"https:\/\/www.linkceramics.com\/?post_type=product&#038;p=1654"},"modified":"2024-12-23T03:26:34","modified_gmt":"2024-12-23T03:26:34","slug":"divided-ceramic-plates-wholesale","status":"publish","type":"product","link":"https:\/\/www.linkceramics.com\/es\/product\/divided-ceramic-plates-wholesale\/","title":{"rendered":"Platos Ceramicos Divididos al por mayor, Platos Ceramicos Blancos a granel"},"content":{"rendered":"<div class=\"wp-block-columns is-layout-flex wp-container-core-columns-is-layout-9d6595d7 wp-block-columns-is-layout-flex\">\n<div class=\"wp-block-column is-layout-flow wp-block-column-is-layout-flow\" style=\"flex-basis:50%\">\n<h3 class=\"wp-block-heading\">Platos Cer\u00e1micos Divididos Premium Caracter\u00edsticas:<\/h3>\n\n\n\n<ul class=\"wp-block-list\">\n<li><strong>Dise\u00f1o cl\u00e1sico en cer\u00e1mica blanca, vers\u00e1til y pr\u00e1ctico:\u00a0<\/strong>Nuestros platos de cer\u00e1mica divididos al por mayor adoptan un dise\u00f1o blanco cl\u00e1sico, sencillo y elegante, que puede combinarse f\u00e1cilmente con diversas vajillas y estilos de cocina. Es adecuado para comidas familiares diarias, ocasiones formales o restaurantes.<\/li>\n\n\n\n<li><strong>Dise\u00f1o con varios compartimentos, que clasifica los alimentos para mayor comodidad:<\/strong>\u00a0Estos platos de cer\u00e1mica blanca a granel est\u00e1n dise\u00f1ados con 2 zonas de separaci\u00f3n, especialmente indicados para servir diferentes alimentos por separado, manteniendo el sabor original de la comida, evitando mezclar sabores, y es especialmente adecuado para reuniones familiares de varios platos o catering de restaurantes.<\/li>\n\n\n\n<li><strong>De alta calidad y no t\u00f3xico:\u00a0<\/strong>Estos platos de cer\u00e1mica al por mayor est\u00e1n hechos de cer\u00e1mica de alta calidad, que es saludable y sin plomo, sin t\u00f3xicos en su interior. Se puede garantizar un uso seguro bajo altas temperaturas para garantizar la salud y la seguridad en los alimentos. Este producto es adecuado para hornos microondas, hornos y lavavajillas.<\/li>\n\n\n\n<li><strong>Duradero y f\u00e1cil de limpiar:\u00a0<\/strong>Estos platos de cer\u00e1mica blanca a granel tienen un cuerpo liso y tierno, son extremadamente duraderos. Anti-ara\u00f1azos y desgaste, y es f\u00e1cil de limpiar despu\u00e9s de usarlos, si usted los est\u00e1 lavando a mano o ponerlos en un lavavajillas. Se puede limpiar r\u00e1pidamente, conveniente para el mantenimiento diario.<\/li>\n<\/ul>\n<\/div>\n\n\n\n<div class=\"wp-block-column is-layout-flow wp-block-column-is-layout-flow\" style=\"flex-basis:50%\">\n<figure class=\"wp-block-image size-full\"><img decoding=\"async\" width=\"640\" height=\"640\" src=\"https:\/\/www.linkceramics.com\/wp-content\/uploads\/2024\/12\/Serving-Tray.webp\" alt=\"Platos de Cer\u00e1mica Divididos al por mayor1\" class=\"wp-image-1656\" srcset=\"https:\/\/www.linkceramics.com\/wp-content\/uploads\/2024\/12\/Serving-Tray.webp 640w, https:\/\/www.linkceramics.com\/wp-content\/uploads\/2024\/12\/Serving-Tray-300x300.webp 300w, https:\/\/www.linkceramics.com\/wp-content\/uploads\/2024\/12\/Serving-Tray-150x150.webp 150w, https:\/\/www.linkceramics.com\/wp-content\/uploads\/2024\/12\/Serving-Tray-600x600.webp 600w, https:\/\/www.linkceramics.com\/wp-content\/uploads\/2024\/12\/Serving-Tray-100x100.webp 100w\" sizes=\"(max-width: 640px) 100vw, 640px\" \/><\/figure>\n<\/div>\n<\/div>\n\n\n\n<p><\/p>","protected":false},"excerpt":{"rendered":"<div class=\"elementor-element elementor-element-12826c1 elementor-widget elementor-widget-text-editor\" data-id=\"12826c1\" data-element_type=\"widget\" data-widget_type=\"text-editor.default\">\n<div class=\"elementor-widget-container\">Bienvenido a comprar platos de cer\u00e1mica blanca al por mayor. Nuestros platos de cer\u00e1mica al por mayor, con su dise\u00f1o simple y elegante y su pr\u00e1ctica funci\u00f3n de partici\u00f3n, son adecuados para clasificar y sostener diferentes alimentos. Hechos de cer\u00e1mica no t\u00f3xica de alta calidad, son adecuados para una variedad de equipos de cocina, duraderos y f\u00e1ciles de limpiar, y opciones ideales para comer en hogares y restaurantes.<\/p>\n<h2>Placas de cer\u00e1mica divididas Especificaciones:<\/h2>\n<\/div>\n<\/div>\n<div data-id=\"bef26dc\" data-element_type=\"widget\" data-widget_type=\"text-editor.default\">\n<table border=\"0\" width=\"531\" cellspacing=\"0\" cellpadding=\"0\">\n<tbody>\n<tr>\n<td width=\"271\" height=\"24\">Fabricante<\/td>\n<td width=\"260\">JINHUA<\/td>\n<\/tr>\n<tr>\n<td width=\"271\" height=\"25\">N\u00ba de modelo<\/td>\n<td width=\"260\">JHD18<\/td>\n<\/tr>\n<tr>\n<td width=\"271\" height=\"24\">Dise\u00f1o<\/td>\n<td width=\"260\">Forma ovalada<\/td>\n<\/tr>\n<tr>\n<td width=\"271\" height=\"24\">Material<\/td>\n<td width=\"260\">Cer\u00e1mica<\/td>\n<\/tr>\n<tr>\n<td width=\"271\" height=\"24\">Color<\/td>\n<td width=\"260\">Blanco<\/td>\n<\/tr>\n<tr>\n<td width=\"271\" height=\"24\">A medida<\/td>\n<td width=\"260\">Color\/Tama\u00f1o\/Logotipo\/Embalaje<\/td>\n<\/tr>\n<tr>\n<td width=\"271\" height=\"24\">MOQ<\/td>\n<td width=\"260\">500 unidades<\/td>\n<\/tr>\n<tr>\n<td width=\"271\" height=\"24\">Dimensi\u00f3n<\/td>\n<td width=\"260\">38,6*25,5*6,3 cm<\/td>\n<\/tr>\n<\/tbody>\n<\/table>\n<\/div>","protected":false},"featured_media":1655,"comment_status":"open","ping_status":"closed","template":"","meta":{"_acf_changed":true},"certification":[63,64,66,58,65,61,60,62,57],"product_brand":[],"product_cat":[34,18],"product_tag":[],"class_list":{"0":"post-1654","1":"product","2":"type-product","3":"status-publish","4":"has-post-thumbnail","6":"certification-amfori","7":"certification-bsci","8":"certification-cnas","9":"certification-fda","10":"certification-iaf","11":"certification-iso-14001","12":"certification-iso-45001","13":"certification-iso-9001","14":"certification-lfgb","15":"product_cat-custom-household-ceramics","16":"product_cat-ceramic-tableware-wholesale","18":"first","19":"instock","20":"shipping-taxable","21":"product-type-simple"},"acf":[],"_links":{"self":[{"href":"https:\/\/www.linkceramics.com\/es\/wp-json\/wp\/v2\/product\/1654","targetHints":{"allow":["GET"]}}],"collection":[{"href":"https:\/\/www.linkceramics.com\/es\/wp-json\/wp\/v2\/product"}],"about":[{"href":"https:\/\/www.linkceramics.com\/es\/wp-json\/wp\/v2\/types\/product"}],"replies":[{"embeddable":true,"href":"https:\/\/www.linkceramics.com\/es\/wp-json\/wp\/v2\/comments?post=1654"}],"wp:featuredmedia":[{"embeddable":true,"href":"https:\/\/www.linkceramics.com\/es\/wp-json\/wp\/v2\/media\/1655"}],"wp:attachment":[{"href":"https:\/\/www.linkceramics.com\/es\/wp-json\/wp\/v2\/media?parent=1654"}],"wp:term":[{"taxonomy":"certification","embeddable":true,"href":"https:\/\/www.linkceramics.com\/es\/wp-json\/wp\/v2\/certification?post=1654"},{"taxonomy":"product_brand","embeddable":true,"href":"https:\/\/www.linkceramics.com\/es\/wp-json\/wp\/v2\/product_brand?post=1654"},{"taxonomy":"product_cat","embeddable":true,"href":"https:\/\/www.linkceramics.com\/es\/wp-json\/wp\/v2\/product_cat?post=1654"},{"taxonomy":"product_tag","embeddable":true,"href":"https:\/\/www.linkceramics.com\/es\/wp-json\/wp\/v2\/product_tag?post=1654"}],"curies":[{"name":"wp","href":"https:\/\/api.w.org\/{rel}","templated":true}]}}