{"id":1658,"date":"2024-12-23T03:43:05","date_gmt":"2024-12-23T03:43:05","guid":{"rendered":"https:\/\/www.linkceramics.com\/?post_type=product&#038;p=1658"},"modified":"2024-12-23T03:56:16","modified_gmt":"2024-12-23T03:56:16","slug":"wholesale-large-ceramic-bowls","status":"publish","type":"product","link":"https:\/\/www.linkceramics.com\/es\/product\/wholesale-large-ceramic-bowls\/","title":{"rendered":"Mayorista Tazones Grandes de Cer\u00e1mica Vajilla de Cer\u00e1mica con Dise\u00f1o Moderno"},"content":{"rendered":"<div class=\"wp-block-columns is-layout-flex wp-container-core-columns-is-layout-9d6595d7 wp-block-columns-is-layout-flex\">\n<div class=\"wp-block-column is-layout-flow wp-block-column-is-layout-flow\" style=\"flex-basis:50%\">\n<h3 class=\"wp-block-heading\">Caracter\u00edsticas:<\/h3>\n\n\n\n<ol class=\"wp-block-list\">\n<li>Gran capacidad: Nuestros cuencos de cer\u00e1mica grandes est\u00e1n dise\u00f1ados para acomodar raciones abundantes, por lo que son perfectos para restaurantes, caterings y celebraciones en casa. Su espacioso interior permite un uso vers\u00e1til, desde servir ensaladas y platos de pasta hasta presentar frutas frescas o aperitivos.<\/li>\n\n\n\n<li>Est\u00e9tica contempor\u00e1nea: Con un dise\u00f1o moderno, estos cuencos grandes de cer\u00e1mica a\u00f1aden un toque de sofisticaci\u00f3n a cualquier mesa. Con l\u00edneas elegantes y est\u00e9tica minimalista, complementan sin esfuerzo una amplia gama de estilos culinarios y temas de decoraci\u00f3n de interiores, mejorando la experiencia gastron\u00f3mica tanto para los invitados como para los anfitriones.<\/li>\n\n\n\n<li>Alta calidad: Fabricada con materiales cer\u00e1micos de primera calidad, nuestra vajilla est\u00e1 hecha para durar. Su construcci\u00f3n duradera garantiza una larga vida \u00fatil, ya que resiste el desportillado, los ara\u00f1azos y la decoloraci\u00f3n, incluso con un uso frecuente en entornos comerciales.<\/li>\n\n\n\n<li>Funcionalidad vers\u00e1til: Desde cenas informales a ocasiones formales, nuestros grandes cuencos de cer\u00e1mica ofrecen una funcionalidad vers\u00e1til. Son aptos para microondas y lavavajillas, por lo que resultan pr\u00e1cticos en cocinas con mucho trabajo y se limpian sin esfuerzo.<\/li>\n<\/ol>\n<\/div>\n\n\n\n<div class=\"wp-block-column is-layout-flow wp-block-column-is-layout-flow\" style=\"flex-basis:50%\">\n<figure class=\"wp-block-image size-full\"><img decoding=\"async\" width=\"1200\" height=\"1500\" src=\"https:\/\/www.linkceramics.com\/wp-content\/uploads\/2024\/12\/wholesale-ceramic-bowls-custom-tableware-2.webp\" alt=\"venta al por mayor de cuencos de cer\u00e1mica grandes vajilla personalizada-2\" class=\"wp-image-1659\" srcset=\"https:\/\/www.linkceramics.com\/wp-content\/uploads\/2024\/12\/wholesale-ceramic-bowls-custom-tableware-2.webp 1200w, https:\/\/www.linkceramics.com\/wp-content\/uploads\/2024\/12\/wholesale-ceramic-bowls-custom-tableware-2-240x300.webp 240w, https:\/\/www.linkceramics.com\/wp-content\/uploads\/2024\/12\/wholesale-ceramic-bowls-custom-tableware-2-768x960.webp 768w, https:\/\/www.linkceramics.com\/wp-content\/uploads\/2024\/12\/wholesale-ceramic-bowls-custom-tableware-2-600x750.webp 600w\" sizes=\"(max-width: 1200px) 100vw, 1200px\" \/><\/figure>\n<\/div>\n<\/div>\n\n\n\n<p><\/p>","protected":false},"excerpt":{"rendered":"<div class=\"elementor-element elementor-element-12826c1 elementor-widget elementor-widget-text-editor\" data-id=\"12826c1\" data-element_type=\"widget\" data-widget_type=\"text-editor.default\">\n<div class=\"elementor-widget-container\">Bienvenido a la compra al por mayor y por encargo de cuencos de cer\u00e1mica de cualquier tama\u00f1o. Nuestros grandes cuencos de cer\u00e1mica de dise\u00f1o moderno combinan una generosa capacidad, una est\u00e9tica contempor\u00e1nea, una construcci\u00f3n de alta calidad y una funcionalidad vers\u00e1til, lo que los convierte en la opci\u00f3n ideal para empresas que buscan soluciones de vajilla elegantes y fiables.<\/p>\n<h2>Tazones grandes de cer\u00e1mica Especificaciones:<\/h2>\n<\/div>\n<\/div>\n<table border=\"0\" width=\"531\" cellspacing=\"0\" cellpadding=\"0\">\n<tbody>\n<tr>\n<td width=\"271\" height=\"24\">Fabricante<\/td>\n<td width=\"260\">JINHUA<\/td>\n<\/tr>\n<tr>\n<td width=\"271\" height=\"25\">N\u00ba de modelo<\/td>\n<td width=\"260\">JHD-08<\/td>\n<\/tr>\n<tr>\n<td width=\"271\" height=\"24\">Dise\u00f1o<\/td>\n<td width=\"260\">Forma redonda<\/td>\n<\/tr>\n<tr>\n<td width=\"271\" height=\"24\">Material<\/td>\n<td width=\"260\">Cer\u00e1mica<\/td>\n<\/tr>\n<tr>\n<td width=\"271\" height=\"24\">Color<\/td>\n<td width=\"260\">Blanco<\/td>\n<\/tr>\n<tr>\n<td width=\"271\" height=\"24\">A medida<\/td>\n<td width=\"260\">Color\/Tama\u00f1o\/Logotipo\/Embalaje<\/td>\n<\/tr>\n<tr>\n<td width=\"271\" height=\"24\">MOQ<\/td>\n<td width=\"260\">500 juegos<\/td>\n<\/tr>\n<tr>\n<td width=\"271\" height=\"24\">Dimensi\u00f3n<\/td>\n<td width=\"260\">15*15*10<\/td>\n<\/tr>\n<tr>\n<td width=\"271\" height=\"24\">N.W \/SET<\/td>\n<td width=\"260\">0,8\/unidad<\/td>\n<\/tr>\n<\/tbody>\n<\/table>","protected":false},"featured_media":1661,"comment_status":"open","ping_status":"closed","template":"","meta":{"_acf_changed":true},"certification":[63,64,66,58,65,61,60,62,57],"product_brand":[],"product_cat":[34,18],"product_tag":[],"class_list":{"0":"post-1658","1":"product","2":"type-product","3":"status-publish","4":"has-post-thumbnail","6":"certification-amfori","7":"certification-bsci","8":"certification-cnas","9":"certification-fda","10":"certification-iaf","11":"certification-iso-14001","12":"certification-iso-45001","13":"certification-iso-9001","14":"certification-lfgb","15":"product_cat-custom-household-ceramics","16":"product_cat-ceramic-tableware-wholesale","18":"first","19":"instock","20":"shipping-taxable","21":"product-type-simple"},"acf":[],"_links":{"self":[{"href":"https:\/\/www.linkceramics.com\/es\/wp-json\/wp\/v2\/product\/1658","targetHints":{"allow":["GET"]}}],"collection":[{"href":"https:\/\/www.linkceramics.com\/es\/wp-json\/wp\/v2\/product"}],"about":[{"href":"https:\/\/www.linkceramics.com\/es\/wp-json\/wp\/v2\/types\/product"}],"replies":[{"embeddable":true,"href":"https:\/\/www.linkceramics.com\/es\/wp-json\/wp\/v2\/comments?post=1658"}],"wp:featuredmedia":[{"embeddable":true,"href":"https:\/\/www.linkceramics.com\/es\/wp-json\/wp\/v2\/media\/1661"}],"wp:attachment":[{"href":"https:\/\/www.linkceramics.com\/es\/wp-json\/wp\/v2\/media?parent=1658"}],"wp:term":[{"taxonomy":"certification","embeddable":true,"href":"https:\/\/www.linkceramics.com\/es\/wp-json\/wp\/v2\/certification?post=1658"},{"taxonomy":"product_brand","embeddable":true,"href":"https:\/\/www.linkceramics.com\/es\/wp-json\/wp\/v2\/product_brand?post=1658"},{"taxonomy":"product_cat","embeddable":true,"href":"https:\/\/www.linkceramics.com\/es\/wp-json\/wp\/v2\/product_cat?post=1658"},{"taxonomy":"product_tag","embeddable":true,"href":"https:\/\/www.linkceramics.com\/es\/wp-json\/wp\/v2\/product_tag?post=1658"}],"curies":[{"name":"wp","href":"https:\/\/api.w.org\/{rel}","templated":true}]}}