{"id":1668,"date":"2024-12-23T06:20:30","date_gmt":"2024-12-23T06:20:30","guid":{"rendered":"https:\/\/www.linkceramics.com\/?post_type=product&#038;p=1668"},"modified":"2024-12-23T06:30:44","modified_gmt":"2024-12-23T06:30:44","slug":"ceramic-pie-pan-bulk","status":"publish","type":"product","link":"https:\/\/www.linkceramics.com\/es\/product\/ceramic-pie-pan-bulk\/","title":{"rendered":"Sart\u00e9n de Cer\u00e1mica al por Mayor, Sart\u00e9n de Cer\u00e1mica al por Mayor"},"content":{"rendered":"<div class=\"wp-block-columns is-layout-flex wp-container-core-columns-is-layout-9d6595d7 wp-block-columns-is-layout-flex\">\n<div class=\"wp-block-column is-layout-flow wp-block-column-is-layout-flow\" style=\"flex-basis:50%\">\n<h3 class=\"wp-block-heading\">Sart\u00e9n de cer\u00e1mica premium para tartas a granel Caracter\u00edsticas:<\/h3>\n\n\n\n<ul class=\"wp-block-list\">\n<li><strong>Elegante dise\u00f1o de encaje beige:<\/strong>\u00a0El suave color beige con exquisito dise\u00f1o de encaje de este molde de cer\u00e1mica para tartas a granel, adem\u00e1s de aportar un aspecto y tacto propios del producto, tambi\u00e9n a\u00f1ade elegancia a sus trabajos de reposter\u00eda para cualquier ocasi\u00f3n.<\/li>\n\n\n\n<li><strong>Material sin plomo, seguro y saludable:\u00a0<\/strong>Este molde para hornear a medida est\u00e1 fabricado con material sin plomo. Eso significa que cada uso es seguro y saludable de acuerdo con los requisitos de las normas de calidad alimentaria, que protegen su salud y la de su familia.<\/li>\n\n\n\n<li><strong>Escenario de uso multifunci\u00f3n:\u00a0<\/strong>Este molde de cer\u00e1mica para tartas a granel permite cambiar f\u00e1cilmente entre cocci\u00f3n y almacenamiento en varios aparatos de cocina, como microondas, hornos, lavavajillas y frigor\u00edficos.<\/li>\n\n\n\n<li><strong>Durabilidad y facilidad de limpieza:\u00a0<\/strong>Nuestro molde para hornear a medida utiliza cer\u00e1mica de calidad con una excelente resistencia al calor, apta para hornear a altas temperaturas. Es lavable, admite la limpieza en lavavajillas, ahorra tiempo y esfuerzo, y mejora en gran medida la comodidad de uso diario.<\/li>\n<\/ul>\n<\/div>\n\n\n\n<div class=\"wp-block-column is-layout-flow wp-block-column-is-layout-flow\" style=\"flex-basis:50%\">\n<figure class=\"wp-block-image size-full\"><img decoding=\"async\" width=\"1200\" height=\"1200\" src=\"https:\/\/www.linkceramics.com\/wp-content\/uploads\/2024\/12\/baking-dishes-1.webp\" alt=\"sart\u00e9n de cer\u00e1mica a granel-1\" class=\"wp-image-1671\" srcset=\"https:\/\/www.linkceramics.com\/wp-content\/uploads\/2024\/12\/baking-dishes-1.webp 1200w, https:\/\/www.linkceramics.com\/wp-content\/uploads\/2024\/12\/baking-dishes-1-300x300.webp 300w, https:\/\/www.linkceramics.com\/wp-content\/uploads\/2024\/12\/baking-dishes-1-150x150.webp 150w, https:\/\/www.linkceramics.com\/wp-content\/uploads\/2024\/12\/baking-dishes-1-768x768.webp 768w, https:\/\/www.linkceramics.com\/wp-content\/uploads\/2024\/12\/baking-dishes-1-600x600.webp 600w, https:\/\/www.linkceramics.com\/wp-content\/uploads\/2024\/12\/baking-dishes-1-100x100.webp 100w\" sizes=\"(max-width: 1200px) 100vw, 1200px\" \/><\/figure>\n<\/div>\n<\/div>\n\n\n\n<p><\/p>","protected":false},"excerpt":{"rendered":"<div class=\"elementor-element elementor-element-12826c1 elementor-widget elementor-widget-text-editor\" data-id=\"12826c1\" data-element_type=\"widget\" data-widget_type=\"text-editor.default\">\n<div class=\"elementor-widget-container\">Bienvenido al molde para tartas a medida. Este elegante molde de cer\u00e1mica beige para tartas a granel con exquisito dise\u00f1o de encaje est\u00e1 hecho de material sin plomo para garantizar la salud y la seguridad. Adecuado para microondas, horno, frigor\u00edfico y lavavajillas, puede hacer frente f\u00e1cilmente a diversas necesidades, desde la cocci\u00f3n hasta el almacenamiento, por lo que es una opci\u00f3n ideal para el hogar y cocinas profesionales.<\/p>\n<h2>Especificaciones:<\/h2>\n<\/div>\n<\/div>\n<div data-id=\"bef26dc\" data-element_type=\"widget\" data-widget_type=\"text-editor.default\">\n<div>\n<table border=\"0\" width=\"582\" cellspacing=\"0\" cellpadding=\"0\">\n<tbody>\n<tr>\n<td width=\"229\" height=\"33\">Fabricante<\/td>\n<td width=\"353\">JINHUA<\/td>\n<\/tr>\n<tr>\n<td height=\"33\">N\u00ba de modelo<\/td>\n<td>JHB21<\/td>\n<\/tr>\n<tr>\n<td height=\"33\">Dise\u00f1o<\/td>\n<td>Forma redonda<\/td>\n<\/tr>\n<tr>\n<td height=\"33\">Material<\/td>\n<td>Cer\u00e1mica<\/td>\n<\/tr>\n<tr>\n<td height=\"33\">Color<\/td>\n<td width=\"353\">Blanco<\/td>\n<\/tr>\n<tr>\n<td height=\"33\">A medida<\/td>\n<td>Color\/Tama\u00f1o\/Logotipo\/Embalaje<\/td>\n<\/tr>\n<tr>\n<td height=\"33\">MOQ<\/td>\n<td>500 unidades<\/td>\n<\/tr>\n<tr>\n<td height=\"33\">Dimensi\u00f3n<\/td>\n<td width=\"353\">26,9*26,9*4,3 cm<\/td>\n<\/tr>\n<\/tbody>\n<\/table>\n<\/div>\n<\/div>","protected":false},"featured_media":1670,"comment_status":"open","ping_status":"closed","template":"","meta":{"_acf_changed":true},"certification":[63,64,66,58,65,61,60,62,57],"product_brand":[],"product_cat":[34,20],"product_tag":[],"class_list":{"0":"post-1668","1":"product","2":"type-product","3":"status-publish","4":"has-post-thumbnail","6":"certification-amfori","7":"certification-bsci","8":"certification-cnas","9":"certification-fda","10":"certification-iaf","11":"certification-iso-14001","12":"certification-iso-45001","13":"certification-iso-9001","14":"certification-lfgb","15":"product_cat-custom-household-ceramics","16":"product_cat-ceramic-kitchenware-wholesale","18":"first","19":"instock","20":"shipping-taxable","21":"product-type-simple"},"acf":[],"_links":{"self":[{"href":"https:\/\/www.linkceramics.com\/es\/wp-json\/wp\/v2\/product\/1668","targetHints":{"allow":["GET"]}}],"collection":[{"href":"https:\/\/www.linkceramics.com\/es\/wp-json\/wp\/v2\/product"}],"about":[{"href":"https:\/\/www.linkceramics.com\/es\/wp-json\/wp\/v2\/types\/product"}],"replies":[{"embeddable":true,"href":"https:\/\/www.linkceramics.com\/es\/wp-json\/wp\/v2\/comments?post=1668"}],"wp:featuredmedia":[{"embeddable":true,"href":"https:\/\/www.linkceramics.com\/es\/wp-json\/wp\/v2\/media\/1670"}],"wp:attachment":[{"href":"https:\/\/www.linkceramics.com\/es\/wp-json\/wp\/v2\/media?parent=1668"}],"wp:term":[{"taxonomy":"certification","embeddable":true,"href":"https:\/\/www.linkceramics.com\/es\/wp-json\/wp\/v2\/certification?post=1668"},{"taxonomy":"product_brand","embeddable":true,"href":"https:\/\/www.linkceramics.com\/es\/wp-json\/wp\/v2\/product_brand?post=1668"},{"taxonomy":"product_cat","embeddable":true,"href":"https:\/\/www.linkceramics.com\/es\/wp-json\/wp\/v2\/product_cat?post=1668"},{"taxonomy":"product_tag","embeddable":true,"href":"https:\/\/www.linkceramics.com\/es\/wp-json\/wp\/v2\/product_tag?post=1668"}],"curies":[{"name":"wp","href":"https:\/\/api.w.org\/{rel}","templated":true}]}}