{"id":1673,"date":"2024-12-23T07:21:38","date_gmt":"2024-12-23T07:21:38","guid":{"rendered":"https:\/\/www.linkceramics.com\/?post_type=product&#038;p=1673"},"modified":"2024-12-24T10:04:25","modified_gmt":"2024-12-24T10:04:25","slug":"filter-press","status":"publish","type":"product","link":"https:\/\/www.linkceramics.com\/es\/product\/filter-press\/","title":{"rendered":"M\u00e1quina de procesamiento de arcilla de placa redonda de filtro prensa"},"content":{"rendered":"<div class=\"wp-block-columns is-layout-flex wp-container-core-columns-is-layout-9d6595d7 wp-block-columns-is-layout-flex\">\n<div class=\"wp-block-column is-layout-flow wp-block-column-is-layout-flow\">\n<h3 class=\"wp-block-heading\">Caracter\u00edsticas del filtro prensa<\/h3>\n\n\n\n<ol class=\"wp-block-list\">\n<li>Proceso de deshidrataci\u00f3n eficaz:<br>Su avanzado mecanismo de filtraci\u00f3n permite una r\u00e1pida deshidrataci\u00f3n, minimizando el tiempo de procesamiento y maximizando la productividad en la fabricaci\u00f3n de cer\u00e1mica.<\/li>\n\n\n\n<li>Contenido de agua ajustable:<br>El filtro prensa ofrece un control flexible del contenido de agua de la palanquilla, normalmente entre 17% y 26%, con ajustes ajustables para satisfacer requisitos de producci\u00f3n espec\u00edficos.<\/li>\n\n\n\n<li>Soluciones rentables:<br>Su eficacia en la eliminaci\u00f3n de agua se traduce en un menor consumo de energ\u00eda y una reducci\u00f3n de residuos, lo que ayuda a los fabricantes de cer\u00e1mica a ahorrar costes generales.<\/li>\n\n\n\n<li>Aplicaciones habituales:<br>Desde la preparaci\u00f3n inicial del lodo hasta la formaci\u00f3n final del tocho, el filtro prensa tiene una amplia gama de aplicaciones en todas las fases de la producci\u00f3n cer\u00e1mica.<\/li>\n<\/ol>\n<\/div>\n\n\n\n<div class=\"wp-block-column is-layout-flow wp-block-column-is-layout-flow\">\n<figure class=\"wp-block-embed is-type-video is-provider-youtube wp-block-embed-youtube wp-embed-aspect-16-9 wp-has-aspect-ratio\"><div class=\"wp-block-embed__wrapper\">\n<iframe title=\"\u00bfc\u00f3mo fabricar arcilla cer\u00e1mica? \u00bfc\u00f3mo fabricar materiales cer\u00e1micos para vajillas? filtro prensa,molino pug\" width=\"500\" height=\"281\" src=\"https:\/\/www.youtube.com\/embed\/jgu1eH8ANHc?feature=oembed\" frameborder=\"0\" allow=\"accelerometer; autoplay; clipboard-write; encrypted-media; gyroscope; picture-in-picture; web-share\" referrerpolicy=\"strict-origin-when-cross-origin\" allowfullscreen><\/iframe>\n<\/div><\/figure>\n<\/div>\n<\/div>","protected":false},"excerpt":{"rendered":"<div class=\"elementor-element elementor-element-e8e3df8 elementor-widget elementor-widget-woocommerce-product-short-description\" data-id=\"e8e3df8\" data-element_type=\"widget\" data-widget_type=\"woocommerce-product-short-description.default\">\n<div class=\"elementor-widget-container\">\n<div class=\"woocommerce-product-details__short-description\">\n<div class=\"elementor-element elementor-element-e8e3df8 elementor-widget elementor-widget-woocommerce-product-short-description\" data-id=\"e8e3df8\" data-element_type=\"widget\" data-widget_type=\"woocommerce-product-short-description.default\">\n<div class=\"elementor-widget-container\">\n<div class=\"woocommerce-product-details__short-description\">\n<p>Esta m\u00e1quina se utiliza para la deshidrataci\u00f3n de lodos en la industria cer\u00e1mica, con 17%-26%(ajustable) contenido de agua de tocho.<\/p>\n<h2>Soluci\u00f3n integral para filtros prensa:<\/h2>\n<ol>\n<li>Personalizaci\u00f3n a medida: Admite piezas de equipo personalizadas, accesorios personalizados y aplicaciones personalizadas.<\/li>\n<li>Apoyo al dise\u00f1o:  De acuerdo con el \u00e1rea de la f\u00e1brica, el plan de producci\u00f3n y la inversi\u00f3n de capital, proporcionamos servicios profesionales de dise\u00f1o y disposici\u00f3n.<\/li>\n<li>Asistencia t\u00e9cnica y servicio: T\u00e9cnicos altamente cualificados montar\u00e1n su maquinaria y le proporcionar\u00e1n formaci\u00f3n en v\u00eddeo y asistencia t\u00e9cnica.<\/li>\n<\/ol>\n<\/div>\n<\/div>\n<\/div>\n<div class=\"elementor-element elementor-element-713ad46 elementor-widget elementor-widget-text-editor\" data-id=\"713ad46\" data-element_type=\"widget\" data-widget_type=\"text-editor.default\">\n<div class=\"elementor-widget-container\">\n<p>Como fabricante l\u00edder de maquinaria de cer\u00e1mica dedicado a proporcionar excelentes m\u00e1quinas de vajilla de cer\u00e1mica y servicios para potenciar el \u00e9xito de nuestros clientes.-Yutai<\/p>\n<\/div>\n<\/div>\n<\/div>\n<\/div>\n<\/div>","protected":false},"featured_media":1675,"comment_status":"open","ping_status":"closed","template":"","meta":{"_acf_changed":true},"certification":[59,61,60,62],"product_brand":[],"product_cat":[39,40],"product_tag":[],"class_list":{"0":"post-1673","1":"product","2":"type-product","3":"status-publish","4":"has-post-thumbnail","6":"certification-ce","7":"certification-iso-14001","8":"certification-iso-45001","9":"certification-iso-9001","10":"product_cat-ceramic-machinery","11":"product_cat-ceramic-machines","13":"first","14":"instock","15":"shipping-taxable","16":"product-type-simple"},"acf":[],"_links":{"self":[{"href":"https:\/\/www.linkceramics.com\/es\/wp-json\/wp\/v2\/product\/1673","targetHints":{"allow":["GET"]}}],"collection":[{"href":"https:\/\/www.linkceramics.com\/es\/wp-json\/wp\/v2\/product"}],"about":[{"href":"https:\/\/www.linkceramics.com\/es\/wp-json\/wp\/v2\/types\/product"}],"replies":[{"embeddable":true,"href":"https:\/\/www.linkceramics.com\/es\/wp-json\/wp\/v2\/comments?post=1673"}],"wp:featuredmedia":[{"embeddable":true,"href":"https:\/\/www.linkceramics.com\/es\/wp-json\/wp\/v2\/media\/1675"}],"wp:attachment":[{"href":"https:\/\/www.linkceramics.com\/es\/wp-json\/wp\/v2\/media?parent=1673"}],"wp:term":[{"taxonomy":"certification","embeddable":true,"href":"https:\/\/www.linkceramics.com\/es\/wp-json\/wp\/v2\/certification?post=1673"},{"taxonomy":"product_brand","embeddable":true,"href":"https:\/\/www.linkceramics.com\/es\/wp-json\/wp\/v2\/product_brand?post=1673"},{"taxonomy":"product_cat","embeddable":true,"href":"https:\/\/www.linkceramics.com\/es\/wp-json\/wp\/v2\/product_cat?post=1673"},{"taxonomy":"product_tag","embeddable":true,"href":"https:\/\/www.linkceramics.com\/es\/wp-json\/wp\/v2\/product_tag?post=1673"}],"curies":[{"name":"wp","href":"https:\/\/api.w.org\/{rel}","templated":true}]}}