{"id":1677,"date":"2024-12-23T07:29:29","date_gmt":"2024-12-23T07:29:29","guid":{"rendered":"https:\/\/www.linkceramics.com\/?post_type=product&#038;p=1677"},"modified":"2024-12-24T09:41:54","modified_gmt":"2024-12-24T09:41:54","slug":"ceramic-press-machine","status":"publish","type":"product","link":"https:\/\/www.linkceramics.com\/es\/product\/ceramic-press-machine\/","title":{"rendered":"M\u00e1quina de prensa de cer\u00e1mica de 30T de alta calidad para la vajilla de cer\u00e1mica que forma"},"content":{"rendered":"<div class=\"wp-block-columns is-layout-flex wp-container-core-columns-is-layout-9d6595d7 wp-block-columns-is-layout-flex\">\n<div class=\"wp-block-column is-layout-flow wp-block-column-is-layout-flow\">\n<h3 class=\"wp-block-heading\"><strong>Caracter\u00edsticas de la m\u00e1quina de prensado de cer\u00e1mica<\/strong><\/h3>\n\n\n\n<p>Capacidad de alta presi\u00f3n: La m\u00e1quina est\u00e1 equipada con una capacidad de prensado de 30 toneladas, lo que permite la compresi\u00f3n eficiente y eficaz de materiales cer\u00e1micos en las formas y figuras deseadas.<\/p>\n\n\n\n<p>Control de precisi\u00f3n: Ofrece un control preciso de los par\u00e1metros de prensado, como la presi\u00f3n, la velocidad y el tiempo, garantizando la uniformidad y la consistencia en la producci\u00f3n de productos cer\u00e1micos.<\/p>\n<\/div>\n\n\n\n<div class=\"wp-block-column is-layout-flow wp-block-column-is-layout-flow\">\n<figure class=\"wp-block-image size-full\"><img decoding=\"async\" width=\"678\" height=\"678\" src=\"https:\/\/www.linkceramics.com\/wp-content\/uploads\/2024\/12\/Ceramic-Press-Machine.webp\" alt=\"Cer\u00e1mica-Prensa-M\u00e1quina\" class=\"wp-image-1678\" srcset=\"https:\/\/www.linkceramics.com\/wp-content\/uploads\/2024\/12\/Ceramic-Press-Machine.webp 678w, https:\/\/www.linkceramics.com\/wp-content\/uploads\/2024\/12\/Ceramic-Press-Machine-300x300.webp 300w, https:\/\/www.linkceramics.com\/wp-content\/uploads\/2024\/12\/Ceramic-Press-Machine-150x150.webp 150w, https:\/\/www.linkceramics.com\/wp-content\/uploads\/2024\/12\/Ceramic-Press-Machine-600x600.webp 600w, https:\/\/www.linkceramics.com\/wp-content\/uploads\/2024\/12\/Ceramic-Press-Machine-100x100.webp 100w\" sizes=\"(max-width: 678px) 100vw, 678px\" \/><\/figure>\n<\/div>\n<\/div>","protected":false},"excerpt":{"rendered":"<div class=\"elementor-element elementor-element-e8e3df8 elementor-widget elementor-widget-woocommerce-product-short-description\" data-id=\"e8e3df8\" data-element_type=\"widget\" data-widget_type=\"woocommerce-product-short-description.default\">\n<div class=\"elementor-widget-container\">\n<div class=\"woocommerce-product-details__short-description\">\n<div class=\"elementor-element elementor-element-e8e3df8 elementor-widget elementor-widget-woocommerce-product-short-description\" data-id=\"e8e3df8\" data-element_type=\"widget\" data-widget_type=\"woocommerce-product-short-description.default\">\n<div class=\"elementor-widget-container\">\n<div class=\"woocommerce-product-details__short-description\">\n<div class=\"elementor-element elementor-element-e8e3df8 elementor-widget elementor-widget-woocommerce-product-short-description\" data-id=\"e8e3df8\" data-element_type=\"widget\" data-widget_type=\"woocommerce-product-short-description.default\">\n<div class=\"elementor-widget-container\">\n<div class=\"woocommerce-product-details__short-description\">\n<p>Como el fabricante de maquinaria de formaci\u00f3n de cer\u00e1mica, Yutai proporciona una m\u00e1quina de prensa de cer\u00e1mica de 30T de alta presi\u00f3n, que se utiliza especialmente para la fabricaci\u00f3n de platos de formas especiales, tales como platos de pavo, platos grandes de pescado, y platos cuadrados.<\/p>\n<h2>Soluci\u00f3n integral para m\u00e1quinas de prensado de cer\u00e1mica :<\/h2>\n<ol>\n<li>Personalizaci\u00f3n: Si es necesario, podemos personalizar la m\u00e1quina para satisfacer requisitos de producci\u00f3n espec\u00edficos o integrar funciones adicionales para mejorar el rendimiento.<\/li>\n<li>Instalaci\u00f3n y puesta en marcha: Nuestros t\u00e9cnicos expertos instalar\u00e1n y pondr\u00e1n en marcha la m\u00e1quina de prensado de cer\u00e1mica 30T en sus instalaciones, garantizando una configuraci\u00f3n y funcionalidad adecuadas.<\/li>\n<li>Suministro de piezas de repuesto: Ofrecemos una amplia gama de piezas de repuesto y componentes originales para la m\u00e1quina con el fin de garantizar un funcionamiento continuo e ininterrumpido.<\/li>\n<\/ol>\n<\/div>\n<\/div>\n<\/div>\n<div class=\"elementor-element elementor-element-713ad46 elementor-widget elementor-widget-text-editor\" data-id=\"713ad46\" data-element_type=\"widget\" data-widget_type=\"text-editor.default\">\n<div class=\"elementor-widget-container\">\n<p>Como fabricante l\u00edder de maquinaria de cer\u00e1mica dedicado a proporcionar excelentes m\u00e1quinas de vajilla de cer\u00e1mica y servicios para potenciar el \u00e9xito de nuestros clientes.-Yutai<\/p>\n<\/div>\n<\/div>\n<\/div>\n<\/div>\n<\/div>\n<\/div>\n<\/div>\n<\/div>","protected":false},"featured_media":1678,"comment_status":"open","ping_status":"closed","template":"","meta":{"_acf_changed":true},"certification":[59,61,60,62],"product_brand":[],"product_cat":[39,40],"product_tag":[],"class_list":{"0":"post-1677","1":"product","2":"type-product","3":"status-publish","4":"has-post-thumbnail","6":"certification-ce","7":"certification-iso-14001","8":"certification-iso-45001","9":"certification-iso-9001","10":"product_cat-ceramic-machinery","11":"product_cat-ceramic-machines","13":"first","14":"instock","15":"shipping-taxable","16":"product-type-simple"},"acf":[],"_links":{"self":[{"href":"https:\/\/www.linkceramics.com\/es\/wp-json\/wp\/v2\/product\/1677","targetHints":{"allow":["GET"]}}],"collection":[{"href":"https:\/\/www.linkceramics.com\/es\/wp-json\/wp\/v2\/product"}],"about":[{"href":"https:\/\/www.linkceramics.com\/es\/wp-json\/wp\/v2\/types\/product"}],"replies":[{"embeddable":true,"href":"https:\/\/www.linkceramics.com\/es\/wp-json\/wp\/v2\/comments?post=1677"}],"wp:featuredmedia":[{"embeddable":true,"href":"https:\/\/www.linkceramics.com\/es\/wp-json\/wp\/v2\/media\/1678"}],"wp:attachment":[{"href":"https:\/\/www.linkceramics.com\/es\/wp-json\/wp\/v2\/media?parent=1677"}],"wp:term":[{"taxonomy":"certification","embeddable":true,"href":"https:\/\/www.linkceramics.com\/es\/wp-json\/wp\/v2\/certification?post=1677"},{"taxonomy":"product_brand","embeddable":true,"href":"https:\/\/www.linkceramics.com\/es\/wp-json\/wp\/v2\/product_brand?post=1677"},{"taxonomy":"product_cat","embeddable":true,"href":"https:\/\/www.linkceramics.com\/es\/wp-json\/wp\/v2\/product_cat?post=1677"},{"taxonomy":"product_tag","embeddable":true,"href":"https:\/\/www.linkceramics.com\/es\/wp-json\/wp\/v2\/product_tag?post=1677"}],"curies":[{"name":"wp","href":"https:\/\/api.w.org\/{rel}","templated":true}]}}