{"id":1688,"date":"2024-12-23T08:23:03","date_gmt":"2024-12-23T08:23:03","guid":{"rendered":"https:\/\/www.linkceramics.com\/?post_type=product&#038;p=1688"},"modified":"2024-12-24T09:40:31","modified_gmt":"2024-12-24T09:40:31","slug":"squeegee-sharpener","status":"publish","type":"product","link":"https:\/\/www.linkceramics.com\/es\/product\/squeegee-sharpener\/","title":{"rendered":"Afiladora autom\u00e1tica de rasquetas para serigraf\u00eda"},"content":{"rendered":"<div class=\"wp-block-columns is-layout-flex wp-container-core-columns-is-layout-9d6595d7 wp-block-columns-is-layout-flex\">\n<div class=\"wp-block-column is-layout-flow wp-block-column-is-layout-flow\">\n<h3 class=\"wp-block-heading\"><strong>Afilador de rasquetas<\/strong>&nbsp;<strong>Caracter\u00edsticas:<\/strong><\/h3>\n\n\n\n<p>Adecuado para rascadores de hoja plana y puntiaguda, para regenerar las hojas y afilar los rascadores.<\/p>\n\n\n\n<p>Adopta gu\u00edas lineales importadas con buen rendimiento horizontal.<\/p>\n\n\n\n<p>Motor de alta velocidad y bajo consumo para un funcionamiento suave.<\/p>\n\n\n\n<p>Longitud m\u00e1xima de rectificado: 1100mm\/1500mm<\/p>\n\n\n\n<p>Potencia: 370 W\/220 V<\/p>\n<\/div>\n<\/div>","protected":false},"excerpt":{"rendered":"<div class=\"elementor-element elementor-element-e8e3df8 elementor-widget elementor-widget-woocommerce-product-short-description\" data-id=\"e8e3df8\" data-element_type=\"widget\" data-widget_type=\"woocommerce-product-short-description.default\">\n<div class=\"elementor-widget-container\">\n<div class=\"woocommerce-product-details__short-description\">\n<div class=\"elementor-element elementor-element-e8e3df8 elementor-widget elementor-widget-woocommerce-product-short-description\" data-id=\"e8e3df8\" data-element_type=\"widget\" data-widget_type=\"woocommerce-product-short-description.default\">\n<div class=\"elementor-widget-container\">\n<div class=\"woocommerce-product-details__short-description\">\n<div class=\"elementor-element elementor-element-e8e3df8 elementor-widget elementor-widget-woocommerce-product-short-description\" data-id=\"e8e3df8\" data-element_type=\"widget\" data-widget_type=\"woocommerce-product-short-description.default\">\n<div class=\"elementor-widget-container\">\n<div class=\"woocommerce-product-details__short-description\">\n<div class=\"elementor-element elementor-element-e8e3df8 elementor-widget elementor-widget-woocommerce-product-short-description\" data-id=\"e8e3df8\" data-element_type=\"widget\" data-widget_type=\"woocommerce-product-short-description.default\">\n<div class=\"elementor-widget-container\">\n<div class=\"woocommerce-product-details__short-description\">\n<div class=\"elementor-element elementor-element-e8e3df8 elementor-widget elementor-widget-woocommerce-product-short-description\" data-id=\"e8e3df8\" data-element_type=\"widget\" data-widget_type=\"woocommerce-product-short-description.default\">\n<div class=\"elementor-widget-container\">\n<div class=\"woocommerce-product-details__short-description\">\n<div class=\"elementor-element elementor-element-e8e3df8 elementor-widget elementor-widget-woocommerce-product-short-description\" data-id=\"e8e3df8\" data-element_type=\"widget\" data-widget_type=\"woocommerce-product-short-description.default\">\n<div class=\"elementor-widget-container\">\n<div class=\"woocommerce-product-details__short-description\">\n<div class=\"elementor-element elementor-element-e8e3df8 elementor-widget elementor-widget-woocommerce-product-short-description\" data-id=\"e8e3df8\" data-element_type=\"widget\" data-widget_type=\"woocommerce-product-short-description.default\">\n<div class=\"elementor-widget-container\">\n<div class=\"woocommerce-product-details__short-description\">\n<p>El afilador de escobilla de goma directo de f\u00e1brica es adecuado para afilar varias serigraf\u00edas, con alta eficiencia, gran \u00e1rea de trabajo y operaci\u00f3n simple.\u00a0<\/p>\n<h2>Soluci\u00f3n integral para afiladores de rasquetas:<\/h2>\n<ol>\n<li>\n<p>Precio de f\u00e1brica: Como fabricante de m\u00e1quinas de serigraf\u00eda, proporcionamos m\u00e1quinas de serigraf\u00eda rentables, bienvenido a contactarnos para obtener el precio de f\u00e1brica.<\/p>\n<\/li>\n<li>\n<p>Asistencia t\u00e9cnica: Proporcionar orientaci\u00f3n t\u00e9cnica profesional e instalaci\u00f3n mec\u00e1nica, con gu\u00edas de v\u00eddeo para garantizar un uso r\u00e1pido del producto.<\/p>\n<\/li>\n<li>\n<p>Piezas de recambio: Suministro de una gama de piezas de repuesto originales.<\/p>\n<\/li>\n<li>\n<p>Asistencia posventa: Ayuda en l\u00ednea las 24 horas del d\u00eda para garantizar que est\u00e9 satisfecho con las m\u00e1quinas de serigraf\u00eda y que se utilice sin problemas en su l\u00ednea de producci\u00f3n.<\/p>\n<\/li>\n<\/ol>\n<\/div>\n<\/div>\n<\/div>\n<div class=\"elementor-element elementor-element-713ad46 elementor-widget elementor-widget-text-editor\" data-id=\"713ad46\" data-element_type=\"widget\" data-widget_type=\"text-editor.default\">\n<div class=\"elementor-widget-container\">\n<p>Como fabricante l\u00edder de maquinaria de cer\u00e1mica dedicado a proporcionar excelentes m\u00e1quinas de vajilla de cer\u00e1mica y servicios para potenciar el \u00e9xito de nuestros clientes.-Yutai<\/p>\n<\/div>\n<\/div>\n<\/div>\n<\/div>\n<\/div>\n<\/div>\n<\/div>\n<\/div>\n<\/div>\n<\/div>\n<\/div>\n<\/div>\n<\/div>\n<\/div>\n<\/div>\n<\/div>\n<\/div>\n<\/div>\n<\/div>\n<\/div>","protected":false},"featured_media":1689,"comment_status":"open","ping_status":"closed","template":"","meta":{"_acf_changed":true},"certification":[59,61,60,62],"product_brand":[],"product_cat":[39,40],"product_tag":[],"class_list":{"0":"post-1688","1":"product","2":"type-product","3":"status-publish","4":"has-post-thumbnail","6":"certification-ce","7":"certification-iso-14001","8":"certification-iso-45001","9":"certification-iso-9001","10":"product_cat-ceramic-machinery","11":"product_cat-ceramic-machines","13":"first","14":"instock","15":"shipping-taxable","16":"product-type-simple"},"acf":[],"_links":{"self":[{"href":"https:\/\/www.linkceramics.com\/es\/wp-json\/wp\/v2\/product\/1688","targetHints":{"allow":["GET"]}}],"collection":[{"href":"https:\/\/www.linkceramics.com\/es\/wp-json\/wp\/v2\/product"}],"about":[{"href":"https:\/\/www.linkceramics.com\/es\/wp-json\/wp\/v2\/types\/product"}],"replies":[{"embeddable":true,"href":"https:\/\/www.linkceramics.com\/es\/wp-json\/wp\/v2\/comments?post=1688"}],"wp:featuredmedia":[{"embeddable":true,"href":"https:\/\/www.linkceramics.com\/es\/wp-json\/wp\/v2\/media\/1689"}],"wp:attachment":[{"href":"https:\/\/www.linkceramics.com\/es\/wp-json\/wp\/v2\/media?parent=1688"}],"wp:term":[{"taxonomy":"certification","embeddable":true,"href":"https:\/\/www.linkceramics.com\/es\/wp-json\/wp\/v2\/certification?post=1688"},{"taxonomy":"product_brand","embeddable":true,"href":"https:\/\/www.linkceramics.com\/es\/wp-json\/wp\/v2\/product_brand?post=1688"},{"taxonomy":"product_cat","embeddable":true,"href":"https:\/\/www.linkceramics.com\/es\/wp-json\/wp\/v2\/product_cat?post=1688"},{"taxonomy":"product_tag","embeddable":true,"href":"https:\/\/www.linkceramics.com\/es\/wp-json\/wp\/v2\/product_tag?post=1688"}],"curies":[{"name":"wp","href":"https:\/\/api.w.org\/{rel}","templated":true}]}}