{"id":1722,"date":"2024-12-24T08:32:48","date_gmt":"2024-12-24T08:32:48","guid":{"rendered":"https:\/\/www.linkceramics.com\/?post_type=product&#038;p=1722"},"modified":"2024-12-24T09:36:09","modified_gmt":"2024-12-24T09:36:09","slug":"bathroom-sinks-wholesale","status":"publish","type":"product","link":"https:\/\/www.linkceramics.com\/es\/product\/bathroom-sinks-wholesale\/","title":{"rendered":"Fregaderos De Cer\u00e1mica Al Por Mayor Con Acabado Oro Mate"},"content":{"rendered":"<div class=\"wp-block-columns is-layout-flex wp-container-core-columns-is-layout-9d6595d7 wp-block-columns-is-layout-flex\">\n<div class=\"wp-block-column is-layout-flow wp-block-column-is-layout-flow\" style=\"flex-basis:50%\">\n<h3 class=\"wp-block-heading\">Premium Fregaderos de Ba\u00f1o al por mayor Caracter\u00edsticas:<\/h3>\n\n\n\n<ul class=\"wp-block-list\">\n<li><strong>Lujoso acabado dorado:&nbsp;<\/strong>Estos lavabos de ba\u00f1o al por mayor est\u00e1n acabados en oro mate, el lavabo posee un lujo discreto, elevando la sofisticaci\u00f3n del espacio de ba\u00f1o y formando una atm\u00f3sfera de alta gama.<\/li>\n\n\n\n<li><strong>F\u00e1cil de limpiar y mantener:&nbsp;<\/strong>Estos lavabos al por mayor con acabado dorado mate para cuartos de ba\u00f1o son f\u00e1ciles de limpiar y mantener, bonitos a la vez que sencillos en la limpieza diaria, lo que reduce los costes de mantenimiento a largo plazo.<\/li>\n\n\n\n<li><strong>Duradera y fiable:&nbsp;<\/strong>Nuestros lavabos de ba\u00f1o al por mayor est\u00e1n fabricados con materiales cer\u00e1micos de alta calidad para garantizar que el lavabo sea fuerte y duradero, resistente a manchas y ara\u00f1azos, y pueda mantener su belleza original despu\u00e9s de mucho tiempo de uso.<\/li>\n\n\n\n<li><strong>Descuento al por mayor:&nbsp;<\/strong>Como fabricante de lavabos para cuartos de ba\u00f1o, le ofreceremos precios preferentes para la venta al por mayor de lavabos para cuartos de ba\u00f1o, a fin de garantizar que disfrute de productos de alta calidad dentro del presupuesto del proyecto.<\/li>\n<\/ul>\n<\/div>\n\n\n\n<div class=\"wp-block-column is-layout-flow wp-block-column-is-layout-flow\" style=\"flex-basis:50%\">\n<figure class=\"wp-block-image size-full\"><img decoding=\"async\" width=\"980\" height=\"1348\" src=\"https:\/\/www.linkceramics.com\/wp-content\/uploads\/2024\/12\/ceramic-bathroom-sinks-wholesale-with-matte-gold-finish-6.webp\" alt=\"fregaderos de cer\u00e1mica al por mayor con acabado dorado mate-6\" class=\"wp-image-1726\" srcset=\"https:\/\/www.linkceramics.com\/wp-content\/uploads\/2024\/12\/ceramic-bathroom-sinks-wholesale-with-matte-gold-finish-6.webp 980w, https:\/\/www.linkceramics.com\/wp-content\/uploads\/2024\/12\/ceramic-bathroom-sinks-wholesale-with-matte-gold-finish-6-218x300.webp 218w, https:\/\/www.linkceramics.com\/wp-content\/uploads\/2024\/12\/ceramic-bathroom-sinks-wholesale-with-matte-gold-finish-6-768x1056.webp 768w, https:\/\/www.linkceramics.com\/wp-content\/uploads\/2024\/12\/ceramic-bathroom-sinks-wholesale-with-matte-gold-finish-6-600x825.webp 600w\" sizes=\"(max-width: 980px) 100vw, 980px\" \/><\/figure>\n<\/div>\n<\/div>","protected":false},"excerpt":{"rendered":"<div id=\"brxe-0ee1ca\" class=\"brxe-product-meta product_meta\">\n<div id=\"brxe-0ee1ca\" class=\"brxe-product-meta product_meta\">Bienvenido a comprar lavabos de cer\u00e1mica al por mayor. Nuestros lavabos de ba\u00f1o al por mayor fusionan el lujo moderno del acabado en oro mate con la belleza natural presente en el material cer\u00e1mico. Adem\u00e1s de a\u00f1adir valor est\u00e9tico al lavabo, el acabado en oro mate le confiere un temperamento discreto y noble. Ofrecemos precios muy competitivos para ayudarle a controlar sus costes de compra.<\/div>\n<\/div>\n<div id=\"brxe-8c5ca9\" class=\"brxe-product-short-description\">\n<div class=\"woocommerce-product-details__short-description\">\n<h2>Especificaciones:<\/h2>\n<table border=\"0\" width=\"531\" cellspacing=\"0\" cellpadding=\"0\">\n<tbody>\n<tr>\n<td width=\"271\" height=\"24\">Fabricante<\/td>\n<td width=\"260\">HanYu<\/td>\n<\/tr>\n<tr>\n<td width=\"271\" height=\"25\">N\u00ba de modelo<\/td>\n<td width=\"260\">HY-8070MGS<\/td>\n<\/tr>\n<tr>\n<td width=\"271\" height=\"48\">Tipo<\/td>\n<td width=\"260\">Lavabo galv\u00e1nico, lavabo mate, lavabo sobre encimera<\/td>\n<\/tr>\n<tr>\n<td width=\"271\" height=\"24\">Forma<\/td>\n<td width=\"260\">Forma redonda<\/td>\n<\/tr>\n<tr>\n<td width=\"271\" height=\"24\">Color<\/td>\n<td width=\"260\">Negro mate + Oro cepillado<\/td>\n<\/tr>\n<tr>\n<td width=\"271\" height=\"24\">Dimensi\u00f3n<\/td>\n<td width=\"260\">36*36*12<\/td>\n<\/tr>\n<tr>\n<td width=\"271\" height=\"24\">N.W \/SET<\/td>\n<td width=\"260\">8KGS\/PCS<\/td>\n<\/tr>\n<tr>\n<td width=\"271\" height=\"24\">MOQ<\/td>\n<td width=\"260\">20 piezas<\/td>\n<\/tr>\n<tr>\n<td width=\"271\" height=\"48\">Opci\u00f3n personalizada<\/td>\n<td width=\"260\">Color\/Patr\u00f3n\/Tama\u00f1o\/Logotipo\/Embalaje<\/td>\n<\/tr>\n<\/tbody>\n<\/table>\n<p><\/div>\n<\/div>","protected":false},"featured_media":1725,"comment_status":"open","ping_status":"closed","template":"","meta":{"_acf_changed":true},"certification":[59,61,60,62],"product_brand":[],"product_cat":[35,21],"product_tag":[],"class_list":{"0":"post-1722","1":"product","2":"type-product","3":"status-publish","4":"has-post-thumbnail","6":"certification-ce","7":"certification-iso-14001","8":"certification-iso-45001","9":"certification-iso-9001","10":"product_cat-bathroom-ceramics-supply","11":"product_cat-wholesale-ceramic-basin","13":"first","14":"instock","15":"shipping-taxable","16":"product-type-simple"},"acf":[],"_links":{"self":[{"href":"https:\/\/www.linkceramics.com\/es\/wp-json\/wp\/v2\/product\/1722","targetHints":{"allow":["GET"]}}],"collection":[{"href":"https:\/\/www.linkceramics.com\/es\/wp-json\/wp\/v2\/product"}],"about":[{"href":"https:\/\/www.linkceramics.com\/es\/wp-json\/wp\/v2\/types\/product"}],"replies":[{"embeddable":true,"href":"https:\/\/www.linkceramics.com\/es\/wp-json\/wp\/v2\/comments?post=1722"}],"wp:featuredmedia":[{"embeddable":true,"href":"https:\/\/www.linkceramics.com\/es\/wp-json\/wp\/v2\/media\/1725"}],"wp:attachment":[{"href":"https:\/\/www.linkceramics.com\/es\/wp-json\/wp\/v2\/media?parent=1722"}],"wp:term":[{"taxonomy":"certification","embeddable":true,"href":"https:\/\/www.linkceramics.com\/es\/wp-json\/wp\/v2\/certification?post=1722"},{"taxonomy":"product_brand","embeddable":true,"href":"https:\/\/www.linkceramics.com\/es\/wp-json\/wp\/v2\/product_brand?post=1722"},{"taxonomy":"product_cat","embeddable":true,"href":"https:\/\/www.linkceramics.com\/es\/wp-json\/wp\/v2\/product_cat?post=1722"},{"taxonomy":"product_tag","embeddable":true,"href":"https:\/\/www.linkceramics.com\/es\/wp-json\/wp\/v2\/product_tag?post=1722"}],"curies":[{"name":"wp","href":"https:\/\/api.w.org\/{rel}","templated":true}]}}