{"id":1727,"date":"2024-12-24T08:46:04","date_gmt":"2024-12-24T08:46:04","guid":{"rendered":"https:\/\/www.linkceramics.com\/?post_type=product&#038;p=1727"},"modified":"2024-12-24T09:39:55","modified_gmt":"2024-12-24T09:39:55","slug":"wholesale-marble-wash-basins","status":"publish","type":"product","link":"https:\/\/www.linkceramics.com\/es\/product\/wholesale-marble-wash-basins\/","title":{"rendered":"Lavabos De M\u00e1rmol Al Por Mayor De Alta Calidad"},"content":{"rendered":"<div class=\"wp-block-columns is-layout-flex wp-container-core-columns-is-layout-9d6595d7 wp-block-columns-is-layout-flex\">\n<div class=\"wp-block-column is-layout-flow wp-block-column-is-layout-flow\" style=\"flex-basis:50%\">\n<h3 class=\"wp-block-heading\">Lavabos de m\u00e1rmol al por mayor de primera calidad Caracter\u00edsticas:<\/h3>\n\n\n\n<ul class=\"wp-block-list\">\n<li><strong>Sensaci\u00f3n de lujo:&nbsp;<\/strong>Cada uno de nuestros lavabos de m\u00e1rmol al por mayor est\u00e1 fabricado con m\u00e1rmol natural de alta calidad, con una textura y un color \u00fanicos que reflejan directamente la alta calidad.<\/li>\n\n\n\n<li><strong>Exquisita artesan\u00eda:&nbsp;<\/strong>Este lavabo de recipiente al por mayor ha sido finamente pulido para garantizar que la superficie del lavabo sea suave y delicada, y que los bordes no sean afilados. Los detalles son un reflejo de la habilidad artesanal.<\/li>\n\n\n\n<li><strong>Estilo elegante:<\/strong>&nbsp;Estos lavabos de m\u00e1rmol al por mayor combinan elementos de moda y cl\u00e1sicos en un mismo concepto de dise\u00f1o. Este lavabo en s\u00ed es sencillo pero elegante. Puede encajar perfectamente en diferentes estilos de decoraci\u00f3n de ba\u00f1o, que puede realzar la belleza del espacio con eficacia.<\/li>\n\n\n\n<li><strong>Estricto control de calidad:<\/strong>&nbsp;Cada uno de nuestros fregaderos de cuba al por mayor ha sido sometido a estrictos controles de calidad para garantizar su durabilidad y fiabilidad y mantener su belleza y funcionalidad incluso tras un uso prolongado.<\/li>\n<\/ul>\n<\/div>\n\n\n\n<div class=\"wp-block-column is-layout-flow wp-block-column-is-layout-flow\" style=\"flex-basis:50%\">\n<figure class=\"wp-block-image size-full\"><img decoding=\"async\" width=\"980\" height=\"1351\" src=\"https:\/\/www.linkceramics.com\/wp-content\/uploads\/2024\/12\/beautiful-wholesale-marble-wash-basins-with-high-quality-7.webp\" alt=\"lavabos de m\u00e1rmol al por mayor de alta calidad-7\" class=\"wp-image-1731\" srcset=\"https:\/\/www.linkceramics.com\/wp-content\/uploads\/2024\/12\/beautiful-wholesale-marble-wash-basins-with-high-quality-7.webp 980w, https:\/\/www.linkceramics.com\/wp-content\/uploads\/2024\/12\/beautiful-wholesale-marble-wash-basins-with-high-quality-7-218x300.webp 218w, https:\/\/www.linkceramics.com\/wp-content\/uploads\/2024\/12\/beautiful-wholesale-marble-wash-basins-with-high-quality-7-768x1059.webp 768w, https:\/\/www.linkceramics.com\/wp-content\/uploads\/2024\/12\/beautiful-wholesale-marble-wash-basins-with-high-quality-7-600x827.webp 600w\" sizes=\"(max-width: 980px) 100vw, 980px\" \/><\/figure>\n<\/div>\n<\/div>","protected":false},"excerpt":{"rendered":"<div id=\"brxe-0ee1ca\" class=\"brxe-product-meta product_meta\">\n<div id=\"brxe-0ee1ca\" class=\"brxe-product-meta product_meta\">Bienvenido a comprar lavabos de recipiente al por mayor. Nuestros lavabos de m\u00e1rmol al por mayor adoptan la tecnolog\u00eda de transferencia de agua para simular la textura natural de la piedra natural, combinando elegancia y durabilidad, aportando un mayor grado de sensaci\u00f3n est\u00e9tica al cuarto de ba\u00f1o. Ofrecemos servicio OEM\/ODM para sus proyectos.<\/div>\n<\/div>\n<div id=\"brxe-8c5ca9\" class=\"brxe-product-short-description\">\n<div class=\"woocommerce-product-details__short-description\">\n<h2>Lavabos de m\u00e1rmol Especificaciones:<\/h2>\n<table border=\"0\" width=\"531\" cellspacing=\"0\" cellpadding=\"0\">\n<tbody>\n<tr>\n<td width=\"271\" height=\"24\">Fabricante<\/td>\n<td width=\"260\">HanYu<\/td>\n<\/tr>\n<tr>\n<td width=\"271\" height=\"25\">N\u00ba de modelo<\/td>\n<td width=\"260\">HY-8064-55D127<\/td>\n<\/tr>\n<tr>\n<td width=\"271\" height=\"48\">Tipo<\/td>\n<td width=\"260\">Lavabo Color M\u00e1rmol, Lavabo Encimera<\/td>\n<\/tr>\n<tr>\n<td width=\"271\" height=\"24\">Forma<\/td>\n<td width=\"260\">Forma rectangular<\/td>\n<\/tr>\n<tr>\n<td width=\"271\" height=\"24\">Color<\/td>\n<td width=\"260\">Azul<\/td>\n<\/tr>\n<tr>\n<td width=\"271\" height=\"24\">Dimensi\u00f3n<\/td>\n<td width=\"260\">55*38*11<\/td>\n<\/tr>\n<tr>\n<td width=\"271\" height=\"24\">N.W \/SET<\/td>\n<td width=\"260\">12KGS\/PCS<\/td>\n<\/tr>\n<tr>\n<td width=\"271\" height=\"24\">MOQ<\/td>\n<td width=\"260\">20 piezas<\/td>\n<\/tr>\n<tr>\n<td width=\"271\" height=\"48\">Opci\u00f3n personalizada<\/td>\n<td width=\"260\">Color\/Patr\u00f3n\/Tama\u00f1o\/Logotipo\/Embalaje<\/td>\n<\/tr>\n<\/tbody>\n<\/table>\n<\/div>\n<\/div>","protected":false},"featured_media":1730,"comment_status":"open","ping_status":"closed","template":"","meta":{"_acf_changed":true},"certification":[59,61,60,62],"product_brand":[],"product_cat":[35,21],"product_tag":[],"class_list":{"0":"post-1727","1":"product","2":"type-product","3":"status-publish","4":"has-post-thumbnail","6":"certification-ce","7":"certification-iso-14001","8":"certification-iso-45001","9":"certification-iso-9001","10":"product_cat-bathroom-ceramics-supply","11":"product_cat-wholesale-ceramic-basin","13":"first","14":"instock","15":"shipping-taxable","16":"product-type-simple"},"acf":[],"_links":{"self":[{"href":"https:\/\/www.linkceramics.com\/es\/wp-json\/wp\/v2\/product\/1727","targetHints":{"allow":["GET"]}}],"collection":[{"href":"https:\/\/www.linkceramics.com\/es\/wp-json\/wp\/v2\/product"}],"about":[{"href":"https:\/\/www.linkceramics.com\/es\/wp-json\/wp\/v2\/types\/product"}],"replies":[{"embeddable":true,"href":"https:\/\/www.linkceramics.com\/es\/wp-json\/wp\/v2\/comments?post=1727"}],"wp:featuredmedia":[{"embeddable":true,"href":"https:\/\/www.linkceramics.com\/es\/wp-json\/wp\/v2\/media\/1730"}],"wp:attachment":[{"href":"https:\/\/www.linkceramics.com\/es\/wp-json\/wp\/v2\/media?parent=1727"}],"wp:term":[{"taxonomy":"certification","embeddable":true,"href":"https:\/\/www.linkceramics.com\/es\/wp-json\/wp\/v2\/certification?post=1727"},{"taxonomy":"product_brand","embeddable":true,"href":"https:\/\/www.linkceramics.com\/es\/wp-json\/wp\/v2\/product_brand?post=1727"},{"taxonomy":"product_cat","embeddable":true,"href":"https:\/\/www.linkceramics.com\/es\/wp-json\/wp\/v2\/product_cat?post=1727"},{"taxonomy":"product_tag","embeddable":true,"href":"https:\/\/www.linkceramics.com\/es\/wp-json\/wp\/v2\/product_tag?post=1727"}],"curies":[{"name":"wp","href":"https:\/\/api.w.org\/{rel}","templated":true}]}}