{"id":1732,"date":"2024-12-24T09:35:15","date_gmt":"2024-12-24T09:35:15","guid":{"rendered":"https:\/\/www.linkceramics.com\/?post_type=product&#038;p=1732"},"modified":"2024-12-24T10:22:36","modified_gmt":"2024-12-24T10:22:36","slug":"gold-wash-basin-wholesale","status":"publish","type":"product","link":"https:\/\/www.linkceramics.com\/es\/product\/gold-wash-basin-wholesale\/","title":{"rendered":"Lavabo de Oro al por mayor para tocador"},"content":{"rendered":"<div class=\"wp-block-columns is-layout-flex wp-container-core-columns-is-layout-9d6595d7 wp-block-columns-is-layout-flex\">\n<div class=\"wp-block-column is-layout-flow wp-block-column-is-layout-flow\" style=\"flex-basis:50%\">\n<h3 class=\"wp-block-heading\">Premium lavabo de oro al por mayor Caracter\u00edsticas:<\/h3>\n\n\n\n<ul class=\"wp-block-list\">\n<li><strong>Lujoso acabado dorado:\u00a0<\/strong>Este lavabo de oro al por mayor utiliza un acabado de galvanoplastia de oro de alta gama, y cada pieza se personaliza cuidadosamente para a\u00f1adir una sensaci\u00f3n de lujo al cuarto de ba\u00f1o.<\/li>\n\n\n\n<li><strong>Duradera y bonita:\u00a0<\/strong>Este lavabo dorado al por mayor utiliza materiales cer\u00e1micos de alta calidad y una superficie galvanizada para garantizar que el lavabo no s\u00f3lo tenga un aspecto magn\u00edfico, sino que tambi\u00e9n sea resistente y duradero, y pueda mantener su brillo tras un uso prolongado.<\/li>\n\n\n\n<li><strong>Satisfacer necesidades personalizadas:<\/strong>\u00a0Somos fabricantes profesionales de lavabos de ba\u00f1o, ofrecemos servicios de personalizaci\u00f3n y podemos ajustar el tama\u00f1o seg\u00fan sus necesidades espec\u00edficas.<\/li>\n\n\n\n<li><strong>Adquisici\u00f3n a granel, rentable:\u00a0<\/strong>Ofrecemos precios de adquisici\u00f3n preferentes para su proyecto, lo que le garantiza que disfrutar\u00e1 de productos de alta calidad sin salirse del presupuesto del proyecto.<\/li>\n<\/ul>\n<\/div>\n\n\n\n<div class=\"wp-block-column is-layout-flow wp-block-column-is-layout-flow\" style=\"flex-basis:50%\">\n<figure class=\"wp-block-image size-full\"><img decoding=\"async\" width=\"827\" height=\"1232\" src=\"https:\/\/www.linkceramics.com\/wp-content\/uploads\/2024\/12\/premium-custom-made-gold-wash-basin-wholesale-for-vanity-6.webp\" alt=\"lavabo de oro de primera calidad hecho a medida para mayoristas de vanity-6\" class=\"wp-image-1737\" srcset=\"https:\/\/www.linkceramics.com\/wp-content\/uploads\/2024\/12\/premium-custom-made-gold-wash-basin-wholesale-for-vanity-6.webp 827w, https:\/\/www.linkceramics.com\/wp-content\/uploads\/2024\/12\/premium-custom-made-gold-wash-basin-wholesale-for-vanity-6-201x300.webp 201w, https:\/\/www.linkceramics.com\/wp-content\/uploads\/2024\/12\/premium-custom-made-gold-wash-basin-wholesale-for-vanity-6-768x1144.webp 768w, https:\/\/www.linkceramics.com\/wp-content\/uploads\/2024\/12\/premium-custom-made-gold-wash-basin-wholesale-for-vanity-6-600x894.webp 600w\" sizes=\"(max-width: 827px) 100vw, 827px\" \/><\/figure>\n<\/div>\n<\/div>\n\n\n\n<p><\/p>","protected":false},"excerpt":{"rendered":"<div id=\"brxe-0ee1ca\" class=\"brxe-product-meta product_meta\">\n<div id=\"brxe-0ee1ca\" class=\"brxe-product-meta product_meta\">Este lavabo dorado al por mayor utiliza materiales cer\u00e1micos de alta calidad y una superficie galvanizada para garantizar que el lavabo no s\u00f3lo tenga un aspecto magn\u00edfico, sino que tambi\u00e9n sea resistente y duradero. El servicio de personalizaci\u00f3n nos permite ajustar el tama\u00f1o y la forma del lavabo seg\u00fan sus requisitos espec\u00edficos para garantizar que se adapte perfectamente a su espacio.<\/div>\n<\/div>\n<div id=\"brxe-8c5ca9\" class=\"brxe-product-short-description\">\n<div class=\"woocommerce-product-details__short-description\">\n<h2>Especificaciones:<\/h2>\n<table border=\"0\" width=\"531\" cellspacing=\"0\" cellpadding=\"0\">\n<tbody>\n<tr>\n<td width=\"271\" height=\"24\">Fabricante<\/td>\n<td width=\"260\">HanYu<\/td>\n<\/tr>\n<tr>\n<td width=\"271\" height=\"25\">N\u00ba de modelo<\/td>\n<td width=\"260\">HY-8037GY<\/td>\n<\/tr>\n<tr>\n<td width=\"271\" height=\"48\">Tipo<\/td>\n<td width=\"260\">Lavabo Electrochapado, Lavabo de Encimera<\/td>\n<\/tr>\n<tr>\n<td width=\"271\" height=\"24\">Forma<\/td>\n<td width=\"260\">Forma redonda<\/td>\n<\/tr>\n<tr>\n<td width=\"271\" height=\"24\">Color<\/td>\n<td width=\"260\">Oro<\/td>\n<\/tr>\n<tr>\n<td width=\"271\" height=\"24\">Dimensi\u00f3n<\/td>\n<td width=\"260\">41*41*15<\/td>\n<\/tr>\n<tr>\n<td width=\"271\" height=\"24\">N.W \/SET<\/td>\n<td width=\"260\">8KGS\/PCS<\/td>\n<\/tr>\n<tr>\n<td width=\"271\" height=\"24\">MOQ<\/td>\n<td width=\"260\">20 piezas<\/td>\n<\/tr>\n<tr>\n<td width=\"271\" height=\"48\">Opci\u00f3n personalizada<\/td>\n<td width=\"260\">Color\/Patr\u00f3n\/Tama\u00f1o\/Logotipo\/Embalaje<\/td>\n<\/tr>\n<\/tbody>\n<\/table>\n<\/div>\n<\/div>","protected":false},"featured_media":1734,"comment_status":"open","ping_status":"closed","template":"","meta":{"_acf_changed":true},"certification":[59,61,60,62],"product_brand":[],"product_cat":[35,21],"product_tag":[],"class_list":{"0":"post-1732","1":"product","2":"type-product","3":"status-publish","4":"has-post-thumbnail","6":"certification-ce","7":"certification-iso-14001","8":"certification-iso-45001","9":"certification-iso-9001","10":"product_cat-bathroom-ceramics-supply","11":"product_cat-wholesale-ceramic-basin","13":"first","14":"instock","15":"shipping-taxable","16":"product-type-simple"},"acf":[],"_links":{"self":[{"href":"https:\/\/www.linkceramics.com\/es\/wp-json\/wp\/v2\/product\/1732","targetHints":{"allow":["GET"]}}],"collection":[{"href":"https:\/\/www.linkceramics.com\/es\/wp-json\/wp\/v2\/product"}],"about":[{"href":"https:\/\/www.linkceramics.com\/es\/wp-json\/wp\/v2\/types\/product"}],"replies":[{"embeddable":true,"href":"https:\/\/www.linkceramics.com\/es\/wp-json\/wp\/v2\/comments?post=1732"}],"wp:featuredmedia":[{"embeddable":true,"href":"https:\/\/www.linkceramics.com\/es\/wp-json\/wp\/v2\/media\/1734"}],"wp:attachment":[{"href":"https:\/\/www.linkceramics.com\/es\/wp-json\/wp\/v2\/media?parent=1732"}],"wp:term":[{"taxonomy":"certification","embeddable":true,"href":"https:\/\/www.linkceramics.com\/es\/wp-json\/wp\/v2\/certification?post=1732"},{"taxonomy":"product_brand","embeddable":true,"href":"https:\/\/www.linkceramics.com\/es\/wp-json\/wp\/v2\/product_brand?post=1732"},{"taxonomy":"product_cat","embeddable":true,"href":"https:\/\/www.linkceramics.com\/es\/wp-json\/wp\/v2\/product_cat?post=1732"},{"taxonomy":"product_tag","embeddable":true,"href":"https:\/\/www.linkceramics.com\/es\/wp-json\/wp\/v2\/product_tag?post=1732"}],"curies":[{"name":"wp","href":"https:\/\/api.w.org\/{rel}","templated":true}]}}