{"id":1751,"date":"2024-12-25T06:58:43","date_gmt":"2024-12-25T06:58:43","guid":{"rendered":"https:\/\/www.linkceramics.com\/?post_type=product&#038;p=1751"},"modified":"2024-12-25T07:10:29","modified_gmt":"2024-12-25T07:10:29","slug":"wholesale-glass-vessel-sink","status":"publish","type":"product","link":"https:\/\/www.linkceramics.com\/es\/product\/wholesale-glass-vessel-sink\/","title":{"rendered":"Venta al por mayor de lavabos de cristal para cuartos de ba\u00f1o"},"content":{"rendered":"<div class=\"wp-block-columns is-layout-flex wp-container-core-columns-is-layout-9d6595d7 wp-block-columns-is-layout-flex\">\n<div class=\"wp-block-column is-layout-flow wp-block-column-is-layout-flow\" style=\"flex-basis:50%\">\n<h3 class=\"wp-block-heading\">Fregadero de vidrio al por mayor de primera calidad Caracter\u00edsticas:<\/h3>\n\n\n\n<ul class=\"wp-block-list\">\n<li><strong>Material de vidrio de alta calidad:<\/strong>\u00a0Nuestro fregadero de vidrio al por mayor est\u00e1 hecho de material de vidrio de alta calidad, ligero de peso, y con alta transparencia y brillo, mostrando un efecto visual de alta gama y sentido moderno, garantizando la durabilidad y la belleza del producto.<\/li>\n\n\n\n<li><strong>Variedad de colores:\u00a0<\/strong>Hay diferentes colores disponibles para este recipiente de cristal al por mayor, desde el cl\u00e1sico transparente al colorido y de moda para satisfacer los diferentes estilos de ba\u00f1o y preferencias personales.<\/li>\n\n\n\n<li><strong>Dise\u00f1o exquisito:\u00a0<\/strong>Este lavabo de vidrio al por mayor est\u00e1 dise\u00f1ado en un estilo moderno, con hermosas l\u00edneas y adecuado para todo tipo de dise\u00f1os de ba\u00f1o, promoviendo el grado de belleza del espacio en su conjunto.<\/li>\n\n\n\n<li><strong>F\u00e1cil de limpiar:\u00a0<\/strong>Con una superficie de cristal liso, este recipiente de cristal es resistente a las manchas y al moho, f\u00e1cil de limpiar y mantener, lo que garantiza la higiene y el orden en el uso diario.<\/li>\n<\/ul>\n<\/div>\n\n\n\n<div class=\"wp-block-column is-layout-flow wp-block-column-is-layout-flow\" style=\"flex-basis:50%\">\n<figure class=\"wp-block-image size-full\"><img decoding=\"async\" width=\"975\" height=\"1300\" src=\"https:\/\/www.linkceramics.com\/wp-content\/uploads\/2024\/12\/premium-wholesale-glass-vessel-sink-bowls-for-bathrooms-9.webp\" alt=\"premium-mayorista-fregadero-de-vidrio-lavabos-para-ba\u00f1os-9\" class=\"wp-image-1756\" srcset=\"https:\/\/www.linkceramics.com\/wp-content\/uploads\/2024\/12\/premium-wholesale-glass-vessel-sink-bowls-for-bathrooms-9.webp 975w, https:\/\/www.linkceramics.com\/wp-content\/uploads\/2024\/12\/premium-wholesale-glass-vessel-sink-bowls-for-bathrooms-9-225x300.webp 225w, https:\/\/www.linkceramics.com\/wp-content\/uploads\/2024\/12\/premium-wholesale-glass-vessel-sink-bowls-for-bathrooms-9-768x1024.webp 768w, https:\/\/www.linkceramics.com\/wp-content\/uploads\/2024\/12\/premium-wholesale-glass-vessel-sink-bowls-for-bathrooms-9-600x800.webp 600w\" sizes=\"(max-width: 975px) 100vw, 975px\" \/><\/figure>\n<\/div>\n<\/div>\n\n\n\n<p><\/p>","protected":false},"excerpt":{"rendered":"<div id=\"brxe-0ee1ca\" class=\"brxe-product-meta product_meta\">\n<div id=\"brxe-0ee1ca\" class=\"brxe-product-meta product_meta\">Bienvenido a la compra de lavabos de vidrio al por mayor. Este lavabo de vidrio al por mayor es de material de vidrio de alta calidad, alta transparencia y alto brillo, que muestra efectos visuales de alta calidad y un sentido moderno. Con un dise\u00f1o moderno y de moda y abundantes opciones de color, se ha convertido en la primera opci\u00f3n para lavabos de ba\u00f1o de alta calidad.<\/div>\n<\/div>\n<div id=\"brxe-8c5ca9\" class=\"brxe-product-short-description\">\n<div class=\"woocommerce-product-details__short-description\">\n<h2>Fregadero de vaso de cristal Especificaciones:<\/h2>\n<table border=\"0\" width=\"531\" cellspacing=\"0\" cellpadding=\"0\">\n<tbody>\n<tr>\n<td width=\"271\" height=\"24\">Fabricante<\/td>\n<td width=\"260\">HanYu<\/td>\n<\/tr>\n<tr>\n<td width=\"271\" height=\"25\">N\u00ba de modelo<\/td>\n<td width=\"260\">HY-GL37<\/td>\n<\/tr>\n<tr>\n<td width=\"271\" height=\"24\">Tipo<\/td>\n<td width=\"260\">Lavabo de cristal<\/td>\n<\/tr>\n<tr>\n<td width=\"271\" height=\"24\">Forma<\/td>\n<td width=\"260\">Forma redonda<\/td>\n<\/tr>\n<tr>\n<td width=\"271\" height=\"48\">Color<\/td>\n<td width=\"260\">negro\/blanco\/azul\/gris\/rosa\/verde\/marr\u00f3n\/caqui<\/td>\n<\/tr>\n<tr>\n<td width=\"271\" height=\"24\">Dimensi\u00f3n<\/td>\n<td width=\"260\">46*46*12.5<\/td>\n<\/tr>\n<tr>\n<td width=\"271\" height=\"24\">N.W \/SET<\/td>\n<td width=\"260\">8KGS\/PCS<\/td>\n<\/tr>\n<tr>\n<td width=\"271\" height=\"24\">MOQ<\/td>\n<td width=\"260\">20 piezas<\/td>\n<\/tr>\n<tr>\n<td width=\"271\" height=\"48\">Opci\u00f3n personalizada<\/td>\n<td width=\"260\">Color\/Patr\u00f3n\/Tama\u00f1o\/Logotipo\/Embalaje<\/td>\n<\/tr>\n<\/tbody>\n<\/table>\n<p><\/div>\n<\/div>","protected":false},"featured_media":1752,"comment_status":"open","ping_status":"closed","template":"","meta":{"_acf_changed":false},"certification":[59,61,60,62],"product_brand":[],"product_cat":[35,21],"product_tag":[],"class_list":{"0":"post-1751","1":"product","2":"type-product","3":"status-publish","4":"has-post-thumbnail","6":"certification-ce","7":"certification-iso-14001","8":"certification-iso-45001","9":"certification-iso-9001","10":"product_cat-bathroom-ceramics-supply","11":"product_cat-wholesale-ceramic-basin","13":"first","14":"instock","15":"shipping-taxable","16":"product-type-simple"},"acf":[],"_links":{"self":[{"href":"https:\/\/www.linkceramics.com\/es\/wp-json\/wp\/v2\/product\/1751","targetHints":{"allow":["GET"]}}],"collection":[{"href":"https:\/\/www.linkceramics.com\/es\/wp-json\/wp\/v2\/product"}],"about":[{"href":"https:\/\/www.linkceramics.com\/es\/wp-json\/wp\/v2\/types\/product"}],"replies":[{"embeddable":true,"href":"https:\/\/www.linkceramics.com\/es\/wp-json\/wp\/v2\/comments?post=1751"}],"wp:featuredmedia":[{"embeddable":true,"href":"https:\/\/www.linkceramics.com\/es\/wp-json\/wp\/v2\/media\/1752"}],"wp:attachment":[{"href":"https:\/\/www.linkceramics.com\/es\/wp-json\/wp\/v2\/media?parent=1751"}],"wp:term":[{"taxonomy":"certification","embeddable":true,"href":"https:\/\/www.linkceramics.com\/es\/wp-json\/wp\/v2\/certification?post=1751"},{"taxonomy":"product_brand","embeddable":true,"href":"https:\/\/www.linkceramics.com\/es\/wp-json\/wp\/v2\/product_brand?post=1751"},{"taxonomy":"product_cat","embeddable":true,"href":"https:\/\/www.linkceramics.com\/es\/wp-json\/wp\/v2\/product_cat?post=1751"},{"taxonomy":"product_tag","embeddable":true,"href":"https:\/\/www.linkceramics.com\/es\/wp-json\/wp\/v2\/product_tag?post=1751"}],"curies":[{"name":"wp","href":"https:\/\/api.w.org\/{rel}","templated":true}]}}