{"id":1767,"date":"2024-12-25T07:35:47","date_gmt":"2024-12-25T07:35:47","guid":{"rendered":"https:\/\/www.linkceramics.com\/?post_type=product&#038;p=1767"},"modified":"2024-12-31T03:21:34","modified_gmt":"2024-12-31T03:21:34","slug":"wash-basin-wholesale","status":"publish","type":"product","link":"https:\/\/www.linkceramics.com\/es\/product\/wash-basin-wholesale\/","title":{"rendered":"Lavabo Sobre Encimera De Lujo Al Por Mayor, Fregadero De Ba\u00f1o F\u00e1cil De Limpiar"},"content":{"rendered":"<div class=\"wp-block-columns is-layout-flex wp-container-core-columns-is-layout-9d6595d7 wp-block-columns-is-layout-flex\">\n<div class=\"wp-block-column is-layout-flow wp-block-column-is-layout-flow\" style=\"flex-basis:50%\">\n<h3 class=\"wp-block-heading\">Lavabo Premium al por mayor Caracter\u00edsticas:<\/h3>\n\n\n\n<ul class=\"wp-block-list\">\n<li><strong>Colorido:\u00a0<\/strong>El color del m\u00e1rmol se consigue mediante un proceso de transferencia de agua basado en un lavabo blanco brillante ordinario, que es bonito y duradero. Ofrecemos m\u00e1s de 100 colores y patrones para elegir, y todos los modelos de lavabo al por mayor se pueden personalizar en color y textura.<\/li>\n\n\n\n<li><strong>F\u00e1cil instalaci\u00f3n:<\/strong>\u00a0Dise\u00f1ados para montaje sobre encimera, estos lavabos de ba\u00f1o al por mayor son f\u00e1ciles de instalar y ofrecen una soluci\u00f3n sin complicaciones tanto para nuevas construcciones como para renovaciones de ba\u00f1os.<\/li>\n\n\n\n<li><strong>Bonita superficie:\u00a0<\/strong>La superficie de nuestro lavabo al por mayor es lisa y puede ser mate y brillante seg\u00fan sea necesario. T\u00f3quelo y si\u00e9ntalo, es sedoso y exquisito.<\/li>\n\n\n\n<li><strong>Gran capacidad de producci\u00f3n:<\/strong>\u00a0Nuestro gran almac\u00e9n contiene varios tipos de lavabos de ba\u00f1o al por mayor. Elija los art\u00edculos que est\u00e1n en producci\u00f3n, tenemos suficientes lavabos blancos para hacer lavabos de color m\u00e1rmol, el tiempo de env\u00edo ser\u00eda m\u00e1s corto mucho.<\/li>\n<\/ul>\n<\/div>\n\n\n\n<div class=\"wp-block-column is-layout-flow wp-block-column-is-layout-flow\" style=\"flex-basis:50%\">\n<figure class=\"wp-block-image size-full\"><img decoding=\"async\" width=\"980\" height=\"1352\" src=\"https:\/\/www.linkceramics.com\/wp-content\/uploads\/2024\/12\/Marble-Style-Ceramic-Rectangular-Design-Art-Sink-6-1.webp\" alt=\"Lavabo Premium al por mayor\" class=\"wp-image-1829\" srcset=\"https:\/\/www.linkceramics.com\/wp-content\/uploads\/2024\/12\/Marble-Style-Ceramic-Rectangular-Design-Art-Sink-6-1.webp 980w, https:\/\/www.linkceramics.com\/wp-content\/uploads\/2024\/12\/Marble-Style-Ceramic-Rectangular-Design-Art-Sink-6-1-217x300.webp 217w, https:\/\/www.linkceramics.com\/wp-content\/uploads\/2024\/12\/Marble-Style-Ceramic-Rectangular-Design-Art-Sink-6-1-768x1060.webp 768w, https:\/\/www.linkceramics.com\/wp-content\/uploads\/2024\/12\/Marble-Style-Ceramic-Rectangular-Design-Art-Sink-6-1-600x828.webp 600w\" sizes=\"(max-width: 980px) 100vw, 980px\" \/><\/figure>\n<\/div>\n<\/div>\n\n\n\n<p><\/p>","protected":false},"excerpt":{"rendered":"<div id=\"brxe-0ee1ca\" class=\"brxe-product-meta product_meta\">\n<div id=\"brxe-0ee1ca\" class=\"brxe-product-meta product_meta\">Nuestro lavabo de color m\u00e1rmol al por mayor est\u00e1 fabricado mediante un proceso de transferencia de agua basado en un lavabo normal de cer\u00e1mica blanca.  F\u00e1cil de instalar sobre el mostrador de montaje. Tenemos suficientes lavabos blancos en inventario para hacer lavabos de cer\u00e1mica de color m\u00e1rmol, por lo que el tiempo de env\u00edo ser\u00eda m\u00e1s corto mucho.<\/div>\n<\/div>\n<div id=\"brxe-8c5ca9\" class=\"brxe-product-short-description\">\n<div class=\"woocommerce-product-details__short-description\">\n<h2>Especificaciones del lavabo:<\/h2>\n<table border=\"0\" width=\"478\" cellspacing=\"0\" cellpadding=\"0\">\n<tbody>\n<tr>\n<td width=\"166\" height=\"23\">Fabricante<\/td>\n<td width=\"312\">HanYu<\/td>\n<\/tr>\n<tr>\n<td height=\"23\">N\u00ba de modelo<\/td>\n<td>HY-5104D119<\/td>\n<\/tr>\n<tr>\n<td height=\"23\">Tipo<\/td>\n<td width=\"312\">Fregadero M\u00e1rmol, Fregadero Encimera<\/td>\n<\/tr>\n<tr>\n<td height=\"24\">Forma<\/td>\n<td>Forma rectangular<\/td>\n<\/tr>\n<tr>\n<td height=\"46\">Color<\/td>\n<td width=\"312\">Negro y dorado<\/td>\n<\/tr>\n<tr>\n<td height=\"24\">Dimensi\u00f3n<\/td>\n<td width=\"312\">45*40*14.5<\/td>\n<\/tr>\n<tr>\n<td height=\"23\">N.W \/SET<\/td>\n<td>10KGS\/PCS<\/td>\n<\/tr>\n<tr>\n<td height=\"23\">MOQ<\/td>\n<td>20 piezas<\/td>\n<\/tr>\n<tr>\n<td height=\"23\">Opci\u00f3n personalizada<\/td>\n<td>Color\/Patr\u00f3n\/Tama\u00f1o\/Logotipo\/Embalaje<\/td>\n<\/tr>\n<\/tbody>\n<\/table>\n<p><\/div>\n<\/div>","protected":false},"featured_media":1828,"comment_status":"open","ping_status":"closed","template":"","meta":{"_acf_changed":false},"certification":[59,61,60,62],"product_brand":[],"product_cat":[35,21],"product_tag":[],"class_list":{"0":"post-1767","1":"product","2":"type-product","3":"status-publish","4":"has-post-thumbnail","6":"certification-ce","7":"certification-iso-14001","8":"certification-iso-45001","9":"certification-iso-9001","10":"product_cat-bathroom-ceramics-supply","11":"product_cat-wholesale-ceramic-basin","13":"first","14":"instock","15":"shipping-taxable","16":"product-type-simple"},"acf":[],"_links":{"self":[{"href":"https:\/\/www.linkceramics.com\/es\/wp-json\/wp\/v2\/product\/1767","targetHints":{"allow":["GET"]}}],"collection":[{"href":"https:\/\/www.linkceramics.com\/es\/wp-json\/wp\/v2\/product"}],"about":[{"href":"https:\/\/www.linkceramics.com\/es\/wp-json\/wp\/v2\/types\/product"}],"replies":[{"embeddable":true,"href":"https:\/\/www.linkceramics.com\/es\/wp-json\/wp\/v2\/comments?post=1767"}],"wp:featuredmedia":[{"embeddable":true,"href":"https:\/\/www.linkceramics.com\/es\/wp-json\/wp\/v2\/media\/1828"}],"wp:attachment":[{"href":"https:\/\/www.linkceramics.com\/es\/wp-json\/wp\/v2\/media?parent=1767"}],"wp:term":[{"taxonomy":"certification","embeddable":true,"href":"https:\/\/www.linkceramics.com\/es\/wp-json\/wp\/v2\/certification?post=1767"},{"taxonomy":"product_brand","embeddable":true,"href":"https:\/\/www.linkceramics.com\/es\/wp-json\/wp\/v2\/product_brand?post=1767"},{"taxonomy":"product_cat","embeddable":true,"href":"https:\/\/www.linkceramics.com\/es\/wp-json\/wp\/v2\/product_cat?post=1767"},{"taxonomy":"product_tag","embeddable":true,"href":"https:\/\/www.linkceramics.com\/es\/wp-json\/wp\/v2\/product_tag?post=1767"}],"curies":[{"name":"wp","href":"https:\/\/api.w.org\/{rel}","templated":true}]}}