{"id":1769,"date":"2024-12-30T08:10:35","date_gmt":"2024-12-30T08:10:35","guid":{"rendered":"https:\/\/www.linkceramics.com\/?post_type=product&#038;p=1769"},"modified":"2024-12-30T08:39:02","modified_gmt":"2024-12-30T08:39:02","slug":"chinese-crockery-wholesale","status":"publish","type":"product","link":"https:\/\/www.linkceramics.com\/es\/product\/chinese-crockery-wholesale\/","title":{"rendered":"Vajilla China al por mayor, Platos de Cer\u00e1mica al por mayor"},"content":{"rendered":"<div class=\"wp-block-columns is-layout-flex wp-container-core-columns-is-layout-9d6595d7 wp-block-columns-is-layout-flex\">\n<div class=\"wp-block-column is-layout-flow wp-block-column-is-layout-flow\" style=\"flex-basis:66.66%\">\n<h3 class=\"wp-block-heading\">Vajilla China Premium al por mayor Caracter\u00edsticas:<\/h3>\n\n\n\n<p><strong>Sencillo y elegante, imprescindible en cualquier mesa de comedor moderna:<\/strong> La serie de chinos al por mayor hace uso de sencillos lunares, ondas y dise\u00f1os geom\u00e9tricos. El dise\u00f1o moderno y de moda establece perfectamente el estilo decorativo moderno tanto en los hogares como en los restaurantes para a\u00f1adir belleza y gusto a una mesa de comedor.<\/p>\n\n\n\n<p><strong>Se puede elegir entre m\u00faltiples formas, y el emparejamiento puede ser flexible:<\/strong> Nuestros platos llanos a granel ofrecen platos llanos redondos y cuadrados, as\u00ed como una gran variedad de formas de cuencos. Los usuarios pueden combinarlos de forma flexible seg\u00fan sus necesidades personales y las ocasiones para satisfacer las necesidades de los distintos entornos gastron\u00f3micos.<\/p>\n\n\n\n<p><strong>Cer\u00e1mica de alta calidad, duradera y segura: <\/strong>Nuestra vajilla china al por mayor selecciona materiales cer\u00e1micos cocidos a alta temperatura, lo que garantiza la excelente durabilidad y estabilidad de la vajilla. No son t\u00f3xicas ni desprenden olores, cumplen los requisitos de seguridad alimentaria y pueden utilizarse con todo tipo de equipos de cocina modernos, incluidos hornos microondas y lavavajillas, lo que hace que comer sea f\u00e1cil y saludable.<\/p>\n\n\n\n<p><strong>Ventajas al por mayor, adecuado para compras al por mayor:<\/strong> ofrecemos precios muy ventajosos en los segmentos de venta al por mayor de platos hondos de cer\u00e1mica y teteras de taza a granel y ofrecemos servicios de personalizaci\u00f3n OEM\/ODM. No importa el minorista, empresa de catering, o eventos a gran escala, el patr\u00f3n, el tama\u00f1o y el embalaje se puede hacer como personalizado basado en los requerimientos del cliente, que es su mejor opci\u00f3n para mejorar su imagen de marca.<\/p>\n<\/div>\n\n\n\n<div class=\"wp-block-column is-layout-flow wp-block-column-is-layout-flow\" style=\"flex-basis:33.33%\">\n<figure class=\"wp-block-image size-full\"><img decoding=\"async\" width=\"1200\" height=\"1200\" src=\"https:\/\/www.linkceramics.com\/wp-content\/uploads\/2024\/12\/Stylish-Chinese-Crockery-Wholesale-Ceramic-Dinner-Plates-Bulk-2.webp\" alt=\"Elegante-China-Crockery-Mayorista-Platos-Ceramica-Comedor-Granel-2\" class=\"wp-image-1772\" srcset=\"https:\/\/www.linkceramics.com\/wp-content\/uploads\/2024\/12\/Stylish-Chinese-Crockery-Wholesale-Ceramic-Dinner-Plates-Bulk-2.webp 1200w, https:\/\/www.linkceramics.com\/wp-content\/uploads\/2024\/12\/Stylish-Chinese-Crockery-Wholesale-Ceramic-Dinner-Plates-Bulk-2-300x300.webp 300w, https:\/\/www.linkceramics.com\/wp-content\/uploads\/2024\/12\/Stylish-Chinese-Crockery-Wholesale-Ceramic-Dinner-Plates-Bulk-2-150x150.webp 150w, https:\/\/www.linkceramics.com\/wp-content\/uploads\/2024\/12\/Stylish-Chinese-Crockery-Wholesale-Ceramic-Dinner-Plates-Bulk-2-768x768.webp 768w, https:\/\/www.linkceramics.com\/wp-content\/uploads\/2024\/12\/Stylish-Chinese-Crockery-Wholesale-Ceramic-Dinner-Plates-Bulk-2-600x600.webp 600w, https:\/\/www.linkceramics.com\/wp-content\/uploads\/2024\/12\/Stylish-Chinese-Crockery-Wholesale-Ceramic-Dinner-Plates-Bulk-2-100x100.webp 100w\" sizes=\"(max-width: 1200px) 100vw, 1200px\" \/><\/figure>\n<\/div>\n<\/div>","protected":false},"excerpt":{"rendered":"<div id=\"brxe-0ee1ca\" class=\"brxe-product-meta product_meta\">\n<div id=\"brxe-0ee1ca\" class=\"brxe-product-meta product_meta\">\n<div id=\"brxe-0ee1ca\" class=\"brxe-product-meta product_meta\">Bienvenido a comprar platos, cuencos, tazas y teteras de cer\u00e1mica al por mayor. Esta elegante serie de vajillas chinas al por mayor presenta un dise\u00f1o sencillo y moderno que combina lunares, ondas y formas geom\u00e9tricas. Muestra un estilo moderno y sencillo adecuado para hogares, hosteler\u00eda y comercios minoristas.<\/div>\n<\/div>\n<\/div>\n<div id=\"brxe-8c5ca9\" class=\"brxe-product-short-description\">\n<div class=\"woocommerce-product-details__short-description\">\n<h2>Vajilla China Premium Especificaciones:<\/h2>\n<table border=\"0\" width=\"531\" cellspacing=\"0\" cellpadding=\"0\">\n<tbody>\n<tr>\n<td width=\"271\" height=\"24\">Fabricante<\/td>\n<td width=\"260\">Un hogar lleno de amor<\/td>\n<\/tr>\n<tr>\n<td width=\"271\" height=\"25\">Nombre de la colecci\u00f3n<\/td>\n<td width=\"260\">Azure Mix<\/td>\n<\/tr>\n<tr>\n<td width=\"271\" height=\"24\">Utilizaci\u00f3n<\/td>\n<td width=\"260\">Hogar, Restaurante, Hotel<\/td>\n<\/tr>\n<tr>\n<td width=\"271\" height=\"72\">Tipo de vajilla<\/td>\n<td width=\"260\">Tetera, Azucarero, Cremera, Taza y Plato, Taza, Plato, Bol, Tarro de almacenaje<\/td>\n<\/tr>\n<tr>\n<td width=\"271\" height=\"24\">Material<\/td>\n<td width=\"260\">Porcelana resistente<\/td>\n<\/tr>\n<tr>\n<td width=\"271\" height=\"24\">Dimensi\u00f3n<\/td>\n<td width=\"260\">Como imagen detallada<\/td>\n<\/tr>\n<tr>\n<td width=\"271\" height=\"24\">Unidades de venta<\/td>\n<td width=\"260\">Art\u00edculo \u00fanico<\/td>\n<\/tr>\n<tr>\n<td width=\"271\" height=\"24\">MOQ<\/td>\n<td width=\"260\">1200 unid. por art\u00edculo<\/td>\n<\/tr>\n<tr>\n<td width=\"271\" height=\"48\">Opci\u00f3n personalizada<\/td>\n<td width=\"260\">Color\/Tama\u00f1o\/Glaseado\/Logotipo\/Embalaje<\/td>\n<\/tr>\n<\/tbody>\n<\/table>\n<\/div>\n<\/div>","protected":false},"featured_media":1771,"comment_status":"open","ping_status":"closed","template":"","meta":{"_acf_changed":true},"certification":[63,64,66,58,65,61,60,62],"product_brand":[],"product_cat":[34,18,19],"product_tag":[],"class_list":{"0":"post-1769","1":"product","2":"type-product","3":"status-publish","4":"has-post-thumbnail","6":"certification-amfori","7":"certification-bsci","8":"certification-cnas","9":"certification-fda","10":"certification-iaf","11":"certification-iso-14001","12":"certification-iso-45001","13":"certification-iso-9001","14":"product_cat-custom-household-ceramics","15":"product_cat-ceramic-tableware-wholesale","16":"product_cat-ceramic-tea-set-wholesale","18":"first","19":"instock","20":"shipping-taxable","21":"product-type-simple"},"acf":[],"_links":{"self":[{"href":"https:\/\/www.linkceramics.com\/es\/wp-json\/wp\/v2\/product\/1769","targetHints":{"allow":["GET"]}}],"collection":[{"href":"https:\/\/www.linkceramics.com\/es\/wp-json\/wp\/v2\/product"}],"about":[{"href":"https:\/\/www.linkceramics.com\/es\/wp-json\/wp\/v2\/types\/product"}],"replies":[{"embeddable":true,"href":"https:\/\/www.linkceramics.com\/es\/wp-json\/wp\/v2\/comments?post=1769"}],"wp:featuredmedia":[{"embeddable":true,"href":"https:\/\/www.linkceramics.com\/es\/wp-json\/wp\/v2\/media\/1771"}],"wp:attachment":[{"href":"https:\/\/www.linkceramics.com\/es\/wp-json\/wp\/v2\/media?parent=1769"}],"wp:term":[{"taxonomy":"certification","embeddable":true,"href":"https:\/\/www.linkceramics.com\/es\/wp-json\/wp\/v2\/certification?post=1769"},{"taxonomy":"product_brand","embeddable":true,"href":"https:\/\/www.linkceramics.com\/es\/wp-json\/wp\/v2\/product_brand?post=1769"},{"taxonomy":"product_cat","embeddable":true,"href":"https:\/\/www.linkceramics.com\/es\/wp-json\/wp\/v2\/product_cat?post=1769"},{"taxonomy":"product_tag","embeddable":true,"href":"https:\/\/www.linkceramics.com\/es\/wp-json\/wp\/v2\/product_tag?post=1769"}],"curies":[{"name":"wp","href":"https:\/\/api.w.org\/{rel}","templated":true}]}}