{"id":1776,"date":"2024-12-30T08:41:47","date_gmt":"2024-12-30T08:41:47","guid":{"rendered":"https:\/\/www.linkceramics.com\/?post_type=product&#038;p=1776"},"modified":"2024-12-30T08:49:01","modified_gmt":"2024-12-30T08:49:01","slug":"wholesale-kitchen-supplies","status":"publish","type":"product","link":"https:\/\/www.linkceramics.com\/es\/product\/wholesale-kitchen-supplies\/","title":{"rendered":"Exquisite Wholesale Kitchen Supplies, Utensilios de Cer\u00e1mica para Hornear"},"content":{"rendered":"<div class=\"wp-block-columns is-layout-flex wp-container-core-columns-is-layout-9d6595d7 wp-block-columns-is-layout-flex\">\n<div class=\"wp-block-column is-layout-flow wp-block-column-is-layout-flow\" style=\"flex-basis:66.66%\">\n<h3 class=\"wp-block-heading\">Suministros de cocina al por mayor de primera calidad Caracter\u00edsticas:<\/h3>\n\n\n\n<ul class=\"wp-block-list\">\n<li><strong>Completo juego de utensilios de cocina para hornear:<\/strong> Incluye todos los utensilios pr\u00e1cticos de la cocina, desde estantes para utensilios y tarros de almacenamiento hasta mantequeras y tablas para quesos, etc., aplicados para satisfacer diversos usos en reposter\u00eda y cocina.<\/li>\n\n\n\n<li><strong>Calidad del material:<\/strong> Todos nuestros utensilios de cer\u00e1mica para hornear al por mayor est\u00e1n fabricados con materiales de gres de la mejor calidad que son duros, fuertes y resistentes a las altas temperaturas y al desgaste, reflejando una superficie lisa con exquisitez.<\/li>\n\n\n\n<li><strong>Pr\u00e1ctico y bonito: <\/strong>Los suministros de cocina al por mayor son pr\u00e1cticos en su uso y elegantes en su aspecto. Desde mantequeras hasta paneras, todos los productos cuidan al detalle el dise\u00f1o, a\u00f1adiendo elegancia y moda a la cocina.<\/li>\n\n\n\n<li><strong>Adecuado para aplicaciones comerciales:<\/strong> Nuestros utensilios de cer\u00e1mica para hornear al por mayor est\u00e1n dise\u00f1ados para el mercado mayorista, ofreciendo una gama de opciones para satisfacer las necesidades de compra a gran escala de minoristas, restaurantes y proyectos comerciales con ventajas tanto de calidad como de precio.<\/li>\n<\/ul>\n<\/div>\n\n\n\n<div class=\"wp-block-column is-layout-flow wp-block-column-is-layout-flow\" style=\"flex-basis:33.33%\">\n<figure class=\"wp-block-image size-full\"><img decoding=\"async\" width=\"1200\" height=\"1200\" src=\"https:\/\/www.linkceramics.com\/wp-content\/uploads\/2024\/12\/Exquisite-Wholesale-Kitchen-Supplies-Ceramic-Baking-Utensils-1.webp\" alt=\"Exquisito-Mayorista-Suministros-Cocina-Utensilios-Cer\u00e1mica-1\" class=\"wp-image-1777\" srcset=\"https:\/\/www.linkceramics.com\/wp-content\/uploads\/2024\/12\/Exquisite-Wholesale-Kitchen-Supplies-Ceramic-Baking-Utensils-1.webp 1200w, https:\/\/www.linkceramics.com\/wp-content\/uploads\/2024\/12\/Exquisite-Wholesale-Kitchen-Supplies-Ceramic-Baking-Utensils-1-300x300.webp 300w, https:\/\/www.linkceramics.com\/wp-content\/uploads\/2024\/12\/Exquisite-Wholesale-Kitchen-Supplies-Ceramic-Baking-Utensils-1-150x150.webp 150w, https:\/\/www.linkceramics.com\/wp-content\/uploads\/2024\/12\/Exquisite-Wholesale-Kitchen-Supplies-Ceramic-Baking-Utensils-1-768x768.webp 768w, https:\/\/www.linkceramics.com\/wp-content\/uploads\/2024\/12\/Exquisite-Wholesale-Kitchen-Supplies-Ceramic-Baking-Utensils-1-600x600.webp 600w, https:\/\/www.linkceramics.com\/wp-content\/uploads\/2024\/12\/Exquisite-Wholesale-Kitchen-Supplies-Ceramic-Baking-Utensils-1-100x100.webp 100w\" sizes=\"(max-width: 1200px) 100vw, 1200px\" \/><\/figure>\n<\/div>\n<\/div>","protected":false},"excerpt":{"rendered":"<div id=\"brxe-0ee1ca\" class=\"brxe-product-meta product_meta\">\n<div id=\"brxe-0ee1ca\" class=\"brxe-product-meta product_meta\">\n<div id=\"brxe-0ee1ca\" class=\"brxe-product-meta product_meta\">Bienvenido a comprar utensilios de cocina de cer\u00e1mica al por mayor. Estos suministros de cocina al por mayor incluyen una variedad de utensilios de cocina y hornear, tales como bastidores de herramientas, frascos de almacenamiento, platos de mantequilla, cajas de pan, etc., hechos de materiales cer\u00e1micos de alta calidad, hermoso dise\u00f1o, funciones completas, adecuadas para compras al por mayor.<\/div>\n<\/div>\n<\/div>\n<div id=\"brxe-8c5ca9\" class=\"brxe-product-short-description\">\n<div class=\"woocommerce-product-details__short-description\">\n<h2>Suministros de cocina Especificaciones:<\/h2>\n<table border=\"0\" width=\"531\" cellspacing=\"0\" cellpadding=\"0\">\n<tbody>\n<tr>\n<td width=\"271\" height=\"24\">Fabricante<\/td>\n<td width=\"260\">Un hogar lleno de amor<\/td>\n<\/tr>\n<tr>\n<td width=\"271\" height=\"25\">Nombre de la colecci\u00f3n<\/td>\n<td width=\"260\">Cocina Vintage<\/td>\n<\/tr>\n<tr>\n<td width=\"271\" height=\"24\">Utilizaci\u00f3n<\/td>\n<td width=\"260\">Hogar, Restaurante, Hotel<\/td>\n<\/tr>\n<tr>\n<td width=\"271\" height=\"144\">Tipo de menaje<\/td>\n<td width=\"260\">Portaherramientas, tarro de almacenaje, cuenco, soporte para cucharas, tartera, soporte para tapas, mantequera, exprimidor, salsera, salsera para patatas fritas, panera, tabla de quesos, jarra<\/td>\n<\/tr>\n<tr>\n<td width=\"271\" height=\"24\">Material<\/td>\n<td width=\"260\">Gres<\/td>\n<\/tr>\n<tr>\n<td width=\"271\" height=\"24\">Dimensi\u00f3n<\/td>\n<td width=\"260\">Como imagen detallada<\/td>\n<\/tr>\n<tr>\n<td width=\"271\" height=\"24\">Unidades de venta<\/td>\n<td width=\"260\">Art\u00edculo \u00fanico<\/td>\n<\/tr>\n<tr>\n<td width=\"271\" height=\"24\">MOQ<\/td>\n<td width=\"260\">1200 unid. por art\u00edculo<\/td>\n<\/tr>\n<tr>\n<td width=\"271\" height=\"48\">Opci\u00f3n personalizada<\/td>\n<td width=\"260\">Color\/Tama\u00f1o\/Glaseado\/Logotipo\/Embalaje<\/td>\n<\/tr>\n<\/tbody>\n<\/table>\n<\/div>\n<\/div>","protected":false},"featured_media":1778,"comment_status":"open","ping_status":"closed","template":"","meta":{"_acf_changed":false},"certification":[63,64,66,58,65,61,60,62],"product_brand":[],"product_cat":[34,20],"product_tag":[],"class_list":{"0":"post-1776","1":"product","2":"type-product","3":"status-publish","4":"has-post-thumbnail","6":"certification-amfori","7":"certification-bsci","8":"certification-cnas","9":"certification-fda","10":"certification-iaf","11":"certification-iso-14001","12":"certification-iso-45001","13":"certification-iso-9001","14":"product_cat-custom-household-ceramics","15":"product_cat-ceramic-kitchenware-wholesale","17":"first","18":"instock","19":"shipping-taxable","20":"product-type-simple"},"acf":[],"_links":{"self":[{"href":"https:\/\/www.linkceramics.com\/es\/wp-json\/wp\/v2\/product\/1776","targetHints":{"allow":["GET"]}}],"collection":[{"href":"https:\/\/www.linkceramics.com\/es\/wp-json\/wp\/v2\/product"}],"about":[{"href":"https:\/\/www.linkceramics.com\/es\/wp-json\/wp\/v2\/types\/product"}],"replies":[{"embeddable":true,"href":"https:\/\/www.linkceramics.com\/es\/wp-json\/wp\/v2\/comments?post=1776"}],"wp:featuredmedia":[{"embeddable":true,"href":"https:\/\/www.linkceramics.com\/es\/wp-json\/wp\/v2\/media\/1778"}],"wp:attachment":[{"href":"https:\/\/www.linkceramics.com\/es\/wp-json\/wp\/v2\/media?parent=1776"}],"wp:term":[{"taxonomy":"certification","embeddable":true,"href":"https:\/\/www.linkceramics.com\/es\/wp-json\/wp\/v2\/certification?post=1776"},{"taxonomy":"product_brand","embeddable":true,"href":"https:\/\/www.linkceramics.com\/es\/wp-json\/wp\/v2\/product_brand?post=1776"},{"taxonomy":"product_cat","embeddable":true,"href":"https:\/\/www.linkceramics.com\/es\/wp-json\/wp\/v2\/product_cat?post=1776"},{"taxonomy":"product_tag","embeddable":true,"href":"https:\/\/www.linkceramics.com\/es\/wp-json\/wp\/v2\/product_tag?post=1776"}],"curies":[{"name":"wp","href":"https:\/\/api.w.org\/{rel}","templated":true}]}}