{"id":1781,"date":"2024-12-30T08:50:15","date_gmt":"2024-12-30T08:50:15","guid":{"rendered":"https:\/\/www.linkceramics.com\/?post_type=product&#038;p=1781"},"modified":"2024-12-30T09:19:00","modified_gmt":"2024-12-30T09:19:00","slug":"wholesale-ceramic-dinnerware-set","status":"publish","type":"product","link":"https:\/\/www.linkceramics.com\/es\/product\/wholesale-ceramic-dinnerware-set\/","title":{"rendered":"Mayorista Vajilla de Cer\u00e1mica Mandala Unique Multicolor"},"content":{"rendered":"<div class=\"wp-block-columns is-layout-flex wp-container-core-columns-is-layout-9d6595d7 wp-block-columns-is-layout-flex\">\n<div class=\"wp-block-column is-layout-flow wp-block-column-is-layout-flow\" style=\"flex-basis:50%\">\n<h3 class=\"wp-block-heading\">Vajilla de Cer\u00e1mica Caracter\u00edsticas:<\/h3>\n\n\n\n<p><strong>Vibrante dise\u00f1o multicolor<\/strong><br>Cada pieza presenta preciosos dibujos de mandalas en varios colores, que a\u00f1adir\u00e1n un toque alegre y art\u00edstico a su mesa.<\/p>\n\n\n\n<p><strong>Combinaci\u00f3n \u00fanica de t\u00e9cnicas<\/strong><br>Los dise\u00f1os incorporan calcoman\u00edas esmaltadas, esmaltado en color y pintura a mano para garantizar que cada pieza sea \u00fanica y exquisita.<\/p>\n\n\n\n<p><strong>Colecci\u00f3n Vers\u00e1til<\/strong><br>Este juego se completa con una vajilla, un juego de t\u00e9, piezas para servir, utensilios para hornear, utensilios de cocina y adornos para el hogar, perfectos para cualquier ocasi\u00f3n.<\/p>\n\n\n\n<p><strong>Duradero y resistente<\/strong><br>La vajilla de cer\u00e1mica de alta calidad resiste el desconchado y la decoloraci\u00f3n, por lo que mantendr\u00e1 su colecci\u00f3n bonita durante a\u00f1os.<\/p>\n\n\n\n<p><strong>Perfecto para recibir invitados<\/strong><br>Con colores vibrantes y dise\u00f1os \u00fanicos, la vajilla se presta perfectamente para recibir invitados o dar un toque especial a las comidas familiares.<\/p>\n<\/div>\n\n\n\n<div class=\"wp-block-column is-layout-flow wp-block-column-is-layout-flow\" style=\"flex-basis:50%\">\n<figure class=\"wp-block-image size-full\"><img decoding=\"async\" width=\"536\" height=\"536\" src=\"https:\/\/www.linkceramics.com\/wp-content\/uploads\/2024\/12\/Wholesale-Mandala-Ceramic-Dinnerware-2.webp\" alt=\"Mayorista-Mandala-Cer\u00e1mica-Vajilla-2\" class=\"wp-image-1783\" srcset=\"https:\/\/www.linkceramics.com\/wp-content\/uploads\/2024\/12\/Wholesale-Mandala-Ceramic-Dinnerware-2.webp 536w, https:\/\/www.linkceramics.com\/wp-content\/uploads\/2024\/12\/Wholesale-Mandala-Ceramic-Dinnerware-2-300x300.webp 300w, https:\/\/www.linkceramics.com\/wp-content\/uploads\/2024\/12\/Wholesale-Mandala-Ceramic-Dinnerware-2-150x150.webp 150w, https:\/\/www.linkceramics.com\/wp-content\/uploads\/2024\/12\/Wholesale-Mandala-Ceramic-Dinnerware-2-100x100.webp 100w\" sizes=\"(max-width: 536px) 100vw, 536px\" \/><\/figure>\n<\/div>\n<\/div>","protected":false},"excerpt":{"rendered":"<p>Vajilla de cer\u00e1mica Mandala de alta calidad al por mayor y personalizada, que viene con calcoman\u00edas esmaltadas y dise\u00f1os pintados a mano, perfecto para cualquier ocasi\u00f3n. Lianyuan fabricantes ofrece soluciones de vajilla personalizada de ventanilla \u00fanica para crear productos de marca \u00fanica para usted.<\/p>\n<h2>Vajilla de cer\u00e1mica Par\u00e1metros<\/h2>\n<table width=\"353\">\n<tbody>\n<tr>\n<td width=\"82\">Fabricante<\/td>\n<td width=\"270\">Lianyuan<\/td>\n<\/tr>\n<tr>\n<td>Tipo de producto<\/td>\n<td width=\"270\">vajilla, cuberter\u00eda, servicio de mesa, juego de t\u00e9<\/td>\n<\/tr>\n<tr>\n<td>Patr\u00f3n<\/td>\n<td>Mandala\u00a0<\/td>\n<\/tr>\n<tr>\n<td>Material<\/td>\n<td>Porcelana resistente<\/td>\n<\/tr>\n<tr>\n<td>Artesan\u00eda<\/td>\n<td>Calcoman\u00eda en esmalte, pintada a mano\u00a0<\/td>\n<\/tr>\n<tr>\n<td>Aplicaci\u00f3n<\/td>\n<td>Apto para microondas, lavavajillas y horno<\/td>\n<\/tr>\n<tr>\n<td>A medida<\/td>\n<td>Color\/Tama\u00f1o\/Logotipo\/Embalaje<\/td>\n<\/tr>\n<\/tbody>\n<\/table>\n<p>&nbsp;<\/p>","protected":false},"featured_media":1782,"comment_status":"open","ping_status":"closed","template":"","meta":{"_acf_changed":true},"certification":[66,58,65,61,60,62,57],"product_brand":[],"product_cat":[34,18],"product_tag":[],"class_list":{"0":"post-1781","1":"product","2":"type-product","3":"status-publish","4":"has-post-thumbnail","6":"certification-cnas","7":"certification-fda","8":"certification-iaf","9":"certification-iso-14001","10":"certification-iso-45001","11":"certification-iso-9001","12":"certification-lfgb","13":"product_cat-custom-household-ceramics","14":"product_cat-ceramic-tableware-wholesale","16":"first","17":"instock","18":"shipping-taxable","19":"product-type-simple"},"acf":[],"_links":{"self":[{"href":"https:\/\/www.linkceramics.com\/es\/wp-json\/wp\/v2\/product\/1781","targetHints":{"allow":["GET"]}}],"collection":[{"href":"https:\/\/www.linkceramics.com\/es\/wp-json\/wp\/v2\/product"}],"about":[{"href":"https:\/\/www.linkceramics.com\/es\/wp-json\/wp\/v2\/types\/product"}],"replies":[{"embeddable":true,"href":"https:\/\/www.linkceramics.com\/es\/wp-json\/wp\/v2\/comments?post=1781"}],"wp:featuredmedia":[{"embeddable":true,"href":"https:\/\/www.linkceramics.com\/es\/wp-json\/wp\/v2\/media\/1782"}],"wp:attachment":[{"href":"https:\/\/www.linkceramics.com\/es\/wp-json\/wp\/v2\/media?parent=1781"}],"wp:term":[{"taxonomy":"certification","embeddable":true,"href":"https:\/\/www.linkceramics.com\/es\/wp-json\/wp\/v2\/certification?post=1781"},{"taxonomy":"product_brand","embeddable":true,"href":"https:\/\/www.linkceramics.com\/es\/wp-json\/wp\/v2\/product_brand?post=1781"},{"taxonomy":"product_cat","embeddable":true,"href":"https:\/\/www.linkceramics.com\/es\/wp-json\/wp\/v2\/product_cat?post=1781"},{"taxonomy":"product_tag","embeddable":true,"href":"https:\/\/www.linkceramics.com\/es\/wp-json\/wp\/v2\/product_tag?post=1781"}],"curies":[{"name":"wp","href":"https:\/\/api.w.org\/{rel}","templated":true}]}}