{"id":1784,"date":"2024-12-30T09:31:10","date_gmt":"2024-12-30T09:31:10","guid":{"rendered":"https:\/\/www.linkceramics.com\/?post_type=product&#038;p=1784"},"modified":"2024-12-30T09:38:21","modified_gmt":"2024-12-30T09:38:21","slug":"elegant-brown-ceramic-vases-wholesale","status":"publish","type":"product","link":"https:\/\/www.linkceramics.com\/es\/product\/elegant-brown-ceramic-vases-wholesale\/","title":{"rendered":"Elegante Jarr\u00f3n de Cer\u00e1mica Marr\u00f3n al por mayor, a granel hermoso jarr\u00f3n de cer\u00e1mica esmaltada para la venta"},"content":{"rendered":"<h3 class=\"wp-block-heading\">Par\u00e1metros de Elegante jarr\u00f3n de cer\u00e1mica marr\u00f3n<\/h3>\n\n\n\n<figure class=\"wp-block-table\"><table class=\"has-fixed-layout\"><tbody><tr><td>Modelo<\/td><td>Nombre del producto<\/td><td>Color<\/td><td>Material<\/td><td>Utiliza<\/td><td>Dimensiones<\/td><td>Peso<\/td><\/tr><tr><td>A31846-LC17-A03<\/td><td>Marr\u00f3n elegante<\/td><td>Cer\u00e1mica<\/td><td>decoraci\u00f3n,sal\u00f3n<\/td><td>decoraci\u00f3n del hogar, accesorios para el hogar<\/td><td>D:19X25.5<\/td><td>1,8 kg\/unidad<\/td><\/tr><tr><td>A31846-LC17-A02<\/td><td>Marr\u00f3n elegante<\/td><td>Cer\u00e1mica<\/td><td>decoraci\u00f3n,sal\u00f3n<\/td><td>decoraci\u00f3n del hogar, accesorios para el hogar<\/td><td>D:22.5X30.5<\/td><td>2,5 kg\/unidad<\/td><\/tr><\/tbody><\/table><\/figure>\n\n\n\n<div class=\"wp-block-columns is-layout-flex wp-container-core-columns-is-layout-9d6595d7 wp-block-columns-is-layout-flex\">\n<div class=\"wp-block-column is-layout-flow wp-block-column-is-layout-flow\">\n<figure class=\"wp-block-image size-full\"><img decoding=\"async\" width=\"1500\" height=\"1250\" src=\"https:\/\/www.linkceramics.com\/wp-content\/uploads\/2024\/12\/Elegant-Brown-Ceramic-Vase-Detail-3.jpg.webp\" alt=\"Jarr\u00f3n de cer\u00e1mica marr\u00f3n elegante-Detalle-3.jpg\" class=\"wp-image-1786\" srcset=\"https:\/\/www.linkceramics.com\/wp-content\/uploads\/2024\/12\/Elegant-Brown-Ceramic-Vase-Detail-3.jpg.webp 1500w, https:\/\/www.linkceramics.com\/wp-content\/uploads\/2024\/12\/Elegant-Brown-Ceramic-Vase-Detail-3.jpg-300x250.webp 300w, https:\/\/www.linkceramics.com\/wp-content\/uploads\/2024\/12\/Elegant-Brown-Ceramic-Vase-Detail-3.jpg-768x640.webp 768w, https:\/\/www.linkceramics.com\/wp-content\/uploads\/2024\/12\/Elegant-Brown-Ceramic-Vase-Detail-3.jpg-1200x1000.webp 1200w, https:\/\/www.linkceramics.com\/wp-content\/uploads\/2024\/12\/Elegant-Brown-Ceramic-Vase-Detail-3.jpg-600x500.webp 600w\" sizes=\"(max-width: 1500px) 100vw, 1500px\" \/><\/figure>\n<\/div>\n\n\n\n<div class=\"wp-block-column is-layout-flow wp-block-column-is-layout-flow\">\n<figure class=\"wp-block-image size-full\"><img decoding=\"async\" width=\"1500\" height=\"1250\" src=\"https:\/\/www.linkceramics.com\/wp-content\/uploads\/2024\/12\/Elegant-Brown-Ceramic-Vase-Detail-2.jpg.webp\" alt=\"Jarr\u00f3n de cer\u00e1mica marr\u00f3n elegante-Detalle-2.jpg\" class=\"wp-image-1785\" srcset=\"https:\/\/www.linkceramics.com\/wp-content\/uploads\/2024\/12\/Elegant-Brown-Ceramic-Vase-Detail-2.jpg.webp 1500w, https:\/\/www.linkceramics.com\/wp-content\/uploads\/2024\/12\/Elegant-Brown-Ceramic-Vase-Detail-2.jpg-300x250.webp 300w, https:\/\/www.linkceramics.com\/wp-content\/uploads\/2024\/12\/Elegant-Brown-Ceramic-Vase-Detail-2.jpg-768x640.webp 768w, https:\/\/www.linkceramics.com\/wp-content\/uploads\/2024\/12\/Elegant-Brown-Ceramic-Vase-Detail-2.jpg-1200x1000.webp 1200w, https:\/\/www.linkceramics.com\/wp-content\/uploads\/2024\/12\/Elegant-Brown-Ceramic-Vase-Detail-2.jpg-600x500.webp 600w\" sizes=\"(max-width: 1500px) 100vw, 1500px\" \/><\/figure>\n<\/div>\n<\/div>","protected":false},"excerpt":{"rendered":"<div id=\"brxe-raacbk\" class=\"brxe-product-meta product_meta\">\n<p data-pm-slice=\"0 0 []\">Mayorista elegante jarr\u00f3n de cer\u00e1mica marr\u00f3n, este jarr\u00f3n tiene un brillo \u00fanico y textura en capas, adecuado para arreglos florales y como decoraci\u00f3n, es una opci\u00f3n ideal para la decoraci\u00f3n de muebles y el dise\u00f1o de espacios comerciales. Como fabricante de floreros de cer\u00e1mica, ofrecemos servicios de floreros personalizados OEM&amp;ODM, bienvenido a contactarnos para precios preferenciales.<\/p>\n<h2>Caracter\u00edsticas de Elegant Brown Ceramic Vase<\/h2>\n<p><strong>Aspecto elegante<\/strong>: Este elegante jarr\u00f3n de cer\u00e1mica marr\u00f3n incorpora una exquisita artesan\u00eda, que es una combinaci\u00f3n perfecta de artesan\u00eda tradicional y dise\u00f1o moderno. Es adecuado como una decoraci\u00f3n del hogar de cer\u00e1mica en la sala de estar, estudio y otros lugares.<\/p>\n<p><strong>Adecuado para varios tipos de arreglos florales:<\/strong>\u00a0El dise\u00f1o de este jarr\u00f3n de cer\u00e1mica es vers\u00e1til y puede combinarse perfectamente con flores frescas, flores secas y plantas verdes para crear diferentes ambientes en el hogar.<\/p>\n<p><strong>Gran durabilidad:<\/strong>\u00a0Se trata de un jarr\u00f3n de cer\u00e1mica esmaltada. El esmalte aumenta la belleza y la resistencia al desgaste del jarr\u00f3n, resiste eficazmente ara\u00f1azos y da\u00f1os, y mantiene su brillo incluso despu\u00e9s de colocarlo durante mucho tiempo.<\/p>\n<p><strong>Protecci\u00f3n del medio ambiente y salud:<\/strong>\u00a0La arcilla y el esmalte utilizados en la fabricaci\u00f3n del jarr\u00f3n cumplen las normas de protecci\u00f3n medioambiental, son respetuosos con el medio ambiente y no suponen una amenaza para la salud humana. Es adecuado para el uso familiar diario.<\/p>\n<p><strong>Soluci\u00f3n de jarr\u00f3n a medida:<\/strong>\u00a0Como fabricante de jarrones de cer\u00e1mica, ofrecemos una soluci\u00f3n integral OEM&amp;ODM para jarrones personalizados, que incluye materiales, formas, embalajes y mucho m\u00e1s.<\/p>\n<\/div>","protected":false},"featured_media":1787,"comment_status":"open","ping_status":"closed","template":"","meta":{"_acf_changed":true},"certification":[63,64,66,65,61,60,62],"product_brand":[],"product_cat":[37,17],"product_tag":[],"class_list":{"0":"post-1784","1":"product","2":"type-product","3":"status-publish","4":"has-post-thumbnail","6":"certification-amfori","7":"certification-bsci","8":"certification-cnas","9":"certification-iaf","10":"certification-iso-14001","11":"certification-iso-45001","12":"certification-iso-9001","13":"product_cat-decorative-ceramic-wholesale","14":"product_cat-ceramic-vases-wholesale","16":"first","17":"instock","18":"shipping-taxable","19":"product-type-simple"},"acf":[],"_links":{"self":[{"href":"https:\/\/www.linkceramics.com\/es\/wp-json\/wp\/v2\/product\/1784","targetHints":{"allow":["GET"]}}],"collection":[{"href":"https:\/\/www.linkceramics.com\/es\/wp-json\/wp\/v2\/product"}],"about":[{"href":"https:\/\/www.linkceramics.com\/es\/wp-json\/wp\/v2\/types\/product"}],"replies":[{"embeddable":true,"href":"https:\/\/www.linkceramics.com\/es\/wp-json\/wp\/v2\/comments?post=1784"}],"wp:featuredmedia":[{"embeddable":true,"href":"https:\/\/www.linkceramics.com\/es\/wp-json\/wp\/v2\/media\/1787"}],"wp:attachment":[{"href":"https:\/\/www.linkceramics.com\/es\/wp-json\/wp\/v2\/media?parent=1784"}],"wp:term":[{"taxonomy":"certification","embeddable":true,"href":"https:\/\/www.linkceramics.com\/es\/wp-json\/wp\/v2\/certification?post=1784"},{"taxonomy":"product_brand","embeddable":true,"href":"https:\/\/www.linkceramics.com\/es\/wp-json\/wp\/v2\/product_brand?post=1784"},{"taxonomy":"product_cat","embeddable":true,"href":"https:\/\/www.linkceramics.com\/es\/wp-json\/wp\/v2\/product_cat?post=1784"},{"taxonomy":"product_tag","embeddable":true,"href":"https:\/\/www.linkceramics.com\/es\/wp-json\/wp\/v2\/product_tag?post=1784"}],"curies":[{"name":"wp","href":"https:\/\/api.w.org\/{rel}","templated":true}]}}