{"id":1789,"date":"2024-12-30T09:54:12","date_gmt":"2024-12-30T09:54:12","guid":{"rendered":"https:\/\/www.linkceramics.com\/?post_type=product&#038;p=1789"},"modified":"2024-12-30T09:54:14","modified_gmt":"2024-12-30T09:54:14","slug":"wholesale-fiber-cement-planters","status":"publish","type":"product","link":"https:\/\/www.linkceramics.com\/es\/product\/wholesale-fiber-cement-planters\/","title":{"rendered":"Jardineras de fibrocemento al por mayor para soluciones est\u00e9ticas de jardiner\u00eda"},"content":{"rendered":"<h3 class=\"wp-block-heading\">Par\u00e1metros de la jardinera de fibrocemento<\/h3>\n\n\n\n<figure class=\"wp-block-table\"><table class=\"has-fixed-layout\"><tbody><tr><td>Modelo<\/td><td>Nombre del producto<\/td><td>Color<\/td><td>Material<\/td><td>Utiliza<\/td><td>Dimensiones<\/td><td>Peso<\/td><\/tr><tr><td>J37576-H910-A01<\/td><td>&nbsp; Jardinera de fibrocemento&nbsp;<\/td><td>Antiguo Oscuro<\/td><td>Fibrocemento<\/td><td>decoracion,salon,jardin<\/td><td>P:37.5X44.5cm<\/td><td>8,6 kg\/PC<\/td><\/tr><tr><td>J37576-H910-A02<\/td><td>&nbsp; Jardinera de fibrocemento&nbsp;<\/td><td>Antiguo Oscuro<\/td><td>Fibrocemento<\/td><td>decoracion,salon,jardin<\/td><td>P:32X36,5 cm<\/td><td>5,6 kg\/PC<\/td><\/tr><tr><td>J37576-H910-A03<\/td><td>&nbsp; Jardinera de fibrocemento&nbsp;<\/td><td>Antiguo Oscuro<\/td><td>Fibrocemento<\/td><td>decoracion,salon,jardin<\/td><td>P:28X31 cm<\/td><td>4,1 kg\/PC<\/td><\/tr><\/tbody><\/table><\/figure>\n\n\n\n<div class=\"wp-block-columns is-layout-flex wp-container-core-columns-is-layout-9d6595d7 wp-block-columns-is-layout-flex\">\n<div class=\"wp-block-column is-layout-flow wp-block-column-is-layout-flow\">\n<figure class=\"wp-block-image size-full\"><img decoding=\"async\" width=\"1500\" height=\"1250\" src=\"https:\/\/www.linkceramics.com\/wp-content\/uploads\/2024\/12\/Garden-Decor-Fiber-Cement-Planter-Detail-Display3.webp\" alt=\"Jardin-Decor-Fibra-Cemento-Plaf\u00f3n-Detalle-Display3\" class=\"wp-image-1790\" srcset=\"https:\/\/www.linkceramics.com\/wp-content\/uploads\/2024\/12\/Garden-Decor-Fiber-Cement-Planter-Detail-Display3.webp 1500w, https:\/\/www.linkceramics.com\/wp-content\/uploads\/2024\/12\/Garden-Decor-Fiber-Cement-Planter-Detail-Display3-300x250.webp 300w, https:\/\/www.linkceramics.com\/wp-content\/uploads\/2024\/12\/Garden-Decor-Fiber-Cement-Planter-Detail-Display3-768x640.webp 768w, https:\/\/www.linkceramics.com\/wp-content\/uploads\/2024\/12\/Garden-Decor-Fiber-Cement-Planter-Detail-Display3-1200x1000.webp 1200w, https:\/\/www.linkceramics.com\/wp-content\/uploads\/2024\/12\/Garden-Decor-Fiber-Cement-Planter-Detail-Display3-600x500.webp 600w\" sizes=\"(max-width: 1500px) 100vw, 1500px\" \/><\/figure>\n<\/div>\n\n\n\n<div class=\"wp-block-column is-layout-flow wp-block-column-is-layout-flow\">\n<figure class=\"wp-block-image size-full\"><img decoding=\"async\" width=\"1500\" height=\"1249\" src=\"https:\/\/www.linkceramics.com\/wp-content\/uploads\/2024\/12\/Garden-Decor-Fiber-Cement-Planter-Detail-Display5.webp\" alt=\"Jardin-Decor-Fibra-Cemento-Plaf\u00f3n-Detalle-Display5\" class=\"wp-image-1791\" srcset=\"https:\/\/www.linkceramics.com\/wp-content\/uploads\/2024\/12\/Garden-Decor-Fiber-Cement-Planter-Detail-Display5.webp 1500w, https:\/\/www.linkceramics.com\/wp-content\/uploads\/2024\/12\/Garden-Decor-Fiber-Cement-Planter-Detail-Display5-300x250.webp 300w, https:\/\/www.linkceramics.com\/wp-content\/uploads\/2024\/12\/Garden-Decor-Fiber-Cement-Planter-Detail-Display5-768x639.webp 768w, https:\/\/www.linkceramics.com\/wp-content\/uploads\/2024\/12\/Garden-Decor-Fiber-Cement-Planter-Detail-Display5-1200x999.webp 1200w, https:\/\/www.linkceramics.com\/wp-content\/uploads\/2024\/12\/Garden-Decor-Fiber-Cement-Planter-Detail-Display5-600x500.webp 600w\" sizes=\"(max-width: 1500px) 100vw, 1500px\" \/><\/figure>\n<\/div>\n<\/div>","protected":false},"excerpt":{"rendered":"<div id=\"brxe-raacbk\" class=\"brxe-product-meta product_meta\">\n<p>Jardineras de fibrocemento al por mayor, el material de fibrocemento tiene buena resistencia a la intemperie y puede permanecer estable en diferentes condiciones clim\u00e1ticas. Ofrecemos 3 tama\u00f1os para elegir, apoyamos los servicios de personalizaci\u00f3n OEM y ODM, damos la bienvenida a los mayoristas, proyectos de paisajismo comercial (como hoteles, centros comerciales y edificios de oficinas), y parques a ponerse en contacto con nosotros para comprar jardineras al por mayor.<\/p>\n<h2>Caracter\u00edsticas de la jardinera de fibrocemento<\/h2>\n<p data-pm-slice=\"1 1 []\"><strong>Dise\u00f1o exclusivo<\/strong>: Los maceteros al por mayor han adoptado un dise\u00f1o de textura de corteza en su superficie, que puede darles un ambiente natural y r\u00fastico y hacer que se adapte bien al entorno del jard\u00edn al aire libre.<\/p>\n<p><strong>Material de alta calidad<\/strong>:La jardinera al por mayor est\u00e1 hecha de fibrocemento; destaca por su durabilidad y estabilidad, con caracter\u00edsticas como no deformarse ni romperse f\u00e1cilmente, manteniendo la jardinera bonita y pr\u00e1ctica durante mucho tiempo.<\/p>\n<p><strong>Respiraci\u00f3n<\/strong>: El material de fibrocemento tambi\u00e9n tiene cierto grado de transpirabilidad, lo que favorece el crecimiento y desarrollo de las plantas.<\/p>\n<p><strong>Tres tama\u00f1os opcionales<\/strong>: El dise\u00f1o de la jardinera viene en diferentes tama\u00f1os; puede satisfacer las necesidades de crecimiento de diferentes plantas y efectos decorativos, a\u00f1adiendo estratificaci\u00f3n y diversidad al jard\u00edn.<\/p>\n<p><strong>Protecci\u00f3n del medio ambiente y sostenibilidad<\/strong>: La protecci\u00f3n del medio ambiente y la sostenibilidad del material de fibrocemento hacen que el material sea muy respetuoso con el medio ambiente, y su producci\u00f3n tiene poco impacto en \u00e9l.<\/p>\n<p><strong>Servicio OEM y ODM<\/strong>: Como fabricante profesional de jardineras decorativas, se puede proporcionar el servicio OEM&amp;ODM para nuestra jardinera profesional se puede proporcionar el servicio personalizado para producir una jardinera que cumpla con los requisitos de marca, dise\u00f1o y especificaci\u00f3n de los clientes.<\/p>\n<\/div>","protected":false},"featured_media":1792,"comment_status":"open","ping_status":"closed","template":"","meta":{"_acf_changed":true},"certification":[63,64,66,65,61,60,62],"product_brand":[],"product_cat":[37,38,17],"product_tag":[],"class_list":{"0":"post-1789","1":"product","2":"type-product","3":"status-publish","4":"has-post-thumbnail","6":"certification-amfori","7":"certification-bsci","8":"certification-cnas","9":"certification-iaf","10":"certification-iso-14001","11":"certification-iso-45001","12":"certification-iso-9001","13":"product_cat-decorative-ceramic-wholesale","14":"product_cat-custom-ceramic-ornament","15":"product_cat-ceramic-vases-wholesale","17":"first","18":"instock","19":"shipping-taxable","20":"product-type-simple"},"acf":[],"_links":{"self":[{"href":"https:\/\/www.linkceramics.com\/es\/wp-json\/wp\/v2\/product\/1789","targetHints":{"allow":["GET"]}}],"collection":[{"href":"https:\/\/www.linkceramics.com\/es\/wp-json\/wp\/v2\/product"}],"about":[{"href":"https:\/\/www.linkceramics.com\/es\/wp-json\/wp\/v2\/types\/product"}],"replies":[{"embeddable":true,"href":"https:\/\/www.linkceramics.com\/es\/wp-json\/wp\/v2\/comments?post=1789"}],"wp:featuredmedia":[{"embeddable":true,"href":"https:\/\/www.linkceramics.com\/es\/wp-json\/wp\/v2\/media\/1792"}],"wp:attachment":[{"href":"https:\/\/www.linkceramics.com\/es\/wp-json\/wp\/v2\/media?parent=1789"}],"wp:term":[{"taxonomy":"certification","embeddable":true,"href":"https:\/\/www.linkceramics.com\/es\/wp-json\/wp\/v2\/certification?post=1789"},{"taxonomy":"product_brand","embeddable":true,"href":"https:\/\/www.linkceramics.com\/es\/wp-json\/wp\/v2\/product_brand?post=1789"},{"taxonomy":"product_cat","embeddable":true,"href":"https:\/\/www.linkceramics.com\/es\/wp-json\/wp\/v2\/product_cat?post=1789"},{"taxonomy":"product_tag","embeddable":true,"href":"https:\/\/www.linkceramics.com\/es\/wp-json\/wp\/v2\/product_tag?post=1789"}],"curies":[{"name":"wp","href":"https:\/\/api.w.org\/{rel}","templated":true}]}}