{"id":1794,"date":"2024-12-30T10:09:20","date_gmt":"2024-12-30T10:09:20","guid":{"rendered":"https:\/\/www.linkceramics.com\/?post_type=product&#038;p=1794"},"modified":"2024-12-30T10:09:21","modified_gmt":"2024-12-30T10:09:21","slug":"wholesale-stoneware-utensils","status":"publish","type":"product","link":"https:\/\/www.linkceramics.com\/es\/product\/wholesale-stoneware-utensils\/","title":{"rendered":"Utensilios de Gres al por mayor, Utensilios de cocina a granel"},"content":{"rendered":"<div class=\"wp-block-columns is-layout-flex wp-container-core-columns-is-layout-9d6595d7 wp-block-columns-is-layout-flex\">\n<div class=\"wp-block-column is-layout-flow wp-block-column-is-layout-flow\" style=\"flex-basis:66.66%\">\n<h3 class=\"wp-block-heading\">Utensilios de gres al por mayor de primera calidad Caracter\u00edsticas:<\/h3>\n\n\n\n<ul class=\"wp-block-list\">\n<li><strong>Alta calidad y durabilidad:\u00a0<\/strong>Esta serie de utensilios de gres al por mayor est\u00e1 fabricada con materiales de gres de alta calidad, que son robustos y duraderos, con buena resistencia al calor y al desgaste, adecuados para un uso prolongado, al tiempo que garantizan que el suave esmalte y el exquisito aspecto de cada producto permanezcan inalterados.<\/li>\n\n\n\n<li><strong>Combinaci\u00f3n multifuncional:\u00a0<\/strong>El juego de utensilios de cocina a granel incluye teteras de cer\u00e1mica, tazas, tazas de caf\u00e9, portautensilios y tarros de almacenamiento, que son totalmente funcionales y pueden satisfacer las diversas necesidades de la cocina y la mesa de comedor. Es una opci\u00f3n ideal para el almacenamiento en la cocina y para combinar con la vajilla.<\/li>\n\n\n\n<li><strong>Pr\u00e1ctico y bonito:\u00a0<\/strong>El portautensilios de cer\u00e1mica de este juego de utensilios de gres al por mayor tiene un dise\u00f1o sencillo y elegante. No s\u00f3lo es pr\u00e1ctico y c\u00f3modo, sino que tambi\u00e9n permite guardar la vajilla de forma ordenada. Adem\u00e1s, a\u00f1ade una elegante decoraci\u00f3n a la cocina y crea un entorno de cocina limpio y ordenado.<\/li>\n\n\n\n<li><strong>Mantenga frescos los ingredientes:\u00a0<\/strong>El tarro de cer\u00e1mica al por mayor tiene propiedades de cierre herm\u00e9tico y es adecuado para almacenar productos secos como t\u00e9, caf\u00e9 en grano, az\u00facar, etc., ayudando a mantener frescos los ingredientes. Es a la vez pr\u00e1ctico y bonito, adecuado para uso dom\u00e9stico o en restaurantes.<\/li>\n<\/ul>\n<\/div>\n\n\n\n<div class=\"wp-block-column is-layout-flow wp-block-column-is-layout-flow\" style=\"flex-basis:33.33%\">\n<figure class=\"wp-block-image size-full\"><img decoding=\"async\" width=\"1200\" height=\"1200\" src=\"https:\/\/www.linkceramics.com\/wp-content\/uploads\/2024\/12\/Durable-Wholesale-Stoneware-Utensils-Bulk-Kitchen-Utensils-1.webp\" alt=\"Mayorista de utensilios de cocina de loza duraderos a granel-1\" class=\"wp-image-1796\" srcset=\"https:\/\/www.linkceramics.com\/wp-content\/uploads\/2024\/12\/Durable-Wholesale-Stoneware-Utensils-Bulk-Kitchen-Utensils-1.webp 1200w, https:\/\/www.linkceramics.com\/wp-content\/uploads\/2024\/12\/Durable-Wholesale-Stoneware-Utensils-Bulk-Kitchen-Utensils-1-300x300.webp 300w, https:\/\/www.linkceramics.com\/wp-content\/uploads\/2024\/12\/Durable-Wholesale-Stoneware-Utensils-Bulk-Kitchen-Utensils-1-150x150.webp 150w, https:\/\/www.linkceramics.com\/wp-content\/uploads\/2024\/12\/Durable-Wholesale-Stoneware-Utensils-Bulk-Kitchen-Utensils-1-768x768.webp 768w, https:\/\/www.linkceramics.com\/wp-content\/uploads\/2024\/12\/Durable-Wholesale-Stoneware-Utensils-Bulk-Kitchen-Utensils-1-600x600.webp 600w, https:\/\/www.linkceramics.com\/wp-content\/uploads\/2024\/12\/Durable-Wholesale-Stoneware-Utensils-Bulk-Kitchen-Utensils-1-100x100.webp 100w\" sizes=\"(max-width: 1200px) 100vw, 1200px\" \/><\/figure>\n<\/div>\n<\/div>","protected":false},"excerpt":{"rendered":"<div id=\"brxe-0ee1ca\" class=\"brxe-product-meta product_meta\">\n<div id=\"brxe-0ee1ca\" class=\"brxe-product-meta product_meta\">\n<div id=\"brxe-0ee1ca\" class=\"brxe-product-meta product_meta\">Bienvenido a comprar utensilios de cocina al por mayor. Nuestra colecci\u00f3n de utensilios de gres al por mayor es un duradero juego de utensilios de cocina de gres que incluye hervidores de cer\u00e1mica, tazas, tazas de caf\u00e9, portacubiertos y tarros de almacenamiento. Los materiales de gres de alta calidad garantizan que los productos sean duraderos, funcionales y de bonito dise\u00f1o, especialmente adecuados para cocinas y mesas de hogares y restaurantes.<\/div>\n<\/div>\n<\/div>\n<div id=\"brxe-8c5ca9\" class=\"brxe-product-short-description\">\n<div class=\"woocommerce-product-details__short-description\">\n<h2>Utensilios de gres Especificaciones:<\/h2>\n<table border=\"0\" width=\"338\" cellspacing=\"0\" cellpadding=\"0\">\n<tbody>\n<tr>\n<td width=\"124\" height=\"18\">Fabricante<\/td>\n<td width=\"214\">Un hogar lleno de amor<\/td>\n<\/tr>\n<tr>\n<td width=\"124\" height=\"18\">Nombre de la colecci\u00f3n<\/td>\n<td width=\"214\">Cocina m\u00e1gica<\/td>\n<\/tr>\n<tr>\n<td width=\"124\" height=\"18\">Utilizaci\u00f3n<\/td>\n<td width=\"214\">Hogar, Restaurante, Hotel<\/td>\n<\/tr>\n<tr>\n<td width=\"124\" height=\"118\">Tipo de menaje<\/td>\n<td width=\"214\">Hervidores de cer\u00e1mica, tazas, tazas de caf\u00e9, portautensilios, tarros de almacenamiento,<\/td>\n<\/tr>\n<tr>\n<td width=\"124\" height=\"36\">Material<\/td>\n<td>Gres<\/td>\n<\/tr>\n<tr>\n<td width=\"124\" height=\"18\">Dimensi\u00f3n<\/td>\n<td width=\"214\">Como imagen detallada<\/td>\n<\/tr>\n<tr>\n<td width=\"124\" height=\"18\">Unidades de venta<\/td>\n<td width=\"214\">Art\u00edculo \u00fanico<\/td>\n<\/tr>\n<tr>\n<td width=\"124\" height=\"18\">MOQ<\/td>\n<td width=\"214\">1200 unid. por art\u00edculo<\/td>\n<\/tr>\n<tr>\n<td width=\"124\" height=\"18\">Opci\u00f3n personalizada<\/td>\n<td width=\"214\">Color\/Tama\u00f1o\/Glaseado\/Logotipo\/Embalaje<\/td>\n<\/tr>\n<\/tbody>\n<\/table>\n<\/div>\n<\/div>","protected":false},"featured_media":1797,"comment_status":"open","ping_status":"closed","template":"","meta":{"_acf_changed":true},"certification":[63,64,66,58,65,61,60,62],"product_brand":[],"product_cat":[34,20,19],"product_tag":[],"class_list":{"0":"post-1794","1":"product","2":"type-product","3":"status-publish","4":"has-post-thumbnail","6":"certification-amfori","7":"certification-bsci","8":"certification-cnas","9":"certification-fda","10":"certification-iaf","11":"certification-iso-14001","12":"certification-iso-45001","13":"certification-iso-9001","14":"product_cat-custom-household-ceramics","15":"product_cat-ceramic-kitchenware-wholesale","16":"product_cat-ceramic-tea-set-wholesale","18":"first","19":"instock","20":"shipping-taxable","21":"product-type-simple"},"acf":[],"_links":{"self":[{"href":"https:\/\/www.linkceramics.com\/es\/wp-json\/wp\/v2\/product\/1794","targetHints":{"allow":["GET"]}}],"collection":[{"href":"https:\/\/www.linkceramics.com\/es\/wp-json\/wp\/v2\/product"}],"about":[{"href":"https:\/\/www.linkceramics.com\/es\/wp-json\/wp\/v2\/types\/product"}],"replies":[{"embeddable":true,"href":"https:\/\/www.linkceramics.com\/es\/wp-json\/wp\/v2\/comments?post=1794"}],"wp:featuredmedia":[{"embeddable":true,"href":"https:\/\/www.linkceramics.com\/es\/wp-json\/wp\/v2\/media\/1797"}],"wp:attachment":[{"href":"https:\/\/www.linkceramics.com\/es\/wp-json\/wp\/v2\/media?parent=1794"}],"wp:term":[{"taxonomy":"certification","embeddable":true,"href":"https:\/\/www.linkceramics.com\/es\/wp-json\/wp\/v2\/certification?post=1794"},{"taxonomy":"product_brand","embeddable":true,"href":"https:\/\/www.linkceramics.com\/es\/wp-json\/wp\/v2\/product_brand?post=1794"},{"taxonomy":"product_cat","embeddable":true,"href":"https:\/\/www.linkceramics.com\/es\/wp-json\/wp\/v2\/product_cat?post=1794"},{"taxonomy":"product_tag","embeddable":true,"href":"https:\/\/www.linkceramics.com\/es\/wp-json\/wp\/v2\/product_tag?post=1794"}],"curies":[{"name":"wp","href":"https:\/\/api.w.org\/{rel}","templated":true}]}}