{"id":1801,"date":"2024-12-31T01:15:28","date_gmt":"2024-12-31T01:15:28","guid":{"rendered":"https:\/\/www.linkceramics.com\/?post_type=product&#038;p=1801"},"modified":"2024-12-31T01:15:29","modified_gmt":"2024-12-31T01:15:29","slug":"bud-vases-wholesale","status":"publish","type":"product","link":"https:\/\/www.linkceramics.com\/es\/product\/bud-vases-wholesale\/","title":{"rendered":"Jarrones de Cer\u00e1mica Art\u00edsticos al por mayor, Floreros a granel"},"content":{"rendered":"<div class=\"wp-block-columns is-layout-flex wp-container-core-columns-is-layout-9d6595d7 wp-block-columns-is-layout-flex\">\n<div class=\"wp-block-column is-layout-flow wp-block-column-is-layout-flow\" style=\"flex-basis:66.66%\">\n<h3 class=\"wp-block-heading\">Premium Bud Vases Wholesale Caracter\u00edsticas:<\/h3>\n\n\n\n<p><strong>Servicio de personalizaci\u00f3n masiva:\u00a0<\/strong>Admite la personalizaci\u00f3n a gran escala de floreros a granel, adecuados para minoristas o para la adquisici\u00f3n de proyectos a gran escala. Podemos ajustar el color, el tama\u00f1o y la forma seg\u00fan las necesidades del cliente para garantizar un dise\u00f1o personalizado y un suministro eficiente.<\/p>\n\n\n\n<p><strong>Dise\u00f1o art\u00edstico \u00fanico:\u00a0<\/strong>Esta serie de jarrones de cer\u00e1mica para capullos al por mayor se inspira en las l\u00edneas de la cara humana al estilo Picasso, llenas de arte abstracto. Cada jarr\u00f3n muestra un encanto art\u00edstico \u00fanico y se convierte en el foco visual del espacio.<\/p>\n\n\n\n<p><strong>Diversa selecci\u00f3n de formas:\u00a0<\/strong>Estos jarrones de flores a granel tienen una gran variedad de dise\u00f1os de formas, desde esbeltos y elegantes hasta redondos y llenos, adecuados para diferentes estilos de decoraci\u00f3n de interiores, y pueden a\u00f1adir una atm\u00f3sfera art\u00edstica personalizada a diversos espacios.<\/p>\n\n\n\n<p><strong>Rica combinaci\u00f3n de colores:\u00a0<\/strong>Nuestros jarrones de cer\u00e1mica para capullos al por mayor ofrecen una gran variedad de opciones de color, incluyendo suaves tonos neutros y brillantes colores modernos, lo que permite a los clientes combinarlos seg\u00fan sus preferencias y entorno, mostrando un estilo \u00fanico.<\/p>\n<\/div>\n\n\n\n<div class=\"wp-block-column is-layout-flow wp-block-column-is-layout-flow\" style=\"flex-basis:33.33%\">\n<figure class=\"wp-block-image size-full\"><img decoding=\"async\" width=\"1200\" height=\"1200\" src=\"https:\/\/www.linkceramics.com\/wp-content\/uploads\/2024\/12\/Artistic-Ceramic-Bud-Vases-Wholesale-Bulk-Flower-Vases-80.webp\" alt=\"Floreros de cer\u00e1mica art\u00edstica al por mayor - Floreros a granel-80\" class=\"wp-image-1806\" srcset=\"https:\/\/www.linkceramics.com\/wp-content\/uploads\/2024\/12\/Artistic-Ceramic-Bud-Vases-Wholesale-Bulk-Flower-Vases-80.webp 1200w, https:\/\/www.linkceramics.com\/wp-content\/uploads\/2024\/12\/Artistic-Ceramic-Bud-Vases-Wholesale-Bulk-Flower-Vases-80-300x300.webp 300w, https:\/\/www.linkceramics.com\/wp-content\/uploads\/2024\/12\/Artistic-Ceramic-Bud-Vases-Wholesale-Bulk-Flower-Vases-80-150x150.webp 150w, https:\/\/www.linkceramics.com\/wp-content\/uploads\/2024\/12\/Artistic-Ceramic-Bud-Vases-Wholesale-Bulk-Flower-Vases-80-768x768.webp 768w, https:\/\/www.linkceramics.com\/wp-content\/uploads\/2024\/12\/Artistic-Ceramic-Bud-Vases-Wholesale-Bulk-Flower-Vases-80-600x600.webp 600w, https:\/\/www.linkceramics.com\/wp-content\/uploads\/2024\/12\/Artistic-Ceramic-Bud-Vases-Wholesale-Bulk-Flower-Vases-80-100x100.webp 100w\" sizes=\"(max-width: 1200px) 100vw, 1200px\" \/><\/figure>\n<\/div>\n<\/div>","protected":false},"excerpt":{"rendered":"<div id=\"brxe-0ee1ca\" class=\"brxe-product-meta product_meta\">\n<div id=\"brxe-0ee1ca\" class=\"brxe-product-meta product_meta\">\n<div id=\"brxe-0ee1ca\" class=\"brxe-product-meta product_meta\">Bienvenido a comprar jarrones para flores al por mayor. Las l\u00edneas de la cara humana al estilo Picasso inspiran esta serie al por mayor de jarrones de cer\u00e1mica para capullos. Est\u00e1 lleno de sentido art\u00edstico, con una variedad de formas y colores para elegir, adecuado para una variedad de necesidades de decoraci\u00f3n de interiores. Admite la personalizaci\u00f3n al por mayor, es una opci\u00f3n ideal para minoristas y adquisici\u00f3n de proyectos y puede a\u00f1adir una atm\u00f3sfera art\u00edstica \u00fanica al espacio.<\/div>\n<\/div>\n<\/div>\n<div id=\"brxe-8c5ca9\" class=\"brxe-product-short-description\">\n<div class=\"woocommerce-product-details__short-description\">\n<h2>Premium Bud Vases Especificaciones:<\/h2>\n<table border=\"0\" width=\"338\" cellspacing=\"0\" cellpadding=\"0\">\n<tbody>\n<tr>\n<td width=\"124\" height=\"18\">Fabricante<\/td>\n<td width=\"214\">Un hogar lleno de amor<\/td>\n<\/tr>\n<tr>\n<td width=\"124\" height=\"18\">Tipo de producto<\/td>\n<td width=\"214\">Floreros<\/td>\n<\/tr>\n<tr>\n<td width=\"124\" height=\"18\">Material<\/td>\n<td width=\"214\">Porcelana resistente<\/td>\n<\/tr>\n<tr>\n<td width=\"124\" height=\"18\">Dimensi\u00f3n<\/td>\n<td width=\"214\">Como imagen detallada<\/td>\n<\/tr>\n<tr>\n<td width=\"124\" height=\"18\">Unidades de venta<\/td>\n<td width=\"214\">Art\u00edculo \u00fanico<\/td>\n<\/tr>\n<tr>\n<td width=\"124\" height=\"18\">MOQ<\/td>\n<td width=\"214\">1200 unid. por art\u00edculo<\/td>\n<\/tr>\n<tr>\n<td width=\"124\" height=\"18\">Opci\u00f3n personalizada<\/td>\n<td width=\"214\">Color\/Tama\u00f1o\/Glaseado\/Logotipo\/Embalaje<\/td>\n<\/tr>\n<\/tbody>\n<\/table>\n<\/div>\n<\/div>","protected":false},"featured_media":1802,"comment_status":"open","ping_status":"closed","template":"","meta":{"_acf_changed":true},"certification":[63,64,66,58,65,61,60,62],"product_brand":[],"product_cat":[37,38,17],"product_tag":[],"class_list":{"0":"post-1801","1":"product","2":"type-product","3":"status-publish","4":"has-post-thumbnail","6":"certification-amfori","7":"certification-bsci","8":"certification-cnas","9":"certification-fda","10":"certification-iaf","11":"certification-iso-14001","12":"certification-iso-45001","13":"certification-iso-9001","14":"product_cat-decorative-ceramic-wholesale","15":"product_cat-custom-ceramic-ornament","16":"product_cat-ceramic-vases-wholesale","18":"first","19":"instock","20":"shipping-taxable","21":"product-type-simple"},"acf":[],"_links":{"self":[{"href":"https:\/\/www.linkceramics.com\/es\/wp-json\/wp\/v2\/product\/1801","targetHints":{"allow":["GET"]}}],"collection":[{"href":"https:\/\/www.linkceramics.com\/es\/wp-json\/wp\/v2\/product"}],"about":[{"href":"https:\/\/www.linkceramics.com\/es\/wp-json\/wp\/v2\/types\/product"}],"replies":[{"embeddable":true,"href":"https:\/\/www.linkceramics.com\/es\/wp-json\/wp\/v2\/comments?post=1801"}],"wp:featuredmedia":[{"embeddable":true,"href":"https:\/\/www.linkceramics.com\/es\/wp-json\/wp\/v2\/media\/1802"}],"wp:attachment":[{"href":"https:\/\/www.linkceramics.com\/es\/wp-json\/wp\/v2\/media?parent=1801"}],"wp:term":[{"taxonomy":"certification","embeddable":true,"href":"https:\/\/www.linkceramics.com\/es\/wp-json\/wp\/v2\/certification?post=1801"},{"taxonomy":"product_brand","embeddable":true,"href":"https:\/\/www.linkceramics.com\/es\/wp-json\/wp\/v2\/product_brand?post=1801"},{"taxonomy":"product_cat","embeddable":true,"href":"https:\/\/www.linkceramics.com\/es\/wp-json\/wp\/v2\/product_cat?post=1801"},{"taxonomy":"product_tag","embeddable":true,"href":"https:\/\/www.linkceramics.com\/es\/wp-json\/wp\/v2\/product_tag?post=1801"}],"curies":[{"name":"wp","href":"https:\/\/api.w.org\/{rel}","templated":true}]}}