{"id":1807,"date":"2024-12-31T01:48:26","date_gmt":"2024-12-31T01:48:26","guid":{"rendered":"https:\/\/www.linkceramics.com\/?post_type=product&#038;p=1807"},"modified":"2024-12-31T01:48:27","modified_gmt":"2024-12-31T01:48:27","slug":"wholesale-plant-pots","status":"publish","type":"product","link":"https:\/\/www.linkceramics.com\/es\/product\/wholesale-plant-pots\/","title":{"rendered":"Macetas al por mayor de primera calidad con dise\u00f1o de rayas"},"content":{"rendered":"<div class=\"wp-block-columns is-layout-flex wp-container-core-columns-is-layout-9d6595d7 wp-block-columns-is-layout-flex\">\n<div class=\"wp-block-column is-layout-flow wp-block-column-is-layout-flow\" style=\"flex-basis:66.66%\">\n<h3 class=\"wp-block-heading\">Macetas al por mayor de primera calidad Caracter\u00edsticas:<\/h3>\n\n\n\n<p><strong>Adecuado para compras al por mayor:\u00a0<\/strong>Ofrecemos precios asequibles para la venta al por mayor de macetas para plantas, al tiempo que garantizamos una calidad de gama alta, adecuada para una gran variedad de usos comerciales.<\/p>\n\n\n\n<p><strong>Dise\u00f1o sencillo y elegante:\u00a0<\/strong>Estas macetas al por mayor son de cer\u00e1mica blanca con rayas en relieve, mostrando un estilo moderno y sencillo, adecuado para una gran variedad de estilos de decoraci\u00f3n de interiores.<\/p>\n\n\n\n<p><strong>Diversas opciones de tama\u00f1o y forma:\u00a0<\/strong>Ofrecemos una gran variedad de tama\u00f1os y formas de macetas para plantas al por mayor para satisfacer las necesidades de las distintas plantas y espacios de colocaci\u00f3n.<\/p>\n\n\n\n<p><strong>Material cer\u00e1mico de alta calidad:\u00a0<\/strong>Nuestras macetas al por mayor est\u00e1n hechas de cer\u00e1mica de alta calidad, que es resistente y duradera, con buena permeabilidad al aire, lo que ayuda a que las plantas crezcan sanas.<\/p>\n<\/div>\n\n\n\n<div class=\"wp-block-column is-layout-flow wp-block-column-is-layout-flow\" style=\"flex-basis:33.33%\">\n<figure class=\"wp-block-image size-full\"><img decoding=\"async\" width=\"1200\" height=\"1200\" src=\"https:\/\/www.linkceramics.com\/wp-content\/uploads\/2024\/12\/Premium-Wholesale-Plant-Pots-With-Stripe-Pattern-Design-8.webp\" alt=\"Premium-Mayorista-Macetas con dise\u00f1o de rayas-8\" class=\"wp-image-1811\" srcset=\"https:\/\/www.linkceramics.com\/wp-content\/uploads\/2024\/12\/Premium-Wholesale-Plant-Pots-With-Stripe-Pattern-Design-8.webp 1200w, https:\/\/www.linkceramics.com\/wp-content\/uploads\/2024\/12\/Premium-Wholesale-Plant-Pots-With-Stripe-Pattern-Design-8-300x300.webp 300w, https:\/\/www.linkceramics.com\/wp-content\/uploads\/2024\/12\/Premium-Wholesale-Plant-Pots-With-Stripe-Pattern-Design-8-150x150.webp 150w, https:\/\/www.linkceramics.com\/wp-content\/uploads\/2024\/12\/Premium-Wholesale-Plant-Pots-With-Stripe-Pattern-Design-8-768x768.webp 768w, https:\/\/www.linkceramics.com\/wp-content\/uploads\/2024\/12\/Premium-Wholesale-Plant-Pots-With-Stripe-Pattern-Design-8-600x600.webp 600w, https:\/\/www.linkceramics.com\/wp-content\/uploads\/2024\/12\/Premium-Wholesale-Plant-Pots-With-Stripe-Pattern-Design-8-100x100.webp 100w\" sizes=\"(max-width: 1200px) 100vw, 1200px\" \/><\/figure>\n<\/div>\n<\/div>","protected":false},"excerpt":{"rendered":"<div id=\"brxe-0ee1ca\" class=\"brxe-product-meta product_meta\">\n<div id=\"brxe-0ee1ca\" class=\"brxe-product-meta product_meta\">\n<div id=\"brxe-0ee1ca\" class=\"brxe-product-meta product_meta\">Nuestra serie de macetas al por mayor es una elegante y sencilla maceta de cer\u00e1mica con dise\u00f1o de rayas blancas y en relieve, disponible en varios tama\u00f1os y formas, adecuada para todo tipo de decoraci\u00f3n de interiores. El material cer\u00e1mico de alta calidad garantiza su durabilidad y transpirabilidad, por lo que es una opci\u00f3n ideal para la venta al por mayor.<\/div>\n<\/div>\n<\/div>\n<div id=\"brxe-8c5ca9\" class=\"brxe-product-short-description\">\n<div class=\"woocommerce-product-details__short-description\">\n<h2>Macetas Premium Especificaciones:<\/h2>\n<table border=\"0\" width=\"338\" cellspacing=\"0\" cellpadding=\"0\">\n<tbody>\n<tr>\n<td width=\"124\" height=\"18\">Fabricante<\/td>\n<td width=\"214\">Un hogar lleno de amor<\/td>\n<\/tr>\n<tr>\n<td width=\"124\" height=\"18\">Tipo de producto<\/td>\n<td width=\"214\">Macetas<\/td>\n<\/tr>\n<tr>\n<td width=\"124\" height=\"18\">Material<\/td>\n<td width=\"214\">Porcelana resistente<\/td>\n<\/tr>\n<tr>\n<td width=\"124\" height=\"18\">Dimensi\u00f3n<\/td>\n<td width=\"214\">Como imagen detallada<\/td>\n<\/tr>\n<tr>\n<td width=\"124\" height=\"18\">Unidades de venta<\/td>\n<td width=\"214\">Art\u00edculo \u00fanico<\/td>\n<\/tr>\n<tr>\n<td width=\"124\" height=\"18\">MOQ<\/td>\n<td width=\"214\">1200 unid. por art\u00edculo<\/td>\n<\/tr>\n<tr>\n<td width=\"124\" height=\"18\">Opci\u00f3n personalizada<\/td>\n<td width=\"214\">Color\/Tama\u00f1o\/Glaseado\/Logotipo\/Embalaje<\/td>\n<\/tr>\n<\/tbody>\n<\/table>\n<\/div>\n<\/div>","protected":false},"featured_media":1808,"comment_status":"open","ping_status":"closed","template":"","meta":{"_acf_changed":true},"certification":[63,64,66,58,65,61,60,62],"product_brand":[],"product_cat":[37,17],"product_tag":[],"class_list":{"0":"post-1807","1":"product","2":"type-product","3":"status-publish","4":"has-post-thumbnail","6":"certification-amfori","7":"certification-bsci","8":"certification-cnas","9":"certification-fda","10":"certification-iaf","11":"certification-iso-14001","12":"certification-iso-45001","13":"certification-iso-9001","14":"product_cat-decorative-ceramic-wholesale","15":"product_cat-ceramic-vases-wholesale","17":"first","18":"instock","19":"shipping-taxable","20":"product-type-simple"},"acf":[],"_links":{"self":[{"href":"https:\/\/www.linkceramics.com\/es\/wp-json\/wp\/v2\/product\/1807","targetHints":{"allow":["GET"]}}],"collection":[{"href":"https:\/\/www.linkceramics.com\/es\/wp-json\/wp\/v2\/product"}],"about":[{"href":"https:\/\/www.linkceramics.com\/es\/wp-json\/wp\/v2\/types\/product"}],"replies":[{"embeddable":true,"href":"https:\/\/www.linkceramics.com\/es\/wp-json\/wp\/v2\/comments?post=1807"}],"wp:featuredmedia":[{"embeddable":true,"href":"https:\/\/www.linkceramics.com\/es\/wp-json\/wp\/v2\/media\/1808"}],"wp:attachment":[{"href":"https:\/\/www.linkceramics.com\/es\/wp-json\/wp\/v2\/media?parent=1807"}],"wp:term":[{"taxonomy":"certification","embeddable":true,"href":"https:\/\/www.linkceramics.com\/es\/wp-json\/wp\/v2\/certification?post=1807"},{"taxonomy":"product_brand","embeddable":true,"href":"https:\/\/www.linkceramics.com\/es\/wp-json\/wp\/v2\/product_brand?post=1807"},{"taxonomy":"product_cat","embeddable":true,"href":"https:\/\/www.linkceramics.com\/es\/wp-json\/wp\/v2\/product_cat?post=1807"},{"taxonomy":"product_tag","embeddable":true,"href":"https:\/\/www.linkceramics.com\/es\/wp-json\/wp\/v2\/product_tag?post=1807"}],"curies":[{"name":"wp","href":"https:\/\/api.w.org\/{rel}","templated":true}]}}