{"id":1813,"date":"2024-12-31T02:09:45","date_gmt":"2024-12-31T02:09:45","guid":{"rendered":"https:\/\/www.linkceramics.com\/?post_type=product&#038;p=1813"},"modified":"2024-12-31T02:09:46","modified_gmt":"2024-12-31T02:09:46","slug":"resin-candle-holder-wholesale","status":"publish","type":"product","link":"https:\/\/www.linkceramics.com\/es\/product\/resin-candle-holder-wholesale\/","title":{"rendered":"Portavelas de Resina Duradera al por mayor para Decoraci\u00f3n del Hogar"},"content":{"rendered":"<h3 class=\"wp-block-heading\">Par\u00e1metros del portavelas de resina<\/h3>\n\n\n\n<figure class=\"wp-block-table\"><table class=\"has-fixed-layout\"><tbody><tr><td>Modelo<\/td><td>Nombre del producto<\/td><td>Color<\/td><td>Material<\/td><td>Utiliza<\/td><td>Dimensiones<\/td><td>Peso<\/td><\/tr><tr><td>E37590-H885-A01<\/td><td>Portavelas de resina<\/td><td>Marr\u00f3n claro antiguo<\/td><td>Resina<\/td><td>decoracion,salon,jardin<\/td><td>P:11,5X13,5cm<\/td><td>0,5kg\/PC<\/td><\/tr><tr><td>E37590-H885-A02<\/td><td>Portavelas de resina<\/td><td>Marr\u00f3n claro antiguo<\/td><td>Resina<\/td><td>decoracion,salon,jardin<\/td><td>P:10X12cm<\/td><td>0,3kg\/PC<\/td><\/tr><tr><td>E37590-H885-A03<\/td><td>Portavelas de resina<\/td><td>Marr\u00f3n claro antiguo<\/td><td>Resina<\/td><td>decoracion,salon,jardin<\/td><td>P:6,5X8,5cm<\/td><td>0,14kg\/PC<\/td><\/tr><\/tbody><\/table><\/figure>\n\n\n\n<div class=\"wp-block-columns is-layout-flex wp-container-core-columns-is-layout-9d6595d7 wp-block-columns-is-layout-flex\">\n<div class=\"wp-block-column is-layout-flow wp-block-column-is-layout-flow\">\n<figure class=\"wp-block-image size-full\"><img decoding=\"async\" width=\"768\" height=\"640\" src=\"https:\/\/www.linkceramics.com\/wp-content\/uploads\/2024\/12\/Home-Decoration-Resin-Candle-Holder-4-768x640.jpg.webp\" alt=\"Hogar-Decoraci\u00f3n-Resina-Portavelas-4-768x640.jpg\" class=\"wp-image-1817\" srcset=\"https:\/\/www.linkceramics.com\/wp-content\/uploads\/2024\/12\/Home-Decoration-Resin-Candle-Holder-4-768x640.jpg.webp 768w, https:\/\/www.linkceramics.com\/wp-content\/uploads\/2024\/12\/Home-Decoration-Resin-Candle-Holder-4-768x640.jpg-300x250.webp 300w, https:\/\/www.linkceramics.com\/wp-content\/uploads\/2024\/12\/Home-Decoration-Resin-Candle-Holder-4-768x640.jpg-600x500.webp 600w\" sizes=\"(max-width: 768px) 100vw, 768px\" \/><\/figure>\n<\/div>\n\n\n\n<div class=\"wp-block-column is-layout-flow wp-block-column-is-layout-flow\">\n<figure class=\"wp-block-image size-full\"><img decoding=\"async\" width=\"768\" height=\"640\" src=\"https:\/\/www.linkceramics.com\/wp-content\/uploads\/2024\/12\/Home-Decoration-Resin-Candle-Holder-5-768x640.jpg.webp\" alt=\"Hogar-Decoraci\u00f3n-Resina-Portavelas-5-768x640.jpg\" class=\"wp-image-1818\" srcset=\"https:\/\/www.linkceramics.com\/wp-content\/uploads\/2024\/12\/Home-Decoration-Resin-Candle-Holder-5-768x640.jpg.webp 768w, https:\/\/www.linkceramics.com\/wp-content\/uploads\/2024\/12\/Home-Decoration-Resin-Candle-Holder-5-768x640.jpg-300x250.webp 300w, https:\/\/www.linkceramics.com\/wp-content\/uploads\/2024\/12\/Home-Decoration-Resin-Candle-Holder-5-768x640.jpg-600x500.webp 600w\" sizes=\"(max-width: 768px) 100vw, 768px\" \/><\/figure>\n<\/div>\n<\/div>\n\n\n\n<p><\/p>","protected":false},"excerpt":{"rendered":"<div id=\"brxe-raacbk\" class=\"brxe-product-meta product_meta\">\n<p data-pm-slice=\"0 0 []\">Portavelas de resina al por mayor para la decoraci\u00f3n del hogar, este portavelas est\u00e1 hecho de material de resina duradero. Su estilo sencillo y moderno puede integrarse perfectamente en varios estilos de decoraci\u00f3n de interiores, ya sea un sal\u00f3n, un dormitorio o una mesa de comedor. Ofrecemos servicios profesionales de venta al por mayor de portavelas, adecuados para minoristas, tiendas de muebles para el hogar y proyectos de dise\u00f1o de interiores, que le ayudar\u00e1n a satisfacer las necesidades personalizadas de diferentes clientes. P\u00f3ngase en contacto con nosotros para solicitar un presupuesto.<\/p>\n<h2>Caracter\u00edsticas del portavelas de resina<\/h2>\n<p><strong>Dise\u00f1o natural<\/strong>: Inspirado en elementos naturales, la textura y la forma del portavelas de resina son como la forma de los \u00e1rboles, dando a la gente una sensaci\u00f3n de la belleza original de la naturaleza, que es muy adecuado para el estilo de pa\u00eds o la decoraci\u00f3n del hogar con temas de la naturaleza.<\/p>\n<p><strong>Ligero y duradero<\/strong>: El portavelas est\u00e1 hecho de material de resina de alta calidad, que es ligero pero resistente, adecuado para un uso a largo plazo y no es f\u00e1cil que se da\u00f1e o deforme.<\/p>\n<p><strong>Versatilidad<\/strong>: La serie incluye portavelas de diferentes alturas, que pueden utilizarse para velas de distintos tama\u00f1os y tipos para satisfacer las necesidades de diversas ocasiones, como mobiliario decorativo o iluminaci\u00f3n funcional.<\/p>\n<p><strong>Adecuado para diversas ocasiones<\/strong>: Tanto si este portavelas de decoraci\u00f3n para el hogar se coloca en el sal\u00f3n, el dormitorio, la mesa de comedor o el balc\u00f3n exterior, este portavelas puede realzar el gusto decorativo del espacio y crear un ambiente c\u00e1lido y natural.<\/p>\n<p><strong>Servicio mayorista<\/strong>: SANTAI cer\u00e1mica fabricante de decoraci\u00f3n del hogar proporcionar servicios profesionales de vela titular de venta al por mayor, que abarca el dise\u00f1o, muestras r\u00e1pidas, la producci\u00f3n y la entrega, ayudando a los mayoristas y minoristas para llevar productos de calidad a los clientes a precios m\u00e1s competitivos.<\/p>\n<\/div>","protected":false},"featured_media":1814,"comment_status":"open","ping_status":"closed","template":"","meta":{"_acf_changed":true},"certification":[63,64,66,65,61,60,62],"product_brand":[],"product_cat":[37,16],"product_tag":[],"class_list":{"0":"post-1813","1":"product","2":"type-product","3":"status-publish","4":"has-post-thumbnail","6":"certification-amfori","7":"certification-bsci","8":"certification-cnas","9":"certification-iaf","10":"certification-iso-14001","11":"certification-iso-45001","12":"certification-iso-9001","13":"product_cat-decorative-ceramic-wholesale","14":"product_cat-ceramic-candle-holder","16":"first","17":"instock","18":"shipping-taxable","19":"product-type-simple"},"acf":[],"_links":{"self":[{"href":"https:\/\/www.linkceramics.com\/es\/wp-json\/wp\/v2\/product\/1813","targetHints":{"allow":["GET"]}}],"collection":[{"href":"https:\/\/www.linkceramics.com\/es\/wp-json\/wp\/v2\/product"}],"about":[{"href":"https:\/\/www.linkceramics.com\/es\/wp-json\/wp\/v2\/types\/product"}],"replies":[{"embeddable":true,"href":"https:\/\/www.linkceramics.com\/es\/wp-json\/wp\/v2\/comments?post=1813"}],"wp:featuredmedia":[{"embeddable":true,"href":"https:\/\/www.linkceramics.com\/es\/wp-json\/wp\/v2\/media\/1814"}],"wp:attachment":[{"href":"https:\/\/www.linkceramics.com\/es\/wp-json\/wp\/v2\/media?parent=1813"}],"wp:term":[{"taxonomy":"certification","embeddable":true,"href":"https:\/\/www.linkceramics.com\/es\/wp-json\/wp\/v2\/certification?post=1813"},{"taxonomy":"product_brand","embeddable":true,"href":"https:\/\/www.linkceramics.com\/es\/wp-json\/wp\/v2\/product_brand?post=1813"},{"taxonomy":"product_cat","embeddable":true,"href":"https:\/\/www.linkceramics.com\/es\/wp-json\/wp\/v2\/product_cat?post=1813"},{"taxonomy":"product_tag","embeddable":true,"href":"https:\/\/www.linkceramics.com\/es\/wp-json\/wp\/v2\/product_tag?post=1813"}],"curies":[{"name":"wp","href":"https:\/\/api.w.org\/{rel}","templated":true}]}}